{"id":265296,"date":"2025-04-13T12:03:42","date_gmt":"2025-04-13T12:03:42","guid":{"rendered":"https:\/\/new.healthyhead.dk\/vare\/zenz-hair-styling-mousse-pure-no-90-extra-volume-200-ml\/"},"modified":"2025-07-05T08:21:15","modified_gmt":"2025-07-05T08:21:15","slug":"zenz-hair-styling-mousse-pure-no-90-extra-volume-200-ml","status":"publish","type":"product","link":"https:\/\/healthyhead.dk\/de\/produkt\/zenz-hair-styling-mousse-pure-no-90-extra-volume-200-ml\/","title":{"rendered":"Zenz, Haarstyling Mousse Pure No. 90 &#8211; Extra Volume, 200 ml"},"content":{"rendered":"","protected":false},"excerpt":{"rendered":"<p><img decoding=\"async\" class=\"\" src=\"\/wp-content\/uploads\/2024\/08\/Ingen-kemi.svg\" alt=\"Keine endokrinen Disruptoren\" width=\"45\" height=\"45\">Keine endokrinen Disruptoren<\/p>\n<p><img decoding=\"async\" class=\"\" src=\"\/wp-content\/uploads\/2024\/08\/Ingen-allergifremkaldende.svg\" alt=\"Nicht allergen\" width=\"46\" height=\"46\">Keine allergenen Stoffe<\/p>\n<p><img decoding=\"async\" class=\"\" src=\"\/wp-content\/uploads\/2024\/08\/Ingen-miljoebelastende.svg\" alt=\"Keine Auswirkungen auf die Umwelt\" width=\"46\" height=\"46\">Keine umweltsch\u00e4dlichen Stoffe<\/p>\n<p><img loading=\"lazy\" decoding=\"async\" class=\"alignnone wp-image-8756\" src=\"\/wp-content\/uploads\/2024\/08\/Ingen-parfume.svg\" alt=\"\" width=\"45\" height=\"45\" srcset=\"https:\/\/healthyhead.dk\/wp-content\/uploads\/Ingen-parfume.svg 150w, https:\/\/healthyhead.dk\/wp-content\/uploads\/Ingen-parfume.svg 300w, https:\/\/healthyhead.dk\/wp-content\/uploads\/Ingen-parfume.svg 768w, https:\/\/healthyhead.dk\/wp-content\/uploads\/Ingen-parfume.svg 1024w, https:\/\/healthyhead.dk\/wp-content\/uploads\/Ingen-parfume.svg 250w\" sizes=\"(max-width: 45px) 100vw, 45px\" \/>Keine Duftstoffe<\/p>\n<p>&nbsp;<\/p>\n[cg_accordion title=\"Beschreibung\" open=\"open\"]<\/p>\n<p>Der Hair Styling Mousse No. 90 von Danish Zenz ist ein mit dem Nordic Swan Ecolabel und dem Asthma-Allergie-Siegel ausgezeichneter Haarschaum. Der Schaumfestiger ist leicht und pflegend und enth\u00e4lt weichmachende Inhaltsstoffe, die das Haar gleichzeitig stylen und pflegen. Er h\u00e4lt die Frisur, ohne das Haar steif zu machen, und verleiht einen nat\u00fcrlichen Look mit viel F\u00fclle. Der Schaumfestiger ist perfekt f\u00fcr lockiges Haar und f\u00fcr Frisuren, bei denen die Haarstruktur betont werden soll. Auch f\u00fcr das Styling mit einer Rundb\u00fcrste geeignet.    <\/p>\n<ul>\n<li><b>Aerosolfreies, schwanen- und allergiegekennzeichnetes<\/b> professionelles Styling-Mousse<\/li>\n<li>Enth\u00e4lt <b>Bio-Aloe Vera und Weizenprotein<\/b><\/li>\n<li><b>Sanft<\/b> zur Kopfhaut und leicht auswaschbar<\/li>\n<li><b>Aerosolfrei, auf Wasserbasis<\/b> und vegan<\/li>\n<li>Geeignet f\u00fcr die <b>&#8222;Curly Girl Methode&#8220;<\/b><\/li>\n<\/ul>\n<p><img loading=\"lazy\" decoding=\"async\" class=\"alignnone size-full wp-image-8764\" src=\"\/wp-content\/uploads\/2024\/08\/certificeringer_zenz.jpg\" alt=\"\" width=\"480\" height=\"91\" srcset=\"https:\/\/i0.wp.com\/healthyhead.dk\/wp-content\/uploads\/2024\/08\/certificeringer_zenz.jpg?w=480&amp;ssl=1 480w, https:\/\/i0.wp.com\/healthyhead.dk\/wp-content\/uploads\/2024\/08\/certificeringer_zenz.jpg?resize=300%2C57&amp;ssl=1 300w, https:\/\/i0.wp.com\/healthyhead.dk\/wp-content\/uploads\/2024\/08\/certificeringer_zenz.jpg?resize=441%2C84&amp;ssl=1 441w, https:\/\/i0.wp.com\/healthyhead.dk\/wp-content\/uploads\/2024\/08\/certificeringer_zenz.jpg?resize=150%2C28&amp;ssl=1 150w\" sizes=\"(max-width: 480px) 100vw, 480px\" \/><br \/>\n[\/cg_accordion]\n[cg_accordion title=\"Tipps f\u00fcr die Verwendung\"]<\/p>\n<p>Verwenden Sie das Mousse auf handtuchtrockenem Haar. Mit einem Kamm auftragen, um einen klassischen Wet-Look zu kreieren. Kann auch mit der Zenz Styling Paste gemischt werden. F\u00fcr alle Haartypen geeignet.   <\/p>\n<p>[\/cg_accordion]\n[cg_accordion title=\"Inhaltsstoffe\"]<\/p>\n<p><b>Organische, gereinigte Aloe vera<\/b><\/p>\n<p>Aloe-vera-Gel enth\u00e4lt 75 bekannte und wichtige Vitamine und Mineralien und hat hervorragende pflegende Eigenschaften f\u00fcr Haut und Haar. Es f\u00f6rdert die Durchblutung und bewahrt die Feuchtigkeit in der Haut. Aloe vera lindert auch R\u00f6tungen, Juckreiz und Schmerzen und hat somit eine wohltuende Wirkung auf die Kopfhaut.  <\/p>\n<p><b>Glutenfreies Weizeneiwei\u00df<\/b><\/p>\n<p>Glutenfreies Weizenprotein ist ein wirksamer feuchtigkeitsspendender Inhaltsstoff, der gesch\u00e4digtes Haar wieder aufbaut. Es st\u00e4rkt das Haar und verleiht ihm Glanz und Geschmeidigkeit. ZENZ verwendet ausschlie\u00dflich glutenfreies Weizenprotein.  <\/p>\n<p><b>INCI-Liste:<\/b> Aloe Barbadensis Leaf Extract*, PVP, Aqua, VP\/VA Copolymer, Cocamidopropyl Betaine, Hydroxypropyltrimonium Hydrolysed Corn Starch, Hydrolysed Wheat protein, Citric Acid, Sodium Benzoate, Phenoxyethanol.<\/p>\n<p>[\/cg_accordion]\n","protected":false},"featured_media":260494,"template":"","meta":{"_acf_changed":false},"product_brand":[572],"product_cat":[808],"product_tag":[],"class_list":{"0":"post-265296","1":"product","2":"type-product","3":"status-publish","4":"has-post-thumbnail","6":"product_brand-zenz","7":"product_cat-styling","9":"first","10":"instock","11":"taxable","12":"shipping-taxable","13":"purchasable","14":"product-type-simple"},"acf":[],"_links":{"self":[{"href":"https:\/\/healthyhead.dk\/de\/wp-json\/wp\/v2\/product\/265296","targetHints":{"allow":["GET"]}}],"collection":[{"href":"https:\/\/healthyhead.dk\/de\/wp-json\/wp\/v2\/product"}],"about":[{"href":"https:\/\/healthyhead.dk\/de\/wp-json\/wp\/v2\/types\/product"}],"version-history":[{"count":0,"href":"https:\/\/healthyhead.dk\/de\/wp-json\/wp\/v2\/product\/265296\/revisions"}],"wp:featuredmedia":[{"embeddable":true,"href":"https:\/\/healthyhead.dk\/de\/wp-json\/wp\/v2\/media\/260494"}],"wp:attachment":[{"href":"https:\/\/healthyhead.dk\/de\/wp-json\/wp\/v2\/media?parent=265296"}],"wp:term":[{"taxonomy":"product_brand","embeddable":true,"href":"https:\/\/healthyhead.dk\/de\/wp-json\/wp\/v2\/product_brand?post=265296"},{"taxonomy":"product_cat","embeddable":true,"href":"https:\/\/healthyhead.dk\/de\/wp-json\/wp\/v2\/product_cat?post=265296"},{"taxonomy":"product_tag","embeddable":true,"href":"https:\/\/healthyhead.dk\/de\/wp-json\/wp\/v2\/product_tag?post=265296"}],"curies":[{"name":"wp","href":"https:\/\/api.w.org\/{rel}","templated":true}]}}