{"id":265300,"date":"2025-01-30T12:55:03","date_gmt":"2025-01-30T12:55:03","guid":{"rendered":"https:\/\/new.healthyhead.dk\/vare\/conditioner-deep-wood-no-08-250-ml\/"},"modified":"2025-07-10T09:28:17","modified_gmt":"2025-07-10T09:28:17","slug":"conditioner-deep-wood-no-08-250-ml","status":"publish","type":"product","link":"https:\/\/healthyhead.dk\/de\/produkt\/conditioner-deep-wood-no-08-250-ml\/","title":{"rendered":"Zenz, Conditioner Deep Wood No. 08, 250 ml"},"content":{"rendered":"","protected":false},"excerpt":{"rendered":"<p><img decoding=\"async\" class=\"alignnone\" src=\"\/wp-content\/uploads\/2024\/08\/Ingen-kemi.svg\" alt=\"Keine endokrinen Disruptoren\" width=\"46\" height=\"46\">Keine endokrinen Disruptoren<\/p>\n<p><img decoding=\"async\" class=\"\" src=\"\/wp-content\/uploads\/2024\/08\/Ingen-allergifremkaldende.svg\" alt=\"Nicht allergen\" width=\"46\" height=\"46\">Keine allergenen Stoffe<\/p>\n<p><img decoding=\"async\" class=\"\" src=\"\/wp-content\/uploads\/2024\/08\/Ingen-miljoebelastende.svg\" alt=\"Keine Auswirkungen auf die Umwelt\" width=\"46\" height=\"46\">Keine umweltsch\u00e4dlichen Stoffe<\/p>\n<p><img loading=\"lazy\" decoding=\"async\" class=\"\" src=\"\/wp-content\/uploads\/2024\/08\/indeholder-parfume.svg\" alt=\"enth\u00e4lt Parf\u00fcm\" width=\"46\" height=\"46\">Enth\u00e4lt Parf\u00fcm, das die Anforderungen f\u00fcr das Nordic Swan Ecolabel erf\u00fcllt<\/p>\n<p>&nbsp;<\/p>\n[cg_accordion title=\"Beschreibung\" open=\"open\"]<\/p>\n<p>Shampoo Deep Wood Nr. 07 von Zenz Organic ist ein Conditioner mit dem d\u00e4nischen Nordic Swan Ecolabel, der Feuchtigkeit, Kraft und Pflege f\u00fcr alle Haartypen bietet. Es duftet warm nach Zedernholz, Patchouli, Myrrhe und Sandelholz aus \u00e4therischen \u00d6len und pflegt das Haar mit biologisch gereinigter Aloe Vera, kaltgepresstem Avocado\u00f6l und Kokosnusswasser. <\/p>\n<ul>\n<li><b>Nordic Swan Ecolabel<\/b> und <b>bio-zertifizierte<\/b> Pflegesp\u00fclung von Danish Zenz Organic<\/li>\n<li>Spendet <b>Feuchtigkeit, St\u00e4rke und Pflege<\/b> f\u00fcr alle Haartypen<\/li>\n<li>Es ist besonders geeignet f\u00fcr <strong>lockiges oder trockenes Haar und schuppige Kopfhaut<\/strong><\/li>\n<li>Versorgt Haar und Kopfhaut mit Vitaminen und Mineralien, <strong>stellt den Feuchtigkeitshaushalt wieder her und revitalisiert die Kopfhaut<\/strong><\/li>\n<li><strong>Kopfhaut und Follikel werden gest\u00e4rkt<\/strong>, das Haar bleibt<strong> gesund und gl\u00e4nzend<\/strong><\/li>\n<li>Verstr\u00f6mt einen <strong>warmen Duft<\/strong> von Zedernholz, Patchouli, Myrrhe und Sandelholz<\/li>\n<li><b>Besondere Eigenschaften:<\/b> Farberhaltend, intensive Feuchtigkeit f\u00fcr trockenes Haar, geeignet f\u00fcr die Curly Girl Methode.<\/li>\n<\/ul>\n<p><img loading=\"lazy\" decoding=\"async\" class=\"alignnone size-full wp-image-8764\" src=\"\/wp-content\/uploads\/2024\/08\/certificeringer_zenz.jpg\" alt=\"\" width=\"480\" height=\"91\" srcset=\"https:\/\/healthyhead.dk\/wp-content\/uploads\/2024\/08\/certificeringer_zenz.jpg 480w, https:\/\/healthyhead.dk\/wp-content\/uploads\/2024\/08\/certificeringer_zenz-300x57.jpg 300w, https:\/\/healthyhead.dk\/wp-content\/uploads\/2024\/08\/certificeringer_zenz-441x84.jpg 441w, https:\/\/healthyhead.dk\/wp-content\/uploads\/2024\/08\/certificeringer_zenz-150x28.jpg 150w\" sizes=\"(max-width: 480px) 100vw, 480px\" \/><br \/>\n[\/cg_accordion]\n[cg_accordion title=\"Tipps f\u00fcr die Verwendung\"]<\/p>\n<ul>\n<li>Nach dem Waschen eine kleine Menge auf das Haar auftragen.<\/li>\n<li>Kann auf die Kopfhaut aufgetragen werden.<\/li>\n<li>2-3 Minuten warten und gr\u00fcndlich aussp\u00fclen. Zum Aussp\u00fclen oder als Leave-in-Conditioner verwenden. <\/li>\n<\/ul>\n<p>[\/cg_accordion]\n[cg_accordion title=\"Inhaltsstoffe\"]<\/p>\n<p><span data-contrast=\"auto\">Shampoo Deep Wood Nr. 07 enth\u00e4lt gereinigte Bio-Aloe Vera, kaltgepresstes Bio-Avocado\u00f6l, Bio-Kokosnusswasser und \u00e4therische \u00d6le.   <\/span><span data-ccp-props=\"{}\"> <\/span><\/p>\n<p><span data-contrast=\"auto\">Gereinigte Bio-Aloe-Vera. Aloe-vera-Gelee enth\u00e4lt 75 lebenswichtige Vitamine und Mineralien und hat hervorragende haut- und haarpflegende Eigenschaften. Es f\u00f6rdert die Blutzirkulation und bewahrt die Feuchtigkeit der Haut. Aloe vera lindert R\u00f6tungen und Juckreiz und hat daher auch eine gute Wirkung auf die Kopfhaut.    <\/span><span data-ccp-props=\"{}\"> <\/span><\/p>\n<p><span data-contrast=\"auto\">Kaltgepresstes Bio-Avocado\u00f6l enth\u00e4lt eine Reihe von Mineralien und Vitaminen A, B1, B2, D und E. Es hat ausgezeichnete feuchtigkeitsspendende und n\u00e4hrende Eigenschaften und ist wirksam bei trockener und dehydrierter Haut und gut f\u00fcr die Kopfhaut. Es macht Haare und Haut glatter und weicher.   <\/span><span data-ccp-props=\"{}\"> <\/span><\/p>\n<p><span data-contrast=\"auto\">Bio-Kokoswasser ist reich an Vitaminen und wichtigen Mineralien und versorgt das Haar mit viel Feuchtigkeit und N\u00e4hrstoffen. \u00c4therische \u00d6le: Zedernholz, Patchouli, Myrrhe und Sandelholz.  <\/span><span data-ccp-props=\"{}\"> <\/span><\/p>\n<p><b>INCI-Liste<\/b> Aloe Barbadensis Leaf Extract*, Cetearyl Alcohol, Aqua, Glycerin**, Behenamidopropyl Dimethylamine, Lactic Acid, Persea Gratissima Oil*, Sodium Levulinate, Cedrus Atlantica Bark Oil*, Pogostemon Cablin Leaf Oil*, Commiphora Myrrha Oil, Santalum Spicata Wood Oil*, Parfum (natural), Potassium Sorbate.<\/p>\n<p><span data-contrast=\"auto\">*Zutaten, die aus biologischem Anbau stammen.  <\/span><span data-ccp-props=\"{}\"><br \/>\n<\/span><span data-ccp-props=\"{}\">**Hergestellt aus biologischen Zutaten. .<\/span><\/p>\n<p>99% Inhaltsstoffe nat\u00fcrlichen Ursprungs<br \/>\n87% zertifizierte Bio-Zutaten<\/p>\n<p>pH 4-4,5<\/p>\n<p>[\/cg_accordion]\n","protected":false},"featured_media":260394,"template":"","meta":{"_acf_changed":false},"product_brand":[572],"product_cat":[627],"product_tag":[],"class_list":{"0":"post-265300","1":"product","2":"type-product","3":"status-publish","4":"has-post-thumbnail","6":"product_brand-zenz","7":"product_cat-conditioner-haarkur","9":"first","10":"instock","11":"taxable","12":"shipping-taxable","13":"purchasable","14":"product-type-simple"},"acf":[],"_links":{"self":[{"href":"https:\/\/healthyhead.dk\/de\/wp-json\/wp\/v2\/product\/265300","targetHints":{"allow":["GET"]}}],"collection":[{"href":"https:\/\/healthyhead.dk\/de\/wp-json\/wp\/v2\/product"}],"about":[{"href":"https:\/\/healthyhead.dk\/de\/wp-json\/wp\/v2\/types\/product"}],"version-history":[{"count":0,"href":"https:\/\/healthyhead.dk\/de\/wp-json\/wp\/v2\/product\/265300\/revisions"}],"wp:featuredmedia":[{"embeddable":true,"href":"https:\/\/healthyhead.dk\/de\/wp-json\/wp\/v2\/media\/260394"}],"wp:attachment":[{"href":"https:\/\/healthyhead.dk\/de\/wp-json\/wp\/v2\/media?parent=265300"}],"wp:term":[{"taxonomy":"product_brand","embeddable":true,"href":"https:\/\/healthyhead.dk\/de\/wp-json\/wp\/v2\/product_brand?post=265300"},{"taxonomy":"product_cat","embeddable":true,"href":"https:\/\/healthyhead.dk\/de\/wp-json\/wp\/v2\/product_cat?post=265300"},{"taxonomy":"product_tag","embeddable":true,"href":"https:\/\/healthyhead.dk\/de\/wp-json\/wp\/v2\/product_tag?post=265300"}],"curies":[{"name":"wp","href":"https:\/\/api.w.org\/{rel}","templated":true}]}}