{"id":265308,"date":"2024-10-13T09:41:14","date_gmt":"2024-10-13T09:41:14","guid":{"rendered":"https:\/\/new.healthyhead.dk\/vare\/zenz-finishing-volume-hair-spray-pure-no-86-medium-hold-200-ml\/"},"modified":"2025-11-23T08:20:24","modified_gmt":"2025-11-23T08:20:24","slug":"zenz-finish-volume-hair-spray-pure-no-86-medium-hold-200-ml","status":"publish","type":"product","link":"https:\/\/healthyhead.dk\/de\/produkt\/zenz-finish-volume-hair-spray-pure-no-86-medium-hold-200-ml\/","title":{"rendered":"Zenz, Finishing Volume Haarspray Pure No. 86 &#8211; Medium Hold, 200 ml"},"content":{"rendered":"","protected":false},"excerpt":{"rendered":"<p><img decoding=\"async\" class=\"\" src=\"\/wp-content\/uploads\/2024\/08\/Ingen-kemi.svg\" alt=\"Keine endokrinen Disruptoren\" width=\"45\" height=\"45\">Keine endokrinen Disruptoren<\/p>\n<p><img decoding=\"async\" class=\"\" src=\"\/wp-content\/uploads\/2024\/08\/Ingen-allergifremkaldende.svg\" alt=\"Nicht allergen\" width=\"46\" height=\"46\">Keine allergenen Stoffe<\/p>\n<p><img decoding=\"async\" class=\"\" src=\"\/wp-content\/uploads\/2024\/08\/Ingen-miljoebelastende.svg\" alt=\"Keine Auswirkungen auf die Umwelt\" width=\"46\" height=\"46\">Keine umweltsch\u00e4dlichen Stoffe<\/p>\n<p><img loading=\"lazy\" decoding=\"async\" class=\"alignnone wp-image-8756\" src=\"\/wp-content\/uploads\/2024\/08\/Ingen-parfume.svg\" alt=\"\" width=\"45\" height=\"45\" srcset=\"https:\/\/healthyhead.dk\/wp-content\/uploads\/Ingen-parfume.svg 150w, https:\/\/healthyhead.dk\/wp-content\/uploads\/Ingen-parfume.svg 300w, https:\/\/healthyhead.dk\/wp-content\/uploads\/Ingen-parfume.svg 768w, https:\/\/healthyhead.dk\/wp-content\/uploads\/Ingen-parfume.svg 1024w, https:\/\/healthyhead.dk\/wp-content\/uploads\/Ingen-parfume.svg 250w\" sizes=\"(max-width: 45px) 100vw, 45px\" \/>Keine Duftstoffe<br \/>\n&nbsp;<\/p>\n[cg_accordion title=\"Beschreibung\" open=\"open\"]<\/p>\n<p>Pure Medium Hold Volume Finishing Spray von Danish Zenz ist ein aerosolfreies, schwanen- und allergiegepr\u00fcftes Profi-Haarspray mit mittlerem Halt. Perfekt, um die Frisur zu vollenden, so dass sie nach dem Stylen oder Festigen den ganzen Tag h\u00e4lt. Es ist v\u00f6llig frei von Silikon und synthetischen oder \u00e4therischen Duftstoffen. Verleiht dem Haar ein nat\u00fcrliches und gl\u00e4nzendes Aussehen. Die Haarfarbe hat pflegende Eigenschaften und ist f\u00fcr alle Haartypen geeignet. Au\u00dferdem l\u00e4sst sie sich leicht ausk\u00e4mmen oder auswaschen.     <\/p>\n<ul>\n<li><b>Aerosolfreies<\/b>, schwanen- und allergiegekennzeichnetes Profi-Haarspray<\/li>\n<li>H\u00e4lt den ganzen Tag nach dem Styling oder Haarstyling<\/li>\n<li><b>Frei von Silikon<\/b> und synthetischen oder \u00e4therischen Duftstoffen<\/li>\n<li>Verleiht dem Haar ein <b>nat\u00fcrliches und gl\u00e4nzendes<\/b> Aussehen<\/li>\n<li>Hat <b>pflegende<\/b> Eigenschaften<\/li>\n<\/ul>\n<p><img loading=\"lazy\" decoding=\"async\" class=\"alignnone size-full wp-image-8764\" src=\"\/wp-content\/uploads\/2024\/08\/certificeringer_zenz.jpg\" alt=\"\" width=\"480\" height=\"91\" srcset=\"https:\/\/i0.wp.com\/healthyhead.dk\/wp-content\/uploads\/2024\/08\/certificeringer_zenz.jpg?w=480&amp;ssl=1 480w, https:\/\/i0.wp.com\/healthyhead.dk\/wp-content\/uploads\/2024\/08\/certificeringer_zenz.jpg?resize=300%2C57&amp;ssl=1 300w, https:\/\/i0.wp.com\/healthyhead.dk\/wp-content\/uploads\/2024\/08\/certificeringer_zenz.jpg?resize=441%2C84&amp;ssl=1 441w, https:\/\/i0.wp.com\/healthyhead.dk\/wp-content\/uploads\/2024\/08\/certificeringer_zenz.jpg?resize=150%2C28&amp;ssl=1 150w\" sizes=\"(max-width: 480px) 100vw, 480px\" \/><br \/>\n[\/cg_accordion]\n[cg_accordion title=\"Tipps f\u00fcr die Verwendung\"]<\/p>\n<p>Auf nassem oder trockenem Haar anwenden. Auf das nasse Haar auftragen, um einen volleren Look zu erzielen, bevor es gef\u00f6hnt wird. <\/p>\n<p>[\/cg_accordion]\n[cg_accordion title=\"Inhaltsstoffe\"]<\/p>\n<p><b>INCI-Liste:<\/b> Alcohol Denat. , Aqua , VP\/VA Copolymer , Silk Amino Acids , Sodium Chloride , Phenoxyethanol , Benzoic Acid , Dehydroacetic Acid. <\/p>\n<p>[\/cg_accordion]\n","protected":false},"featured_media":255170,"template":"","meta":{"_acf_changed":false},"product_brand":[572],"product_cat":[808],"product_tag":[],"class_list":{"0":"post-265308","1":"product","2":"type-product","3":"status-publish","4":"has-post-thumbnail","6":"product_brand-zenz","7":"product_cat-styling","9":"first","10":"instock","11":"taxable","12":"shipping-taxable","13":"purchasable","14":"product-type-simple"},"acf":[],"_links":{"self":[{"href":"https:\/\/healthyhead.dk\/de\/wp-json\/wp\/v2\/product\/265308","targetHints":{"allow":["GET"]}}],"collection":[{"href":"https:\/\/healthyhead.dk\/de\/wp-json\/wp\/v2\/product"}],"about":[{"href":"https:\/\/healthyhead.dk\/de\/wp-json\/wp\/v2\/types\/product"}],"version-history":[{"count":0,"href":"https:\/\/healthyhead.dk\/de\/wp-json\/wp\/v2\/product\/265308\/revisions"}],"wp:featuredmedia":[{"embeddable":true,"href":"https:\/\/healthyhead.dk\/de\/wp-json\/wp\/v2\/media\/255170"}],"wp:attachment":[{"href":"https:\/\/healthyhead.dk\/de\/wp-json\/wp\/v2\/media?parent=265308"}],"wp:term":[{"taxonomy":"product_brand","embeddable":true,"href":"https:\/\/healthyhead.dk\/de\/wp-json\/wp\/v2\/product_brand?post=265308"},{"taxonomy":"product_cat","embeddable":true,"href":"https:\/\/healthyhead.dk\/de\/wp-json\/wp\/v2\/product_cat?post=265308"},{"taxonomy":"product_tag","embeddable":true,"href":"https:\/\/healthyhead.dk\/de\/wp-json\/wp\/v2\/product_tag?post=265308"}],"curies":[{"name":"wp","href":"https:\/\/api.w.org\/{rel}","templated":true}]}}