{"id":265312,"date":"2024-09-26T08:03:47","date_gmt":"2024-09-26T08:03:47","guid":{"rendered":"https:\/\/new.healthyhead.dk\/vare\/zenz-salt-water-spray-pure-no-14-medium-hold-200-ml\/"},"modified":"2025-07-05T07:56:37","modified_gmt":"2025-07-05T07:56:37","slug":"zenz-salt-water-spray-pure-no-14-medium-hold-200-ml","status":"publish","type":"product","link":"https:\/\/healthyhead.dk\/de\/produkt\/zenz-salt-water-spray-pure-no-14-medium-hold-200-ml\/","title":{"rendered":"Zenz, Salzwasserspray Pure No. 14 &#8211; Medium Hold, 200 ml"},"content":{"rendered":"","protected":false},"excerpt":{"rendered":"<p><img decoding=\"async\" class=\"\" src=\"\/wp-content\/uploads\/2024\/08\/Ingen-kemi.svg\" alt=\"Keine endokrinen Disruptoren\" width=\"45\" height=\"45\">Keine endokrinen Disruptoren<\/p>\n<p><img decoding=\"async\" class=\"\" src=\"\/wp-content\/uploads\/2024\/08\/Ingen-allergifremkaldende.svg\" alt=\"Nicht allergen\" width=\"46\" height=\"46\">Keine allergenen Stoffe<\/p>\n<p><img decoding=\"async\" class=\"\" src=\"\/wp-content\/uploads\/2024\/08\/Ingen-miljoebelastende.svg\" alt=\"Keine Auswirkungen auf die Umwelt\" width=\"46\" height=\"46\">Keine umweltsch\u00e4dlichen Stoffe<\/p>\n<p><img loading=\"lazy\" decoding=\"async\" class=\"alignnone wp-image-8756\" src=\"\/wp-content\/uploads\/2024\/08\/Ingen-parfume.svg\" alt=\"\" width=\"45\" height=\"45\" srcset=\"https:\/\/healthyhead.dk\/wp-content\/uploads\/Ingen-parfume.svg 150w, https:\/\/healthyhead.dk\/wp-content\/uploads\/Ingen-parfume.svg 300w, https:\/\/healthyhead.dk\/wp-content\/uploads\/Ingen-parfume.svg 768w, https:\/\/healthyhead.dk\/wp-content\/uploads\/Ingen-parfume.svg 1024w, https:\/\/healthyhead.dk\/wp-content\/uploads\/Ingen-parfume.svg 250w\" sizes=\"(max-width: 45px) 100vw, 45px\" \/>Keine Duftstoffe<\/p>\n<p>&nbsp;<\/p>\n[cg_accordion title=\"Beschreibung\" open=\"open\"]<\/p>\n<p>Pure No. 14 Salzwasserspray von Danish Zenz. Dieses Salzwasserspray mit dem Schwanen- und Allergiker-Label verleiht Ihrem Haar einen wundersch\u00f6nen Strandlook mit viel Textur und F\u00fclle. Das Salzwasserspray ist ein hypoallergenes, parf\u00fcmfreies Stylingprodukt. Es ist sanft zur Kopfhaut und l\u00e4sst sich leicht auswaschen. Das Haar wird mit biologisch gereinigter Aloe Vera, Meersalz und kaltgepresstem Bio-Avocado-Extrakt gepflegt.    <\/p>\n<ul>\n<li>Verleiht dem Haar einen herrlichen Strandlook mit viel F\u00fclle<\/li>\n<li>Hat <b>pflegende<\/b> Eigenschaften und enth\u00e4lt <strong>gereinigte Aloe Vera<\/strong> und<strong> Avocado-Extrakt<\/strong><\/li>\n<li>Hypoallergen ohne Parf\u00fcm<\/li>\n<\/ul>\n<p><img loading=\"lazy\" decoding=\"async\" class=\"alignnone size-full wp-image-8764\" src=\"\/wp-content\/uploads\/2024\/08\/certificeringer_zenz.jpg\" alt=\"\" width=\"480\" height=\"91\" srcset=\"https:\/\/i0.wp.com\/healthyhead.dk\/wp-content\/uploads\/2024\/08\/certificeringer_zenz.jpg?w=480&amp;ssl=1 480w, https:\/\/i0.wp.com\/healthyhead.dk\/wp-content\/uploads\/2024\/08\/certificeringer_zenz.jpg?resize=300%2C57&amp;ssl=1 300w, https:\/\/i0.wp.com\/healthyhead.dk\/wp-content\/uploads\/2024\/08\/certificeringer_zenz.jpg?resize=441%2C84&amp;ssl=1 441w, https:\/\/i0.wp.com\/healthyhead.dk\/wp-content\/uploads\/2024\/08\/certificeringer_zenz.jpg?resize=150%2C28&amp;ssl=1 150w\" sizes=\"(max-width: 480px) 100vw, 480px\" \/><br \/>\n[\/cg_accordion]\n[cg_accordion title=\"Tipps f\u00fcr die Verwendung\"]<\/p>\n<ul>\n<li>Kann auf nassem oder trockenem Haar verwendet werden<\/li>\n<li>Im nassen Haar vor dem F\u00f6hnen in Richtung der Wurzeln spr\u00fchen, um Volumen zu schaffen<\/li>\n<li>Auf das Haar spr\u00fchen und an der Luft trocknen lassen &#8211; f\u00fcr einen Beach-Look mit nat\u00fcrlicher Textur. Geeignet f\u00fcr alle Haartypen <\/li>\n<\/ul>\n<p>[\/cg_accordion]\n[cg_accordion title=\"Inhaltsstoffe\"]<\/p>\n<p>Das Salz-Wasser-Spray Pure Nr. 14 enth\u00e4lt gereinigte Bio-Aloe Vera, Meersalz und kaltgepressten Bio-Avocadoextrakt. <\/p>\n<p><strong>Gereinigte Bio-Aloe-Vera<\/strong>. Aloe-vera-Gelee enth\u00e4lt 75 lebenswichtige Vitamine und Mineralien und hat hervorragende haut- und haarpflegende Eigenschaften. Es f\u00f6rdert die Blutzirkulation und bewahrt die Feuchtigkeit der Haut. Aloe vera lindert R\u00f6tungen und Juckreiz und hat daher auch eine gute Wirkung auf die Kopfhaut.  <\/p>\n<p><strong>Meersalz<\/strong> wird aus Meerwasser gewonnen. Es ist reich an Mineralien und Spurenelementen, darunter Kalium und Magnesium, die gut f\u00fcr die Haut sind. <\/p>\n<p><strong>Kaltgepresster Bio-Avocadoextrakt<\/strong>enth\u00e4lt eine Reihe von Mineralien und Vitaminen A, B1, B2, D und E. Er hat ausgezeichnete feuchtigkeitsspendende und n\u00e4hrende Eigenschaften und ist wirksam bei trockener und dehydrierter Haut und gut f\u00fcr die Kopfhaut. Macht Haar und Haut geschmeidiger und weicher. <\/p>\n<p>INCI-Liste:Aloe Barbadensis Leaf Extract*, Maris Sal, Alcohol**, Aqua, PVP, Sodium Levulinate, Magnesium Sulfate, Sorbitol, Glycerin**, Persea Gratissima Fruit Extract*, Panthenol, Sodium Hydroxide, Citric Acid, Sodium Benzoate, Potassium Sorbate.<\/p>\n<p>Biologischer Ursprung. **Hergestellt aus biologischen Zutaten. Bio-zertifiziert nach EG 834\/2007.  <\/p>\n<p>97% des gesamten Produkts sind nat\u00fcrlichen Ursprungs.<br \/>\n85% der gesamten Inhaltsstoffe sind aus kontrolliert biologischem Anbau.<\/p>\n<p>pH-Wert 5,5-6<br \/>\n[\/cg_accordion]\n","protected":false},"featured_media":255154,"template":"","meta":{"_acf_changed":false},"product_brand":[572],"product_cat":[808],"product_tag":[],"class_list":{"0":"post-265312","1":"product","2":"type-product","3":"status-publish","4":"has-post-thumbnail","6":"product_brand-zenz","7":"product_cat-styling","9":"first","10":"instock","11":"taxable","12":"shipping-taxable","13":"purchasable","14":"product-type-simple"},"acf":[],"_links":{"self":[{"href":"https:\/\/healthyhead.dk\/de\/wp-json\/wp\/v2\/product\/265312","targetHints":{"allow":["GET"]}}],"collection":[{"href":"https:\/\/healthyhead.dk\/de\/wp-json\/wp\/v2\/product"}],"about":[{"href":"https:\/\/healthyhead.dk\/de\/wp-json\/wp\/v2\/types\/product"}],"version-history":[{"count":0,"href":"https:\/\/healthyhead.dk\/de\/wp-json\/wp\/v2\/product\/265312\/revisions"}],"wp:featuredmedia":[{"embeddable":true,"href":"https:\/\/healthyhead.dk\/de\/wp-json\/wp\/v2\/media\/255154"}],"wp:attachment":[{"href":"https:\/\/healthyhead.dk\/de\/wp-json\/wp\/v2\/media?parent=265312"}],"wp:term":[{"taxonomy":"product_brand","embeddable":true,"href":"https:\/\/healthyhead.dk\/de\/wp-json\/wp\/v2\/product_brand?post=265312"},{"taxonomy":"product_cat","embeddable":true,"href":"https:\/\/healthyhead.dk\/de\/wp-json\/wp\/v2\/product_cat?post=265312"},{"taxonomy":"product_tag","embeddable":true,"href":"https:\/\/healthyhead.dk\/de\/wp-json\/wp\/v2\/product_tag?post=265312"}],"curies":[{"name":"wp","href":"https:\/\/api.w.org\/{rel}","templated":true}]}}