{"id":265324,"date":"2024-09-15T10:03:15","date_gmt":"2024-09-15T10:03:15","guid":{"rendered":"https:\/\/new.healthyhead.dk\/vare\/zenz-copenhagen-hair-powder-pure-no-89-10-g\/"},"modified":"2025-07-05T07:57:53","modified_gmt":"2025-07-05T07:57:53","slug":"zenz-copenhagen-hair-powder-pure-no-89-10-g","status":"publish","type":"product","link":"https:\/\/healthyhead.dk\/de\/produkt\/zenz-copenhagen-hair-powder-pure-no-89-10-g\/","title":{"rendered":"Zenz, Copenhagen Hair Powder Pure No. 89, Haarpuder, 10 g"},"content":{"rendered":"","protected":false},"excerpt":{"rendered":"<p><img decoding=\"async\" class=\"\" src=\"\/wp-content\/uploads\/2024\/08\/Ingen-kemi.svg\" alt=\"Keine endokrinen Disruptoren\" width=\"45\" height=\"45\">Keine endokrinen Disruptoren<\/p>\n<p><img decoding=\"async\" class=\"\" src=\"\/wp-content\/uploads\/2024\/08\/Ingen-allergifremkaldende.svg\" alt=\"Nicht allergen\" width=\"46\" height=\"46\">Keine allergenen Stoffe<\/p>\n<p><img decoding=\"async\" class=\"\" src=\"\/wp-content\/uploads\/2024\/08\/Ingen-miljoebelastende.svg\" alt=\"Keine Auswirkungen auf die Umwelt\" width=\"46\" height=\"46\">Keine umweltsch\u00e4dlichen Stoffe<\/p>\n<p><img loading=\"lazy\" decoding=\"async\" class=\"alignnone wp-image-8756\" src=\"\/wp-content\/uploads\/2024\/08\/Ingen-parfume.svg\" alt=\"\" width=\"45\" height=\"45\" srcset=\"https:\/\/healthyhead.dk\/wp-content\/uploads\/Ingen-parfume.svg 150w, https:\/\/healthyhead.dk\/wp-content\/uploads\/Ingen-parfume.svg 300w, https:\/\/healthyhead.dk\/wp-content\/uploads\/Ingen-parfume.svg 768w, https:\/\/healthyhead.dk\/wp-content\/uploads\/Ingen-parfume.svg 1024w, https:\/\/healthyhead.dk\/wp-content\/uploads\/Ingen-parfume.svg 250w\" sizes=\"(max-width: 45px) 100vw, 45px\" \/>Keine Duftstoffe<\/p>\n<p>&nbsp;<\/p>\n[cg_accordion title=\"Beschreibung\" open=\"open\"] <\/p>\n<p>Pure Copenhagen Hair Powder No. 89 von Danish Zenz. Es ist ein schwanen- und allergiegepr\u00fcftes Haarpuder, das sowohl bei kurzem als auch bei langem Haar f\u00fcr maximale F\u00fclle und Halt sorgt. Das Pulver absorbiert Schmutz und Fett aus den Haarstr\u00e4hnen und verleiht dem Haar ein sauberes und gesundes Aussehen. Volume Hair Powder Nr. 89 ist ein Haarpuder f\u00fcr alle Haartypen. Besonders geeignet, um glattem Haar Volumen zu verleihen.    <\/p>\n<ul>\n<li>Schwan und Allergie gekennzeichnetes Haarpuder <b>f\u00fcr maximale F\u00fclle<\/b><\/li>\n<li><b>Saugt Schmutz und Fett aus den Haarstr\u00e4hnen<\/b> f\u00fcr ein sauberes und gesundes Aussehen<\/li>\n<li>Besonders geeignet, um <b>glattem Haar Volumen<\/b> zu verleihen<\/li>\n<li>Besonderheiten: Transparentes Haarpuder, matter Look, <b>funktioniert als Trockenshampoo<\/b>, vegan.<\/li>\n<\/ul>\n<p>&nbsp;<br \/>\n<img loading=\"lazy\" decoding=\"async\" class=\"alignnone size-full wp-image-8764\" src=\"\/wp-content\/uploads\/2024\/08\/certificeringer_zenz.jpg\" alt=\"\" width=\"480\" height=\"91\" srcset=\"https:\/\/i0.wp.com\/healthyhead.dk\/wp-content\/uploads\/2024\/08\/certificeringer_zenz.jpg?w=480&amp;ssl=1 480w, https:\/\/i0.wp.com\/healthyhead.dk\/wp-content\/uploads\/2024\/08\/certificeringer_zenz.jpg?resize=300%2C57&amp;ssl=1 300w, https:\/\/i0.wp.com\/healthyhead.dk\/wp-content\/uploads\/2024\/08\/certificeringer_zenz.jpg?resize=441%2C84&amp;ssl=1 441w, https:\/\/i0.wp.com\/healthyhead.dk\/wp-content\/uploads\/2024\/08\/certificeringer_zenz.jpg?resize=150%2C28&amp;ssl=1 150w\" sizes=\"(max-width: 480px) 100vw, 480px\" \/><br \/>\n[\/cg_accordion]\n[cg_accordion title=\"Tipps f\u00fcr die Verwendung\"]<\/p>\n<ul>\n<li>Streuen Sie das Pulver in das trockene Haar am Ansatz und arbeiten Sie es sanft mit den Fingerspitzen in das Haar ein. Geeignet f\u00fcr das Styling von kurzem und langem Haar und in Frisuren <\/li>\n<li>Kann als Trockenshampoo zwischen den Haarw\u00e4schen verwendet werden<\/li>\n<\/ul>\n<p>[\/cg_accordion]\n[cg_accordion title=\"Inhaltsstoffe\"]<\/p>\n<p>Das Produkt enth\u00e4lt <b>Silica Silylate<\/b>, d.h. modifizierte Kiesels\u00e4ure. Es hat gute fett- und talgabsorbierende Eigenschaften und verleiht dem Haar Volumen.   <\/p>\n<p><b>INCI-Liste:<\/b> Aqua, Silica Silylate, PEG-8, Undecane, Tridecane, Carrageenan, Potassium Sorbate, Citric Acid, Tocopherol.<\/p>\n<p>40 % der gesamten Inhaltsstoffe sind aus kontrolliert biologischem Anbau.<\/p>\n<p>[\/cg_accordion]\n","protected":false},"featured_media":255194,"template":"","meta":{"_acf_changed":false},"product_brand":[572],"product_cat":[808],"product_tag":[],"class_list":{"0":"post-265324","1":"product","2":"type-product","3":"status-publish","4":"has-post-thumbnail","6":"product_brand-zenz","7":"product_cat-styling","9":"first","10":"instock","11":"taxable","12":"shipping-taxable","13":"purchasable","14":"product-type-simple"},"acf":[],"_links":{"self":[{"href":"https:\/\/healthyhead.dk\/de\/wp-json\/wp\/v2\/product\/265324","targetHints":{"allow":["GET"]}}],"collection":[{"href":"https:\/\/healthyhead.dk\/de\/wp-json\/wp\/v2\/product"}],"about":[{"href":"https:\/\/healthyhead.dk\/de\/wp-json\/wp\/v2\/types\/product"}],"version-history":[{"count":0,"href":"https:\/\/healthyhead.dk\/de\/wp-json\/wp\/v2\/product\/265324\/revisions"}],"wp:featuredmedia":[{"embeddable":true,"href":"https:\/\/healthyhead.dk\/de\/wp-json\/wp\/v2\/media\/255194"}],"wp:attachment":[{"href":"https:\/\/healthyhead.dk\/de\/wp-json\/wp\/v2\/media?parent=265324"}],"wp:term":[{"taxonomy":"product_brand","embeddable":true,"href":"https:\/\/healthyhead.dk\/de\/wp-json\/wp\/v2\/product_brand?post=265324"},{"taxonomy":"product_cat","embeddable":true,"href":"https:\/\/healthyhead.dk\/de\/wp-json\/wp\/v2\/product_cat?post=265324"},{"taxonomy":"product_tag","embeddable":true,"href":"https:\/\/healthyhead.dk\/de\/wp-json\/wp\/v2\/product_tag?post=265324"}],"curies":[{"name":"wp","href":"https:\/\/api.w.org\/{rel}","templated":true}]}}