{"id":265328,"date":"2024-09-15T08:55:07","date_gmt":"2024-09-15T08:55:07","guid":{"rendered":"https:\/\/new.healthyhead.dk\/vare\/zenz-styling-paste-pure-no-06-strong-hold-150-ml\/"},"modified":"2025-07-05T07:59:03","modified_gmt":"2025-07-05T07:59:03","slug":"zenz-styling-paste-pure-no-06-strong-hold-150-ml","status":"publish","type":"product","link":"https:\/\/healthyhead.dk\/de\/produkt\/zenz-styling-paste-pure-no-06-strong-hold-150-ml\/","title":{"rendered":"Zenz, Styling Paste Pure No. 06 &#8211; Strong Hold, 150 ml"},"content":{"rendered":"","protected":false},"excerpt":{"rendered":"<p><img decoding=\"async\" class=\"\" src=\"\/wp-content\/uploads\/2024\/08\/Ingen-kemi.svg\" alt=\"Keine endokrinen Disruptoren\" width=\"45\" height=\"45\">Keine endokrinen Disruptoren<\/p>\n<p><img decoding=\"async\" class=\"\" src=\"\/wp-content\/uploads\/2024\/08\/Ingen-allergifremkaldende.svg\" alt=\"Nicht allergen\" width=\"46\" height=\"46\">Keine allergenen Stoffe<\/p>\n<p><img decoding=\"async\" class=\"\" src=\"\/wp-content\/uploads\/2024\/08\/Ingen-miljoebelastende.svg\" alt=\"Keine Auswirkungen auf die Umwelt\" width=\"46\" height=\"46\">Keine umweltsch\u00e4dlichen Stoffe<\/p>\n<p><img loading=\"lazy\" decoding=\"async\" class=\"alignnone wp-image-8756\" src=\"\/wp-content\/uploads\/2024\/08\/Ingen-parfume.svg\" alt=\"\" width=\"45\" height=\"45\" srcset=\"https:\/\/healthyhead.dk\/wp-content\/uploads\/Ingen-parfume.svg 150w, https:\/\/healthyhead.dk\/wp-content\/uploads\/Ingen-parfume.svg 300w, https:\/\/healthyhead.dk\/wp-content\/uploads\/Ingen-parfume.svg 768w, https:\/\/healthyhead.dk\/wp-content\/uploads\/Ingen-parfume.svg 1024w, https:\/\/healthyhead.dk\/wp-content\/uploads\/Ingen-parfume.svg 250w\" sizes=\"(max-width: 45px) 100vw, 45px\" \/>Keine Duftstoffe<\/p>\n<p>&nbsp;<\/p>\n[cg_accordion title=\"Beschreibung\" open=\"open\"]<\/p>\n<p>Nordic Swan Ecolabel- und Allergiker-gekennzeichnete Styling Paste Pure No.6 von Danish Zenz. Diese Paste bietet einen starken Halt und basiert ausschlie\u00dflich auf nat\u00fcrlichen Inhaltsstoffen wie Bienenwachs und kaltgepresstem Advocado\u00f6l, die das Haar n\u00e4hren und ihm Struktur verleihen. Die Zenz Pure Styling Paste wurde beim Danish Beauty Award 2011 als Produkt des Jahres&#8220; ausgezeichnet. Die Paste ist f\u00fcr den t\u00e4glichen Gebrauch geeignet.   <\/p>\n<ul>\n<li><b>Nordic Swan Umwelt- und Allergiker-gekennzeichnete<\/b> Styling Paste Pure Nr.6<\/li>\n<li>Das macht ein <b>starkes Team<\/b><\/li>\n<li>Basiert ausschlie\u00dflich auf <b>nat\u00fcrlichen Inhaltsstoffen<\/b> wie <b>Bienenwachs und kaltgepresstem Advocado\u00f6l<\/b><\/li>\n<li>Gewinner des Preises <b>&#8222;Produkt des Jahres&#8220;<\/b> beim Danish Beauty Award 2011<\/li>\n<\/ul>\n<p>&nbsp;<\/p>\n<p><img loading=\"lazy\" decoding=\"async\" class=\"alignnone size-full wp-image-8764\" src=\"\/wp-content\/uploads\/2024\/08\/certificeringer_zenz.jpg\" alt=\"\" width=\"480\" height=\"91\" srcset=\"https:\/\/i0.wp.com\/healthyhead.dk\/wp-content\/uploads\/2024\/08\/certificeringer_zenz.jpg?w=480&amp;ssl=1 480w, https:\/\/i0.wp.com\/healthyhead.dk\/wp-content\/uploads\/2024\/08\/certificeringer_zenz.jpg?resize=300%2C57&amp;ssl=1 300w, https:\/\/i0.wp.com\/healthyhead.dk\/wp-content\/uploads\/2024\/08\/certificeringer_zenz.jpg?resize=441%2C84&amp;ssl=1 441w, https:\/\/i0.wp.com\/healthyhead.dk\/wp-content\/uploads\/2024\/08\/certificeringer_zenz.jpg?resize=150%2C28&amp;ssl=1 150w\" sizes=\"(max-width: 480px) 100vw, 480px\" \/><br \/>\n[\/cg_accordion]\n[cg_accordion title=\"Tipps f\u00fcr die Verwendung\"]<\/p>\n<ul>\n<li style=\"list-style-type: none;\">\n<ul>\n<li style=\"list-style-type: none;\">\n<ul>\n<li>Erw\u00e4rmen Sie die Stylingpaste in den Handfl\u00e4chen und arbeiten Sie sie in das nasse Haar ein, w\u00e4hrend Sie es f\u00f6hnen, um es zu strukturieren.<\/li>\n<li>F\u00fcr zus\u00e4tzlichen Halt auf das trockene Haar auftragen<\/li>\n<li>Um die Locken zu betonen, verteilen Sie das Produkt in Ihren H\u00e4nden und dr\u00fccken Sie es in das nasse Haar, bevor Sie es f\u00f6hnen.<\/li>\n<\/ul>\n<\/li>\n<\/ul>\n<\/li>\n<\/ul>\n<p>[\/cg_accordion]\n[cg_accordion title=\"Inhaltsstoffe\"]<\/p>\n<p>Die Styling Paste Pure Nr. 06 enth\u00e4lt gereinigte Bio-Aloe Vera und Bio-Glycerin. <\/p>\n<p><b>Gereinigte Bio-Aloe-Vera<\/b>. Aloe-vera-Gelee enth\u00e4lt 75 lebenswichtige Vitamine und Mineralien und hat hervorragende haut- und haarpflegende Eigenschaften. Es f\u00f6rdert die Blutzirkulation und bewahrt die Feuchtigkeit der Haut. Aloe vera lindert R\u00f6tungen und Juckreiz und hat daher auch eine gute Wirkung auf die Kopfhaut.  <\/p>\n<p><b>Bio-Glycerin<\/b> spendet Feuchtigkeit und macht geschmeidig. Ist ein nat\u00fcrlicher Bestandteil von Fetten und \u00d6len. Bewahrt den nat\u00fcrlichen Feuchtigkeitshaushalt von Haut und Haar und verbessert ihre Elastizit\u00e4t.  <\/p>\n<p><b>INCI-Liste:<\/b>Aloe Barbadensis Leaf Extract*, Ceteareth-30, C18-36 Acid Triglyceride, Alcohol**, Cetearyl Alcohol, Glycerin**, Aqua, Hydroxypropyltrimonium Hydrolysed Corn Starch, Hydroxystearic\/Linolenic\/Oleic Polyglycerides, Sodium Levulinate, Citric Acid, Phenoxyethanol, Potassium Sorbate.<\/p>\n<p>*Organischer Ursprung. **Hergestellt aus biologischen Zutaten. Zertifizierter \u00f6kologischer Landbau gem\u00e4\u00df EG 834\/2007.<\/p>\n<p>[\/cg_accordion]\n","protected":false},"featured_media":255090,"template":"","meta":{"_acf_changed":false},"product_brand":[572],"product_cat":[808],"product_tag":[],"class_list":{"0":"post-265328","1":"product","2":"type-product","3":"status-publish","4":"has-post-thumbnail","6":"product_brand-zenz","7":"product_cat-styling","9":"first","10":"instock","11":"taxable","12":"shipping-taxable","13":"purchasable","14":"product-type-simple"},"acf":[],"_links":{"self":[{"href":"https:\/\/healthyhead.dk\/de\/wp-json\/wp\/v2\/product\/265328","targetHints":{"allow":["GET"]}}],"collection":[{"href":"https:\/\/healthyhead.dk\/de\/wp-json\/wp\/v2\/product"}],"about":[{"href":"https:\/\/healthyhead.dk\/de\/wp-json\/wp\/v2\/types\/product"}],"version-history":[{"count":0,"href":"https:\/\/healthyhead.dk\/de\/wp-json\/wp\/v2\/product\/265328\/revisions"}],"wp:featuredmedia":[{"embeddable":true,"href":"https:\/\/healthyhead.dk\/de\/wp-json\/wp\/v2\/media\/255090"}],"wp:attachment":[{"href":"https:\/\/healthyhead.dk\/de\/wp-json\/wp\/v2\/media?parent=265328"}],"wp:term":[{"taxonomy":"product_brand","embeddable":true,"href":"https:\/\/healthyhead.dk\/de\/wp-json\/wp\/v2\/product_brand?post=265328"},{"taxonomy":"product_cat","embeddable":true,"href":"https:\/\/healthyhead.dk\/de\/wp-json\/wp\/v2\/product_cat?post=265328"},{"taxonomy":"product_tag","embeddable":true,"href":"https:\/\/healthyhead.dk\/de\/wp-json\/wp\/v2\/product_tag?post=265328"}],"curies":[{"name":"wp","href":"https:\/\/api.w.org\/{rel}","templated":true}]}}