{"id":265336,"date":"2024-08-29T11:20:05","date_gmt":"2024-08-29T11:20:05","guid":{"rendered":"https:\/\/new.healthyhead.dk\/vare\/zenz-treatment-pure-no-03-250-ml\/"},"modified":"2025-07-05T08:09:57","modified_gmt":"2025-07-05T08:09:57","slug":"zenz-treatment-pure-no-03-250-ml","status":"publish","type":"product","link":"https:\/\/healthyhead.dk\/de\/produkt\/zenz-treatment-pure-no-03-250-ml\/","title":{"rendered":"Zenz, Treatment Pure No. 03, 250 ml"},"content":{"rendered":"","protected":false},"excerpt":{"rendered":"<p><img decoding=\"async\" class=\"\" src=\"\/wp-content\/uploads\/2024\/08\/Ingen-kemi.svg\" alt=\"Keine endokrinen Disruptoren\" width=\"45\" height=\"45\">Keine endokrinen Disruptoren<\/p>\n<p><img decoding=\"async\" class=\"\" src=\"\/wp-content\/uploads\/2024\/08\/Ingen-allergifremkaldende.svg\" alt=\"Nicht allergen\" width=\"46\" height=\"46\">Keine allergenen Stoffe<\/p>\n<p><img decoding=\"async\" class=\"\" src=\"\/wp-content\/uploads\/2024\/08\/Ingen-miljoebelastende.svg\" alt=\"Keine Auswirkungen auf die Umwelt\" width=\"46\" height=\"46\">Keine umweltsch\u00e4dlichen Stoffe<\/p>\n<p><img loading=\"lazy\" decoding=\"async\" class=\"alignnone wp-image-8756\" src=\"\/wp-content\/uploads\/2024\/08\/Ingen-parfume.svg\" alt=\"\" width=\"45\" height=\"45\" srcset=\"https:\/\/healthyhead.dk\/wp-content\/uploads\/Ingen-parfume.svg 150w, https:\/\/healthyhead.dk\/wp-content\/uploads\/Ingen-parfume.svg 300w, https:\/\/healthyhead.dk\/wp-content\/uploads\/Ingen-parfume.svg 768w, https:\/\/healthyhead.dk\/wp-content\/uploads\/Ingen-parfume.svg 1024w, https:\/\/healthyhead.dk\/wp-content\/uploads\/Ingen-parfume.svg 250w\" sizes=\"(max-width: 45px) 100vw, 45px\" \/>Keine Duftstoffe<\/p>\n<p>&nbsp;<\/p>\n[cg_accordion title=\"Beschreibung\" open=\"open\"]Zenz Pure Treatment No.03 ist eine d\u00e4nische Haarkur mit dem Nordic Swan Ecolabel ohne Duftstoffe. Die Haarkur enth\u00e4lt kaltgepresstes Bio-Advocado\u00f6l und gereinigte Aloe Vera, die sowohl das Haar als auch die Kopfhaut st\u00e4rken und f\u00fcr gesundes, gepflegtes und gl\u00e4nzendes Haar sorgen. Die Behandlung bildet einen sch\u00fctzenden, unsichtbaren Film um jede einzelne Haarstr\u00e4hne und bewahrt so die Intensit\u00e4t der Haarfarbe. Das Haar bleibt seidig weich, aber dennoch leicht und luftig. Kann f\u00fcr alle Haartypen verwendet werden, sowohl f\u00fcr nat\u00fcrliches als auch f\u00fcr chemisch behandeltes Haar.    <\/p>\n<p>&nbsp;<\/p>\n<ul>\n<li><b>Nordic Swan Ecolabel<\/b> und <b>bio-zertifizierte<\/b> Haarbehandlung von Danish Zenz Organic<\/li>\n<li>St\u00e4rkt Haar und Kopfhaut und sorgt f\u00fcr <strong>gesundes<\/strong>, <strong>gen\u00e4hrtes<\/strong> und <strong>gl\u00e4nzendes<\/strong> Haar<\/li>\n<li>Enth\u00e4lt biologisch gereinigte <b>Aloe Vera<\/b>, <b>Kokosnuss\u00f6l<\/b>, <b>Glycerin<\/b> und kaltgepresstes <b>Avocado\u00f6l<\/b><\/li>\n<li><strong>Besonders geeignet f\u00fcr:<\/strong> Schwangere, Kinder und Parf\u00fcmallergiker, da es frei von synthetischen oder \u00e4therischen Duftstoffen ist<\/li>\n<li><b>Besondere Eigenschaften<\/b>: Macht das Haar seidig weich. Leicht und luftig, tr\u00e4gt zum nat\u00fcrlichen Gleichgewicht der Kopfhaut bei. <\/li>\n<li><strong>Verpackung: <\/strong>Umweltfreundliche und biologisch abbaubare Verpackung, die die Auswirkungen auf die Umwelt minimiert.<\/li>\n<\/ul>\n<p>&nbsp;<\/p>\n<p><img loading=\"lazy\" decoding=\"async\" class=\"alignnone size-full wp-image-8764\" src=\"\/wp-content\/uploads\/2024\/08\/certificeringer_zenz.jpg\" alt=\"\" width=\"480\" height=\"91\" srcset=\"https:\/\/i0.wp.com\/healthyhead.dk\/wp-content\/uploads\/2024\/08\/certificeringer_zenz.jpg?w=480&amp;ssl=1 480w, https:\/\/i0.wp.com\/healthyhead.dk\/wp-content\/uploads\/2024\/08\/certificeringer_zenz.jpg?resize=300%2C57&amp;ssl=1 300w, https:\/\/i0.wp.com\/healthyhead.dk\/wp-content\/uploads\/2024\/08\/certificeringer_zenz.jpg?resize=441%2C84&amp;ssl=1 441w, https:\/\/i0.wp.com\/healthyhead.dk\/wp-content\/uploads\/2024\/08\/certificeringer_zenz.jpg?resize=150%2C28&amp;ssl=1 150w\" sizes=\"(max-width: 480px) 100vw, 480px\" \/><br \/>\n[\/cg_accordion]\n[cg_accordion title=\"Tipps f\u00fcr die Verwendung\"]<\/p>\n<ul>\n<li>Auf das frisch gewaschene Haar auftragen &#8211; entweder handtuchtrocken oder ganz trocken<\/li>\n<li>Verteilen Sie die Kur im gesamten Haar. Wickeln Sie das Haar dann in einen Beutel und\/oder ein Handtuch ein. Lassen Sie die Behandlung 10-30 Minuten einwirken.  <\/li>\n<li>Lassen Sie die Behandlung 10-30 Minuten einwirken. Gr\u00fcndlich mit Wasser absp\u00fclen <\/li>\n<li>Bei stark gesch\u00e4digtem Haar sollte die Behandlung einmal pro Woche wiederholt werden.<\/li>\n<li>Die Kur kann mit \u00d6len kombiniert werden, um einen Duft zu erzeugen oder um sie reichhaltiger zu machen<\/li>\n<\/ul>\n<p>[\/cg_accordion]\n[cg_accordion title=\"Inhaltsstoffe\"]<\/p>\n<p>Treatment Pure No. 03 enth\u00e4lt gereinigte Bio-Aloe Vera, Bio-Glycerin und kaltgepresstes Bio-Avocado\u00f6l. <\/p>\n<p><b>Gereinigte Bio-Aloe-Vera.<\/b>  Aloe-vera-Gelee enth\u00e4lt 75 lebenswichtige Vitamine und Mineralien und hat hervorragende haut- und haarpflegende Eigenschaften. Es f\u00f6rdert die Blutzirkulation und bewahrt die Feuchtigkeit der Haut. Aloe vera lindert R\u00f6tungen und Juckreiz und hat daher auch eine gute Wirkung auf die Kopfhaut.  <\/p>\n<p><b>Bio-Kokoswasser<\/b> ist reich an Vitaminen und wichtigen Mineralien und versorgt das Haar mit viel Feuchtigkeit und N\u00e4hrstoffen.<\/p>\n<p><b>Bio-Glycerin<\/b> spendet Feuchtigkeit und macht geschmeidig. Ist ein nat\u00fcrlicher Bestandteil von Fetten und \u00d6len. Bewahrt den nat\u00fcrlichen Feuchtigkeitshaushalt von Haut und Haar und verbessert ihre Elastizit\u00e4t.  <\/p>\n<p><b>Kaltgepresstes Bio-Avocado\u00f6l<\/b> enth\u00e4lt eine Reihe von Mineralien sowie die Vitamine A, B1, B2, D und E. Es hat ausgezeichnete feuchtigkeitsspendende und n\u00e4hrende Eigenschaften und ist wirksam bei trockener und dehydrierter Haut und gut f\u00fcr die Kopfhaut. Es macht Haare und Haut glatter und weicher. <\/p>\n<p><b>INCI-Liste: <\/b>Aqua, Cetearyl Alcohol , Persea Gratissima Oil* (3%) , Behenamidopropyl Dimethylamine , Aloe Barbadensis Leaf Extract* (2,2%) , Glycerin* (2,1%) , Behenoyl PG-Trimonium Chloride , Panthenol , Hydrolysed Wheat Protein , Hydrolysed Wheat Starch , Hexylene Glycol , Citric Acid , Phenoxyethanol , Benzoic Acid , Dehydroacetic Acid , Potassium Sorbate.<\/p>\n<p>*\u00d6kologischer Ursprung. Zertifizierter biologischer Anbau gem\u00e4\u00df EG 834\/2007. <\/p>\n<p>[\/cg_accordion]\n","protected":false},"featured_media":255030,"template":"","meta":{"_acf_changed":false},"product_brand":[572],"product_cat":[627],"product_tag":[],"class_list":{"0":"post-265336","1":"product","2":"type-product","3":"status-publish","4":"has-post-thumbnail","6":"product_brand-zenz","7":"product_cat-conditioner-haarkur","9":"first","10":"instock","11":"taxable","12":"shipping-taxable","13":"purchasable","14":"product-type-simple"},"acf":[],"_links":{"self":[{"href":"https:\/\/healthyhead.dk\/de\/wp-json\/wp\/v2\/product\/265336","targetHints":{"allow":["GET"]}}],"collection":[{"href":"https:\/\/healthyhead.dk\/de\/wp-json\/wp\/v2\/product"}],"about":[{"href":"https:\/\/healthyhead.dk\/de\/wp-json\/wp\/v2\/types\/product"}],"version-history":[{"count":0,"href":"https:\/\/healthyhead.dk\/de\/wp-json\/wp\/v2\/product\/265336\/revisions"}],"wp:featuredmedia":[{"embeddable":true,"href":"https:\/\/healthyhead.dk\/de\/wp-json\/wp\/v2\/media\/255030"}],"wp:attachment":[{"href":"https:\/\/healthyhead.dk\/de\/wp-json\/wp\/v2\/media?parent=265336"}],"wp:term":[{"taxonomy":"product_brand","embeddable":true,"href":"https:\/\/healthyhead.dk\/de\/wp-json\/wp\/v2\/product_brand?post=265336"},{"taxonomy":"product_cat","embeddable":true,"href":"https:\/\/healthyhead.dk\/de\/wp-json\/wp\/v2\/product_cat?post=265336"},{"taxonomy":"product_tag","embeddable":true,"href":"https:\/\/healthyhead.dk\/de\/wp-json\/wp\/v2\/product_tag?post=265336"}],"curies":[{"name":"wp","href":"https:\/\/api.w.org\/{rel}","templated":true}]}}