{"id":265340,"date":"2024-08-27T05:18:41","date_gmt":"2024-08-27T05:18:41","guid":{"rendered":"https:\/\/new.healthyhead.dk\/vare\/zenz-shampoo-pure-no-01-250-ml\/"},"modified":"2025-07-05T07:04:03","modified_gmt":"2025-07-05T07:04:03","slug":"zenz-shampoo-pure-no-01-250-ml","status":"publish","type":"product","link":"https:\/\/healthyhead.dk\/de\/produkt\/zenz-shampoo-pure-no-01-250-ml\/","title":{"rendered":"Zenz, Shampoo Pure No. 01, 250 ml"},"content":{"rendered":"","protected":false},"excerpt":{"rendered":"<p><img decoding=\"async\" class=\"\" src=\"\/wp-content\/uploads\/2024\/08\/Ingen-kemi.svg\" alt=\"Keine endokrinen Disruptoren\" width=\"45\" height=\"45\">Keine endokrinen Disruptoren<\/p>\n<p><img decoding=\"async\" class=\"\" src=\"\/wp-content\/uploads\/2024\/08\/Ingen-allergifremkaldende.svg\" alt=\"Nicht allergen\" width=\"46\" height=\"46\">Keine allergenen Stoffe<\/p>\n<p><img decoding=\"async\" class=\"\" src=\"\/wp-content\/uploads\/2024\/08\/Ingen-miljoebelastende.svg\" alt=\"Keine Auswirkungen auf die Umwelt\" width=\"46\" height=\"46\">Keine umweltsch\u00e4dlichen Stoffe<\/p>\n<p><img loading=\"lazy\" decoding=\"async\" class=\"alignnone wp-image-8756\" src=\"\/wp-content\/uploads\/2024\/08\/Ingen-parfume.svg\" alt=\"\" width=\"45\" height=\"45\" srcset=\"https:\/\/healthyhead.dk\/wp-content\/uploads\/Ingen-parfume.svg 150w, https:\/\/healthyhead.dk\/wp-content\/uploads\/Ingen-parfume.svg 300w, https:\/\/healthyhead.dk\/wp-content\/uploads\/Ingen-parfume.svg 768w, https:\/\/healthyhead.dk\/wp-content\/uploads\/Ingen-parfume.svg 1024w, https:\/\/healthyhead.dk\/wp-content\/uploads\/Ingen-parfume.svg 250w\" sizes=\"(max-width: 45px) 100vw, 45px\" \/>Keine Duftstoffe<\/p>\n<p>&nbsp;<\/p>\n[cg_accordion title=\"Beschreibung\" open=\"open\"]Pure No. 01 Shampoo von Zenz ist ein d\u00e4nisches Schwanen- und Allergiker-Haarshampoo ohne Duftstoffe. Es enth\u00e4lt biologisches, kaltgepresstes Avocado\u00f6l und gereinigte Aloe Vera, also Inhaltsstoffe, die die Kopfhaut und das Haar st\u00e4rken und es gesund, gen\u00e4hrt und gl\u00e4nzend machen. Das Shampoo ist der Gewinner in der Kategorie \u201eBestes hautfreundliches Produkt f\u00fcr Profis\u201c beim AllergyAward 2017.  <\/p>\n<p>&nbsp;<\/p>\n<ul>\n<li><b>Nordic Swan \u00d6kolabel<\/b> und <b>bio-zertifiziertes<\/b> Shampoo von Danish Zenz Organic<\/li>\n<li><b>Verleiht dem Haar Volumen<\/b> und reichert es mit Vitaminen und Mineralien aus Pflanzen\u00f6len an<\/li>\n<li>Das Haar wird <b>gl\u00e4nzend und gest\u00e4rkt<\/b><\/li>\n<li>Enth\u00e4lt biologisch gereinigte <b>Aloe Vera<\/b>, <b>Kokosnuss\u00f6l<\/b>, <b>Glycerin<\/b> und kaltgepresstes <b>Avocado\u00f6l<\/b><\/li>\n<li>\u201eBestes hautfreundliches Produkt f\u00fcr Profis\u201c beim AllergyAward 2017.<\/li>\n<li><b>Besondere Eigenschaften<\/b>: Verleiht Volumen, milde Seifen reinigen sanft und tragen zum nat\u00fcrlichen Gleichgewicht der Kopfhaut bei<\/li>\n<\/ul>\n<p><img loading=\"lazy\" decoding=\"async\" class=\"alignnone size-full wp-image-8764\" src=\"\/wp-content\/uploads\/2024\/08\/certificeringer_zenz.jpg\" alt=\"\" width=\"480\" height=\"91\" srcset=\"https:\/\/i0.wp.com\/healthyhead.dk\/wp-content\/uploads\/2024\/08\/certificeringer_zenz.jpg?w=480&amp;ssl=1 480w, https:\/\/i0.wp.com\/healthyhead.dk\/wp-content\/uploads\/2024\/08\/certificeringer_zenz.jpg?resize=300%2C57&amp;ssl=1 300w, https:\/\/i0.wp.com\/healthyhead.dk\/wp-content\/uploads\/2024\/08\/certificeringer_zenz.jpg?resize=441%2C84&amp;ssl=1 441w, https:\/\/i0.wp.com\/healthyhead.dk\/wp-content\/uploads\/2024\/08\/certificeringer_zenz.jpg?resize=150%2C28&amp;ssl=1 150w\" sizes=\"(max-width: 480px) 100vw, 480px\" \/><br \/>\n[\/cg_accordion]\n[cg_accordion title=\"Tipps f\u00fcr die Verwendung\"]<\/p>\n<ul>\n<li>Eine kleine Menge auf das nasse Haar auftragen.<\/li>\n<li>Massieren Sie es in das Haar ein, um einen weichen Schaum zu erzeugen.<\/li>\n<li>Danach gr\u00fcndlich aussp\u00fclen. Je nach Bedarf mit Conditioner Pure Nr. 02 abschlie\u00dfen. <\/li>\n<\/ul>\n<p>[\/cg_accordion]\n[cg_accordion title=\"Inhaltsstoffe\"]<\/p>\n<p>Das Shampoo Pure No. 01 enth\u00e4lt gereinigte Bio-Aloe Vera, Bio-Glycerin und kaltgepresstes Bio-Avocado\u00f6l. <\/p>\n<p><b>Gereinigte Bio-Aloe-Vera.<\/b>  Aloe-vera-Gelee enth\u00e4lt 75 lebenswichtige Vitamine und Mineralien und hat hervorragende haut- und haarpflegende Eigenschaften. Es f\u00f6rdert die Blutzirkulation und bewahrt die Feuchtigkeit der Haut. Aloe vera lindert R\u00f6tungen und Juckreiz und hat daher auch eine gute Wirkung auf die Kopfhaut.  <\/p>\n<p><b>Bio-Kokoswasser<\/b> ist reich an Vitaminen und wichtigen Mineralien und versorgt das Haar mit viel Feuchtigkeit und N\u00e4hrstoffen.<\/p>\n<p><b>Bio-Glycerin<\/b> spendet Feuchtigkeit und macht geschmeidig. Ist ein nat\u00fcrlicher Bestandteil von Fetten und \u00d6len. Bewahrt den nat\u00fcrlichen Feuchtigkeitshaushalt von Haut und Haar und verbessert ihre Elastizit\u00e4t.  <\/p>\n<p><b>Kaltgepresstes Bio-Avocado\u00f6l<\/b> enth\u00e4lt eine Reihe von Mineralien sowie die Vitamine A, B1, B2, D und E. Es hat ausgezeichnete feuchtigkeitsspendende und n\u00e4hrende Eigenschaften und ist wirksam bei trockener und dehydrierter Haut und gut f\u00fcr die Kopfhaut. Es macht Haare und Haut glatter und weicher. <\/p>\n<p><b>INCI-Liste<\/b> Aloe Barbadensis Leaf Extract*, Aqua, Sodium Coco-Sulfate, Coco-Glucoside, Glycerin, Citric Acid, Sodium PCA, Cocamidopropyl Betaine, Saccharide Isomerate, Sodium Levulinate, Sea Salt, Cocos Nucifera Water*, Guar Hydroxypropyltrimonium Chloride, Persea Gratissima Oil*, Sodium Citrate, Tapioca Starch*, Sodium Benzoate, Potassium Sorbate.<\/p>\n<p>*Zutaten, die aus biologischem Anbau stammen.<\/p>\n<p>98% des Gesamtinhalts sind nat\u00fcrlichen Ursprungs.<br \/>\n62% aller Zutaten sind aus biologischem Anbau.<\/p>\n<p>[\/cg_accordion]\n","protected":false},"featured_media":255026,"template":"","meta":{"_acf_changed":false},"product_brand":[572],"product_cat":[633],"product_tag":[],"class_list":{"0":"post-265340","1":"product","2":"type-product","3":"status-publish","4":"has-post-thumbnail","6":"product_brand-zenz","7":"product_cat-shampoo","9":"first","10":"instock","11":"taxable","12":"shipping-taxable","13":"purchasable","14":"product-type-simple"},"acf":[],"_links":{"self":[{"href":"https:\/\/healthyhead.dk\/de\/wp-json\/wp\/v2\/product\/265340","targetHints":{"allow":["GET"]}}],"collection":[{"href":"https:\/\/healthyhead.dk\/de\/wp-json\/wp\/v2\/product"}],"about":[{"href":"https:\/\/healthyhead.dk\/de\/wp-json\/wp\/v2\/types\/product"}],"version-history":[{"count":0,"href":"https:\/\/healthyhead.dk\/de\/wp-json\/wp\/v2\/product\/265340\/revisions"}],"wp:featuredmedia":[{"embeddable":true,"href":"https:\/\/healthyhead.dk\/de\/wp-json\/wp\/v2\/media\/255026"}],"wp:attachment":[{"href":"https:\/\/healthyhead.dk\/de\/wp-json\/wp\/v2\/media?parent=265340"}],"wp:term":[{"taxonomy":"product_brand","embeddable":true,"href":"https:\/\/healthyhead.dk\/de\/wp-json\/wp\/v2\/product_brand?post=265340"},{"taxonomy":"product_cat","embeddable":true,"href":"https:\/\/healthyhead.dk\/de\/wp-json\/wp\/v2\/product_cat?post=265340"},{"taxonomy":"product_tag","embeddable":true,"href":"https:\/\/healthyhead.dk\/de\/wp-json\/wp\/v2\/product_tag?post=265340"}],"curies":[{"name":"wp","href":"https:\/\/api.w.org\/{rel}","templated":true}]}}