{"id":265344,"date":"2024-08-21T17:38:58","date_gmt":"2024-08-21T17:38:58","guid":{"rendered":"https:\/\/new.healthyhead.dk\/vare\/zenz-shampoo-sweet-sense-no-04-250-ml\/"},"modified":"2025-09-06T15:12:47","modified_gmt":"2025-09-06T15:12:47","slug":"zenz-shampoo-sweet-sense-no-04-250-ml","status":"publish","type":"product","link":"https:\/\/healthyhead.dk\/de\/produkt\/zenz-shampoo-sweet-sense-no-04-250-ml\/","title":{"rendered":"Zenz, Shampoo Sweet Sense No. 04, 250 ml"},"content":{"rendered":"","protected":false},"excerpt":{"rendered":"<p><img decoding=\"async\" class=\"alignnone\" src=\"\/wp-content\/uploads\/2024\/08\/Ingen-kemi.svg\" alt=\"Keine endokrinen Disruptoren\" width=\"46\" height=\"46\">Keine endokrinen Disruptoren<\/p>\n<p><img decoding=\"async\" class=\"\" src=\"\/wp-content\/uploads\/2024\/08\/Ingen-allergifremkaldende.svg\" alt=\"Nicht allergen\" width=\"46\" height=\"46\">Keine allergenen Stoffe<\/p>\n<p><img decoding=\"async\" class=\"\" src=\"\/wp-content\/uploads\/2024\/08\/Ingen-miljoebelastende.svg\" alt=\"Keine Auswirkungen auf die Umwelt\" width=\"46\" height=\"46\">Keine umweltsch\u00e4dlichen Stoffe<\/p>\n<p><img loading=\"lazy\" decoding=\"async\" class=\"\" src=\"\/wp-content\/uploads\/2024\/08\/indeholder-parfume.svg\" alt=\"enth\u00e4lt Parf\u00fcm\" width=\"46\" height=\"46\">Enth\u00e4lt Parf\u00fcm, das die Anforderungen f\u00fcr das Nordic Swan Ecolabel erf\u00fcllt<\/p>\n<p>&nbsp;<\/p>\n[cg_accordion title=\"Beschreibung\" open=\"open\"]Sweet Sense No. 04 von Zenz Organic ist ein Shampoo mit dem d\u00e4nischen Nordic Swan Ecolabel. Genie\u00dfen Sie den s\u00fc\u00dfen, sommerlichen Duft von Bergamotte und Orangenbl\u00fcten, w\u00e4hrend Ihr Haar mit biologisch gereinigter Aloe Vera, Bio-Kokoswasser, Bio-Glycerin und kaltgepresstem Bio-Avocado\u00f6l gen\u00e4hrt wird. <\/p>\n<p>&nbsp;<\/p>\n<ul>\n<li><b>Nordic Swan \u00d6kolabel<\/b> und <b>bio-zertifiziertes<\/b> Shampoo von Danish Zenz Organic<\/li>\n<li><b>Verleiht dem Haar Volumen<\/b> und reichert es mit Vitaminen und Mineralien aus Pflanzen\u00f6len an<\/li>\n<li>Das Haar wird <b>gl\u00e4nzend und gest\u00e4rkt<\/b><\/li>\n<li>Enth\u00e4lt biologisch gereinigte <b>Aloe Vera<\/b>, <b>Kokosnuss\u00f6l<\/b>, <b>Glycerin<\/b> und kaltgepresstes <b>Avocado\u00f6l<\/b><\/li>\n<li>Verleiht einen sommerlichen <b>Duft von Bergamotte und Orangenbl\u00fcten<\/b><\/li>\n<li><b>Besondere Eigenschaften<\/b>: Verleiht Volumen, milde Seifen reinigen sanft und tragen zum nat\u00fcrlichen Gleichgewicht der Kopfhaut bei<\/li>\n<\/ul>\n<p><img loading=\"lazy\" decoding=\"async\" class=\"alignnone size-full wp-image-8764\" src=\"\/wp-content\/uploads\/2024\/08\/certificeringer_zenz.jpg\" alt=\"\" width=\"480\" height=\"91\" srcset=\"https:\/\/i0.wp.com\/healthyhead.dk\/wp-content\/uploads\/2024\/08\/certificeringer_zenz.jpg?w=480&amp;ssl=1 480w, https:\/\/i0.wp.com\/healthyhead.dk\/wp-content\/uploads\/2024\/08\/certificeringer_zenz.jpg?resize=300%2C57&amp;ssl=1 300w, https:\/\/i0.wp.com\/healthyhead.dk\/wp-content\/uploads\/2024\/08\/certificeringer_zenz.jpg?resize=441%2C84&amp;ssl=1 441w, https:\/\/i0.wp.com\/healthyhead.dk\/wp-content\/uploads\/2024\/08\/certificeringer_zenz.jpg?resize=150%2C28&amp;ssl=1 150w\" sizes=\"(max-width: 480px) 100vw, 480px\" \/><br \/>\n[\/cg_accordion]\n[cg_accordion title=\"Tipps f\u00fcr die Verwendung\"]<\/p>\n<ul>\n<li>Eine kleine Menge auf das nasse Haar auftragen.<\/li>\n<li>Massieren Sie es in das Haar ein, um einen weichen Schaum zu erzeugen.<\/li>\n<li>Danach gr\u00fcndlich aussp\u00fclen. Nach Bedarf mit Conditioner Nr. 05 nach Bedarf <\/li>\n<\/ul>\n<p>[\/cg_accordion]\n[cg_accordion title=\"Inhaltsstoffe\"]<\/p>\n<p>Das Shampoo Sweet Sense no. 05 enth\u00e4lt gereinigte Bio-Aloe Vera, Bio-Glycerin und kaltgepresstes Bio-Avocado\u00f6l. <\/p>\n<p><b>Gereinigte Bio-Aloe-Vera.<\/b>  Aloe-vera-Gelee enth\u00e4lt 75 lebenswichtige Vitamine und Mineralien und hat hervorragende haut- und haarpflegende Eigenschaften. Es f\u00f6rdert die Blutzirkulation und bewahrt die Feuchtigkeit der Haut. Aloe vera lindert R\u00f6tungen und Juckreiz und hat daher auch eine gute Wirkung auf die Kopfhaut.  <\/p>\n<p><b>Bio-Kokoswasser<\/b> ist reich an Vitaminen und wichtigen Mineralien und versorgt das Haar mit viel Feuchtigkeit und N\u00e4hrstoffen.<\/p>\n<p><b>Bio-Glycerin<\/b> spendet Feuchtigkeit und macht geschmeidig. Ist ein nat\u00fcrlicher Bestandteil von Fetten und \u00d6len. Bewahrt den nat\u00fcrlichen Feuchtigkeitshaushalt von Haut und Haar und verbessert ihre Elastizit\u00e4t.  <\/p>\n<p><b>Kaltgepresstes Bio-Avocado\u00f6l<\/b> enth\u00e4lt eine Reihe von Mineralien sowie die Vitamine A, B1, B2, D und E. Es hat ausgezeichnete feuchtigkeitsspendende und n\u00e4hrende Eigenschaften und ist wirksam bei trockener und dehydrierter Haut und gut f\u00fcr die Kopfhaut. Es macht Haare und Haut glatter und weicher. <\/p>\n<p><b>INCI-Liste<\/b> Aloe Barbadensis Leaf Extract*, Aqua, Sodium Coco-Sulfate, Coco-Glucoside, Glycerin, Citric Acid, Sodium PCA, Maris Sal, Cocamidopropyl Betaine, Saccharide Isomerate, Sodium Levulinate, Cocos Nucifera Water*, Guar Hydroxypropyltrimonium Chloride, Persea Gratissima Oil*, Tapioca Starch*, Parfum, Sodium Citrate, Sodium Benzoate, Potassium Sorbate.<\/p>\n<p>*Zutaten, die aus biologischem Anbau stammen.<\/p>\n<p>98% des gesamten Produkts sind nat\u00fcrlichen Ursprungs.<br \/>\n58% der gesamten Inhaltsstoffe sind aus kontrolliert biologischem Anbau.<\/p>\n<p>pH 5-5,5<\/p>\n<p>[\/cg_accordion]\n","protected":false},"featured_media":253714,"template":"","meta":{"_acf_changed":false},"product_brand":[572],"product_cat":[633],"product_tag":[],"class_list":{"0":"post-265344","1":"product","2":"type-product","3":"status-publish","4":"has-post-thumbnail","6":"product_brand-zenz","7":"product_cat-shampoo","9":"first","10":"instock","11":"taxable","12":"shipping-taxable","13":"purchasable","14":"product-type-simple"},"acf":[],"_links":{"self":[{"href":"https:\/\/healthyhead.dk\/de\/wp-json\/wp\/v2\/product\/265344","targetHints":{"allow":["GET"]}}],"collection":[{"href":"https:\/\/healthyhead.dk\/de\/wp-json\/wp\/v2\/product"}],"about":[{"href":"https:\/\/healthyhead.dk\/de\/wp-json\/wp\/v2\/types\/product"}],"version-history":[{"count":0,"href":"https:\/\/healthyhead.dk\/de\/wp-json\/wp\/v2\/product\/265344\/revisions"}],"wp:featuredmedia":[{"embeddable":true,"href":"https:\/\/healthyhead.dk\/de\/wp-json\/wp\/v2\/media\/253714"}],"wp:attachment":[{"href":"https:\/\/healthyhead.dk\/de\/wp-json\/wp\/v2\/media?parent=265344"}],"wp:term":[{"taxonomy":"product_brand","embeddable":true,"href":"https:\/\/healthyhead.dk\/de\/wp-json\/wp\/v2\/product_brand?post=265344"},{"taxonomy":"product_cat","embeddable":true,"href":"https:\/\/healthyhead.dk\/de\/wp-json\/wp\/v2\/product_cat?post=265344"},{"taxonomy":"product_tag","embeddable":true,"href":"https:\/\/healthyhead.dk\/de\/wp-json\/wp\/v2\/product_tag?post=265344"}],"curies":[{"name":"wp","href":"https:\/\/api.w.org\/{rel}","templated":true}]}}