{"id":265348,"date":"2024-08-20T11:59:36","date_gmt":"2024-08-20T11:59:36","guid":{"rendered":"https:\/\/new.healthyhead.dk\/vare\/zenz-conditioner-sweet-sense-no-05-250-ml\/"},"modified":"2025-07-10T09:53:07","modified_gmt":"2025-07-10T09:53:07","slug":"zenz-conditioner-sweet-sense-no-05-250-ml","status":"publish","type":"product","link":"https:\/\/healthyhead.dk\/de\/produkt\/zenz-conditioner-sweet-sense-no-05-250-ml\/","title":{"rendered":"Zenz, Conditioner Sweet Sense No. 05, 250 ml"},"content":{"rendered":"","protected":false},"excerpt":{"rendered":"<p><img decoding=\"async\" class=\"\" src=\"\/wp-content\/uploads\/2024\/08\/Ingen-kemi.svg\" alt=\"Keine endokrinen Disruptoren\" width=\"45\" height=\"45\">Keine endokrinen Disruptoren<\/p>\n<p><img decoding=\"async\" class=\"\" src=\"\/wp-content\/uploads\/2024\/08\/Ingen-allergifremkaldende.svg\" alt=\"Nicht allergen\" width=\"46\" height=\"46\">Keine allergenen Stoffe<\/p>\n<p><img decoding=\"async\" class=\"\" src=\"\/wp-content\/uploads\/2024\/08\/Ingen-miljoebelastende.svg\" alt=\"Keine Auswirkungen auf die Umwelt\" width=\"46\" height=\"46\">Keine umweltsch\u00e4dlichen Stoffe<\/p>\n<p><img loading=\"lazy\" decoding=\"async\" class=\"\" src=\"\/wp-content\/uploads\/2024\/08\/indeholder-parfume.svg\" alt=\"enth\u00e4lt Parf\u00fcm\" width=\"46\" height=\"46\">Enth\u00e4lt Parf\u00fcm, das die Anforderungen f\u00fcr das Nordic Swan Ecolabel erf\u00fcllt<\/p>\n<p>&nbsp;<\/p>\n[cg_accordion title=\"Beschreibung\" open=\"open\"]<\/p>\n<p>Sweet Sense No. 05 Conditioner von Zenz Organic ist eine d\u00e4nische Bio-Sp\u00fclung mit dem Nordic Swan Ecolabel. Genie\u00dfen Sie den s\u00fc\u00dfen, sommerlichen Duft von Bergamotte und Orangenbl\u00fcten, w\u00e4hrend Ihr Haar mit biologisch gereinigter Aloe Vera, Bio-Glycerin und kaltgepresstem Bio-Avocado\u00f6l gepflegt wird. <\/p>\n<ul>\n<li><b>Nordic Swan Ecolabel<\/b> und <b>bio-zertifizierte<\/b> Pflegesp\u00fclung von Danish Zenz Organic<\/li>\n<li>Die Sp\u00fclung reichert das Haar mit Vitaminen und Mineralien an, die <b>es weich machen, sch\u00fctzen und mit Feuchtigkeit versorgen<\/b>.<\/li>\n<li>Das Haar wird gesund, gl\u00e4nzend und <b>leicht ausk\u00e4mmbar<\/b><\/li>\n<li>Enth\u00e4lt gereinigte <b>Bio-Aloe Vera<\/b>, <b>Bio-Glycerin<\/b> und kaltgepresstes <b>Bio-Avocado\u00f6l<\/b><\/li>\n<li>Verleiht einen sommerlichen <b>Duft von Bergamotte und Orangenbl\u00fcten<\/b><\/li>\n<li><b>Besondere Eigenschaften<\/b>: Farbschonend, silikonfrei, st\u00e4rkt feines Haar.<\/li>\n<\/ul>\n<p><img loading=\"lazy\" decoding=\"async\" class=\"alignnone size-full wp-image-8764\" src=\"\/wp-content\/uploads\/2024\/08\/certificeringer_zenz.jpg\" alt=\"\" width=\"480\" height=\"91\" srcset=\"https:\/\/i0.wp.com\/healthyhead.dk\/wp-content\/uploads\/2024\/08\/certificeringer_zenz.jpg?w=480&amp;ssl=1 480w, https:\/\/i0.wp.com\/healthyhead.dk\/wp-content\/uploads\/2024\/08\/certificeringer_zenz.jpg?resize=300%2C57&amp;ssl=1 300w, https:\/\/i0.wp.com\/healthyhead.dk\/wp-content\/uploads\/2024\/08\/certificeringer_zenz.jpg?resize=441%2C84&amp;ssl=1 441w, https:\/\/i0.wp.com\/healthyhead.dk\/wp-content\/uploads\/2024\/08\/certificeringer_zenz.jpg?resize=150%2C28&amp;ssl=1 150w\" sizes=\"(max-width: 480px) 100vw, 480px\" \/><br \/>\n[\/cg_accordion]\n[cg_accordion title=\"Tipps f\u00fcr die Verwendung\"]<\/p>\n<ul>\n<li>Nach der Haarw\u00e4sche verwenden.<\/li>\n<li>Tragen Sie die Sp\u00fclung auf das nasse Haar auf, lassen Sie sie etwa 2 Minuten einwirken und sp\u00fclen Sie sie dann gr\u00fcndlich aus.<\/li>\n<li>Bei sehr gesch\u00e4digtem Haar l\u00e4nger einwirken lassen und mit dem <a href=\"https:\/\/healthyhead.dk\/index.php\/vare\/zenz-treatment-pure-no-03-250-ml\/\">Pure Treatment Nr. 03 kombinieren .<\/a><\/li>\n<\/ul>\n<p>[\/cg_accordion]\n[cg_accordion title=\"Inhaltsstoffe\"]<\/p>\n<p>Die Sp\u00fclung Sweet Sense no. 05 enth\u00e4lt gereinigte Bio-Aloe Vera, Bio-Glycerin und kaltgepresstes Bio-Avocado\u00f6l. <\/p>\n<p><b>Gereinigte Bio-Aloe-Vera.<\/b>  Aloe-vera-Gelee enth\u00e4lt 75 lebenswichtige Vitamine und Mineralien und hat hervorragende haut- und haarpflegende Eigenschaften. Es f\u00f6rdert die Blutzirkulation und bewahrt die Feuchtigkeit der Haut. Aloe vera lindert R\u00f6tungen und Juckreiz und hat daher auch eine gute Wirkung auf die Kopfhaut.  <\/p>\n<p><b>Bio-Glycerin<\/b> spendet Feuchtigkeit und macht geschmeidig. Ist ein nat\u00fcrlicher Bestandteil von Fetten und \u00d6len. Bewahrt den nat\u00fcrlichen Feuchtigkeitshaushalt von Haut und Haar und verbessert ihre Elastizit\u00e4t.  <\/p>\n<p><b>Kaltgepresstes Bio-Avocado\u00f6l<\/b> enth\u00e4lt eine Reihe von Mineralien sowie die Vitamine A, B1, B2, D und E. Es hat ausgezeichnete feuchtigkeitsspendende und n\u00e4hrende Eigenschaften und ist wirksam bei trockener und dehydrierter Haut und gut f\u00fcr die Kopfhaut. Es macht Haare und Haut glatter und weicher. <\/p>\n<p><b>INCI-Liste<\/b> Aloe Barbadensis Leaf Extra*, Cetearyl Alcohol, Glycerin**, Behenamidopropyl Dimethylamine, Aqua, Lactic Acid, Persea Gratissima Oil*, Sodium Levulinate, Parfum, Potassium Sorbate.<\/p>\n<p>*Organischer Ursprung. **Hergestellt aus biologischen Zutaten. Zertifizierter \u00f6kologischer Landbau gem\u00e4\u00df EG 834\/2007.<\/p>\n<p>99% des gesamten Produkts sind nat\u00fcrlichen Ursprungs.<br \/>\n87% der gesamten Inhaltsstoffe sind aus kontrolliert biologischem Anbau.<\/p>\n<p>pH 3,5-4,5<\/p>\n<p>[\/cg_accordion]\n","protected":false},"featured_media":253666,"template":"","meta":{"_acf_changed":false},"product_brand":[572],"product_cat":[627],"product_tag":[],"class_list":{"0":"post-265348","1":"product","2":"type-product","3":"status-publish","4":"has-post-thumbnail","6":"product_brand-zenz","7":"product_cat-conditioner-haarkur","9":"first","10":"instock","11":"taxable","12":"shipping-taxable","13":"purchasable","14":"product-type-simple"},"acf":[],"_links":{"self":[{"href":"https:\/\/healthyhead.dk\/de\/wp-json\/wp\/v2\/product\/265348","targetHints":{"allow":["GET"]}}],"collection":[{"href":"https:\/\/healthyhead.dk\/de\/wp-json\/wp\/v2\/product"}],"about":[{"href":"https:\/\/healthyhead.dk\/de\/wp-json\/wp\/v2\/types\/product"}],"version-history":[{"count":0,"href":"https:\/\/healthyhead.dk\/de\/wp-json\/wp\/v2\/product\/265348\/revisions"}],"wp:featuredmedia":[{"embeddable":true,"href":"https:\/\/healthyhead.dk\/de\/wp-json\/wp\/v2\/media\/253666"}],"wp:attachment":[{"href":"https:\/\/healthyhead.dk\/de\/wp-json\/wp\/v2\/media?parent=265348"}],"wp:term":[{"taxonomy":"product_brand","embeddable":true,"href":"https:\/\/healthyhead.dk\/de\/wp-json\/wp\/v2\/product_brand?post=265348"},{"taxonomy":"product_cat","embeddable":true,"href":"https:\/\/healthyhead.dk\/de\/wp-json\/wp\/v2\/product_cat?post=265348"},{"taxonomy":"product_tag","embeddable":true,"href":"https:\/\/healthyhead.dk\/de\/wp-json\/wp\/v2\/product_tag?post=265348"}],"curies":[{"name":"wp","href":"https:\/\/api.w.org\/{rel}","templated":true}]}}