{"id":265876,"date":"2024-09-16T19:40:21","date_gmt":"2024-09-16T19:40:21","guid":{"rendered":"https:\/\/new.healthyhead.dk\/vare\/zenz-styling-wax-pure-no-09-strong-hold-60-ml\/"},"modified":"2026-02-08T15:58:47","modified_gmt":"2026-02-08T15:58:47","slug":"zenz-styling-wax-pure-no-09-strong-hold-60-ml","status":"publish","type":"product","link":"https:\/\/healthyhead.dk\/de\/produkt\/zenz-styling-wax-pure-no-09-strong-hold-60-ml\/","title":{"rendered":"Zenz, Styling Wax Pure No. 09 &#8211; Strong Hold, 60 ml"},"content":{"rendered":"","protected":false},"excerpt":{"rendered":"<p><img decoding=\"async\" class=\"\" src=\"\/wp-content\/uploads\/2024\/08\/Ingen-kemi.svg\" alt=\"Keine endokrinen Disruptoren\" width=\"45\" height=\"45\">Keine endokrinen Disruptoren<\/p>\n<p><img decoding=\"async\" class=\"\" src=\"\/wp-content\/uploads\/2024\/08\/Ingen-allergifremkaldende.svg\" alt=\"Nicht allergen\" width=\"46\" height=\"46\">Keine allergenen Stoffe<\/p>\n<p><img decoding=\"async\" class=\"\" src=\"\/wp-content\/uploads\/2024\/08\/Ingen-miljoebelastende.svg\" alt=\"Keine Auswirkungen auf die Umwelt\" width=\"46\" height=\"46\">Keine umweltsch\u00e4dlichen Stoffe<\/p>\n<p><img loading=\"lazy\" decoding=\"async\" class=\"alignnone wp-image-8756\" src=\"\/wp-content\/uploads\/2024\/08\/Ingen-parfume.svg\" alt=\"\" width=\"45\" height=\"45\" srcset=\"https:\/\/healthyhead.dk\/wp-content\/uploads\/Ingen-parfume.svg 150w, https:\/\/healthyhead.dk\/wp-content\/uploads\/Ingen-parfume.svg 300w, https:\/\/healthyhead.dk\/wp-content\/uploads\/Ingen-parfume.svg 768w, https:\/\/healthyhead.dk\/wp-content\/uploads\/Ingen-parfume.svg 1024w, https:\/\/healthyhead.dk\/wp-content\/uploads\/Ingen-parfume.svg 250w\" sizes=\"(max-width: 45px) 100vw, 45px\" \/>Keine Duftstoffe<\/p>\n<p>&nbsp;<\/p>\n[cg_accordion title=\"Beschreibung\" open=\"open\"] <\/p>\n<p>Das Pure Styling Wax No. 09 von Danish Zenz ist ein schwanen- und allergiegepr\u00fcftes Haarwachs, das f\u00fcr zus\u00e4tzlichen Halt sorgt. Das Wachs basiert ausschlie\u00dflich auf nat\u00fcrlichen Inhaltsstoffen wie Bienenwachs, Mandel\u00f6l und Sheabutter, die nicht nur Halt geben, sondern das Haar auch n\u00e4hren, mit Feuchtigkeit versorgen und wiederaufbauen. Dieses Wachs ist sowohl f\u00fcr kurzes als auch f\u00fcr langes Haar geeignet und enth\u00e4lt weder Parf\u00fcm noch \u00e4therische \u00d6le.  <\/p>\n<li>Haarwachs <b>mit dem nordischen Umwelt- und Allergiezeichen<\/b> <\/li>\n<li>Bietet <b>zus\u00e4tzlichen Halt<\/b><\/li>\n<li>Vollst\u00e4ndig auf <b>nat\u00fcrlichen Inhaltsstoffen<\/b> basierend <\/li>\n<li>Enth\u00e4lt <b>pflegende Inhaltsstoffe<\/b> wie <b>Bio-Bienenwachs, Mandel\u00f6l und Sheabutter<\/b>, die nicht nur Halt geben, sondern das Haar auch n\u00e4hren, mit Feuchtigkeit versorgen und wieder aufbauen.<\/li>\n<p>&nbsp;<\/p>\n<ul>\n<p>&nbsp;<br \/>\n<img loading=\"lazy\" decoding=\"async\" class=\"alignnone size-full wp-image-8764\" src=\"\/wp-content\/uploads\/2024\/08\/certificeringer_zenz.jpg\" alt=\"\" width=\"480\" height=\"91\" srcset=\"https:\/\/i0.wp.com\/healthyhead.dk\/wp-content\/uploads\/2024\/08\/certificeringer_zenz.jpg?w=480&amp;ssl=1 480w, https:\/\/i0.wp.com\/healthyhead.dk\/wp-content\/uploads\/2024\/08\/certificeringer_zenz.jpg?resize=300%2C57&amp;ssl=1 300w, https:\/\/i0.wp.com\/healthyhead.dk\/wp-content\/uploads\/2024\/08\/certificeringer_zenz.jpg?resize=441%2C84&amp;ssl=1 441w, https:\/\/i0.wp.com\/healthyhead.dk\/wp-content\/uploads\/2024\/08\/certificeringer_zenz.jpg?resize=150%2C28&amp;ssl=1 150w\" sizes=\"(max-width: 480px) 100vw, 480px\" \/><br \/>\n[\/cg_accordion]\n[cg_accordion title=\"Tipps f\u00fcr die Verwendung\"]<\/p>\n<p>Auf das trockene Haar auftragen.<\/p>\n<p>[\/cg_accordion]\n[cg_accordion title=\"Inhaltsstoffe\"] <\/p>\n<p>Styling Wax Pure no. 09 enth\u00e4lt gereinigte Bio-Aloe Vera, Bienenwachs, Sheabutter und Bio-Mandel\u00f6l. <\/p>\n<p><b>Gereinigte Bio-Aloe-Vera.<\/b>  Aloe-vera-Gelee enth\u00e4lt 75 lebenswichtige Vitamine und Mineralien und hat hervorragende haut- und haarpflegende Eigenschaften. Es f\u00f6rdert die Blutzirkulation und bewahrt die Feuchtigkeit der Haut. Aloe vera lindert R\u00f6tungen und Juckreiz und hat daher auch eine gute Wirkung auf die Kopfhaut.  <\/p>\n<p><b>Bienenwachs<\/b> wird von Honigbienen hergestellt. Verleiht dem Haar gro\u00dfen Halt. Hat n\u00e4hrende Eigenschaften und ist daher f\u00fcr Spliss und trockenes Haar geeignet, da es einen Schutzfilm um den Haarschaft bildet.    <\/p>\n<p><b>Sheabutter<\/b> wird aus den N\u00fcssen des Sheabaums gewonnen. Sie wird seit Jahrhunderten zur Pflege von Haut und Haar verwendet. Kaltgepresstes Pflanzenfett, reich an unges\u00e4ttigten Fetts\u00e4uren. Nat\u00fcrlicher Gehalt an den Vitaminen A und E.   <\/p>\n<p><b>Bio-Mandel\u00f6l<\/b> ist reich an Linolens\u00e4ure (GLA) und enth\u00e4lt au\u00dferdem die Vitamine A, B1, B2, B6 und E. Es sch\u00fctzt, macht Haut und Haar weich und pflegt sie.<\/p>\n<p><b>INCI-Liste:<\/b> Aloe Barbadensis Leaf Extract*, Ceteareth-30, Cera Alba, Hydrogenated Vegetable Oil, C18-36 Acid Triglyceride, Butyrospermum Parkii Butter, Aqua, Glycerin**, Prunus Amygdalus Dulcis Oil*, Cetearyl Alcohol, Lanolin, Hydroxypropyltrimonium Hydrolysed Corn Starch, Sodium Levulinate, Potassium Sorbate, Phenoxyethanol.<\/p>\n<p>*Organischer Ursprung.<br \/>\n**Hergestellt aus biologischen Zutaten.<br \/>\n[\/cg_accordion]\n","protected":false},"featured_media":255126,"template":"","meta":{"_acf_changed":false},"product_brand":[572],"product_cat":[808],"product_tag":[],"class_list":{"0":"post-265876","1":"product","2":"type-product","3":"status-publish","4":"has-post-thumbnail","6":"product_brand-zenz","7":"product_cat-styling","9":"first","10":"instock","11":"taxable","12":"shipping-taxable","13":"purchasable","14":"product-type-simple"},"acf":[],"_links":{"self":[{"href":"https:\/\/healthyhead.dk\/de\/wp-json\/wp\/v2\/product\/265876","targetHints":{"allow":["GET"]}}],"collection":[{"href":"https:\/\/healthyhead.dk\/de\/wp-json\/wp\/v2\/product"}],"about":[{"href":"https:\/\/healthyhead.dk\/de\/wp-json\/wp\/v2\/types\/product"}],"version-history":[{"count":0,"href":"https:\/\/healthyhead.dk\/de\/wp-json\/wp\/v2\/product\/265876\/revisions"}],"wp:featuredmedia":[{"embeddable":true,"href":"https:\/\/healthyhead.dk\/de\/wp-json\/wp\/v2\/media\/255126"}],"wp:attachment":[{"href":"https:\/\/healthyhead.dk\/de\/wp-json\/wp\/v2\/media?parent=265876"}],"wp:term":[{"taxonomy":"product_brand","embeddable":true,"href":"https:\/\/healthyhead.dk\/de\/wp-json\/wp\/v2\/product_brand?post=265876"},{"taxonomy":"product_cat","embeddable":true,"href":"https:\/\/healthyhead.dk\/de\/wp-json\/wp\/v2\/product_cat?post=265876"},{"taxonomy":"product_tag","embeddable":true,"href":"https:\/\/healthyhead.dk\/de\/wp-json\/wp\/v2\/product_tag?post=265876"}],"curies":[{"name":"wp","href":"https:\/\/api.w.org\/{rel}","templated":true}]}}