{"id":265963,"date":"2024-09-15T08:23:19","date_gmt":"2024-09-15T08:23:19","guid":{"rendered":"https:\/\/new.healthyhead.dk\/vare\/zenz-ansigtscreme-pure-no-101-antiage-moisture-hydration-100-ml\/"},"modified":"2025-07-05T08:08:48","modified_gmt":"2025-07-05T08:08:48","slug":"zenz-gesichtscreme-rein-no-101-antiage-feuchtigkeit-hydration-100-ml","status":"publish","type":"product","link":"https:\/\/healthyhead.dk\/de\/produkt\/zenz-gesichtscreme-rein-no-101-antiage-feuchtigkeit-hydration-100-ml\/","title":{"rendered":"Zenz, Gesichtscreme Pure No. 101, Antiage, Moisture &amp; Hydration 100 ml"},"content":{"rendered":"","protected":false},"excerpt":{"rendered":"<p><img decoding=\"async\" class=\"\" src=\"\/wp-content\/uploads\/2024\/08\/Ingen-kemi.svg\" alt=\"Keine endokrinen Disruptoren\" width=\"45\" height=\"45\">Keine endokrinen Disruptoren<\/p>\n<p><img decoding=\"async\" class=\"\" src=\"\/wp-content\/uploads\/2024\/08\/Ingen-allergifremkaldende.svg\" alt=\"Nicht allergen\" width=\"46\" height=\"46\">Keine allergenen Stoffe<\/p>\n<p><img decoding=\"async\" class=\"\" src=\"\/wp-content\/uploads\/2024\/08\/Ingen-miljoebelastende.svg\" alt=\"Keine Auswirkungen auf die Umwelt\" width=\"46\" height=\"46\">Keine umweltsch\u00e4dlichen Stoffe<\/p>\n<p><img loading=\"lazy\" decoding=\"async\" class=\"alignnone wp-image-8756\" src=\"\/wp-content\/uploads\/2024\/08\/Ingen-parfume.svg\" alt=\"\" width=\"45\" height=\"45\" srcset=\"https:\/\/healthyhead.dk\/wp-content\/uploads\/Ingen-parfume.svg 150w, https:\/\/healthyhead.dk\/wp-content\/uploads\/Ingen-parfume.svg 300w, https:\/\/healthyhead.dk\/wp-content\/uploads\/Ingen-parfume.svg 768w, https:\/\/healthyhead.dk\/wp-content\/uploads\/Ingen-parfume.svg 1024w, https:\/\/healthyhead.dk\/wp-content\/uploads\/Ingen-parfume.svg 250w\" sizes=\"(max-width: 45px) 100vw, 45px\" \/>Keine Duftstoffe<\/p>\n<p>&nbsp;<\/p>\n[cg_accordion title=\"Beschreibung\" open=\"open\"]  Die Pure No. 101 Face Cream von Zenz ist eine Gesichtscreme mit d\u00e4nischem Schwanen- und Allergiezeichen, die feuchtigkeitsspendend, hydratisierend und straffend wirkt. Die Creme enth\u00e4lt zwei leistungsstarke Anti-Ageing-Wirkstoffe, Matrixyl-\u00ae3000 und Hyalurons\u00e4ure, die nachweislich hochwirksam bei der Reduzierung von Falten sind. Gemeinsam helfen sie, das jugendliche Aussehen der Haut zu restrukturieren, zu reparieren, zu erhalten und wiederherzustellen. Hautton und Elastizit\u00e4t werden verbessert, die Haut wird glatter und weicher.   <\/p>\n<p>&nbsp;<\/p>\n<ul>\n<li>D\u00e4nischer Schwan und Gesichtscreme mit Allergieetikett<\/li>\n<li>Hat eine <b>feuchtigkeitsspendende<\/b>, <b>hydratisierende<\/b> und <b>straffende Wirkung<\/b><\/li>\n<li>Enth\u00e4lt <b>zwei leistungsstarke Anti-Aging-Wirkstoffe<\/b>, Matrixyl-\u00ae3000 und Hyalurons\u00e4ure<\/li>\n<li><b>Bewahrt und stellt<\/b> das jugendliche Aussehen der Haut <b>wieder her<\/b> <\/li>\n<li><b>Goldgewinner in der Kategorie &#8222;Bestes gr\u00fcnes Produkt&#8220;<\/b> bei den Green Bambini Baby Awards 2023<\/li>\n<\/ul>\n<p>&nbsp;<\/p>\n<p><img loading=\"lazy\" decoding=\"async\" class=\"alignnone size-full wp-image-8764\" src=\"\/wp-content\/uploads\/2024\/08\/certificeringer_zenz.jpg\" alt=\"\" width=\"480\" height=\"91\" srcset=\"https:\/\/i0.wp.com\/healthyhead.dk\/wp-content\/uploads\/2024\/08\/certificeringer_zenz.jpg?w=480&amp;ssl=1 480w, https:\/\/i0.wp.com\/healthyhead.dk\/wp-content\/uploads\/2024\/08\/certificeringer_zenz.jpg?resize=300%2C57&amp;ssl=1 300w, https:\/\/i0.wp.com\/healthyhead.dk\/wp-content\/uploads\/2024\/08\/certificeringer_zenz.jpg?resize=441%2C84&amp;ssl=1 441w, https:\/\/i0.wp.com\/healthyhead.dk\/wp-content\/uploads\/2024\/08\/certificeringer_zenz.jpg?resize=150%2C28&amp;ssl=1 150w\" sizes=\"(max-width: 480px) 100vw, 480px\" \/><br \/>\n[\/cg_accordion]\n[cg_accordion title=\"Tipps f\u00fcr die Verwendung\"]<\/p>\n<ul>\n<li>Morgens und abends eine kleine Menge der Creme auf das gereinigte Gesicht und den Hals auftragen. Perfekt als Basis vor dem Auftragen der Foundation, geeignet als Tages- oder Nachtcreme. <\/li>\n<\/ul>\n<p>[\/cg_accordion]\n[cg_accordion title=\"Inhaltsstoffe\"]<\/p>\n<p>Anti-Ageing Face Cream Pure Nr. 101 enth\u00e4lt gereinigte Bio-Aloe Vera, Sheabutter, kaltgepresstes Bio-Avocado\u00f6l, Hyalurons\u00e4ure und Matrixyl\u00ae 3000. <\/p>\n<p><b>Gereinigte Bio-Aloe vera<\/b> Aloe vera-Gelee enth\u00e4lt 75 wichtige Vitamine und Mineralien und hat hervorragende hautpflegende Eigenschaften. Es f\u00f6rdert die Blutzirkulation und bewahrt die Feuchtigkeit der Haut. Aloe vera lindert R\u00f6tungen und Juckreiz.  <\/p>\n<p><b>Sheabutter<\/b> wird aus den N\u00fcssen des Sheabaums gewonnen. Sie wird seit Jahrhunderten zur Behandlung der Haut verwendet. Kaltgepresstes Pflanzenfett, reich an unges\u00e4ttigten Fetts\u00e4uren und den Vitaminen A und E. Sehr feuchtigkeitsspendend und hilft, die Elastizit\u00e4t der Haut zu erhalten. Hat falten- und entz\u00fcndungshemmende Eigenschaften.    <\/p>\n<p><b>Kaltgepresstes Bio-Avocado\u00f6l<\/b> enth\u00e4lt eine Reihe von Mineralien sowie die Vitamine A, B1, B2, D und E. Es hat ausgezeichnete feuchtigkeitsspendende und n\u00e4hrende Eigenschaften und ist wirksam bei trockener und dehydrierter Haut. Es macht die Haut glatter und weicher. <\/p>\n<p><b>Hyalurons\u00e4ure<\/b> ist ein leistungsstarker feuchtigkeitsspendender Wirkstoff, der dazu beitr\u00e4gt, das jugendliche Aussehen der Haut zu erhalten und wiederherzustellen. Die Haut wird glatter, weicher und geschmeidiger und Falten werden gemildert. Hat nachweislich eine straffende Wirkung.  <\/p>\n<p><b>Das Doppelpeptid Matrixyl\u00ae 3000<\/b> ist ein anerkannter und wirksamer Anti-Falten-Wirkstoff mit nachgewiesener Wirksamkeit. Er reduziert Falten, gleicht den Hautton aus und verbessert die Elastizit\u00e4t der Haut. Es besteht aus 2 kollagenstimulierenden Peptiden, die den Kollagen- und Elastingehalt der Haut erh\u00f6hen und so helfen, die Haut zu verdichten und Falten zu reduzieren.  <\/p>\n<p><b>INCI-Liste:<\/b> Aloe Barbadensis Leaf Extract*, Caprylic\/Capric Triglyceride, Butyrospermum Parkii Butter, Aqua, Glycerin, Perseas Grattissima Oil*, Propanediol, Cetearyl Glucoside, Cetearyl Alcohol, Isoamyl Cocoate, Glyceryl Stearate, Butylene Glycol, Sodium Stearoyl Glutamate, Sodium Levulinate, Saccharide Isomerate, Sodium PCA, Xanthan Gum, Tocopherol, Sodium Hyaluronate, Helianthus Annuus Seed Oil, Sodium Lactate, Carbomer, Polysorbate 20, Palmitoyl Tripetide-1, Palmitoyl Tetrapeptide-7, Parfum, Citric Acid, Sodium Citrate, Potassium Sorbate.<\/p>\n<p>*Organischer Ursprung. Bio-zertifiziert nach EC 834\/2007.<\/p>\n<p>99% des gesamten Produkts sind nat\u00fcrlichen Ursprungs.<br \/>\n61% der gesamten Inhaltsstoffe sind aus kontrolliert biologischem Anbau.<\/p>\n<p>[\/cg_accordion]\n","protected":false},"featured_media":255246,"template":"","meta":{"_acf_changed":false},"product_brand":[572],"product_cat":[780],"product_tag":[],"class_list":{"0":"post-265963","1":"product","2":"type-product","3":"status-publish","4":"has-post-thumbnail","6":"product_brand-zenz","7":"product_cat-gesichtscreme-serum","9":"first","10":"instock","11":"taxable","12":"shipping-taxable","13":"purchasable","14":"product-type-simple"},"acf":[],"_links":{"self":[{"href":"https:\/\/healthyhead.dk\/de\/wp-json\/wp\/v2\/product\/265963","targetHints":{"allow":["GET"]}}],"collection":[{"href":"https:\/\/healthyhead.dk\/de\/wp-json\/wp\/v2\/product"}],"about":[{"href":"https:\/\/healthyhead.dk\/de\/wp-json\/wp\/v2\/types\/product"}],"version-history":[{"count":0,"href":"https:\/\/healthyhead.dk\/de\/wp-json\/wp\/v2\/product\/265963\/revisions"}],"wp:featuredmedia":[{"embeddable":true,"href":"https:\/\/healthyhead.dk\/de\/wp-json\/wp\/v2\/media\/255246"}],"wp:attachment":[{"href":"https:\/\/healthyhead.dk\/de\/wp-json\/wp\/v2\/media?parent=265963"}],"wp:term":[{"taxonomy":"product_brand","embeddable":true,"href":"https:\/\/healthyhead.dk\/de\/wp-json\/wp\/v2\/product_brand?post=265963"},{"taxonomy":"product_cat","embeddable":true,"href":"https:\/\/healthyhead.dk\/de\/wp-json\/wp\/v2\/product_cat?post=265963"},{"taxonomy":"product_tag","embeddable":true,"href":"https:\/\/healthyhead.dk\/de\/wp-json\/wp\/v2\/product_tag?post=265963"}],"curies":[{"name":"wp","href":"https:\/\/api.w.org\/{rel}","templated":true}]}}