{"id":266846,"date":"2024-08-26T10:39:31","date_gmt":"2024-08-26T10:39:31","guid":{"rendered":"https:\/\/new.healthyhead.dk\/vare\/grums-bambus-haarboerste\/"},"modified":"2025-07-10T09:23:46","modified_gmt":"2025-07-10T09:23:46","slug":"grums-bamboo-hair-brush","status":"publish","type":"product","link":"https:\/\/healthyhead.dk\/de\/produkt\/grums-bamboo-hair-brush\/","title":{"rendered":"Grums, Bambus-Haarb\u00fcrste"},"content":{"rendered":"","protected":false},"excerpt":{"rendered":"<p><img decoding=\"async\" class=\"alignnone wp-image-9499\" src=\"\/wp-content\/uploads\/2024\/09\/Miljoevenligt-bambus-ikon.svg\" alt=\"\" width=\"46\" height=\"46\" srcset=\"https:\/\/healthyhead.dk\/wp-content\/uploads\/Miljoevenligt-bambus-ikon.svg 150w, https:\/\/healthyhead.dk\/wp-content\/uploads\/Miljoevenligt-bambus-ikon.svg 300w, https:\/\/healthyhead.dk\/wp-content\/uploads\/Miljoevenligt-bambus-ikon.svg 768w, https:\/\/healthyhead.dk\/wp-content\/uploads\/Miljoevenligt-bambus-ikon.svg 1024w, https:\/\/healthyhead.dk\/wp-content\/uploads\/Miljoevenligt-bambus-ikon.svg 250w\" sizes=\"(max-width: 46px) 100vw, 46px\" \/>Umweltfreundlicher Bambus<\/p>\n<p>&nbsp;<\/p>\n[cg_accordion title=\"Beschreibung\" open=\"open\"]\n<p>Die Grums Bambus-Haarb\u00fcrste besteht aus einem 100% biologisch abbaubaren Bambusschaft und antistatischen Bambusz\u00e4hnen. Die Z\u00e4hne reduzieren die Reibung am Haar erheblich und minimieren so den Verlust von gesundem Haar. Die B\u00fcrste wird in einer 100 % biologisch abbaubaren Verpackung geliefert. Bambus ist ein nachhaltiges Material, das schnell nachw\u00e4chst und somit eine verantwortungsvolle Ressource darstellt.   <\/p>\n<ul>\n<li>Hergestellt aus <strong>100% biologisch abbaubarem Bambusschaft<\/strong><\/li>\n<li>Hat <strong>antistatische<\/strong> Bambusz\u00e4hne<\/li>\n<li><strong>Reduziert die Reibung<\/strong> am Haar<\/li>\n<li><strong>Reduziert den Verlust von<\/strong> gesundem Haar<\/li>\n<li>Kommt in einer <strong>100% biologisch abbaubaren Verpackung<\/strong><\/li>\n<\/ul>\n<p><img decoding=\"async\" class=\"alignnone size-full wp-image-9797\" src=\"\/wp-content\/uploads\/2024\/08\/logo_vegan.webp\" alt=\"\" width=\"60\" height=\"60\" srcset=\"https:\/\/i0.wp.com\/healthyhead.dk\/wp-content\/uploads\/2024\/08\/logo_vegan.webp?w=300&amp;ssl=1 300w, https:\/\/i0.wp.com\/healthyhead.dk\/wp-content\/uploads\/2024\/08\/logo_vegan.webp?resize=150%2C150&amp;ssl=1 150w, https:\/\/i0.wp.com\/healthyhead.dk\/wp-content\/uploads\/2024\/08\/logo_vegan.webp?resize=100%2C100&amp;ssl=1 100w\" sizes=\"(max-width: 60px) 100vw, 60px\" \/><img decoding=\"async\" class=\"alignnone wp-image-9142\" src=\"\/wp-content\/uploads\/2024\/08\/Made-in-denmark.webp\" alt=\"\" width=\"60\" height=\"60\" srcset=\"https:\/\/i0.wp.com\/healthyhead.dk\/wp-content\/uploads\/2024\/08\/Made-in-denmark.webp?w=150&amp;ssl=1 150w, https:\/\/i0.wp.com\/healthyhead.dk\/wp-content\/uploads\/2024\/08\/Made-in-denmark.webp?resize=100%2C100&amp;ssl=1 100w\" sizes=\"(max-width: 60px) 100vw, 60px\" \/><img loading=\"lazy\" decoding=\"async\" class=\"alignnone wp-image-9143\" src=\"\/wp-content\/uploads\/2024\/08\/plant_based_packagings_2-01.webp\" alt=\"\" width=\"60\" height=\"60\"><img loading=\"lazy\" decoding=\"async\" class=\"alignnone wp-image-9141\" src=\"\/wp-content\/uploads\/2024\/08\/Allergi-friendly.webp\" alt=\"\" width=\"60\" height=\"60\" srcset=\"https:\/\/i0.wp.com\/healthyhead.dk\/wp-content\/uploads\/2024\/08\/Allergi-friendly.webp?w=150&amp;ssl=1 150w, https:\/\/i0.wp.com\/healthyhead.dk\/wp-content\/uploads\/2024\/08\/Allergi-friendly.webp?resize=100%2C100&amp;ssl=1 100w\" sizes=\"(max-width: 60px) 100vw, 60px\" \/><img loading=\"lazy\" decoding=\"async\" class=\"alignnone wp-image-9168\" src=\"\/wp-content\/uploads\/2024\/08\/fsc3.png\" alt=\"\" width=\"60\" height=\"60\" srcset=\"https:\/\/i0.wp.com\/healthyhead.dk\/wp-content\/uploads\/2024\/08\/fsc3.png?w=250&amp;ssl=1 250w, https:\/\/i0.wp.com\/healthyhead.dk\/wp-content\/uploads\/2024\/08\/fsc3.png?resize=150%2C150&amp;ssl=1 150w, https:\/\/i0.wp.com\/healthyhead.dk\/wp-content\/uploads\/2024\/08\/fsc3.png?resize=100%2C100&amp;ssl=1 100w\" sizes=\"(max-width: 60px) 100vw, 60px\" \/><img loading=\"lazy\" decoding=\"async\" class=\"alignnone wp-image-9139\" src=\"\/wp-content\/uploads\/2024\/08\/With-upcycled-coffee.webp\" alt=\"\" width=\"60\" height=\"60\" srcset=\"https:\/\/i0.wp.com\/healthyhead.dk\/wp-content\/uploads\/2024\/08\/With-upcycled-coffee.webp?w=150&amp;ssl=1 150w, https:\/\/i0.wp.com\/healthyhead.dk\/wp-content\/uploads\/2024\/08\/With-upcycled-coffee.webp?resize=100%2C100&amp;ssl=1 100w\" sizes=\"(max-width: 60px) 100vw, 60px\" \/><\/p>\n<p>[\/cg_accordion] [cg_accordion title=\"Tipps f\u00fcr die Verwendung\"]<\/p>\n<ul>\n<li>B\u00fcrsten Sie das Haar zuerst an den Spitzen und dann zu den Wurzeln hin. Auf diese Weise vermeiden Sie so wenig Haarsch\u00e4den wie m\u00f6glich. <\/li>\n<li>B\u00fcrsten Sie dann Ihr Haar nach hinten und suchen Sie Ihre Beschilderung.  [\/cg_accordion]<\/li>\n<\/ul>\n<p>&nbsp;<\/p>\n","protected":false},"featured_media":254958,"template":"","meta":{"_acf_changed":false},"product_brand":[568],"product_cat":[804],"product_tag":[],"class_list":{"0":"post-266846","1":"product","2":"type-product","3":"status-publish","4":"has-post-thumbnail","6":"product_brand-grums","7":"product_cat-haar","9":"first","10":"outofstock","11":"taxable","12":"shipping-taxable","13":"purchasable","14":"product-type-simple"},"acf":[],"_links":{"self":[{"href":"https:\/\/healthyhead.dk\/de\/wp-json\/wp\/v2\/product\/266846","targetHints":{"allow":["GET"]}}],"collection":[{"href":"https:\/\/healthyhead.dk\/de\/wp-json\/wp\/v2\/product"}],"about":[{"href":"https:\/\/healthyhead.dk\/de\/wp-json\/wp\/v2\/types\/product"}],"version-history":[{"count":0,"href":"https:\/\/healthyhead.dk\/de\/wp-json\/wp\/v2\/product\/266846\/revisions"}],"wp:featuredmedia":[{"embeddable":true,"href":"https:\/\/healthyhead.dk\/de\/wp-json\/wp\/v2\/media\/254958"}],"wp:attachment":[{"href":"https:\/\/healthyhead.dk\/de\/wp-json\/wp\/v2\/media?parent=266846"}],"wp:term":[{"taxonomy":"product_brand","embeddable":true,"href":"https:\/\/healthyhead.dk\/de\/wp-json\/wp\/v2\/product_brand?post=266846"},{"taxonomy":"product_cat","embeddable":true,"href":"https:\/\/healthyhead.dk\/de\/wp-json\/wp\/v2\/product_cat?post=266846"},{"taxonomy":"product_tag","embeddable":true,"href":"https:\/\/healthyhead.dk\/de\/wp-json\/wp\/v2\/product_tag?post=266846"}],"curies":[{"name":"wp","href":"https:\/\/api.w.org\/{rel}","templated":true}]}}