{"id":266850,"date":"2024-08-25T18:23:36","date_gmt":"2024-08-25T18:23:36","guid":{"rendered":"https:\/\/new.healthyhead.dk\/vare\/grums-mild-facial-cleansing-milk-200-ml\/"},"modified":"2025-07-10T11:48:41","modified_gmt":"2025-07-10T11:48:41","slug":"grums-milde-gesichtsreinigungs-milch-200-ml","status":"publish","type":"product","link":"https:\/\/healthyhead.dk\/de\/produkt\/grums-milde-gesichtsreinigungs-milch-200-ml\/","title":{"rendered":"Grums, Mild Facial Cleansing Milk, 200 ml"},"content":{"rendered":"","protected":false},"excerpt":{"rendered":"<p><img decoding=\"async\" class=\"\" src=\"\/wp-content\/uploads\/2024\/08\/Ingen-kemi.svg\" alt=\"Keine endokrinen Disruptoren\" width=\"45\" height=\"45\">Keine endokrinen Disruptoren<\/p>\n<p><img decoding=\"async\" class=\"\" src=\"\/wp-content\/uploads\/2024\/08\/Ingen-allergifremkaldende.svg\" alt=\"Nicht allergen\" width=\"45\" height=\"45\">Keine allergenen Stoffe<\/p>\n<p><img decoding=\"async\" class=\"\" src=\"\/wp-content\/uploads\/2024\/08\/Ingen-miljoebelastende.svg\" alt=\"Keine Auswirkungen auf die Umwelt\" width=\"45\" height=\"45\">Keine umweltsch\u00e4dlichen Stoffe<\/p>\n<p><img loading=\"lazy\" decoding=\"async\" class=\"alignnone wp-image-8756\" src=\"\/wp-content\/uploads\/2024\/08\/Ingen-parfume.svg\" alt=\"\" width=\"45\" height=\"45\" srcset=\"https:\/\/healthyhead.dk\/wp-content\/uploads\/Ingen-parfume.svg 150w, https:\/\/healthyhead.dk\/wp-content\/uploads\/Ingen-parfume.svg 300w, https:\/\/healthyhead.dk\/wp-content\/uploads\/Ingen-parfume.svg 768w, https:\/\/healthyhead.dk\/wp-content\/uploads\/Ingen-parfume.svg 1024w, https:\/\/healthyhead.dk\/wp-content\/uploads\/Ingen-parfume.svg 250w\" sizes=\"(max-width: 45px) 100vw, 45px\" \/>Kein Parf\u00fcm<\/p>\n<p>&nbsp;<\/p>\n<p>[cg_accordion title=\"Beschreibung\" open=\"open\"]  Mildes Gesichtsreinigungsmittel von Grums. Die Hauptursache f\u00fcr unreine Haut sind Schmutz, \u00d6l, abgestorbene Haut, die Verwendung von Make-up-Produkten und \u00fcberm\u00e4\u00dfige Talgproduktion. Mit dieser Gesichtsreinigungsmilch k\u00f6nnen Sie diese Unreinheiten entfernen, die Poren sauber halten und die Talgproduktion reduzieren. Diese Gesichtsreinigungsmilch ist v\u00f6llig parf\u00fcmfrei und bietet eine sanfte und dennoch effektive Reinigung, ohne die Haut zu sch\u00e4digen oder zu reizen.   <\/p>\n<p>&nbsp;<\/p>\n<ul>\n<li><strong>Milde<\/strong> und <strong>wirksame<\/strong> Reinigungsmilch f\u00fcr das Gesicht.<\/li>\n<li>Ideal f\u00fcr <strong>normale\/empfindliche Haut<\/strong><\/li>\n<li>Hat eine <strong>gl\u00e4ttende Wirkung<\/strong> auf die Haut<\/li>\n<li>Schafft <strong>gesunde Mikroorganismen<\/strong> in der Haut<\/li>\n<\/ul>\n<p><img loading=\"lazy\" decoding=\"async\" class=\"alignnone wp-image-9165\" src=\"\/wp-content\/uploads\/2024\/08\/A-kolbe.svg\" alt=\"\" width=\"60\" height=\"60\" srcset=\"https:\/\/healthyhead.dk\/wp-content\/uploads\/A-kolbe.svg 150w, https:\/\/healthyhead.dk\/wp-content\/uploads\/A-kolbe.svg 300w, https:\/\/healthyhead.dk\/wp-content\/uploads\/A-kolbe.svg 768w, https:\/\/healthyhead.dk\/wp-content\/uploads\/A-kolbe.svg 1024w, https:\/\/healthyhead.dk\/wp-content\/uploads\/A-kolbe.svg 250w\" sizes=\"(max-width: 60px) 100vw, 60px\" \/><img loading=\"lazy\" decoding=\"async\" class=\"alignnone wp-image-9797\" src=\"\/wp-content\/uploads\/2024\/08\/logo_vegan.webp\" alt=\"\" width=\"60\" height=\"60\" srcset=\"https:\/\/i0.wp.com\/healthyhead.dk\/wp-content\/uploads\/2024\/08\/logo_vegan.webp?w=300&amp;ssl=1 300w, https:\/\/i0.wp.com\/healthyhead.dk\/wp-content\/uploads\/2024\/08\/logo_vegan.webp?resize=150%2C150&amp;ssl=1 150w, https:\/\/i0.wp.com\/healthyhead.dk\/wp-content\/uploads\/2024\/08\/logo_vegan.webp?resize=100%2C100&amp;ssl=1 100w\" sizes=\"(max-width: 60px) 100vw, 60px\" \/><img loading=\"lazy\" decoding=\"async\" class=\"alignnone wp-image-9141\" src=\"\/wp-content\/uploads\/2024\/08\/Allergi-friendly.webp\" alt=\"\" width=\"60\" height=\"60\" srcset=\"https:\/\/i0.wp.com\/healthyhead.dk\/wp-content\/uploads\/2024\/08\/Allergi-friendly.webp?w=150&amp;ssl=1 150w, https:\/\/i0.wp.com\/healthyhead.dk\/wp-content\/uploads\/2024\/08\/Allergi-friendly.webp?resize=100%2C100&amp;ssl=1 100w\" sizes=\"(max-width: 60px) 100vw, 60px\" \/> <img loading=\"lazy\" decoding=\"async\" class=\"alignnone wp-image-9151\" src=\"\/wp-content\/uploads\/2024\/08\/Recyclable-glass-packaging3.png\" alt=\"\" width=\"60\" height=\"60\" srcset=\"https:\/\/i0.wp.com\/healthyhead.dk\/wp-content\/uploads\/2024\/08\/Recyclable-glass-packaging3.png?w=212&amp;ssl=1 212w, https:\/\/i0.wp.com\/healthyhead.dk\/wp-content\/uploads\/2024\/08\/Recyclable-glass-packaging3.png?resize=150%2C150&amp;ssl=1 150w, https:\/\/i0.wp.com\/healthyhead.dk\/wp-content\/uploads\/2024\/08\/Recyclable-glass-packaging3.png?resize=100%2C100&amp;ssl=1 100w\" sizes=\"(max-width: 60px) 100vw, 60px\" \/> <img loading=\"lazy\" decoding=\"async\" class=\"alignnone wp-image-9142\" src=\"\/wp-content\/uploads\/2024\/08\/Made-in-denmark.webp\" alt=\"\" width=\"60\" height=\"60\" srcset=\"https:\/\/i0.wp.com\/healthyhead.dk\/wp-content\/uploads\/2024\/08\/Made-in-denmark.webp?w=150&amp;ssl=1 150w, https:\/\/i0.wp.com\/healthyhead.dk\/wp-content\/uploads\/2024\/08\/Made-in-denmark.webp?resize=100%2C100&amp;ssl=1 100w\" sizes=\"(max-width: 60px) 100vw, 60px\" \/><\/p>\n<p>[\/cg_accordion] [cg_accordion title=\"Tipps f\u00fcr die Verwendung\"]<\/p>\n<ul>\n<li>Auf die feuchte Haut auftragen, in kreisenden Bewegungen einmassieren und mit lauwarmem Wasser abwaschen. Morgens und abends anwenden. <\/li>\n<li>Tragen Sie zum Abschluss dieser Routine eine leichte Schicht Gesichtscreme auf.<\/li>\n<\/ul>\n<p>[\/cg_accordion] [cg_accordion title=\"Inhaltsstoffe\"]  Das Hyalurons\u00e4ure-Serum basiert auf konzentrierten feuchtigkeitsspendenden Inhaltsstoffen sowie auf Extrakten aus recyceltem Kaffeesatz, die sch\u00fctzende Antioxidantien, Koffein und Vitamin B3 enthalten.<\/p>\n<p><b>INCI-Liste: <\/b>Aqua (Wasser), Caprylic\/Capric Triglyceride (Emulgator), Hexyl Laurate (Weichmacher), Glycerin (Feuchthaltemittel), Polyglyceryl-4 Laurate\/Succinate (Emulgator), Cetearyl Alcohol (Weichmacher), Sorbitan Stearate (Emulgator), Xanthan Gum (Emulgator und Texturverst\u00e4rker), Sodium Benzoate (Konservierungsmittel), Potassium Sorbate (Konservierungsmittel).  [\/cg_accordion]<\/p>\n","protected":false},"featured_media":254946,"template":"","meta":{"_acf_changed":false},"product_brand":[568],"product_cat":[784],"product_tag":[],"class_list":{"0":"post-266850","1":"product","2":"type-product","3":"status-publish","4":"has-post-thumbnail","6":"product_brand-grums","7":"product_cat-gesichtsreiniger","9":"first","10":"instock","11":"taxable","12":"shipping-taxable","13":"purchasable","14":"product-type-simple"},"acf":[],"_links":{"self":[{"href":"https:\/\/healthyhead.dk\/de\/wp-json\/wp\/v2\/product\/266850","targetHints":{"allow":["GET"]}}],"collection":[{"href":"https:\/\/healthyhead.dk\/de\/wp-json\/wp\/v2\/product"}],"about":[{"href":"https:\/\/healthyhead.dk\/de\/wp-json\/wp\/v2\/types\/product"}],"version-history":[{"count":0,"href":"https:\/\/healthyhead.dk\/de\/wp-json\/wp\/v2\/product\/266850\/revisions"}],"wp:featuredmedia":[{"embeddable":true,"href":"https:\/\/healthyhead.dk\/de\/wp-json\/wp\/v2\/media\/254946"}],"wp:attachment":[{"href":"https:\/\/healthyhead.dk\/de\/wp-json\/wp\/v2\/media?parent=266850"}],"wp:term":[{"taxonomy":"product_brand","embeddable":true,"href":"https:\/\/healthyhead.dk\/de\/wp-json\/wp\/v2\/product_brand?post=266850"},{"taxonomy":"product_cat","embeddable":true,"href":"https:\/\/healthyhead.dk\/de\/wp-json\/wp\/v2\/product_cat?post=266850"},{"taxonomy":"product_tag","embeddable":true,"href":"https:\/\/healthyhead.dk\/de\/wp-json\/wp\/v2\/product_tag?post=266850"}],"curies":[{"name":"wp","href":"https:\/\/api.w.org\/{rel}","templated":true}]}}