{"id":266854,"date":"2024-08-25T12:04:42","date_gmt":"2024-08-25T12:04:42","guid":{"rendered":"https:\/\/new.healthyhead.dk\/vare\/grums-raw-coffee-hand-scrub-wash-120-ml\/"},"modified":"2025-07-10T11:50:17","modified_gmt":"2025-07-10T11:50:17","slug":"grums-raw-coffee-hand-scrub-wash-120-ml","status":"publish","type":"product","link":"https:\/\/healthyhead.dk\/de\/produkt\/grums-raw-coffee-hand-scrub-wash-120-ml\/","title":{"rendered":"Grums, Raw Coffee Hand Scrub + wash, 120 ml"},"content":{"rendered":"","protected":false},"excerpt":{"rendered":"<p><img decoding=\"async\" class=\"\" src=\"\/wp-content\/uploads\/2024\/08\/Ingen-kemi.svg\" alt=\"Keine endokrinen Disruptoren\" width=\"45\" height=\"45\">Keine endokrinen Disruptoren<\/p>\n<p><img decoding=\"async\" class=\"\" src=\"\/wp-content\/uploads\/2024\/08\/Ingen-allergifremkaldende.svg\" alt=\"Nicht allergen\" width=\"45\" height=\"45\">Keine allergenen Stoffe<\/p>\n<p><img decoding=\"async\" class=\"\" src=\"\/wp-content\/uploads\/2024\/08\/Ingen-miljoebelastende.svg\" alt=\"Keine Auswirkungen auf die Umwelt\" width=\"45\" height=\"45\">Keine umweltsch\u00e4dlichen Stoffe<\/p>\n<p><img loading=\"lazy\" decoding=\"async\" class=\"alignnone wp-image-8756\" src=\"\/wp-content\/uploads\/2024\/08\/Ingen-parfume.svg\" alt=\"\" width=\"45\" height=\"45\" srcset=\"https:\/\/healthyhead.dk\/wp-content\/uploads\/Ingen-parfume.svg 150w, https:\/\/healthyhead.dk\/wp-content\/uploads\/Ingen-parfume.svg 300w, https:\/\/healthyhead.dk\/wp-content\/uploads\/Ingen-parfume.svg 768w, https:\/\/healthyhead.dk\/wp-content\/uploads\/Ingen-parfume.svg 1024w, https:\/\/healthyhead.dk\/wp-content\/uploads\/Ingen-parfume.svg 250w\" sizes=\"(max-width: 45px) 100vw, 45px\" \/>Kein Parf\u00fcm<\/p>\n<p>&nbsp;<\/p>\n[cg_accordion title=\"Beschreibung\" open=\"open\"]  Raw Coffee Hand Scrub + wash von Grums aus Aarhus. Dieses Handpeeling enth\u00e4lt nur nat\u00fcrliche Inhaltsstoffe und recycelten Kaffeesatz aus Filterkaffee. Es entfernt abgestorbene Hautzellen und regt die Blutzirkulation an, wodurch Entz\u00fcndungen und sichtbare Zeichen der Hautalterung reduziert werden. Dar\u00fcber hinaus erleichtert dieses Peeling die Aufnahme von Handcreme durch die Haut. Verwenden Sie es bei empfindlicher, trockener und normaler Haut und \u00fcberzeugen Sie sich selbst von der Wirkung. Dieses Peeling ist 100% frei von Allergenen, Parabenen und Duftstoffen. Au\u00dferdem ist es vegan.      <\/p>\n<p>&nbsp;<\/p>\n<ul>\n<li><strong>Rohkaffee-Handpeeling<\/strong> von Grums aus Aarhus<\/li>\n<li>Enth\u00e4lt nur <strong>nat\u00fcrliche Zutaten<\/strong> und recycelten Kaffeesatz aus Filterkaffee<\/li>\n<li>Vollgepackt mit <strong>Antioxidantien<\/strong>, die wie ein <strong>nat\u00fcrliches Peeling<\/strong> wirken<\/li>\n<li>Verbessert die F\u00e4higkeit der Haut, Lotion\/Creme aufzunehmen.<\/li>\n<li>Perfekt f\u00fcr <strong>trockene<\/strong> und <strong>normale Haut<\/strong><\/li>\n<li>Neutralisiert schlechte Ger\u00fcche<\/li>\n<li>Enth\u00e4lt<strong>keine Parabene<\/strong>, <strong>Allergene<\/strong>, <strong>Farbstoffe<\/strong> oder <strong>Parf\u00fcme<\/strong><\/li>\n<li><strong>Ein Fl\u00e4schchen mit<\/strong> Chemiluppen<\/li>\n<\/ul>\n<p data-wp-editing=\"1\"><img loading=\"lazy\" decoding=\"async\" class=\"alignnone wp-image-9165\" src=\"\/wp-content\/uploads\/2024\/08\/A-kolbe.svg\" alt=\"\" width=\"60\" height=\"60\" srcset=\"https:\/\/healthyhead.dk\/wp-content\/uploads\/A-kolbe.svg 150w, https:\/\/healthyhead.dk\/wp-content\/uploads\/A-kolbe.svg 300w, https:\/\/healthyhead.dk\/wp-content\/uploads\/A-kolbe.svg 768w, https:\/\/healthyhead.dk\/wp-content\/uploads\/A-kolbe.svg 1024w, https:\/\/healthyhead.dk\/wp-content\/uploads\/A-kolbe.svg 250w\" sizes=\"(max-width: 60px) 100vw, 60px\" \/><img loading=\"lazy\" decoding=\"async\" class=\"alignnone wp-image-9142\" src=\"\/wp-content\/uploads\/2024\/08\/Made-in-denmark.webp\" alt=\"\" width=\"60\" height=\"60\" srcset=\"https:\/\/i0.wp.com\/healthyhead.dk\/wp-content\/uploads\/2024\/08\/Made-in-denmark.webp?w=150&amp;ssl=1 150w, https:\/\/i0.wp.com\/healthyhead.dk\/wp-content\/uploads\/2024\/08\/Made-in-denmark.webp?resize=100%2C100&amp;ssl=1 100w\" sizes=\"(max-width: 60px) 100vw, 60px\" \/><img loading=\"lazy\" decoding=\"async\" class=\"alignnone wp-image-9143\" src=\"\/wp-content\/uploads\/2024\/08\/plant_based_packagings_2-01.webp\" alt=\"\" width=\"55\" height=\"60\"><img loading=\"lazy\" decoding=\"async\" class=\"alignnone wp-image-9141\" src=\"\/wp-content\/uploads\/2024\/08\/Allergi-friendly.webp\" alt=\"\" width=\"60\" height=\"60\" srcset=\"https:\/\/i0.wp.com\/healthyhead.dk\/wp-content\/uploads\/2024\/08\/Allergi-friendly.webp?w=150&amp;ssl=1 150w, https:\/\/i0.wp.com\/healthyhead.dk\/wp-content\/uploads\/2024\/08\/Allergi-friendly.webp?resize=100%2C100&amp;ssl=1 100w\" sizes=\"(max-width: 60px) 100vw, 60px\" \/><img loading=\"lazy\" decoding=\"async\" class=\"alignnone wp-image-9168\" src=\"\/wp-content\/uploads\/2024\/08\/fsc3.png\" alt=\"\" width=\"60\" height=\"60\" srcset=\"https:\/\/i0.wp.com\/healthyhead.dk\/wp-content\/uploads\/2024\/08\/fsc3.png?w=250&amp;ssl=1 250w, https:\/\/i0.wp.com\/healthyhead.dk\/wp-content\/uploads\/2024\/08\/fsc3.png?resize=150%2C150&amp;ssl=1 150w, https:\/\/i0.wp.com\/healthyhead.dk\/wp-content\/uploads\/2024\/08\/fsc3.png?resize=100%2C100&amp;ssl=1 100w\" sizes=\"(max-width: 60px) 100vw, 60px\" \/><img loading=\"lazy\" decoding=\"async\" class=\"alignnone wp-image-9139\" src=\"\/wp-content\/uploads\/2024\/08\/With-upcycled-coffee.webp\" alt=\"\" width=\"60\" height=\"60\" srcset=\"https:\/\/i0.wp.com\/healthyhead.dk\/wp-content\/uploads\/2024\/08\/With-upcycled-coffee.webp?w=150&amp;ssl=1 150w, https:\/\/i0.wp.com\/healthyhead.dk\/wp-content\/uploads\/2024\/08\/With-upcycled-coffee.webp?resize=100%2C100&amp;ssl=1 100w\" sizes=\"(max-width: 60px) 100vw, 60px\" \/><\/p>\n<p>[\/cg_accordion]\n[cg_accordion title=\"Tipps f\u00fcr die Verwendung\"]<\/p>\n<ul>\n<li>Verwenden Sie es 1-2 Mal pro Woche zur Peeling-Pflege oder wenn eine zus\u00e4tzliche Tiefenreinigung bei schmutzigen H\u00e4nden oder \u00fcblen Ger\u00fcchen wie Zwiebeln erforderlich ist.<\/li>\n<li>Kann nach dem regelm\u00e4\u00dfigen H\u00e4ndewaschen zur Peeling-Pflege oder unabh\u00e4ngig davon als 2in1-Handseife und Peeling verwendet werden.<\/li>\n<li>Vermeiden Sie die Verwendung von Handseife unmittelbar nach der Anwendung des Handpeelings, da sich die Haut dadurch trocken anf\u00fchlen kann.<\/li>\n<\/ul>\n<p>&nbsp;<\/p>\n<p>[\/cg_accordion]\n[cg_accordion title=\"Inhaltsstoffe\"]<\/p>\n<p>Das Peeling basiert auf rein nat\u00fcrlichen Inhaltsstoffen und biologischem, recyceltem Espresso-Kaffeesatz. Es ist mit <strong>Glycerin<\/strong> und <strong>Macadamianuss\u00f6l<\/strong> angereichert, um die Haut mit Feuchtigkeit zu versorgen und sie hydratisiert zu halten. <\/p>\n<p><b>INCI-Liste:<\/b>Aqua (Wasser), Coffea Robusta Seed Powder (recycelter Kaffeesatz), Sodium Coco Sulfate (Reinigungsmittel), Glycerin (Feuchtigkeitsspender), Cocamidopropyl Betaine (Reinigungsmittel), Hydroxypropyl Methylcellulose (Reinigungsmittel), Xanthan Gum (Viskosit\u00e4tsregler), Sodium Benzoate (Konservierungsmittel), Potassium Sorbate (Konservierungsmittel), Sodium Chloride (Viskosit\u00e4tsregler), Citric Acid (pH-Regulierung). &gt;99% nat\u00fcrliche Inhaltsstoffe. <\/p>\n<p>[\/cg_accordion]\n","protected":false},"featured_media":254194,"template":"","meta":{"_acf_changed":false},"product_brand":[568],"product_cat":[796],"product_tag":[],"class_list":{"0":"post-266854","1":"product","2":"type-product","3":"status-publish","4":"has-post-thumbnail","6":"product_brand-grums","7":"product_cat-koerperpflege","9":"first","10":"instock","11":"taxable","12":"shipping-taxable","13":"purchasable","14":"product-type-simple"},"acf":[],"_links":{"self":[{"href":"https:\/\/healthyhead.dk\/de\/wp-json\/wp\/v2\/product\/266854","targetHints":{"allow":["GET"]}}],"collection":[{"href":"https:\/\/healthyhead.dk\/de\/wp-json\/wp\/v2\/product"}],"about":[{"href":"https:\/\/healthyhead.dk\/de\/wp-json\/wp\/v2\/types\/product"}],"version-history":[{"count":0,"href":"https:\/\/healthyhead.dk\/de\/wp-json\/wp\/v2\/product\/266854\/revisions"}],"wp:featuredmedia":[{"embeddable":true,"href":"https:\/\/healthyhead.dk\/de\/wp-json\/wp\/v2\/media\/254194"}],"wp:attachment":[{"href":"https:\/\/healthyhead.dk\/de\/wp-json\/wp\/v2\/media?parent=266854"}],"wp:term":[{"taxonomy":"product_brand","embeddable":true,"href":"https:\/\/healthyhead.dk\/de\/wp-json\/wp\/v2\/product_brand?post=266854"},{"taxonomy":"product_cat","embeddable":true,"href":"https:\/\/healthyhead.dk\/de\/wp-json\/wp\/v2\/product_cat?post=266854"},{"taxonomy":"product_tag","embeddable":true,"href":"https:\/\/healthyhead.dk\/de\/wp-json\/wp\/v2\/product_tag?post=266854"}],"curies":[{"name":"wp","href":"https:\/\/api.w.org\/{rel}","templated":true}]}}