{"id":266858,"date":"2024-08-25T11:16:03","date_gmt":"2024-08-25T11:16:03","guid":{"rendered":"https:\/\/new.healthyhead.dk\/vare\/grums-raw-coffee-body-scrub-200-ml\/"},"modified":"2026-04-07T12:14:19","modified_gmt":"2026-04-07T12:14:19","slug":"grums-raw-coffee-body-scrub-200-ml","status":"publish","type":"product","link":"https:\/\/healthyhead.dk\/de\/produkt\/grums-raw-coffee-body-scrub-200-ml\/","title":{"rendered":"Grums, Raw Coffee Body Scrub, 200 ml"},"content":{"rendered":"","protected":false},"excerpt":{"rendered":"<p><img decoding=\"async\" class=\"\" src=\"\/wp-content\/uploads\/2024\/08\/Ingen-kemi.svg\" alt=\"Keine endokrinen Disruptoren\" width=\"45\" height=\"45\">Keine endokrinen Disruptoren<\/p>\n<p><img decoding=\"async\" class=\"\" src=\"\/wp-content\/uploads\/2024\/08\/Ingen-allergifremkaldende.svg\" alt=\"Nicht allergen\" width=\"45\" height=\"45\">Keine allergenen Stoffe<\/p>\n<p><img decoding=\"async\" class=\"\" src=\"\/wp-content\/uploads\/2024\/08\/Ingen-miljoebelastende.svg\" alt=\"Keine Auswirkungen auf die Umwelt\" width=\"45\" height=\"45\">Keine umweltsch\u00e4dlichen Stoffe<\/p>\n<p><img loading=\"lazy\" decoding=\"async\" class=\"alignnone wp-image-8756\" src=\"\/wp-content\/uploads\/2024\/08\/Ingen-parfume.svg\" alt=\"\" width=\"45\" height=\"45\" srcset=\"https:\/\/healthyhead.dk\/wp-content\/uploads\/Ingen-parfume.svg 150w, https:\/\/healthyhead.dk\/wp-content\/uploads\/Ingen-parfume.svg 300w, https:\/\/healthyhead.dk\/wp-content\/uploads\/Ingen-parfume.svg 768w, https:\/\/healthyhead.dk\/wp-content\/uploads\/Ingen-parfume.svg 1024w, https:\/\/healthyhead.dk\/wp-content\/uploads\/Ingen-parfume.svg 250w\" sizes=\"(max-width: 45px) 100vw, 45px\" \/>Kein Parf\u00fcm<\/p>\n<p>&nbsp;<\/p>\n[cg_accordion title=\"Beschreibung\" open=\"open\"]  Das Raw Coffee Body Scrub von Grums aus Aarhus basiert auf guten, nat\u00fcrlichen Zutaten und recyceltem Bio-Kaffeesatz. Das K\u00f6rperpeeling sorgt f\u00fcr eine Tiefenreinigung der Hautoberfl\u00e4che und entfernt abgestorbene Hautzellen. Kaffeesatz ist reich an Antioxidantien und wirkt wie ein nat\u00fcrliches Peeling. Die Durchblutung wird gef\u00f6rdert, wodurch Entz\u00fcndungen und Anzeichen der Hautalterung reduziert werden. Das Peeling hat au\u00dferdem den zus\u00e4tzlichen Vorteil, dass es die Aufnahmef\u00e4higkeit der Haut f\u00fcr Feuchtigkeitscreme erh\u00f6ht.    <\/p>\n<p>&nbsp;<\/p>\n<ul>\n<li><strong>Rohkaffee-K\u00f6rperpeeling<\/strong> von Grums aus Aarhus<\/li>\n<li>Auf der Grundlage <strong>nat\u00fcrlicher Inhaltsstoffe<\/strong> und <strong>biologischen, recycelten Kaffeesatzes <\/strong>aus Espresso<\/li>\n<li>Vollgepackt mit <strong>Antioxidantien<\/strong>, die wie ein <strong>nat\u00fcrliches Peeling<\/strong> wirken<\/li>\n<li>Perfekt f\u00fcr <strong>trockene<\/strong> und <strong>normale Haut<\/strong><\/li>\n<li><strong>Glycerin<\/strong> und <strong>Macadamianuss\u00f6l<\/strong> sorgen f\u00fcr eine saubere<strong>, weiche <\/strong>und<strong> mit Feuchtigkeit versorgte<\/strong> Haut.<\/li>\n<li>Enth\u00e4lt <strong>keine Parabene<\/strong>, <strong>Allergene<\/strong>, <strong>Farbstoffe<\/strong> oder <strong>Parf\u00fcme<\/strong><\/li>\n<li><strong>Ein Flachmann<\/strong> auf dem Chemilup<\/li>\n<\/ul>\n<p data-wp-editing=\"1\"><img loading=\"lazy\" decoding=\"async\" class=\"alignnone wp-image-9165\" src=\"\/wp-content\/uploads\/2024\/08\/A-kolbe.svg\" alt=\"\" width=\"60\" height=\"60\" srcset=\"https:\/\/healthyhead.dk\/wp-content\/uploads\/A-kolbe.svg 150w, https:\/\/healthyhead.dk\/wp-content\/uploads\/A-kolbe.svg 300w, https:\/\/healthyhead.dk\/wp-content\/uploads\/A-kolbe.svg 768w, https:\/\/healthyhead.dk\/wp-content\/uploads\/A-kolbe.svg 1024w, https:\/\/healthyhead.dk\/wp-content\/uploads\/A-kolbe.svg 250w\" sizes=\"(max-width: 60px) 100vw, 60px\" \/><img loading=\"lazy\" decoding=\"async\" class=\"alignnone wp-image-9142\" src=\"\/wp-content\/uploads\/2024\/08\/Made-in-denmark.webp\" alt=\"\" width=\"60\" height=\"60\" srcset=\"https:\/\/i0.wp.com\/healthyhead.dk\/wp-content\/uploads\/2024\/08\/Made-in-denmark.webp?w=150&amp;ssl=1 150w, https:\/\/i0.wp.com\/healthyhead.dk\/wp-content\/uploads\/2024\/08\/Made-in-denmark.webp?resize=100%2C100&amp;ssl=1 100w\" sizes=\"(max-width: 60px) 100vw, 60px\" \/><img loading=\"lazy\" decoding=\"async\" class=\"alignnone wp-image-9143\" src=\"\/wp-content\/uploads\/2024\/08\/plant_based_packagings_2-01.webp\" alt=\"\" width=\"55\" height=\"60\"><img loading=\"lazy\" decoding=\"async\" class=\"alignnone wp-image-9141\" src=\"\/wp-content\/uploads\/2024\/08\/Allergi-friendly.webp\" alt=\"\" width=\"60\" height=\"60\" srcset=\"https:\/\/i0.wp.com\/healthyhead.dk\/wp-content\/uploads\/2024\/08\/Allergi-friendly.webp?w=150&amp;ssl=1 150w, https:\/\/i0.wp.com\/healthyhead.dk\/wp-content\/uploads\/2024\/08\/Allergi-friendly.webp?resize=100%2C100&amp;ssl=1 100w\" sizes=\"(max-width: 60px) 100vw, 60px\" \/><img loading=\"lazy\" decoding=\"async\" class=\"alignnone wp-image-9168\" src=\"\/wp-content\/uploads\/2024\/08\/fsc3.png\" alt=\"\" width=\"60\" height=\"60\" srcset=\"https:\/\/i0.wp.com\/healthyhead.dk\/wp-content\/uploads\/2024\/08\/fsc3.png?w=250&amp;ssl=1 250w, https:\/\/i0.wp.com\/healthyhead.dk\/wp-content\/uploads\/2024\/08\/fsc3.png?resize=150%2C150&amp;ssl=1 150w, https:\/\/i0.wp.com\/healthyhead.dk\/wp-content\/uploads\/2024\/08\/fsc3.png?resize=100%2C100&amp;ssl=1 100w\" sizes=\"(max-width: 60px) 100vw, 60px\" \/><img loading=\"lazy\" decoding=\"async\" class=\"alignnone wp-image-9139\" src=\"\/wp-content\/uploads\/2024\/08\/With-upcycled-coffee.webp\" alt=\"\" width=\"60\" height=\"60\" srcset=\"https:\/\/i0.wp.com\/healthyhead.dk\/wp-content\/uploads\/2024\/08\/With-upcycled-coffee.webp?w=150&amp;ssl=1 150w, https:\/\/i0.wp.com\/healthyhead.dk\/wp-content\/uploads\/2024\/08\/With-upcycled-coffee.webp?resize=100%2C100&amp;ssl=1 100w\" sizes=\"(max-width: 60px) 100vw, 60px\" \/><\/p>\n<p>[\/cg_accordion]\n[cg_accordion title=\"Tipps f\u00fcr die Verwendung\"]<\/p>\n<ul>\n<li>Stellen Sie sicher, dass der K\u00f6rper vor der Verwendung nass oder feucht ist<\/li>\n<li>Nach Bedarf schrubben und mit Wasser absp\u00fclen, ohne Seife zu verwenden, da diese die pflegenden \u00d6le des Produkts entfernen und die Haut austrocknen kann.<\/li>\n<li>Auf besonders trockenen Stellen sollte das Produkt einige Minuten einwirken, bevor es abgewaschen wird, um ein optimales und feuchtigkeitsspendendes Ergebnis zu erzielen.<\/li>\n<\/ul>\n<p>[\/cg_accordion]\n[cg_accordion title=\"Inhaltsstoffe\"]<\/p>\n<p>Das Peeling basiert auf rein nat\u00fcrlichen Inhaltsstoffen und biologischem, recyceltem Espresso-Kaffeesatz. Es ist mit <strong>Glycerin<\/strong> und <strong>Macadamianuss\u00f6l<\/strong> angereichert, um die Haut mit Feuchtigkeit zu versorgen und sie hydratisiert zu halten. <\/p>\n<p><b>INCI-Liste: <\/b>Helianthus Annuus Seed Oil, Coffea Robusta Seed Powder, Glycerin, Caprylic\/Capric Triglyceride, Prunus Amygdalus Dulcis Oil, Aqua, Sucrose Laurate, Sucrose Stearate, Sucrose Palmitate, Glyceryl Caprylate<\/p>\n<p>[\/cg_accordion]\n","protected":false},"featured_media":254222,"template":"","meta":{"_acf_changed":false},"product_brand":[568],"product_cat":[796],"product_tag":[],"class_list":{"0":"post-266858","1":"product","2":"type-product","3":"status-publish","4":"has-post-thumbnail","6":"product_brand-grums","7":"product_cat-koerperpflege","9":"first","10":"instock","11":"taxable","12":"shipping-taxable","13":"purchasable","14":"product-type-simple"},"acf":[],"_links":{"self":[{"href":"https:\/\/healthyhead.dk\/de\/wp-json\/wp\/v2\/product\/266858","targetHints":{"allow":["GET"]}}],"collection":[{"href":"https:\/\/healthyhead.dk\/de\/wp-json\/wp\/v2\/product"}],"about":[{"href":"https:\/\/healthyhead.dk\/de\/wp-json\/wp\/v2\/types\/product"}],"version-history":[{"count":0,"href":"https:\/\/healthyhead.dk\/de\/wp-json\/wp\/v2\/product\/266858\/revisions"}],"wp:featuredmedia":[{"embeddable":true,"href":"https:\/\/healthyhead.dk\/de\/wp-json\/wp\/v2\/media\/254222"}],"wp:attachment":[{"href":"https:\/\/healthyhead.dk\/de\/wp-json\/wp\/v2\/media?parent=266858"}],"wp:term":[{"taxonomy":"product_brand","embeddable":true,"href":"https:\/\/healthyhead.dk\/de\/wp-json\/wp\/v2\/product_brand?post=266858"},{"taxonomy":"product_cat","embeddable":true,"href":"https:\/\/healthyhead.dk\/de\/wp-json\/wp\/v2\/product_cat?post=266858"},{"taxonomy":"product_tag","embeddable":true,"href":"https:\/\/healthyhead.dk\/de\/wp-json\/wp\/v2\/product_tag?post=266858"}],"curies":[{"name":"wp","href":"https:\/\/api.w.org\/{rel}","templated":true}]}}