{"id":266866,"date":"2024-09-02T09:47:19","date_gmt":"2024-09-02T09:47:19","guid":{"rendered":"https:\/\/new.healthyhead.dk\/vare\/pure-simple-hair-wax-100-ml\/"},"modified":"2025-07-10T09:07:02","modified_gmt":"2025-07-10T09:07:02","slug":"pure-simple-hair-wax-100-ml","status":"publish","type":"product","link":"https:\/\/healthyhead.dk\/de\/produkt\/pure-simple-hair-wax-100-ml\/","title":{"rendered":"Pure &amp; Simple, Haarwachs, 100 ml"},"content":{"rendered":"","protected":false},"excerpt":{"rendered":"<p><img decoding=\"async\" class=\"\" src=\"\/wp-content\/uploads\/2024\/08\/Ingen-kemi.svg\" alt=\"\" width=\"45\" height=\"45\">Keine endokrinen Disruptoren<\/p>\n<p><img decoding=\"async\" class=\"\" src=\"\/wp-content\/uploads\/2024\/08\/Ingen-allergifremkaldende.svg\" alt=\"\" width=\"46\" height=\"46\">Keine allergenen Stoffe<\/p>\n<p><img decoding=\"async\" class=\"\" src=\"\/wp-content\/uploads\/2024\/08\/Ingen-miljoebelastende.svg\" width=\"46\" height=\"46\">Keine umweltsch\u00e4dlichen Stoffe<\/p>\n<p><img loading=\"lazy\" decoding=\"async\" class=\"\" src=\"\/wp-content\/uploads\/2024\/08\/Ingen-parfume.svg\" width=\"46\" height=\"46\">Kein Parf\u00fcm<\/p>\n<p>&nbsp;<\/p>\n[cg_accordion title=\"Beschreibung\" open=\"open\"]\n<p>Pure &amp; Simple Wax ist ein Creme-Wachs mit dem offiziellen Asthma- und Allergiesiegel. Es bietet starken Halt, einen festigenden Effekt und einen nat\u00fcrlichen Glanz \u2013 und l\u00e4sst sich dabei besonders einfach anwenden. Wie alle Produkte von Healthy Head ist auch dieses Wachs vollkommen frei von hormonell wirksamen Stoffen, Allergenen und umweltsch\u00e4dlichen Inhaltsstoffen \u2013 entwickelt mit h\u00f6chster R\u00fccksicht auf Gesundheit und Umwelt. Pure &amp; Simple Wax wurde au\u00dferdem Testsieger in einem professionellen Wachs-Test in der Sendung Go&#8216; Morgen Danmark \u2013 einer der beliebtesten d\u00e4nischen Morgenshows im nationalen Fernsehen \u2013 wo es von einem Profi-Stylisten f\u00fcr seine Leistung und Reinheit gelobt wurde.   <\/p>\n<ul>\n<li><strong>Asthma- und Allergie-gekennzeichnetes<\/strong> Cremewachs<\/li>\n<li><b>Starker Halt<\/b> und nat\u00fcrlicher Glanz<\/li>\n<li>Einfaches Arbeiten<\/li>\n<li><b>Testsieger<\/b> von Go&#8216; Morgen Danmark<\/li>\n<\/ul>\n<p><img loading=\"lazy\" decoding=\"async\" class=\"alignnone wp-image-10038\" src=\"\/wp-content\/uploads\/2024\/09\/astma-allergy-icon.png\" alt=\"\" width=\"70\" height=\"70\" srcset=\"https:\/\/i0.wp.com\/healthyhead.dk\/wp-content\/uploads\/2024\/09\/astma-allergy-icon.png?w=250&amp;ssl=1 250w, https:\/\/i0.wp.com\/healthyhead.dk\/wp-content\/uploads\/2024\/09\/astma-allergy-icon.png?resize=150%2C150&amp;ssl=1 150w, https:\/\/i0.wp.com\/healthyhead.dk\/wp-content\/uploads\/2024\/09\/astma-allergy-icon.png?resize=100%2C100&amp;ssl=1 100w\" sizes=\"(max-width: 70px) 100vw, 70px\" \/>  <img loading=\"lazy\" decoding=\"async\" class=\"alignnone wp-image-10039\" src=\"\/wp-content\/uploads\/2024\/09\/Svanemaerket-icon.png\" alt=\"\" width=\"70\" height=\"70\" srcset=\"https:\/\/i0.wp.com\/healthyhead.dk\/wp-content\/uploads\/2024\/09\/Svanemaerket-icon.png?w=250&amp;ssl=1 250w, https:\/\/i0.wp.com\/healthyhead.dk\/wp-content\/uploads\/2024\/09\/Svanemaerket-icon.png?resize=150%2C150&amp;ssl=1 150w, https:\/\/i0.wp.com\/healthyhead.dk\/wp-content\/uploads\/2024\/09\/Svanemaerket-icon.png?resize=100%2C100&amp;ssl=1 100w\" sizes=\"(max-width: 70px) 100vw, 70px\" \/><\/p>\n<p>[\/cg_accordion] [cg_accordion title=\"Tipps f\u00fcr die Verwendung\"]<\/p>\n<p>Kann sowohl f\u00fcr kurzes als auch f\u00fcr langes Haar verwendet werden. Verwenden Sie auf trockenem Haar. [\/cg_accordion]<\/p>\n","protected":false},"featured_media":255002,"template":"","meta":{"_acf_changed":false},"product_brand":[911],"product_cat":[808,804],"product_tag":[],"class_list":{"0":"post-266866","1":"product","2":"type-product","3":"status-publish","4":"has-post-thumbnail","6":"product_brand-puresimple-de","7":"product_cat-styling","8":"product_cat-haar","10":"first","11":"instock","12":"taxable","13":"shipping-taxable","14":"purchasable","15":"product-type-simple"},"acf":[],"_links":{"self":[{"href":"https:\/\/healthyhead.dk\/de\/wp-json\/wp\/v2\/product\/266866","targetHints":{"allow":["GET"]}}],"collection":[{"href":"https:\/\/healthyhead.dk\/de\/wp-json\/wp\/v2\/product"}],"about":[{"href":"https:\/\/healthyhead.dk\/de\/wp-json\/wp\/v2\/types\/product"}],"version-history":[{"count":0,"href":"https:\/\/healthyhead.dk\/de\/wp-json\/wp\/v2\/product\/266866\/revisions"}],"wp:featuredmedia":[{"embeddable":true,"href":"https:\/\/healthyhead.dk\/de\/wp-json\/wp\/v2\/media\/255002"}],"wp:attachment":[{"href":"https:\/\/healthyhead.dk\/de\/wp-json\/wp\/v2\/media?parent=266866"}],"wp:term":[{"taxonomy":"product_brand","embeddable":true,"href":"https:\/\/healthyhead.dk\/de\/wp-json\/wp\/v2\/product_brand?post=266866"},{"taxonomy":"product_cat","embeddable":true,"href":"https:\/\/healthyhead.dk\/de\/wp-json\/wp\/v2\/product_cat?post=266866"},{"taxonomy":"product_tag","embeddable":true,"href":"https:\/\/healthyhead.dk\/de\/wp-json\/wp\/v2\/product_tag?post=266866"}],"curies":[{"name":"wp","href":"https:\/\/api.w.org\/{rel}","templated":true}]}}