{"id":266949,"date":"2024-12-29T07:56:52","date_gmt":"2024-12-29T07:56:52","guid":{"rendered":"https:\/\/new.healthyhead.dk\/vare\/zao-okologisk-fugtighedsgivende-solcreme-til-ansigt-spf30\/"},"modified":"2025-07-10T12:12:26","modified_gmt":"2025-07-10T12:12:26","slug":"zao-organische-feuchtigkeitsspendende-sonnencreme-fur-gesicht-spf30","status":"publish","type":"product","link":"https:\/\/healthyhead.dk\/de\/produkt\/zao-organische-feuchtigkeitsspendende-sonnencreme-fur-gesicht-spf30\/","title":{"rendered":"ZAO, Bio-Feuchtigkeitssonnenschutz f\u00fcr das Gesicht, SPF30"},"content":{"rendered":"","protected":false},"excerpt":{"rendered":"<p><img decoding=\"async\" class=\"\" src=\"\/wp-content\/uploads\/2024\/08\/Ingen-kemi.svg\" alt=\"\" width=\"45\" height=\"45\">Keine endokrinen Disruptoren<\/p>\n<p><img decoding=\"async\" class=\"\" src=\"\/wp-content\/uploads\/2024\/08\/Ingen-allergifremkaldende.svg\" alt=\"\" width=\"46\" height=\"46\">Keine allergenen Stoffe<\/p>\n<p><img decoding=\"async\" class=\"\" src=\"\/wp-content\/uploads\/2024\/08\/Ingen-miljoebelastende.svg\" width=\"46\" height=\"46\">Keine umweltsch\u00e4dlichen Stoffe<\/p>\n<p><img loading=\"lazy\" decoding=\"async\" class=\"\" src=\"\/wp-content\/uploads\/2024\/08\/indeholder-parfume.svg\" width=\"46\" height=\"46\">Enth\u00e4lt eine sehr geringe Menge an hypoallergenen und 100% nat\u00fcrlichen Duftstoffen<\/p>\n<p>&nbsp;<\/p>\n[cg_accordion title=\"Beschreibung des Produkts\" open=\"open\"]<\/p>\n<p>Biologischer und veganer wasserabweisender Sonnenschutz f\u00fcr das Gesicht von ZAO mit einem 100% nat\u00fcrlichen mineralischen Filter. Das Sonnenschutzmittel bietet einen hohen Schutz, ohne wei\u00dfe Flecken zu hinterlassen. Sie schadet der Meeresumwelt nicht und wurde an Korallenriffen getestet, um sicherzustellen, dass sie selbst den empfindlichsten Korallen nicht schadet. Sie ist mit Pflaumen\u00f6l angereichert, das reich an Omega 6 und 9 ist und die Haut mit Feuchtigkeit versorgt. Es enth\u00e4lt eine kleine Menge an Tigerblumenextrakt, der einen milden Vanilleduft verstr\u00f6mt.    <\/p>\n<ul>\n<li data-iconic-wlv-term-label=\"ZAO Ansigtscreme\"><strong>Bio- und vegan-zertifiziertes Sonnenschutzmittel<\/strong><\/li>\n<li data-iconic-wlv-term-label=\"ZAO Ansigtscreme\">100% <strong>nat\u00fcrlicher Filter<\/strong><\/li>\n<li data-iconic-wlv-term-label=\"ZAO Ansigtscreme\">Bietet <strong>hohen Schutz, ohne wei\u00dfe Flecken zu hinterlassen<\/strong><\/li>\n<li data-iconic-wlv-term-label=\"ZAO Ansigtscreme\">Geringe Auswirkungen auf die Meeresumwelt und<strong> getestet an Korallenriffen<\/strong><\/li>\n<li data-iconic-wlv-term-label=\"ZAO Ansigtscreme\">Angereichert mit Pflaumen\u00f6l, das reich an <strong>Omega 6 und 9<\/strong> ist <strong>und die Haut mit Feuchtigkeit versorgt<\/strong><\/li>\n<li data-iconic-wlv-term-label=\"ZAO Ansigtscreme\"><strong>Tigerbl\u00fctenextrakt<\/strong> verleiht ihm einen <strong>milden Vanilleduft<\/strong><\/li>\n<\/ul>\n<p><img loading=\"lazy\" decoding=\"async\" class=\"alignnone size-full wp-image-8916\" src=\"\/wp-content\/uploads\/2024\/08\/zao-certificeringer.jpg\" alt=\"\" width=\"479\" height=\"93\" srcset=\"https:\/\/i0.wp.com\/healthyhead.dk\/wp-content\/uploads\/2024\/08\/zao-certificeringer.jpg?w=479&amp;ssl=1 479w, https:\/\/i0.wp.com\/healthyhead.dk\/wp-content\/uploads\/2024\/08\/zao-certificeringer.jpg?resize=300%2C58&amp;ssl=1 300w, https:\/\/i0.wp.com\/healthyhead.dk\/wp-content\/uploads\/2024\/08\/zao-certificeringer.jpg?resize=441%2C86&amp;ssl=1 441w, https:\/\/i0.wp.com\/healthyhead.dk\/wp-content\/uploads\/2024\/08\/zao-certificeringer.jpg?resize=150%2C29&amp;ssl=1 150w\" sizes=\"(max-width: 479px) 100vw, 479px\" \/><br \/>\n[\/cg_accordion]\n[cg_accordion title=\"Tipps f\u00fcr die Verwendung\"]\n<ul>\n<li>Tragen Sie Sonnenschutzmittel gleichm\u00e4\u00dfig und gro\u00dfz\u00fcgig auf Gesicht und Hals auf, bevor Sie sich in die Sonne begeben.<\/li>\n<li>Bei l\u00e4ngerem Aufenthalt in der Sonne alle zwei Stunden auftragen.<\/li>\n<\/ul>\n<p>&nbsp;<\/p>\n<p>[\/cg_accordion][cg_accordion title=\"Inhaltsstoffe\"]<\/p>\n<div class=\"group\/conversation-turn relative flex w-full min-w-0 flex-col agent-turn\">\n<div class=\"flex-col gap-1 md:gap-3\">\n<div class=\"flex max-w-full flex-col flex-grow\">\n<div class=\"min-h-8 text-message flex w-full flex-col items-end gap-2 whitespace-normal break-words text-start [.text-message+&amp;]:mt-5\" dir=\"auto\" data-message-author-role=\"assistant\" data-message-id=\"964dc2be-9351-45c2-b544-e8b38996d5b4\" data-message-model-slug=\"gpt-4o\">\n<div class=\"flex w-full flex-col gap-1 empty:hidden first:pt-[3px]\">\n<div class=\"markdown prose w-full break-words dark:prose-invert light\">\n<p><strong>Bio-Pflaumenbaum\u00f6l<\/strong><br \/>\nDieses kostbare \u00d6l, das aus den Samen des Pflaumenbaums gewonnen wird, ist reich an Antioxidantien und essentiellen Fetts\u00e4uren und wird f\u00fcr seine F\u00e4higkeit gesch\u00e4tzt, die Haut tiefgehend zu befeuchten und zu revitalisieren, damit sie weich und strahlend wird.<\/p>\n<p><strong>Bio-Bambusmazerat<\/strong><br \/>\nBambus ist sehr reich an organischer Kiesels\u00e4ure, deren externe Zufuhr f\u00fcr die Erhaltung der Elastizit\u00e4t der Epidermis notwendig ist. Organische Kiesels\u00e4ure stimuliert auch den Prozess der Kollagenproduktion. <\/p>\n<\/div>\n<\/div>\n<\/div>\n<\/div>\n<\/div>\n<\/div>\n<p><b>INCI-Liste: <\/b>Caprylic \/ Capric Triglyceride, Helianthus Annuus Hybrid Oil*, Zinc Oxide [nano], Trihydroxystearin, Helianthus Annuus Seed Oil Unsaponifiables*, Prunus Domestica Seed Oil*, Glyceryl Isostearate, Helianthus Annuus Seed Oil, Parfum, Polyhydroxystearic Acid, Bambusa Arundinacea Stem Extract*, Tocopherol.<\/p>\n<p>&nbsp;<\/p>\n<p>[\/cg_accordion]<\/p>\n","protected":false},"featured_media":258338,"template":"","meta":{"_acf_changed":false},"product_brand":[564],"product_cat":[800],"product_tag":[],"class_list":{"0":"post-266949","1":"product","2":"type-product","3":"status-publish","4":"has-post-thumbnail","6":"product_brand-zao","7":"product_cat-sonnenpflege","9":"first","10":"instock","11":"taxable","12":"shipping-taxable","13":"purchasable","14":"product-type-simple"},"acf":[],"_links":{"self":[{"href":"https:\/\/healthyhead.dk\/de\/wp-json\/wp\/v2\/product\/266949","targetHints":{"allow":["GET"]}}],"collection":[{"href":"https:\/\/healthyhead.dk\/de\/wp-json\/wp\/v2\/product"}],"about":[{"href":"https:\/\/healthyhead.dk\/de\/wp-json\/wp\/v2\/types\/product"}],"version-history":[{"count":0,"href":"https:\/\/healthyhead.dk\/de\/wp-json\/wp\/v2\/product\/266949\/revisions"}],"wp:featuredmedia":[{"embeddable":true,"href":"https:\/\/healthyhead.dk\/de\/wp-json\/wp\/v2\/media\/258338"}],"wp:attachment":[{"href":"https:\/\/healthyhead.dk\/de\/wp-json\/wp\/v2\/media?parent=266949"}],"wp:term":[{"taxonomy":"product_brand","embeddable":true,"href":"https:\/\/healthyhead.dk\/de\/wp-json\/wp\/v2\/product_brand?post=266949"},{"taxonomy":"product_cat","embeddable":true,"href":"https:\/\/healthyhead.dk\/de\/wp-json\/wp\/v2\/product_cat?post=266949"},{"taxonomy":"product_tag","embeddable":true,"href":"https:\/\/healthyhead.dk\/de\/wp-json\/wp\/v2\/product_tag?post=266949"}],"curies":[{"name":"wp","href":"https:\/\/api.w.org\/{rel}","templated":true}]}}