{"id":267143,"date":"2024-12-19T13:39:25","date_gmt":"2024-12-19T13:39:25","guid":{"rendered":"https:\/\/new.healthyhead.dk\/vare\/zao-okologisk-moisturising-light-cream-ansigtscreme-50-ml\/"},"modified":"2025-08-01T11:38:23","modified_gmt":"2025-08-01T11:38:23","slug":"zao-bio-moisturising-light-cream-gesichtscreme","status":"publish","type":"product","link":"https:\/\/healthyhead.dk\/de\/produkt\/zao-bio-moisturising-light-cream-gesichtscreme\/","title":{"rendered":"ZAO, Bio-Moisturising Light Cream, Gesichtscreme, 50 ml"},"content":{"rendered":"","protected":false},"excerpt":{"rendered":"<p><img decoding=\"async\" class=\"\" src=\"\/wp-content\/uploads\/2024\/08\/Ingen-kemi.svg\" alt=\"\" width=\"45\" height=\"45\" \/>Keine endokrinen Disruptoren<\/p>\n<p><img decoding=\"async\" class=\"\" src=\"\/wp-content\/uploads\/2024\/08\/Ingen-allergifremkaldende.svg\" alt=\"\" width=\"46\" height=\"46\" \/>Keine allergenen Stoffe<\/p>\n<p><img decoding=\"async\" class=\"\" src=\"\/wp-content\/uploads\/2024\/08\/Ingen-miljoebelastende.svg\" width=\"46\" height=\"46\" \/>Keine umweltsch\u00e4dlichen Stoffe<\/p>\n<p><img loading=\"lazy\" decoding=\"async\" class=\"\" src=\"\/wp-content\/uploads\/2024\/08\/indeholder-parfume.svg\" width=\"46\" height=\"46\" \/>Enth\u00e4lt eine sehr geringe Menge an hypoallergenen und 100% nat\u00fcrlichen Duftstoffen<\/p>\n<p>&nbsp;<\/p>\n[cg_accordion title=\"Beschreibung des Produkts\" open=\"open\"]<\/p>\n<p>Leichte Bio-Feuchtigkeitscreme aus Frankreich von ZAO. Es ist eine leichte Feuchtigkeitscreme, die Ihre Haut beruhigt und weich macht. Sie ist f\u00fcr alle Hauttypen geeignet, auch f\u00fcr die empfindlichsten, dank beruhigender Inhaltsstoffe wie Bio-Aloe Vera, Bio-Calendula-Wasser und Bambuswasser. Die Creme besteht aus 100 % nat\u00fcrlichen Inhaltsstoffen und enth\u00e4lt keine riskanten Chemikalien. Zertifiziert biologisch und vegan.<\/p>\n<ul>\n<li class=\"iconic-wlv-terms__term iconic-wlv-terms__term--zao-ansigtscreme iconic-wlv-terms__term--instock iconic-wlv-terms__term--current iconic-wlv-terms__term--image\" data-iconic-wlv-term-label=\"ZAO Ansigtscreme\">Bio-Gesichtscreme<\/li>\n<li data-iconic-wlv-term-label=\"ZAO Ansigtscreme\">Leicht und feuchtigkeitsspendend mit beruhigenden und lindernden Eigenschaften<\/li>\n<li data-iconic-wlv-term-label=\"ZAO Ansigtscreme\">Geeignet f\u00fcr alle Hauttypen, auch f\u00fcr empfindliche<\/li>\n<li data-iconic-wlv-term-label=\"ZAO Ansigtscreme\">Enth\u00e4lt Bio-Aloe Vera, Calendula-Bl\u00fctenwasser und Bambuswasser.<\/li>\n<\/ul>\n<p><img loading=\"lazy\" decoding=\"async\" class=\"alignnone size-full wp-image-8916\" src=\"\/wp-content\/uploads\/2024\/08\/zao-certificeringer.jpg\" alt=\"\" width=\"479\" height=\"93\" srcset=\"https:\/\/i0.wp.com\/healthyhead.dk\/wp-content\/uploads\/2024\/08\/zao-certificeringer.jpg?w=479&amp;ssl=1 479w, https:\/\/i0.wp.com\/healthyhead.dk\/wp-content\/uploads\/2024\/08\/zao-certificeringer.jpg?resize=300%2C58&amp;ssl=1 300w, https:\/\/i0.wp.com\/healthyhead.dk\/wp-content\/uploads\/2024\/08\/zao-certificeringer.jpg?resize=441%2C86&amp;ssl=1 441w, https:\/\/i0.wp.com\/healthyhead.dk\/wp-content\/uploads\/2024\/08\/zao-certificeringer.jpg?resize=150%2C29&amp;ssl=1 150w\" sizes=\"(max-width: 479px) 100vw, 479px\" \/><br \/>\n[\/cg_accordion]\n[cg_accordion title=\"Tipps f\u00fcr die Verwendung\"]<\/p>\n<p>Tragen Sie nach dem Serum auf die gereinigte Haut eine kleine Menge der Creme auf das gesamte Gesicht und den Hals auf. Streichen Sie die Creme von der Mitte des Gesichts nach au\u00dfen. F\u00fcr den Hals streichen Sie die Creme von unten nach oben.<\/p>\n<p><strong>ANWENDUNGSH\u00c4UFIGKEIT:<\/strong> Morgens und abends. T\u00e4gliche Anwendung.<\/p>\n<p>[\/cg_accordion]\n[cg_accordion title=\"Inhaltsstoffe\"]<\/p>\n<p><strong>Bio-Aloe Vera:<\/strong><\/p>\n<p>Aloe Vera ist bekannt f\u00fcr ihre lindernden und beruhigenden Eigenschaften und repariert und beruhigt selbst die empfindlichste Haut mit einem pH-Wert nahe dem pH-Wert der Haut von 4,5. Sie ist ein hervorragender Feuchtigkeitsspender, der die Elastizit\u00e4t f\u00f6rdert und der Hautalterung vorbeugt.<\/p>\n<p><strong>Bio-Ringelblumenbl\u00fctenwasser:<\/strong><\/p>\n<p>Das aus der Destillation von Ringelblumenbl\u00fcten gewonnene Ringelblumenbl\u00fctenwasser ist ein Wundermittel f\u00fcr empfindliche oder gereizte Haut. Es ist bekannt f\u00fcr seine beruhigenden, lindernden und reparierenden Eigenschaften und macht die Haut weich und geschmeidig.<\/p>\n<p><strong>Bio-Bambusbl\u00fctenwasser:<\/strong><\/p>\n<p>Das beruhigende und reinigende Bambusbl\u00fctenwasser spendet der Haut intensive Feuchtigkeit und mattiert gleichzeitig jeglichen Glanz. Sein Reichtum an organischer Kiesels\u00e4ure hinterl\u00e4sst einen weichen, seidigen Film, der die Haut beruhigt und samtig weich macht.<\/p>\n<p><b>INCI-Liste:<\/b> Aloe Barbadensis Leaf Juice*, C 9 12 Alkanes, Calendula Officinalis Flowerwater*, Glycerin, Aqua, Polyglyceryl 10 Myristate, Polyglyceryl 10 Stearate, Glyceryl Behenate, Propanediol, 2 3 Butanediol, Coco Caprylate\/caprate, Helianthus Annuus Seed Oil Unsaponifiables*, Phyllostachys Prominens Leaf Water*, Prunus Armeniaca Kernel Oil*, Sodium Hyaluronate, Helianthus Annuus Seed Oil, Sodium Phytate, Tocopherol, Limonium Narbonense Flower\/leaf\/stem Extract, Citric Acid, Sodium Levulinate, Xanthan Gum, Levulinic Acid, Sodium.<\/p>\n<p>[\/cg_accordion]\n","protected":false},"featured_media":258386,"template":"","meta":{"_acf_changed":false},"product_brand":[564],"product_cat":[780],"product_tag":[],"class_list":{"0":"post-267143","1":"product","2":"type-product","3":"status-publish","4":"has-post-thumbnail","6":"product_brand-zao","7":"product_cat-gesichtscreme-serum","9":"first","10":"instock","11":"taxable","12":"shipping-taxable","13":"purchasable","14":"product-type-simple"},"acf":[],"_links":{"self":[{"href":"https:\/\/healthyhead.dk\/de\/wp-json\/wp\/v2\/product\/267143","targetHints":{"allow":["GET"]}}],"collection":[{"href":"https:\/\/healthyhead.dk\/de\/wp-json\/wp\/v2\/product"}],"about":[{"href":"https:\/\/healthyhead.dk\/de\/wp-json\/wp\/v2\/types\/product"}],"version-history":[{"count":0,"href":"https:\/\/healthyhead.dk\/de\/wp-json\/wp\/v2\/product\/267143\/revisions"}],"wp:featuredmedia":[{"embeddable":true,"href":"https:\/\/healthyhead.dk\/de\/wp-json\/wp\/v2\/media\/258386"}],"wp:attachment":[{"href":"https:\/\/healthyhead.dk\/de\/wp-json\/wp\/v2\/media?parent=267143"}],"wp:term":[{"taxonomy":"product_brand","embeddable":true,"href":"https:\/\/healthyhead.dk\/de\/wp-json\/wp\/v2\/product_brand?post=267143"},{"taxonomy":"product_cat","embeddable":true,"href":"https:\/\/healthyhead.dk\/de\/wp-json\/wp\/v2\/product_cat?post=267143"},{"taxonomy":"product_tag","embeddable":true,"href":"https:\/\/healthyhead.dk\/de\/wp-json\/wp\/v2\/product_tag?post=267143"}],"curies":[{"name":"wp","href":"https:\/\/api.w.org\/{rel}","templated":true}]}}