{"id":267147,"date":"2024-12-19T12:40:09","date_gmt":"2024-12-19T12:40:09","guid":{"rendered":"https:\/\/new.healthyhead.dk\/vare\/zao-okologisk-regenerating-concentrated-serum-30-ml\/"},"modified":"2025-08-01T11:31:48","modified_gmt":"2025-08-01T11:31:48","slug":"zao-biologisches-regenerating-concentrated-serum","status":"publish","type":"product","link":"https:\/\/healthyhead.dk\/de\/produkt\/zao-biologisches-regenerating-concentrated-serum\/","title":{"rendered":"ZAO, Bio-Regenerating Concentrated Serum, 30 ml"},"content":{"rendered":"","protected":false},"excerpt":{"rendered":"<p><img decoding=\"async\" class=\"\" src=\"\/wp-content\/uploads\/2024\/08\/Ingen-kemi.svg\" alt=\"\" width=\"45\" height=\"45\">Keine endokrinen Disruptoren<\/p>\n<p><img decoding=\"async\" class=\"\" src=\"\/wp-content\/uploads\/2024\/08\/Ingen-allergifremkaldende.svg\" alt=\"\" width=\"46\" height=\"46\">Keine allergenen Stoffe<\/p>\n<p><img decoding=\"async\" class=\"\" src=\"\/wp-content\/uploads\/2024\/08\/Ingen-miljoebelastende.svg\" width=\"46\" height=\"46\">Keine umweltsch\u00e4dlichen Stoffe<\/p>\n<p><img loading=\"lazy\" decoding=\"async\" class=\"\" src=\"\/wp-content\/uploads\/2024\/08\/indeholder-parfume.svg\" width=\"46\" height=\"46\">Enth\u00e4lt eine sehr geringe Menge an hypoallergenen und 100% nat\u00fcrlichen Duftstoffen<\/p>\n<p>&nbsp;<\/p>\n[cg_accordion title=\"Beschreibung des Produkts\" open=\"open\"]<\/p>\n<p>Regenerierendes Bio-Gesichtsserum von ZAO aus Frankreich. Es ist mit vielen biologischen und nat\u00fcrlichen Inhaltsstoffen wie Argan\u00f6l und Jojoba\u00f6l angereichert, die Ihre Haut regenerieren, den Zeichen der Hautalterung entgegenwirken und ihr Glanz und Geschmeidigkeit verleihen. Au\u00dferdem enth\u00e4lt es Bio-Tamanu-\u00d6l, das eine beruhigende Wirkung auf die Haut hat. Das Serum duftet herrlich nach Zitronenverbene und ist nat\u00fcrlich bio-zertifiziert und vegan mit 100% nat\u00fcrlichen Inhaltsstoffen.   <\/p>\n<ul>\n<li class=\"iconic-wlv-terms__term iconic-wlv-terms__term--zao-ansigtscreme iconic-wlv-terms__term--instock iconic-wlv-terms__term--current iconic-wlv-terms__term--image\" data-iconic-wlv-term-label=\"ZAO Ansigtscreme\">Bio- und vegan-zertifiziertes Serum<\/li>\n<li data-iconic-wlv-term-label=\"ZAO Ansigtscreme\">Angereichert mit regenerierenden Inhaltsstoffen, die den Zeichen der Hautalterung entgegenwirken, wie Argan\u00f6l und Jojoba\u00f6l<\/li>\n<li data-iconic-wlv-term-label=\"ZAO Ansigtscreme\">Enth\u00e4lt au\u00dferdem biologisches Tamanu-\u00d6l, das eine beruhigende Wirkung auf die Haut hat<\/li>\n<li data-iconic-wlv-term-label=\"ZAO Ansigtscreme\">Angenehmer und milder Duft nach Zitronenverbene<\/li>\n<\/ul>\n<p><img loading=\"lazy\" decoding=\"async\" class=\"alignnone size-full wp-image-8916\" src=\"\/wp-content\/uploads\/2024\/08\/zao-certificeringer.jpg\" alt=\"\" width=\"479\" height=\"93\" srcset=\"https:\/\/i0.wp.com\/healthyhead.dk\/wp-content\/uploads\/2024\/08\/zao-certificeringer.jpg?w=479&amp;ssl=1 479w, https:\/\/i0.wp.com\/healthyhead.dk\/wp-content\/uploads\/2024\/08\/zao-certificeringer.jpg?resize=300%2C58&amp;ssl=1 300w, https:\/\/i0.wp.com\/healthyhead.dk\/wp-content\/uploads\/2024\/08\/zao-certificeringer.jpg?resize=441%2C86&amp;ssl=1 441w, https:\/\/i0.wp.com\/healthyhead.dk\/wp-content\/uploads\/2024\/08\/zao-certificeringer.jpg?resize=150%2C29&amp;ssl=1 150w\" sizes=\"(max-width: 479px) 100vw, 479px\" \/><br \/>\n[\/cg_accordion]\n[cg_accordion title=\"Tipps f\u00fcr die Verwendung\"]<\/p>\n<div class=\"group\/conversation-turn relative flex w-full min-w-0 flex-col agent-turn\">\n<div class=\"flex-col gap-1 md:gap-3\">\n<div class=\"flex max-w-full flex-col flex-grow\">\n<div class=\"min-h-8 text-message flex w-full flex-col items-end gap-2 whitespace-normal break-words text-start [.text-message+&amp;]:mt-5\" dir=\"auto\" data-message-author-role=\"assistant\" data-message-id=\"e4fa14b7-77f6-40a2-8aff-f5dc659777d0\" data-message-model-slug=\"gpt-4o\">\n<div class=\"flex w-full flex-col gap-1 empty:hidden first:pt-[3px]\">\n<div class=\"markdown prose w-full break-words dark:prose-invert light\">\n<p>Tragen Sie auf die gereinigte und trockene Haut 3 bis 4 Tropfen des Serums vor Ihrer \u00fcblichen Creme auf das gesamte Gesicht und den Hals auf. Massieren Sie das Produkt sanft von der Mitte des Gesichts nach au\u00dfen. <\/p>\n<p><strong>ANWENDUNGSH\u00c4UFIGKEIT:<\/strong> Morgens und abends. T\u00e4gliche Anwendung. <\/p>\n<\/div>\n<\/div>\n<\/div>\n<\/div>\n<\/div>\n<\/div>\n<p>[\/cg_accordion]\n[cg_accordion title=\"Inhaltsstoffe\"]<\/p>\n<p><strong>Bio-Argan\u00f6l<\/strong><\/p>\n<p>Argan\u00f6l ist reich an Vitamin E und bekannt f\u00fcr seine n\u00e4hrenden, regenerierenden und rekonstruktiven Eigenschaften. Sein hoher Gehalt an Antioxidantien macht es ideal, um der Hautalterung entgegenzuwirken. Seine Fetts\u00e4uren machen trockene und unterern\u00e4hrte Haut wieder geschmeidig und weich.  <\/p>\n<p><strong>Bio-Tamanu-\u00d6l<\/strong><\/p>\n<p>Dieses \u00d6l wird aus den N\u00fcssen des Tamanutbaums gewonnen, der in den tropischen Regionen des Indischen Ozeans und des Pazifischen Ozeans (Madagaskar) beheimatet ist, und ist reich an essentiellen Fetts\u00e4uren und Antioxidantien. Es spendet der Haut Feuchtigkeit und tr\u00e4gt dazu bei, das Erscheinungsbild von feinen Linien und F\u00e4ltchen zu reduzieren. Dank seiner entz\u00fcndungshemmenden Eigenschaften beruhigt es Reizungen, R\u00f6tungen und Entz\u00fcndungen der Haut.  <\/p>\n<p><strong>Bio-Jojoba\u00f6l<\/strong><\/p>\n<p>Jojoba\u00f6l ist daf\u00fcr bekannt, dass es dem Austrocknen der Haut vorbeugt und erstickte Haut revitalisiert. Seine trockene Textur und urspr\u00fcngliche Zusammensetzung st\u00e4rkt den Hydrolipidfilm und reguliert die Talgproduktion bei fettiger Haut. Es regeneriert und bewahrt die Geschmeidigkeit und Elastizit\u00e4t der Haut und bek\u00e4mpft die Zeichen der Hautalterung.  <\/p>\n<p><b>INCI-Liste:<\/b> Dicaprylyl Ether, Argania Spinosa Kernel Oil*, Persea Gratissima Oil*, Simmondsia Chinensis Seed Oil*, Helianthus Annuus Hybrid Oil*, Helianthus Annuus Seed Oil Unsaponifiables*, Calophyllum Inophyllum Seed Oil*, Helianthus Annuus Seed Oil, Brassica Campestris Seed Oil*, Tocopherol, Bambusa Arundinacea Stem Extract*, Litsea Cubeba Fruit Oil*, Citral, Cistus Monspeliensis Extract*, Stevia Rebaudiana Extract, Parfum, Polyglyceryl-3 Diisostearate, Limonene, Linalool, Geraniol. *Inhaltsstoffe aus \u00f6kologischem Landbau. <\/p>\n<p>[\/cg_accordion]\n","protected":false},"featured_media":258522,"template":"","meta":{"_acf_changed":false},"product_brand":[564],"product_cat":[780],"product_tag":[],"class_list":{"0":"post-267147","1":"product","2":"type-product","3":"status-publish","4":"has-post-thumbnail","6":"product_brand-zao","7":"product_cat-gesichtscreme-serum","9":"first","10":"instock","11":"taxable","12":"shipping-taxable","13":"purchasable","14":"product-type-simple"},"acf":[],"_links":{"self":[{"href":"https:\/\/healthyhead.dk\/de\/wp-json\/wp\/v2\/product\/267147","targetHints":{"allow":["GET"]}}],"collection":[{"href":"https:\/\/healthyhead.dk\/de\/wp-json\/wp\/v2\/product"}],"about":[{"href":"https:\/\/healthyhead.dk\/de\/wp-json\/wp\/v2\/types\/product"}],"version-history":[{"count":0,"href":"https:\/\/healthyhead.dk\/de\/wp-json\/wp\/v2\/product\/267147\/revisions"}],"wp:featuredmedia":[{"embeddable":true,"href":"https:\/\/healthyhead.dk\/de\/wp-json\/wp\/v2\/media\/258522"}],"wp:attachment":[{"href":"https:\/\/healthyhead.dk\/de\/wp-json\/wp\/v2\/media?parent=267147"}],"wp:term":[{"taxonomy":"product_brand","embeddable":true,"href":"https:\/\/healthyhead.dk\/de\/wp-json\/wp\/v2\/product_brand?post=267147"},{"taxonomy":"product_cat","embeddable":true,"href":"https:\/\/healthyhead.dk\/de\/wp-json\/wp\/v2\/product_cat?post=267147"},{"taxonomy":"product_tag","embeddable":true,"href":"https:\/\/healthyhead.dk\/de\/wp-json\/wp\/v2\/product_tag?post=267147"}],"curies":[{"name":"wp","href":"https:\/\/api.w.org\/{rel}","templated":true}]}}