{"id":267151,"date":"2024-12-28T11:26:42","date_gmt":"2024-12-28T11:26:42","guid":{"rendered":"https:\/\/new.healthyhead.dk\/vare\/zao-okologisk-gentle-2-in-1-scrub-ansigtsmaske-og-scrub-50-ml\/"},"modified":"2025-08-01T11:28:22","modified_gmt":"2025-08-01T11:28:22","slug":"zao-biologische-gesichtsmaske-und-peeling-50-ml","status":"publish","type":"product","link":"https:\/\/healthyhead.dk\/de\/produkt\/zao-biologische-gesichtsmaske-und-peeling-50-ml\/","title":{"rendered":"ZAO, Bio-Gentle 2 in 1 Scrub, Gesichtsmaske und Peeling, 50 ml"},"content":{"rendered":"","protected":false},"excerpt":{"rendered":"<p><img decoding=\"async\" class=\"\" src=\"\/wp-content\/uploads\/2024\/08\/Ingen-kemi.svg\" alt=\"\" width=\"45\" height=\"45\">Keine endokrinen Disruptoren<\/p>\n<p><img decoding=\"async\" class=\"\" src=\"\/wp-content\/uploads\/2024\/08\/Ingen-allergifremkaldende.svg\" alt=\"\" width=\"46\" height=\"46\">Keine allergenen Stoffe<\/p>\n<p><img decoding=\"async\" class=\"\" src=\"\/wp-content\/uploads\/2024\/08\/Ingen-miljoebelastende.svg\" width=\"46\" height=\"46\">Keine umweltsch\u00e4dlichen Stoffe<\/p>\n<p><img loading=\"lazy\" decoding=\"async\" class=\"\" src=\"\/wp-content\/uploads\/2024\/08\/indeholder-parfume.svg\" width=\"46\" height=\"46\">Enth\u00e4lt eine sehr geringe Menge an hypoallergenen und 100% nat\u00fcrlichen Duftstoffen<\/p>\n<p>&nbsp;<\/p>\n[cg_accordion title=\"Beschreibung des Produkts\" open=\"open\"]<\/p>\n<p>Bio-Peeling und Gesichtsmaske 2 in 1 von French ZAO. Es ist f\u00fcr alle Hauttypen geeignet, auch f\u00fcr die empfindlichsten, dank seiner Inhaltsstoffe mit feuchtigkeitsspendenden Eigenschaften wie Bio-Sheabutter, Antioxidantien wie Apfelextrakt und beruhigenden Eigenschaften wie Bio-Bambusbl\u00fctenwasser. Mit seinem zarten Duft nach roten Fr\u00fcchten peelt es sanft und gl\u00e4ttet die Hautstruktur f\u00fcr einen ebenm\u00e4\u00dfigen und strahlenden Teint. Es kann als Peeling verwendet werden, indem man es mit kreisenden Bewegungen in die Haut einmassiert. Oder als Gesichtsmaske, die Sie 5-10 Minuten einwirken lassen. Nat\u00fcrlich ist es bio-zertifiziert und vegan und besteht zu 100% aus nat\u00fcrlichen Inhaltsstoffen.     <\/p>\n<ul>\n<li class=\"iconic-wlv-terms__term iconic-wlv-terms__term--zao-ansigtscreme iconic-wlv-terms__term--instock iconic-wlv-terms__term--current iconic-wlv-terms__term--image\" data-iconic-wlv-term-label=\"ZAO Ansigtscreme\">Bio-Gesichtspeeling f\u00fcr ein sanftes <strong>Peeling<\/strong> der Haut<\/li>\n<li data-iconic-wlv-term-label=\"ZAO Ansigtscreme\">Enth\u00e4lt Bio-Sheabutter, um <strong>die Haut weich zu machen<\/strong><\/li>\n<li data-iconic-wlv-term-label=\"ZAO Ansigtscreme\">Apfelextrakt, der ein starkes <strong>Antioxidans<\/strong> ist<\/li>\n<li data-iconic-wlv-term-label=\"ZAO Ansigtscreme\">Bambuswasser mit <strong>beruhigenden Eigenschaften<\/strong><\/li>\n<li data-iconic-wlv-term-label=\"ZAO Ansigtscreme\">Hat einen<strong> sanften Duft nach roten Beeren<\/strong><\/li>\n<\/ul>\n<p><img loading=\"lazy\" decoding=\"async\" class=\"alignnone size-full wp-image-8916\" src=\"\/wp-content\/uploads\/2024\/08\/zao-certificeringer.jpg\" alt=\"\" width=\"479\" height=\"93\" srcset=\"https:\/\/i0.wp.com\/healthyhead.dk\/wp-content\/uploads\/2024\/08\/zao-certificeringer.jpg?w=479&amp;ssl=1 479w, https:\/\/i0.wp.com\/healthyhead.dk\/wp-content\/uploads\/2024\/08\/zao-certificeringer.jpg?resize=300%2C58&amp;ssl=1 300w, https:\/\/i0.wp.com\/healthyhead.dk\/wp-content\/uploads\/2024\/08\/zao-certificeringer.jpg?resize=441%2C86&amp;ssl=1 441w, https:\/\/i0.wp.com\/healthyhead.dk\/wp-content\/uploads\/2024\/08\/zao-certificeringer.jpg?resize=150%2C29&amp;ssl=1 150w\" sizes=\"(max-width: 479px) 100vw, 479px\" \/><br \/>\n[\/cg_accordion]\n[cg_accordion title=\"Tipps f\u00fcr die Verwendung\"]\n<ul>\n<li>Auf die gereinigte und mit Feuchtigkeit versorgte Haut auftragen.<\/li>\n<li>Eine leichte Schicht des Peelings auf Gesicht und Hals auftragen, dabei die empfindliche Augenpartie aussparen. Lassen Sie das Produkt entweder 5-10 Minuten auf der Haut und sp\u00fclen Sie es dann ab. Oder Sie peelen die Haut mit kreisenden Bewegungen und sp\u00fclen sie dann ab.  <\/li>\n<li>Anwendung<strong> 1 bis 2 Mal pro Woche<\/strong><\/li>\n<li>[\/cg_accordion][cg_accordion title=\"Inhaltsstoffe\"]<strong>Bio-Sheabutter:<\/strong>Sheabutter wird aus der Frucht des Sheabaums gewonnen, der nur in den Savannen Westafrikas wild w\u00e4chst. Ihre Fetts\u00e4urezusammensetzung verleiht ihr feuchtigkeitsspendende und n\u00e4hrende Eigenschaften<strong>.Bio-Apfelextrakt:<\/strong>Apfelextrakt ist eine hervorragende Quelle f\u00fcr Antioxidantien, die freie Radikale, die f\u00fcr bestimmte Hauterkrankungen verantwortlich sind, wirksam abfangen k\u00f6nnen. So hilft er, die Haut vor \u00e4u\u00dferen Einfl\u00fcssen zu sch\u00fctzen und vorzeitiger Hautalterung vorzubeugen.<strong>Bio-Bambusbl\u00fctenwasser:<\/strong>Das beruhigende und reinigende Bambusbl\u00fctenwasser spendet der Haut intensive Feuchtigkeit und mattiert den Glanz. Sein Reichtum an organischer Kiesels\u00e4ure hinterl\u00e4sst einen weichen, seidigen Film, der die Haut beruhigt und samtig weich macht.<b>INCI-Liste:<\/b> Zutatenliste (F1): Aqua, Helianthus Annuus Hybrid Oil*, Phyllostachys Prominens Leaf Water*, Kaolin, Butyrospermum Parkii Butter*, Glyceryl Stearate Citrate, Glyceryl Behenate, Cetyl Alcohol, Glycerin, Parfum, Lactic Acid, Olea Europaea Seed Powder, Illite, Pyrus Malus Fruit Extract, Helianthus Annuus Seed Oil, Tocopherol, Sodium Levulinate, Xanthan Gum, Citric Acid, Glyceryl Caprylate, Levulinic Acid, Sodium Hydroxide, Sodium Anisate, Ci 77491, Sodium Citrate. *Zutaten aus \u00f6kologischem Landbau.\n<p>[\/cg_accordion]<\/li>\n<\/ul>\n<p>&nbsp;<\/p>\n","protected":false},"featured_media":258490,"template":"","meta":{"_acf_changed":false},"product_brand":[564],"product_cat":[788],"product_tag":[],"class_list":{"0":"post-267151","1":"product","2":"type-product","3":"status-publish","4":"has-post-thumbnail","6":"product_brand-zao","7":"product_cat-gesichtspeeling","9":"first","10":"instock","11":"taxable","12":"shipping-taxable","13":"purchasable","14":"product-type-simple"},"acf":[],"_links":{"self":[{"href":"https:\/\/healthyhead.dk\/de\/wp-json\/wp\/v2\/product\/267151","targetHints":{"allow":["GET"]}}],"collection":[{"href":"https:\/\/healthyhead.dk\/de\/wp-json\/wp\/v2\/product"}],"about":[{"href":"https:\/\/healthyhead.dk\/de\/wp-json\/wp\/v2\/types\/product"}],"version-history":[{"count":0,"href":"https:\/\/healthyhead.dk\/de\/wp-json\/wp\/v2\/product\/267151\/revisions"}],"wp:featuredmedia":[{"embeddable":true,"href":"https:\/\/healthyhead.dk\/de\/wp-json\/wp\/v2\/media\/258490"}],"wp:attachment":[{"href":"https:\/\/healthyhead.dk\/de\/wp-json\/wp\/v2\/media?parent=267151"}],"wp:term":[{"taxonomy":"product_brand","embeddable":true,"href":"https:\/\/healthyhead.dk\/de\/wp-json\/wp\/v2\/product_brand?post=267151"},{"taxonomy":"product_cat","embeddable":true,"href":"https:\/\/healthyhead.dk\/de\/wp-json\/wp\/v2\/product_cat?post=267151"},{"taxonomy":"product_tag","embeddable":true,"href":"https:\/\/healthyhead.dk\/de\/wp-json\/wp\/v2\/product_tag?post=267151"}],"curies":[{"name":"wp","href":"https:\/\/api.w.org\/{rel}","templated":true}]}}