{"id":267155,"date":"2024-12-28T13:14:06","date_gmt":"2024-12-28T13:14:06","guid":{"rendered":"https:\/\/new.healthyhead.dk\/vare\/zao-okologisk-detox-facial-cleanser-ansigtssaebe-70-g\/"},"modified":"2025-09-06T15:22:25","modified_gmt":"2025-09-06T15:22:25","slug":"zao-bio-detox-facial-cleanser-gesichtsseife-70-g","status":"publish","type":"product","link":"https:\/\/healthyhead.dk\/de\/produkt\/zao-bio-detox-facial-cleanser-gesichtsseife-70-g\/","title":{"rendered":"ZAO, Bio Detox Facial Cleanser, Gesichtsseife, 70 g"},"content":{"rendered":"","protected":false},"excerpt":{"rendered":"<p><img decoding=\"async\" class=\"\" src=\"\/wp-content\/uploads\/2024\/08\/Ingen-kemi.svg\" alt=\"\" width=\"45\" height=\"45\" \/>Keine endokrinen Disruptoren<\/p>\n<p><img decoding=\"async\" class=\"\" src=\"\/wp-content\/uploads\/2024\/08\/Ingen-allergifremkaldende.svg\" alt=\"\" width=\"46\" height=\"46\" \/>Keine allergenen Stoffe<\/p>\n<p><img decoding=\"async\" class=\"\" src=\"\/wp-content\/uploads\/2024\/08\/Ingen-miljoebelastende.svg\" width=\"46\" height=\"46\" \/>Keine umweltsch\u00e4dlichen Stoffe<\/p>\n<p><img loading=\"lazy\" decoding=\"async\" class=\"alignnone wp-image-8756\" src=\"\/wp-content\/uploads\/2024\/08\/Ingen-parfume.svg\" alt=\"\" width=\"45\" height=\"45\" srcset=\"https:\/\/healthyhead.dk\/wp-content\/uploads\/Ingen-parfume.svg 150w, https:\/\/healthyhead.dk\/wp-content\/uploads\/Ingen-parfume.svg 300w, https:\/\/healthyhead.dk\/wp-content\/uploads\/Ingen-parfume.svg 768w, https:\/\/healthyhead.dk\/wp-content\/uploads\/Ingen-parfume.svg 1024w, https:\/\/healthyhead.dk\/wp-content\/uploads\/Ingen-parfume.svg 250w\" sizes=\"(max-width: 45px) 100vw, 45px\" \/>Kein Parf\u00fcm<\/p>\n<p>&nbsp;<\/p>\n[cg_accordion title=\"Beschreibung des Produkts\" open=\"open\"]<\/p>\n<p>Biologische und vegane Gesichtsseife von ZAO. Die Seife reinigt tief und sch\u00fctzt gleichzeitig das nat\u00fcrliche Gleichgewicht der Haut. Sie ist mit Bambuskohle angereichert, die f\u00fcr ihre absorbierenden und reinigenden Eigenschaften bekannt ist und Unreinheiten, \u00fcbersch\u00fcssigen Talg und Giftstoffe entfernt.<\/p>\n<ul>\n<li data-iconic-wlv-term-label=\"ZAO Ansigtscreme\"><strong>Biologische und vegane Gesichtsseife<\/strong><\/li>\n<li data-iconic-wlv-term-label=\"ZAO Ansigtscreme\">Angereichert mit <strong>Bambuskohle<\/strong> zur Entfernung von<strong> Unreinheiten, \u00fcbersch\u00fcssigem Talg und Giftstoffen<\/strong><\/li>\n<\/ul>\n<p><img loading=\"lazy\" decoding=\"async\" class=\"alignnone size-full wp-image-8916\" src=\"\/wp-content\/uploads\/2024\/08\/zao-certificeringer.jpg\" alt=\"\" width=\"479\" height=\"93\" srcset=\"https:\/\/i0.wp.com\/healthyhead.dk\/wp-content\/uploads\/2024\/08\/zao-certificeringer.jpg?w=479&amp;ssl=1 479w, https:\/\/i0.wp.com\/healthyhead.dk\/wp-content\/uploads\/2024\/08\/zao-certificeringer.jpg?resize=300%2C58&amp;ssl=1 300w, https:\/\/i0.wp.com\/healthyhead.dk\/wp-content\/uploads\/2024\/08\/zao-certificeringer.jpg?resize=441%2C86&amp;ssl=1 441w, https:\/\/i0.wp.com\/healthyhead.dk\/wp-content\/uploads\/2024\/08\/zao-certificeringer.jpg?resize=150%2C29&amp;ssl=1 150w\" sizes=\"(max-width: 479px) 100vw, 479px\" \/><br \/>\n[\/cg_accordion]\n[cg_accordion title=\"Tipps f\u00fcr die Verwendung\"]\n<ul>\n<li style=\"list-style-type: none;\">\n<ul>\n<li>Halten Sie die Seife unter Wasser und sch\u00e4umen Sie sie zwischen Ihren H\u00e4nden auf.<\/li>\n<li>Tragen Sie den Schaum dann mit kreisenden Bewegungen auf das Gesicht auf.<\/li>\n<li>Konzentrieren Sie sich auf die T-Zone des Gesichts (Kinn, Nase und Stirn). Gr\u00fcndlich mit klarem Wasser absp\u00fclen. Vermeiden Sie den Kontakt mit den Augen.<\/li>\n<\/ul>\n<\/li>\n<\/ul>\n<p>T\u00e4glich &#8211; morgens und abends &#8211; anwenden.<\/p>\n<p>&nbsp;<\/p>\n<p>[\/cg_accordion][cg_accordion title=\"Inhaltsstoffe\"]<\/p>\n<h3><strong>Bambusholzkohle<\/strong><\/h3>\n<p><strong>F\u00fcr ein sanftes Peeling der Haut: Die<\/strong> kiesels\u00e4urereiche aktivierte Bambuskohle hat eine leicht abrasive, aber sanfte Wirkung und verleiht der Haut ein mildes mechanisches Peeling. Sie entfernt abgestorbene Hautzellen von der Hautoberfl\u00e4che und regt die Zellerneuerung an.<\/p>\n<p><strong>Reduzierung von \u00fcbersch\u00fcssigem Talg:<\/strong> Eine Talgansammlung kann die Poren verstopfen und zur Bildung von Unreinheiten wie Mitessern und\/oder Pickeln f\u00fchren. Durch die Absorption von \u00fcbersch\u00fcssigem Talg verhindert Aktivkohle das Auftreten von Pickeln und verleiht fettiger Haut ein mattes Aussehen.<\/p>\n<p><strong>Zur Entfernung von Unreinheiten:<\/strong> Aktivkohle ist in der Lage, Giftstoffe, Mikropartikel und Unreinheiten von der Hautoberfl\u00e4che zu absorbieren. Sie ist bekannt f\u00fcr ihre entgiftenden, entgiftenden und reinigenden Eigenschaften.<\/p>\n<p><b>INCI-Liste: <\/b>Sodium Sunflowerseedate**, Aqua, Sodium Cocoate**, Glycerin**, Holzkohlepulver. **Mit Bio-Zutaten hergestellt. <b><br \/>\n<\/b><\/p>\n<p>&nbsp;<\/p>\n<p>[\/cg_accordion][:]<\/p>\n","protected":false},"featured_media":258670,"template":"","meta":{"_acf_changed":false},"product_brand":[564],"product_cat":[784],"product_tag":[],"class_list":{"0":"post-267155","1":"product","2":"type-product","3":"status-publish","4":"has-post-thumbnail","6":"product_brand-zao","7":"product_cat-gesichtsreiniger","9":"first","10":"outofstock","11":"taxable","12":"shipping-taxable","13":"purchasable","14":"product-type-simple"},"acf":[],"_links":{"self":[{"href":"https:\/\/healthyhead.dk\/de\/wp-json\/wp\/v2\/product\/267155","targetHints":{"allow":["GET"]}}],"collection":[{"href":"https:\/\/healthyhead.dk\/de\/wp-json\/wp\/v2\/product"}],"about":[{"href":"https:\/\/healthyhead.dk\/de\/wp-json\/wp\/v2\/types\/product"}],"version-history":[{"count":0,"href":"https:\/\/healthyhead.dk\/de\/wp-json\/wp\/v2\/product\/267155\/revisions"}],"wp:featuredmedia":[{"embeddable":true,"href":"https:\/\/healthyhead.dk\/de\/wp-json\/wp\/v2\/media\/258670"}],"wp:attachment":[{"href":"https:\/\/healthyhead.dk\/de\/wp-json\/wp\/v2\/media?parent=267155"}],"wp:term":[{"taxonomy":"product_brand","embeddable":true,"href":"https:\/\/healthyhead.dk\/de\/wp-json\/wp\/v2\/product_brand?post=267155"},{"taxonomy":"product_cat","embeddable":true,"href":"https:\/\/healthyhead.dk\/de\/wp-json\/wp\/v2\/product_cat?post=267155"},{"taxonomy":"product_tag","embeddable":true,"href":"https:\/\/healthyhead.dk\/de\/wp-json\/wp\/v2\/product_tag?post=267155"}],"curies":[{"name":"wp","href":"https:\/\/api.w.org\/{rel}","templated":true}]}}