{"id":267159,"date":"2024-12-28T15:24:03","date_gmt":"2024-12-28T15:24:03","guid":{"rendered":"https:\/\/new.healthyhead.dk\/vare\/zao-okologisk-cleansing-velvet-milk-ansigtsrens-100-ml\/"},"modified":"2025-08-01T11:18:42","modified_gmt":"2025-08-01T11:18:42","slug":"zao-biologische-cleansing-velvet-milk","status":"publish","type":"product","link":"https:\/\/healthyhead.dk\/de\/produkt\/zao-biologische-cleansing-velvet-milk\/","title":{"rendered":"ZAO, Bio-Cleansing Velvet Milk, Gesichtsreiniger, 100 ml"},"content":{"rendered":"","protected":false},"excerpt":{"rendered":"<p><img decoding=\"async\" class=\"\" src=\"\/wp-content\/uploads\/2024\/08\/Ingen-kemi.svg\" alt=\"\" width=\"45\" height=\"45\">Keine endokrinen Disruptoren<\/p>\n<p><img decoding=\"async\" class=\"\" src=\"\/wp-content\/uploads\/2024\/08\/Ingen-allergifremkaldende.svg\" alt=\"\" width=\"46\" height=\"46\">Keine allergenen Stoffe<\/p>\n<p><img decoding=\"async\" class=\"\" src=\"\/wp-content\/uploads\/2024\/08\/Ingen-miljoebelastende.svg\" width=\"46\" height=\"46\">Keine umweltsch\u00e4dlichen Stoffe<\/p>\n<p><img loading=\"lazy\" decoding=\"async\" class=\"\" src=\"\/wp-content\/uploads\/2024\/08\/indeholder-parfume.svg\" width=\"46\" height=\"46\">Enth\u00e4lt eine sehr geringe Menge an hypoallergenen und 100% nat\u00fcrlichen Duftstoffen<\/p>\n<p>&nbsp;<\/p>\n[cg_accordion title=\"Beschreibung des Produkts\" open=\"open\"]<\/p>\n<p>Bio-Gesichtsreinigungsmilch aus Frankreich von ZAO. Die Formel enth\u00e4lt pflegende Bio-Inhaltsstoffe mit beruhigenden Eigenschaften, darunter Kornblume, Bambuswasser und Aloe Vera. Sie ist f\u00fcr alle Hauttypen &#8211; auch f\u00fcr empfindliche &#8211; geeignet und reinigt sanft, w\u00e4hrend sie die Haut mit Feuchtigkeit versorgt. Mit ihrem milden Vanilleduft und ihrer cremigen Textur ist sie perfekt zum Verw\u00f6hnen der Haut. ZAO Organic Cleansing Velvet Milk ist bio-zertifiziert und vegan und besteht aus 100 % nat\u00fcrlichen Inhaltsstoffen.    <\/p>\n<ul>\n<li data-iconic-wlv-term-label=\"ZAO Ansigtscreme\"><strong>Bio- und vegan-zertifizierte Gesichtsreinigungsmilch  <\/strong><\/li>\n<li data-iconic-wlv-term-label=\"ZAO Ansigtscreme\">Enth\u00e4lt Bio-Kornblumen, Bambuswasser und Aloe Vera, die <strong>beruhigende Eigenschaften<\/strong> haben<\/li>\n<\/ul>\n<p><img loading=\"lazy\" decoding=\"async\" class=\"alignnone size-full wp-image-8916\" src=\"\/wp-content\/uploads\/2024\/08\/zao-certificeringer.jpg\" alt=\"\" width=\"479\" height=\"93\" srcset=\"https:\/\/i0.wp.com\/healthyhead.dk\/wp-content\/uploads\/2024\/08\/zao-certificeringer.jpg?w=479&amp;ssl=1 479w, https:\/\/i0.wp.com\/healthyhead.dk\/wp-content\/uploads\/2024\/08\/zao-certificeringer.jpg?resize=300%2C58&amp;ssl=1 300w, https:\/\/i0.wp.com\/healthyhead.dk\/wp-content\/uploads\/2024\/08\/zao-certificeringer.jpg?resize=441%2C86&amp;ssl=1 441w, https:\/\/i0.wp.com\/healthyhead.dk\/wp-content\/uploads\/2024\/08\/zao-certificeringer.jpg?resize=150%2C29&amp;ssl=1 150w\" sizes=\"(max-width: 479px) 100vw, 479px\" \/><br \/>\n[\/cg_accordion]\n[cg_accordion title=\"Tipps f\u00fcr die Verwendung\"]\n<ul>\n<li style=\"list-style-type: none;\">\n<ul>\n<li>Um das Abschminken zu perfektionieren oder einfach die Haut zu straffen, verwenden Sie die Lotion Radiance Tonic auf der gereinigten und trockenen Haut.<\/li>\n<li>Tragen Sie die Lotion mit einem Wattepad oder den Fingern auf Gesicht und Hals auf und klopfen Sie sie sanft in die Haut ein. Nicht absp\u00fclen. <\/li>\n<li>T\u00e4glich &#8211; morgens und abends &#8211; anwenden.<\/li>\n<\/ul>\n<\/li>\n<\/ul>\n<p>[\/cg_accordion][cg_accordion title=\"Inhaltsstoffe\"]<\/p>\n<div class=\"group\/conversation-turn relative flex w-full min-w-0 flex-col agent-turn\">\n<div class=\"flex-col gap-1 md:gap-3\">\n<div class=\"flex max-w-full flex-col flex-grow\">\n<div class=\"min-h-8 text-message flex w-full flex-col items-end gap-2 whitespace-normal break-words text-start [.text-message+&amp;]:mt-5\" dir=\"auto\" data-message-author-role=\"assistant\" data-message-id=\"964dc2be-9351-45c2-b544-e8b38996d5b4\" data-message-model-slug=\"gpt-4o\">\n<div class=\"flex w-full flex-col gap-1 empty:hidden first:pt-[3px]\">\n<div class=\"markdown prose w-full break-words dark:prose-invert light\">\n<h4><strong>Bio-Kornblumenbl\u00fctenwasser<\/strong><\/h4>\n<p>Dieses Bl\u00fctenwasser ist traditionell daf\u00fcr bekannt, m\u00fcde oder empfindliche Augen zu beruhigen und zu beleben. Es ist auch bekannt f\u00fcr seine beruhigenden, adstringierenden und belebenden Eigenschaften, die Wunder f\u00fcr die Haut bewirken.<\/p>\n<h4><strong>Bio-Aloe-Vera<\/strong><\/h4>\n<p>Aloe Vera ist bekannt f\u00fcr ihre lindernden und beruhigenden Eigenschaften und repariert und beruhigt selbst die empfindlichste Haut. Mit einem pH-Wert, der dem der Haut nahe kommt (4,5), ist sie ein hervorragender Feuchtigkeitsspender, der die Elastizit\u00e4t f\u00f6rdert und der Hautalterung vorbeugt. <\/p>\n<h4><strong>Bio-Bambusbl\u00fctenwasser<\/strong><\/h4>\n<p>Das beruhigende und reinigende Bambusbl\u00fctenwasser spendet der Haut viel Feuchtigkeit und mindert den Glanz. Sein Reichtum an organischer Kiesels\u00e4ure hinterl\u00e4sst einen weichen, seidigen Schleier: die Haut wird beruhigt und samtig weich. <\/p>\n<\/div>\n<\/div>\n<\/div>\n<\/div>\n<\/div>\n<\/div>\n<p><b>INCI-Liste:<\/b>Aqua (Wasser)Citrus Aurantifolia (Limette) Fruit Water [1]Hamamelis Virginiana (Hamamelis) Water [1]Rosa Damascena Flower Water [1]GlycerinPhyllostachys Prominens Leaf WaterMilchs\u00e4ureZitronens\u00e4ureNatrium LevulinatNatriumhydroxidLevulins\u00e4ureDecylglucosidNatriumanisatParf\u00fcm (Duft)<\/p>\n<p>&nbsp;<\/p>\n<p>[\/cg_accordion]<\/p>\n","protected":false},"featured_media":258614,"template":"","meta":{"_acf_changed":false},"product_brand":[564],"product_cat":[784],"product_tag":[],"class_list":{"0":"post-267159","1":"product","2":"type-product","3":"status-publish","4":"has-post-thumbnail","6":"product_brand-zao","7":"product_cat-gesichtsreiniger","9":"first","10":"outofstock","11":"taxable","12":"shipping-taxable","13":"purchasable","14":"product-type-simple"},"acf":[],"_links":{"self":[{"href":"https:\/\/healthyhead.dk\/de\/wp-json\/wp\/v2\/product\/267159","targetHints":{"allow":["GET"]}}],"collection":[{"href":"https:\/\/healthyhead.dk\/de\/wp-json\/wp\/v2\/product"}],"about":[{"href":"https:\/\/healthyhead.dk\/de\/wp-json\/wp\/v2\/types\/product"}],"version-history":[{"count":0,"href":"https:\/\/healthyhead.dk\/de\/wp-json\/wp\/v2\/product\/267159\/revisions"}],"wp:featuredmedia":[{"embeddable":true,"href":"https:\/\/healthyhead.dk\/de\/wp-json\/wp\/v2\/media\/258614"}],"wp:attachment":[{"href":"https:\/\/healthyhead.dk\/de\/wp-json\/wp\/v2\/media?parent=267159"}],"wp:term":[{"taxonomy":"product_brand","embeddable":true,"href":"https:\/\/healthyhead.dk\/de\/wp-json\/wp\/v2\/product_brand?post=267159"},{"taxonomy":"product_cat","embeddable":true,"href":"https:\/\/healthyhead.dk\/de\/wp-json\/wp\/v2\/product_cat?post=267159"},{"taxonomy":"product_tag","embeddable":true,"href":"https:\/\/healthyhead.dk\/de\/wp-json\/wp\/v2\/product_tag?post=267159"}],"curies":[{"name":"wp","href":"https:\/\/api.w.org\/{rel}","templated":true}]}}