{"id":267163,"date":"2024-12-28T12:48:59","date_gmt":"2024-12-28T12:48:59","guid":{"rendered":"https:\/\/new.healthyhead.dk\/vare\/zao-okologisk-radiance-tonic-lotion-skin-tonic-100-ml\/"},"modified":"2025-09-06T15:00:38","modified_gmt":"2025-09-06T15:00:38","slug":"zao-bio-radiance-tonic-lotion-gesichtswasser-100-ml","status":"publish","type":"product","link":"https:\/\/healthyhead.dk\/de\/produkt\/zao-bio-radiance-tonic-lotion-gesichtswasser-100-ml\/","title":{"rendered":"ZAO, Bio Radiance Tonic Lotion, Gesichtswasser, 100 ml"},"content":{"rendered":"","protected":false},"excerpt":{"rendered":"<p><img decoding=\"async\" class=\"\" src=\"\/wp-content\/uploads\/2024\/08\/Ingen-kemi.svg\" alt=\"\" width=\"45\" height=\"45\">Keine endokrinen Disruptoren<\/p>\n<p><img decoding=\"async\" class=\"\" src=\"\/wp-content\/uploads\/2024\/08\/Ingen-allergifremkaldende.svg\" alt=\"\" width=\"46\" height=\"46\">Keine allergenen Stoffe<\/p>\n<p><img decoding=\"async\" class=\"\" src=\"\/wp-content\/uploads\/2024\/08\/Ingen-miljoebelastende.svg\" width=\"46\" height=\"46\">Keine umweltsch\u00e4dlichen Stoffe<\/p>\n<p><img loading=\"lazy\" decoding=\"async\" class=\"\" src=\"\/wp-content\/uploads\/2024\/08\/indeholder-parfume.svg\" width=\"46\" height=\"46\">Enth\u00e4lt eine sehr geringe Menge an hypoallergenen und 100% nat\u00fcrlichen Duftstoffen<\/p>\n<p>&nbsp;<\/p>\n[cg_accordion title=\"Beschreibung des Produkts\" open=\"open\"]<\/p>\n<p>Organic Radiance Tonic Lotion von French ZAO. Dieses Tonic vervollst\u00e4ndigt die t\u00e4gliche Reinigungsroutine, erfrischt die Haut und l\u00e4sst sie sch\u00f6n und strahlend aussehen. Es ist f\u00fcr alle Hauttypen geeignet, auch f\u00fcr empfindliche Haut. ZAO Radiance Tonic enth\u00e4lt pflegende Bio-Inhaltsstoffe wie Rosenbl\u00fctenwasser, das die Haut strafft und Zeichen der Hautalterung bek\u00e4mpft, Zitronenwasser mit antioxidativen Eigenschaften, das Unreinheiten reduziert und die Haut strahlend sch\u00f6n aussehen l\u00e4sst. Und Hamamelisbl\u00fctenwasser, das die Haut strafft und hilft, die Poren zu verkleinern und gereizte Haut zu beruhigen. Es hat einen sommerlichen Fruchtduft, der die Sinne verw\u00f6hnt. Es ist sowohl bio- als auch vegan-zertifiziert und enth\u00e4lt keine riskanten Chemikalien.      <\/p>\n<ul>\n<li data-iconic-wlv-term-label=\"ZAO Ansigtscreme\"><strong>Bio- und vegan-zertifiziertes Tonikum<\/strong><\/li>\n<li data-iconic-wlv-term-label=\"ZAO Ansigtscreme\">Perfekt f\u00fcr die t\u00e4gliche Reinigungsroutine<\/li>\n<li data-iconic-wlv-term-label=\"ZAO Ansigtscreme\"><strong>Erfrischt die Haut<\/strong> und l\u00e4sst sie <strong>sch\u00f6n und strahlend aussehen<\/strong><\/li>\n<li data-iconic-wlv-term-label=\"ZAO Ansigtscreme\">Geeignet f\u00fcr alle Hauttypen, <strong>auch f\u00fcr empfindliche<\/strong><\/li>\n<li data-iconic-wlv-term-label=\"ZAO Ansigtscreme\">Enth\u00e4lt <strong>Bio-Rosenbl\u00fctenwasser, das die Haut strafft und die Zeichen der Hautalterung bek\u00e4mpft<\/strong><\/li>\n<li data-iconic-wlv-term-label=\"ZAO Ansigtscreme\"><strong>Zitronenwasser<\/strong>, das <strong>Unreinheiten reduziert<\/strong> und der Haut ein sch\u00f6nes und <strong>straffes Aussehen<\/strong> verleiht<\/li>\n<li data-iconic-wlv-term-label=\"ZAO Ansigtscreme\"><strong>Hamamelisbl\u00fctenwasser<\/strong> <strong>strafft die Haut<\/strong> und hilft, die Poren zu verkleinern und <strong>beruhigt gereizte Haut<\/strong><\/li>\n<li data-iconic-wlv-term-label=\"ZAO Ansigtscreme\"><strong>Hat einen sanften Duft nach Sommerfr\u00fcchten<\/strong>, der die Sinne verw\u00f6hnt<\/li>\n<\/ul>\n<p><img loading=\"lazy\" decoding=\"async\" class=\"alignnone size-full wp-image-8916\" src=\"\/wp-content\/uploads\/2024\/08\/zao-certificeringer.jpg\" alt=\"\" width=\"479\" height=\"93\" srcset=\"https:\/\/i0.wp.com\/healthyhead.dk\/wp-content\/uploads\/2024\/08\/zao-certificeringer.jpg?w=479&amp;ssl=1 479w, https:\/\/i0.wp.com\/healthyhead.dk\/wp-content\/uploads\/2024\/08\/zao-certificeringer.jpg?resize=300%2C58&amp;ssl=1 300w, https:\/\/i0.wp.com\/healthyhead.dk\/wp-content\/uploads\/2024\/08\/zao-certificeringer.jpg?resize=441%2C86&amp;ssl=1 441w, https:\/\/i0.wp.com\/healthyhead.dk\/wp-content\/uploads\/2024\/08\/zao-certificeringer.jpg?resize=150%2C29&amp;ssl=1 150w\" sizes=\"(max-width: 479px) 100vw, 479px\" \/><br \/>\n[\/cg_accordion]\n[cg_accordion title=\"Tipps f\u00fcr die Verwendung\"]\n<ul>\n<li style=\"list-style-type: none;\">\n<ul>\n<li>Um das Abschminken zu perfektionieren oder einfach die Haut zu straffen, verwenden Sie die Lotion Radiance Tonic auf der gereinigten und trockenen Haut.<\/li>\n<li>Tragen Sie die Lotion mit einem Wattepad oder den Fingern auf Gesicht und Hals auf und klopfen Sie sie sanft in die Haut ein. Nicht absp\u00fclen. <\/li>\n<li>T\u00e4glich &#8211; morgens und abends &#8211; anwenden.<\/li>\n<\/ul>\n<\/li>\n<\/ul>\n<p>[\/cg_accordion][cg_accordion title=\"Inhaltsstoffe\"]<\/p>\n<p><strong>Bio-Rosenbl\u00fctenwasser<\/strong><\/p>\n<p>Dieses adstringierende und straffende Hydrosol ist ein wesentlicher Bestandteil zur Vorbeugung und Bek\u00e4mpfung der Zeichen der Hautalterung. Es reinigt, erfrischt und macht die Haut geschmeidig. <\/p>\n<p><strong>Bio-Zitronenwasser<\/strong><\/p>\n<p>Es ist ein wahres Elixier f\u00fcr die Haut und bietet dank seines Reichtums an Vitamin C und seiner antioxidativen Eigenschaften eine Vielzahl von Vorteilen. Es hellt Ihren Teint auf, reduziert Unreinheiten und sorgt f\u00fcr eine strahlende und gesund aussehende Haut. <\/p>\n<p><strong>Bio-Hamamelisbl\u00fctenwasser<\/strong><\/p>\n<p>Dieses Wasser wird aus den Bl\u00e4ttern und Bl\u00fcten der Zaubernuss destilliert, einem Strauch, der in den W\u00e4ldern von Quebec und im Nordosten der Vereinigten Staaten verbreitet ist. Es wirkt adstringierend, reinigend und straffend und hilft, die Hautporen zu verengen. Es ist ideal f\u00fcr empfindliche Haut, denn es beruhigt und lindert Hautreizungen.  <\/p>\n<p><b>INCI-Liste:<\/b>Aqua (Wasser)Citrus Aurantifolia (Limette) Fruit Water [1]Hamamelis Virginiana (Hamamelis) Water [1]Rosa Damascena Flower Water [1]GlycerinPhyllostachys Prominens Leaf WaterMilchs\u00e4ureZitronens\u00e4ureNatrium LevulinatNatriumhydroxidLevulins\u00e4ureDecylglucosidNatriumanisatParf\u00fcm (Duft)<\/p>\n<p>&nbsp;<\/p>\n<p>[\/cg_accordion]<\/p>\n","protected":false},"featured_media":258638,"template":"","meta":{"_acf_changed":false},"product_brand":[564],"product_cat":[784],"product_tag":[],"class_list":{"0":"post-267163","1":"product","2":"type-product","3":"status-publish","4":"has-post-thumbnail","6":"product_brand-zao","7":"product_cat-gesichtsreiniger","9":"first","10":"instock","11":"taxable","12":"shipping-taxable","13":"purchasable","14":"product-type-simple"},"acf":[],"_links":{"self":[{"href":"https:\/\/healthyhead.dk\/de\/wp-json\/wp\/v2\/product\/267163","targetHints":{"allow":["GET"]}}],"collection":[{"href":"https:\/\/healthyhead.dk\/de\/wp-json\/wp\/v2\/product"}],"about":[{"href":"https:\/\/healthyhead.dk\/de\/wp-json\/wp\/v2\/types\/product"}],"version-history":[{"count":1,"href":"https:\/\/healthyhead.dk\/de\/wp-json\/wp\/v2\/product\/267163\/revisions"}],"predecessor-version":[{"id":269658,"href":"https:\/\/healthyhead.dk\/de\/wp-json\/wp\/v2\/product\/267163\/revisions\/269658"}],"wp:featuredmedia":[{"embeddable":true,"href":"https:\/\/healthyhead.dk\/de\/wp-json\/wp\/v2\/media\/258638"}],"wp:attachment":[{"href":"https:\/\/healthyhead.dk\/de\/wp-json\/wp\/v2\/media?parent=267163"}],"wp:term":[{"taxonomy":"product_brand","embeddable":true,"href":"https:\/\/healthyhead.dk\/de\/wp-json\/wp\/v2\/product_brand?post=267163"},{"taxonomy":"product_cat","embeddable":true,"href":"https:\/\/healthyhead.dk\/de\/wp-json\/wp\/v2\/product_cat?post=267163"},{"taxonomy":"product_tag","embeddable":true,"href":"https:\/\/healthyhead.dk\/de\/wp-json\/wp\/v2\/product_tag?post=267163"}],"curies":[{"name":"wp","href":"https:\/\/api.w.org\/{rel}","templated":true}]}}