{"id":267167,"date":"2024-12-28T12:31:29","date_gmt":"2024-12-28T12:31:29","guid":{"rendered":"https:\/\/new.healthyhead.dk\/vare\/zao-okologisk-cleansing-micellar-jelly-ansigtsrens-100-ml\/"},"modified":"2025-08-01T11:18:02","modified_gmt":"2025-08-01T11:18:02","slug":"zao-biologische-cleansing-micellar-jelly-gesichtsreiniger","status":"publish","type":"product","link":"https:\/\/healthyhead.dk\/de\/produkt\/zao-biologische-cleansing-micellar-jelly-gesichtsreiniger\/","title":{"rendered":"ZAO, Bio-Cleansing Micellar Jelly, Gesichtsreiniger, 100 ml"},"content":{"rendered":"","protected":false},"excerpt":{"rendered":"<p><img decoding=\"async\" class=\"\" src=\"\/wp-content\/uploads\/2024\/08\/Ingen-kemi.svg\" alt=\"\" width=\"45\" height=\"45\">Keine endokrinen Disruptoren<\/p>\n<p><img decoding=\"async\" class=\"\" src=\"\/wp-content\/uploads\/2024\/08\/Ingen-allergifremkaldende.svg\" alt=\"\" width=\"46\" height=\"46\">Keine allergenen Stoffe<\/p>\n<p><img decoding=\"async\" class=\"\" src=\"\/wp-content\/uploads\/2024\/08\/Ingen-miljoebelastende.svg\" width=\"46\" height=\"46\">Keine umweltsch\u00e4dlichen Stoffe<\/p>\n<p><img loading=\"lazy\" decoding=\"async\" class=\"\" src=\"\/wp-content\/uploads\/2024\/08\/indeholder-parfume.svg\" width=\"46\" height=\"46\">Enth\u00e4lt eine sehr geringe Menge an hypoallergenen und 100% nat\u00fcrlichen Duftstoffen<\/p>\n<p>&nbsp;<\/p>\n[cg_accordion title=\"Beschreibung des Produkts\" open=\"open\"]<\/p>\n<p>Bio-Gesichtsreiniger aus Frankreich von ZAO. Mit seinem angenehmen Vanilleduft befreit dieses Gel die Haut sanft von Make-up und Unreinheiten. Es hinterl\u00e4sst ein frisches Finish und eine klarere Haut. Dank beruhigender Inhaltsstoffe wie Bio-Bambusbl\u00fctenwasser, weichmachender Inhaltsstoffe wie Bio-Aloe Vera und straffender Inhaltsstoffe wie Bio-Hamamelisbl\u00fctenwasser ist es ideal f\u00fcr alle Hauttypen, selbst f\u00fcr die empfindlichsten. ZAO Organic Cleansing Micellar Jelly ist selbstverst\u00e4ndlich bio-zertifiziert und vegan und besteht aus 100% nat\u00fcrlichen Inhaltsstoffen.    <\/p>\n<ul>\n<li data-iconic-wlv-term-label=\"ZAO Ansigtscreme\">Hat einen <strong>sanften Vanilleduft <\/strong> <\/li>\n<li data-iconic-wlv-term-label=\"ZAO Ansigtscreme\"><strong>Entfernt sanft Make-up<\/strong> und Unreinheiten von der Haut<\/li>\n<li data-iconic-wlv-term-label=\"ZAO Ansigtscreme\">Ideal f\u00fcr alle Hauttypen, auch f\u00fcr die <strong>empfindlichste <\/strong> <\/li>\n<li data-iconic-wlv-term-label=\"ZAO Ansigtscreme\">Enth\u00e4lt <strong>Bio-Bambusbl\u00fctenwasser<\/strong>, das eine <strong>beruhigende Wirkung <\/strong>auf die Haut hat<\/li>\n<li data-iconic-wlv-term-label=\"ZAO Ansigtscreme\"><strong>Bio-Aloe Vera<\/strong>, die <strong>die Haut geschmeidig macht<\/strong><\/li>\n<li data-iconic-wlv-term-label=\"ZAO Ansigtscreme\"><strong>Bio-Hamamelisbl\u00fctenwasser<\/strong>, das <strong>die Haut strafft<\/strong><\/li>\n<\/ul>\n<p><img loading=\"lazy\" decoding=\"async\" class=\"alignnone size-full wp-image-8916\" src=\"\/wp-content\/uploads\/2024\/08\/zao-certificeringer.jpg\" alt=\"\" width=\"479\" height=\"93\" srcset=\"https:\/\/i0.wp.com\/healthyhead.dk\/wp-content\/uploads\/2024\/08\/zao-certificeringer.jpg?w=479&amp;ssl=1 479w, https:\/\/i0.wp.com\/healthyhead.dk\/wp-content\/uploads\/2024\/08\/zao-certificeringer.jpg?resize=300%2C58&amp;ssl=1 300w, https:\/\/i0.wp.com\/healthyhead.dk\/wp-content\/uploads\/2024\/08\/zao-certificeringer.jpg?resize=441%2C86&amp;ssl=1 441w, https:\/\/i0.wp.com\/healthyhead.dk\/wp-content\/uploads\/2024\/08\/zao-certificeringer.jpg?resize=150%2C29&amp;ssl=1 150w\" sizes=\"(max-width: 479px) 100vw, 479px\" \/><br \/>\n[\/cg_accordion]\n[cg_accordion title=\"Tipps f\u00fcr die Verwendung\"]\n<ul>\n<li style=\"list-style-type: none;\">\n<ul>\n<li>Geben Sie eine kleine Menge Cleansing Micellar Jelly auf ein Wattepad und waschen Sie damit sanft Ihr gesamtes Gesicht,<\/li>\n<li>Alternativ k\u00f6nnen Sie auch eine kleine Menge in die zuvor mit Wasser angefeuchteten H\u00e4nde nehmen, in kreisenden Bewegungen emulgieren und anschlie\u00dfend absp\u00fclen.<\/li>\n<li>T\u00e4glich, jede Nacht verwenden<\/li>\n<\/ul>\n<\/li>\n<\/ul>\n<p>[\/cg_accordion][cg_accordion title=\"Inhaltsstoffe\"]<\/p>\n<p><strong>Bio-Bambusbl\u00fctenwasser<\/strong><\/p>\n<p>Das beruhigende und reinigende Bambusbl\u00fctenwasser spendet der Haut intensive Feuchtigkeit und mattiert gleichzeitig jeglichen Glanz. Sein Reichtum an organischer Kiesels\u00e4ure hinterl\u00e4sst einen weichen, seidigen Film, der die Haut beruhigt und samtig weich macht. <\/p>\n<p><strong>Bio-Aloe-Vera<\/strong><\/p>\n<p>Aloe Vera ist bekannt f\u00fcr ihre lindernden und beruhigenden Eigenschaften und repariert und beruhigt selbst die empfindlichste Haut. Mit einem pH-Wert, der dem pH-Wert der Haut von 4,5 nahe kommt, ist sie ein hervorragender Feuchtigkeitsspender, der die Elastizit\u00e4t f\u00f6rdert und der Hautalterung vorbeugt. <\/p>\n<p><strong>Bio-Hamamelisbl\u00fctenwasser<\/strong><\/p>\n<p>Dieses Wasser wird aus den Bl\u00e4ttern und Bl\u00fcten der Zaubernuss destilliert, einem Strauch, der in den W\u00e4ldern von Quebec und im Nordosten der Vereinigten Staaten verbreitet ist. Es wirkt adstringierend, reinigend und straffend und hilft, die Hautporen zu verengen. Es ist ideal f\u00fcr empfindliche Haut, denn es beruhigt und lindert Hautreizungen.  <\/p>\n<p><b>INCI-Liste: <\/b>Aqua (Water)Helianthus Annuus (Sunflower) Hybrid Oil [1]Phyllostachys Prominens Leaf Water [1]KaolinButyrospermum Parkii (Shea) Butter [1]Glyceryl Stearate CitrateGlyceryl BehenateCetyl AlcoholGlycerinPerfume (Fragrance)Lactic AcidOlea Europaea (Olive) Seed PowderIllitePyrus Malus Fruit ExtractHelianthus Annuus (Sunflower) Seed OilTocopherolSodium LevulinateXanthan GumCitric AcidGlyceryl CaprylateLevulinic AcidSodium HydroxideSodium AnisateCi 77491 (Iron Oxide)Sodium Citrate<\/p>\n<p>&nbsp;<\/p>\n<p>[\/cg_accordion]<\/p>\n","protected":false},"featured_media":258626,"template":"","meta":{"_acf_changed":false},"product_brand":[564],"product_cat":[784],"product_tag":[],"class_list":{"0":"post-267167","1":"product","2":"type-product","3":"status-publish","4":"has-post-thumbnail","6":"product_brand-zao","7":"product_cat-gesichtsreiniger","9":"first","10":"instock","11":"taxable","12":"shipping-taxable","13":"purchasable","14":"product-type-simple"},"acf":[],"_links":{"self":[{"href":"https:\/\/healthyhead.dk\/de\/wp-json\/wp\/v2\/product\/267167","targetHints":{"allow":["GET"]}}],"collection":[{"href":"https:\/\/healthyhead.dk\/de\/wp-json\/wp\/v2\/product"}],"about":[{"href":"https:\/\/healthyhead.dk\/de\/wp-json\/wp\/v2\/types\/product"}],"version-history":[{"count":0,"href":"https:\/\/healthyhead.dk\/de\/wp-json\/wp\/v2\/product\/267167\/revisions"}],"wp:featuredmedia":[{"embeddable":true,"href":"https:\/\/healthyhead.dk\/de\/wp-json\/wp\/v2\/media\/258626"}],"wp:attachment":[{"href":"https:\/\/healthyhead.dk\/de\/wp-json\/wp\/v2\/media?parent=267167"}],"wp:term":[{"taxonomy":"product_brand","embeddable":true,"href":"https:\/\/healthyhead.dk\/de\/wp-json\/wp\/v2\/product_brand?post=267167"},{"taxonomy":"product_cat","embeddable":true,"href":"https:\/\/healthyhead.dk\/de\/wp-json\/wp\/v2\/product_cat?post=267167"},{"taxonomy":"product_tag","embeddable":true,"href":"https:\/\/healthyhead.dk\/de\/wp-json\/wp\/v2\/product_tag?post=267167"}],"curies":[{"name":"wp","href":"https:\/\/api.w.org\/{rel}","templated":true}]}}