{"id":267171,"date":"2024-11-17T15:58:20","date_gmt":"2024-11-17T15:58:20","guid":{"rendered":"https:\/\/new.healthyhead.dk\/vare\/zao-bambus-box-til-refill-makeup-x-large\/"},"modified":"2025-07-18T11:00:16","modified_gmt":"2025-07-18T11:00:16","slug":"zao-bambus-box-zum-nachfullen-schminke-x-gross","status":"publish","type":"product","link":"https:\/\/healthyhead.dk\/de\/produkt\/zao-bambus-box-zum-nachfullen-schminke-x-gross\/","title":{"rendered":"ZAO, Bambus-Box f\u00fcr Make-up-Minen, x-gro\u00df"},"content":{"rendered":"","protected":false},"excerpt":{"rendered":"<p><img decoding=\"async\" class=\"alignnone wp-image-9499\" src=\"\/wp-content\/uploads\/2024\/09\/Miljoevenligt-bambus-ikon.svg\" alt=\"\" width=\"46\" height=\"46\" srcset=\"https:\/\/healthyhead.dk\/wp-content\/uploads\/Miljoevenligt-bambus-ikon.svg 150w, https:\/\/healthyhead.dk\/wp-content\/uploads\/Miljoevenligt-bambus-ikon.svg 300w, https:\/\/healthyhead.dk\/wp-content\/uploads\/Miljoevenligt-bambus-ikon.svg 768w, https:\/\/healthyhead.dk\/wp-content\/uploads\/Miljoevenligt-bambus-ikon.svg 1024w, https:\/\/healthyhead.dk\/wp-content\/uploads\/Miljoevenligt-bambus-ikon.svg 250w\" sizes=\"(max-width: 46px) 100vw, 46px\" \/>Umweltfreundlicher Bambus<\/p>\n<p>&nbsp;<\/p>\n[cg_accordion title=\"Beschreibung\" open=\"open\"]<\/p>\n<p>&nbsp;<\/p>\n<p><span style=\"font-weight: 400;\">Mit der ZAO Bamboo Box kannst du dir deine eigene Make-up-Palette aus Puder und Lidschatten mit Nachf\u00fcllpackungen zusammenstellen. Das spart Geld f\u00fcr die Produkte und schont die Umwelt durch unn\u00f6tige Verpackungen. Der magnetische Boden der Palette erm\u00f6glicht es, alle Nachf\u00fcllprodukte direkt in der Box zu organisieren. Sie k\u00f6nnen sie f\u00fcr Lidschatten, Rouge, Puder, Glanzpuder und Augenbrauenpuder verwenden.     <\/span><\/p>\n<ul>\n<li style=\"font-weight: 400;\" aria-level=\"1\"><strong>Stellen Sie Ihre eigene Make-up-Palette<\/strong> mit Puder- und Lidschatten-\/Augenbrauenpuder-Nachf\u00fcllungen <strong>zusammen<\/strong> <\/li>\n<li aria-level=\"1\"><strong>Sparen Sie Geld<\/strong> f\u00fcr Produkte und <strong>die Umwelt durch unn\u00f6tige Verpackungen<\/strong><\/li>\n<li aria-level=\"1\"><span style=\"font-weight: 400;\">Der <strong>magnetische Boden der<\/strong> Palette erm\u00f6glicht es Ihnen, <strong>alle Nachf\u00fcllprodukte direkt in der Box anzuordnen<\/strong><\/span><\/li>\n<li aria-level=\"1\">Hergestellt aus <strong>schnell wachsendem, umweltfreundlichem Bambus<\/strong>, der CO2 absorbiert und speichert<\/li>\n<\/ul>\n<p>[\/cg_accordion]\n","protected":false},"featured_media":257566,"template":"","meta":{"_acf_changed":false},"product_brand":[564],"product_cat":[861],"product_tag":[],"class_list":{"0":"post-267171","1":"product","2":"type-product","3":"status-publish","4":"has-post-thumbnail","6":"product_brand-zao","7":"product_cat-bambusboxen-make-up","9":"first","10":"instock","11":"taxable","12":"shipping-taxable","13":"purchasable","14":"product-type-simple"},"acf":[],"_links":{"self":[{"href":"https:\/\/healthyhead.dk\/de\/wp-json\/wp\/v2\/product\/267171","targetHints":{"allow":["GET"]}}],"collection":[{"href":"https:\/\/healthyhead.dk\/de\/wp-json\/wp\/v2\/product"}],"about":[{"href":"https:\/\/healthyhead.dk\/de\/wp-json\/wp\/v2\/types\/product"}],"version-history":[{"count":0,"href":"https:\/\/healthyhead.dk\/de\/wp-json\/wp\/v2\/product\/267171\/revisions"}],"wp:featuredmedia":[{"embeddable":true,"href":"https:\/\/healthyhead.dk\/de\/wp-json\/wp\/v2\/media\/257566"}],"wp:attachment":[{"href":"https:\/\/healthyhead.dk\/de\/wp-json\/wp\/v2\/media?parent=267171"}],"wp:term":[{"taxonomy":"product_brand","embeddable":true,"href":"https:\/\/healthyhead.dk\/de\/wp-json\/wp\/v2\/product_brand?post=267171"},{"taxonomy":"product_cat","embeddable":true,"href":"https:\/\/healthyhead.dk\/de\/wp-json\/wp\/v2\/product_cat?post=267171"},{"taxonomy":"product_tag","embeddable":true,"href":"https:\/\/healthyhead.dk\/de\/wp-json\/wp\/v2\/product_tag?post=267171"}],"curies":[{"name":"wp","href":"https:\/\/api.w.org\/{rel}","templated":true}]}}