{"id":267179,"date":"2024-11-17T13:15:06","date_gmt":"2024-11-17T13:15:06","guid":{"rendered":"https:\/\/new.healthyhead.dk\/vare\/zao-bambus-box-til-ojenskyggerojenbrynspudder-x-small\/"},"modified":"2025-10-19T17:51:53","modified_gmt":"2025-10-19T17:51:53","slug":"zao-bambus-box-fuer-lidschatten-augenbrauenpuder-x-klein","status":"publish","type":"product","link":"https:\/\/healthyhead.dk\/de\/produkt\/zao-bambus-box-fuer-lidschatten-augenbrauenpuder-x-klein\/","title":{"rendered":"ZAO, Bambus-Box, f\u00fcr Lidschatten\/Augenbrauenpuder, x-klein"},"content":{"rendered":"","protected":false},"excerpt":{"rendered":"<p><img decoding=\"async\" class=\"alignnone wp-image-9499\" src=\"\/wp-content\/uploads\/2024\/09\/Miljoevenligt-bambus-ikon.svg\" alt=\"\" width=\"46\" height=\"46\" srcset=\"https:\/\/healthyhead.dk\/wp-content\/uploads\/Miljoevenligt-bambus-ikon.svg 150w, https:\/\/healthyhead.dk\/wp-content\/uploads\/Miljoevenligt-bambus-ikon.svg 300w, https:\/\/healthyhead.dk\/wp-content\/uploads\/Miljoevenligt-bambus-ikon.svg 768w, https:\/\/healthyhead.dk\/wp-content\/uploads\/Miljoevenligt-bambus-ikon.svg 1024w, https:\/\/healthyhead.dk\/wp-content\/uploads\/Miljoevenligt-bambus-ikon.svg 250w\" sizes=\"(max-width: 46px) 100vw, 46px\" \/>Umweltfreundlicher Bambus<\/p>\n<p>&nbsp;<\/p>\n[cg_accordion title=\"Beschreibung\" open=\"open\"]<\/p>\n<p>&nbsp;<\/p>\n<p><span style=\"font-weight: 400;\">Bambusdose von ZAO f\u00fcr Lidschatten oder Augenbrauenpuder. Sie fasst 2 der l\u00e4nglichen Lidschatten oder Augenbrauenpuder, die als Nachf\u00fcllpackungen gekauft werden k\u00f6nnen. Hergestellt aus schnell wachsendem, umweltfreundlichem Bambus, der CO2 absorbiert und speichert.    <\/span><\/p>\n<ul>\n<li style=\"font-weight: 400;\" aria-level=\"1\">Bambusdose f\u00fcr <strong>Lidschatten<\/strong> oder <strong>Augenbrauenpuder<\/strong><\/li>\n<li aria-level=\"1\">Platz f\u00fcr <strong>2 Nachf\u00fcllungen<\/strong><\/li>\n<li aria-level=\"1\">Hergestellt aus <strong>schnell wachsendem, umweltfreundlichem Bambus<\/strong>, der CO2 absorbiert und speichert<\/li>\n<\/ul>\n<p>[\/cg_accordion]\n","protected":false},"featured_media":257582,"template":"","meta":{"_acf_changed":false},"product_brand":[564],"product_cat":[861],"product_tag":[],"class_list":{"0":"post-267179","1":"product","2":"type-product","3":"status-publish","4":"has-post-thumbnail","6":"product_brand-zao","7":"product_cat-bambusboxen-make-up","9":"first","10":"outofstock","11":"taxable","12":"shipping-taxable","13":"purchasable","14":"product-type-simple"},"acf":[],"_links":{"self":[{"href":"https:\/\/healthyhead.dk\/de\/wp-json\/wp\/v2\/product\/267179","targetHints":{"allow":["GET"]}}],"collection":[{"href":"https:\/\/healthyhead.dk\/de\/wp-json\/wp\/v2\/product"}],"about":[{"href":"https:\/\/healthyhead.dk\/de\/wp-json\/wp\/v2\/types\/product"}],"version-history":[{"count":0,"href":"https:\/\/healthyhead.dk\/de\/wp-json\/wp\/v2\/product\/267179\/revisions"}],"wp:featuredmedia":[{"embeddable":true,"href":"https:\/\/healthyhead.dk\/de\/wp-json\/wp\/v2\/media\/257582"}],"wp:attachment":[{"href":"https:\/\/healthyhead.dk\/de\/wp-json\/wp\/v2\/media?parent=267179"}],"wp:term":[{"taxonomy":"product_brand","embeddable":true,"href":"https:\/\/healthyhead.dk\/de\/wp-json\/wp\/v2\/product_brand?post=267179"},{"taxonomy":"product_cat","embeddable":true,"href":"https:\/\/healthyhead.dk\/de\/wp-json\/wp\/v2\/product_cat?post=267179"},{"taxonomy":"product_tag","embeddable":true,"href":"https:\/\/healthyhead.dk\/de\/wp-json\/wp\/v2\/product_tag?post=267179"}],"curies":[{"name":"wp","href":"https:\/\/api.w.org\/{rel}","templated":true}]}}