{"id":267270,"date":"2024-10-12T14:02:23","date_gmt":"2024-10-12T14:02:23","guid":{"rendered":"https:\/\/new.healthyhead.dk\/vare\/zao-okologisk-compact-blush-9-g\/"},"modified":"2025-08-01T11:27:47","modified_gmt":"2025-08-01T11:27:47","slug":"zao-biologischer-compact-blush","status":"publish","type":"product","link":"https:\/\/healthyhead.dk\/de\/produkt\/zao-biologischer-compact-blush\/","title":{"rendered":"ZAO, Bio-Compact Blush, 9 g"},"content":{"rendered":"","protected":false},"excerpt":{"rendered":"<p><img decoding=\"async\" class=\"\" src=\"\/wp-content\/uploads\/2024\/08\/Ingen-kemi.svg\" alt=\"\" width=\"45\" height=\"45\">Keine endokrinen Disruptoren<\/p>\n<p><img decoding=\"async\" class=\"\" src=\"\/wp-content\/uploads\/2024\/08\/Ingen-allergifremkaldende.svg\" alt=\"\" width=\"46\" height=\"46\">Keine allergenen Stoffe<\/p>\n<p><img decoding=\"async\" class=\"\" src=\"\/wp-content\/uploads\/2024\/08\/Ingen-miljoebelastende.svg\" width=\"46\" height=\"46\">Keine umweltsch\u00e4dlichen Stoffe<\/p>\n<p><img loading=\"lazy\" decoding=\"async\" class=\"\" src=\"\/wp-content\/uploads\/2024\/08\/indeholder-parfume.svg\" width=\"46\" height=\"46\">Enth\u00e4lt eine sehr geringe Menge an hypoallergenen und 100% nat\u00fcrlichen Duftstoffen<\/p>\n<p>&nbsp;<\/p>\n[cg_accordion title=\"Beschreibung des Produkts\" open=\"open\"]<\/p>\n<p>Bio- und vegan-zertifiziertes Compact Blush von ZAO aus Frankreich. Mit ZAO Compact Blush k\u00f6nnen Sie Ihren Wangen den letzten Schliff f\u00fcr ein sch\u00f6nes Make-up geben. Dieses Rouge verleiht einen nat\u00fcrlichen und raffinierten Look. Es enth\u00e4lt n\u00e4hrende Inhaltsstoffe wie Bio-Shea- und Kakaobutter, die der Haut Feuchtigkeit spenden und sie sch\u00fctzen.   <\/p>\n<ul>\n<li><b>Bio- und vegan-zertifiziertes<\/b> Rouge<\/li>\n<li>Angereichert mit <b>Bio-Shea- und Kakaobutter<\/b>, die die Haut mit Feuchtigkeit versorgt und sch\u00fctzt<\/li>\n<li>Frei von gef\u00e4hrlichen Chemikalien<\/li>\n<li>M\u00f6glichkeit des <b>Nachf\u00fcllens mit einer Nachf\u00fcllpackung<\/b><\/li>\n<\/ul>\n<p><img loading=\"lazy\" decoding=\"async\" class=\"alignnone size-full wp-image-8916\" src=\"\/wp-content\/uploads\/2024\/08\/zao-certificeringer.jpg\" alt=\"\" width=\"479\" height=\"93\" srcset=\"https:\/\/i0.wp.com\/healthyhead.dk\/wp-content\/uploads\/2024\/08\/zao-certificeringer.jpg?w=479&amp;ssl=1 479w, https:\/\/i0.wp.com\/healthyhead.dk\/wp-content\/uploads\/2024\/08\/zao-certificeringer.jpg?resize=300%2C58&amp;ssl=1 300w, https:\/\/i0.wp.com\/healthyhead.dk\/wp-content\/uploads\/2024\/08\/zao-certificeringer.jpg?resize=441%2C86&amp;ssl=1 441w, https:\/\/i0.wp.com\/healthyhead.dk\/wp-content\/uploads\/2024\/08\/zao-certificeringer.jpg?resize=150%2C29&amp;ssl=1 150w\" sizes=\"(max-width: 479px) 100vw, 479px\" \/><br \/>\n[\/cg_accordion]\n[cg_accordion title=\"Tipps f\u00fcr die Verwendung\"]<\/p>\n<p>Tragen Sie den Rougepinsel auf. Beginnen Sie unter dem Wangenknochen in der N\u00e4he des Ohrs und bewegen Sie sich zur Mitte des Gesichts.<\/p>\n<p>[\/cg_accordion]\n[cg_accordion title=\"Inhaltsstoffe\"]<\/p>\n<p><b>Kieselerde<\/b><\/p>\n<p>Das Mineral Silica ist f\u00fcr seine einzigartige Absorptionsf\u00e4higkeit bekannt und tr\u00e4gt zur Regeneration des Talgs und zur Feuchtigkeitsversorgung der Haut bei. Kieselerde verleiht der Haut ein mattes und samtiges Gef\u00fchl und gl\u00e4ttet Falten und Unebenheiten. <\/p>\n<p><b>Bambus-Pulver<\/b><\/p>\n<p>Wei\u00dfe Substanz, die aus Bambusrohren gewonnen wird. Dank ihres hohen Kiesels\u00e4uregehalts remineralisiert sie, spendet Feuchtigkeit und tr\u00e4gt zur Regeneration Ihrer Haut bei, w\u00e4hrend sie bei Mischhaut und fettiger Haut den Glanz reduziert. <\/p>\n<p><b>Bio-Sheabutter<\/b><\/p>\n<p>Sheabutter wird aus der Sheanuss gewonnen, einem Baum, der nur in den Savannen Westafrikas wild w\u00e4chst. Ihre Zusammensetzung, die reich an Fetts\u00e4uren ist, verleiht ihr feuchtigkeitsspendende und n\u00e4hrende Eigenschaften. <\/p>\n<p><b>Bio-Kakaobutter<\/b><\/p>\n<p>Kakaobutter sch\u00fctzt die Haut vor \u00e4u\u00dferen Einfl\u00fcssen. Sie hilft, die Feuchtigkeit zu bewahren, da sie den Wasserverlust verlangsamt, indem sie eine Barriere auf der Oberfl\u00e4che der Epidermis bildet. In Afrika wird sie schon seit Jahrhunderten als vorbeugende Pflege verwendet, um die Haut geschmeidig zu halten und um Trockenheit zu behandeln.  <\/p>\n<p><b>INCI-Liste:<\/b> Mica, Zea Mays (Mais)-St\u00e4rke*, Silica, Zinkstearat, Squalan, Parfum (Duft), Tocopherol, Lauroyl Lysin, Butyrospermum Parkii (Shea)-Butter*, Theobroma Cacao (Kakao)-Samenbutter*, Aqua (Wasser), Glycerin, Sodium Anisate, Sodium Levulinate, ci 77820 (silber), theobroma cacao (cocoa) seed extract, bambusa arundinacea stem powder, ilex paraguariensis leaf extract*, maltodextrin, ginkgo biloba leaf extract, haematococcus pluvialis extract, alcohol, maris aqua (Meerwasser). Kann enthalten +\/-: ci 77891 (Titandioxid), ci 77491 (Eisenoxide), ci 77492 (Eisenoxide), ci 77499 (Eisenoxide), ci 77007 (Ultramarin), ci 77742 (Manganviolett). * Zutaten aus biologischem Anbau.  <\/p>\n<p>[\/cg_accordion]\n<p>&nbsp;<\/p>\n","protected":false},"featured_media":255986,"template":"","meta":{"_acf_changed":false},"product_brand":[564],"product_cat":[619],"product_tag":[],"class_list":{"0":"post-267270","1":"product","2":"type-product","3":"status-publish","4":"has-post-thumbnail","6":"product_brand-zao","7":"product_cat-blush","9":"first","10":"instock","11":"taxable","12":"shipping-taxable","13":"purchasable","14":"product-type-variable"},"acf":[],"_links":{"self":[{"href":"https:\/\/healthyhead.dk\/de\/wp-json\/wp\/v2\/product\/267270","targetHints":{"allow":["GET"]}}],"collection":[{"href":"https:\/\/healthyhead.dk\/de\/wp-json\/wp\/v2\/product"}],"about":[{"href":"https:\/\/healthyhead.dk\/de\/wp-json\/wp\/v2\/types\/product"}],"version-history":[{"count":0,"href":"https:\/\/healthyhead.dk\/de\/wp-json\/wp\/v2\/product\/267270\/revisions"}],"wp:featuredmedia":[{"embeddable":true,"href":"https:\/\/healthyhead.dk\/de\/wp-json\/wp\/v2\/media\/255986"}],"wp:attachment":[{"href":"https:\/\/healthyhead.dk\/de\/wp-json\/wp\/v2\/media?parent=267270"}],"wp:term":[{"taxonomy":"product_brand","embeddable":true,"href":"https:\/\/healthyhead.dk\/de\/wp-json\/wp\/v2\/product_brand?post=267270"},{"taxonomy":"product_cat","embeddable":true,"href":"https:\/\/healthyhead.dk\/de\/wp-json\/wp\/v2\/product_cat?post=267270"},{"taxonomy":"product_tag","embeddable":true,"href":"https:\/\/healthyhead.dk\/de\/wp-json\/wp\/v2\/product_tag?post=267270"}],"curies":[{"name":"wp","href":"https:\/\/api.w.org\/{rel}","templated":true}]}}