{"id":267329,"date":"2024-12-14T15:14:49","date_gmt":"2024-12-14T15:14:49","guid":{"rendered":"https:\/\/new.healthyhead.dk\/vare\/zao-okologisk-blush-stick-refill-10-g\/"},"modified":"2025-08-01T11:14:05","modified_gmt":"2025-08-01T11:14:05","slug":"zao-biologischer-blush-stick-nachfuellpackung","status":"publish","type":"product","link":"https:\/\/healthyhead.dk\/de\/produkt\/zao-biologischer-blush-stick-nachfuellpackung\/","title":{"rendered":"ZAO, Bio-Blush Stick, Nachf\u00fcllpackung, 10 g"},"content":{"rendered":"","protected":false},"excerpt":{"rendered":"<p><img decoding=\"async\" class=\"\" src=\"\/wp-content\/uploads\/2024\/08\/Ingen-kemi.svg\" alt=\"\" width=\"45\" height=\"45\">Keine endokrinen Disruptoren<\/p>\n<p><img decoding=\"async\" class=\"\" src=\"\/wp-content\/uploads\/2024\/08\/Ingen-allergifremkaldende.svg\" alt=\"\" width=\"46\" height=\"46\">Keine allergenen Stoffe<\/p>\n<p><img decoding=\"async\" class=\"\" src=\"\/wp-content\/uploads\/2024\/08\/Ingen-miljoebelastende.svg\" width=\"46\" height=\"46\">Keine umweltsch\u00e4dlichen Stoffe<\/p>\n<p><img loading=\"lazy\" decoding=\"async\" class=\"\" src=\"\/wp-content\/uploads\/2024\/08\/indeholder-parfume.svg\" width=\"46\" height=\"46\">Enth\u00e4lt eine sehr geringe Menge an hypoallergenen und 100% nat\u00fcrlichen Duftstoffen<\/p>\n<p>&nbsp;<\/p>\n[cg_accordion title=\"Beschreibung des Produkts\" open=\"open\"]<\/p>\n<p>Nachf\u00fcllpackung f\u00fcr Rouge in Stiftform. Wenn Sie Ihren Rouge-Stift nachf\u00fcllen, k\u00f6nnen Sie Geld und die Umwelt vor unn\u00f6tigen Verpackungen sch\u00fctzen. <\/p>\n<p><img loading=\"lazy\" decoding=\"async\" class=\"alignnone size-full wp-image-8916\" src=\"\/wp-content\/uploads\/2024\/08\/zao-certificeringer.jpg\" alt=\"\" width=\"479\" height=\"93\" srcset=\"https:\/\/i0.wp.com\/healthyhead.dk\/wp-content\/uploads\/2024\/08\/zao-certificeringer.jpg?w=479&amp;ssl=1 479w, https:\/\/i0.wp.com\/healthyhead.dk\/wp-content\/uploads\/2024\/08\/zao-certificeringer.jpg?resize=300%2C58&amp;ssl=1 300w, https:\/\/i0.wp.com\/healthyhead.dk\/wp-content\/uploads\/2024\/08\/zao-certificeringer.jpg?resize=441%2C86&amp;ssl=1 441w, https:\/\/i0.wp.com\/healthyhead.dk\/wp-content\/uploads\/2024\/08\/zao-certificeringer.jpg?resize=150%2C29&amp;ssl=1 150w\" sizes=\"(max-width: 479px) 100vw, 479px\" \/><br \/>\n[\/cg_accordion]\n[cg_accordion title=\"Tipps f\u00fcr die Verwendung\"]<\/p>\n<ul>\n<li>Tragen Sie das Produkt mit einem Pinsel, einem Schw\u00e4mmchen oder den Fingerspitzen auf, um ein nat\u00fcrliches Ergebnis zu erzielen, das Sie leicht ausbauen k\u00f6nnen.<\/li>\n<li>F\u00fcr ein noch intensiveres Ergebnis k\u00f6nnen Sie den Stick direkt auf die Haut auftragen.<\/li>\n<li>Um den Look zu vervollst\u00e4ndigen, k\u00f6nnen Sie auch einen Rouge-Stift auf den Lippen verwenden. Beenden Sie den Look mit einem Lipgloss f\u00fcr ein gl\u00e4nzenderes Ergebnis. <\/li>\n<\/ul>\n<p>[\/cg_accordion]\n[cg_accordion title=\"Inhaltsstoffe\"]<\/p>\n<p><b>Biologisches Rizinus\u00f6l<\/b>: Dieses \u00d6l beruhigt empfindliche, zu Unwohlsein neigende Haut durch seine weichmachende und reparierende Wirkung. Die darin enthaltene Ricinols\u00e4ure hemmt bekannterma\u00dfen das Wachstum von Mikroben und verleiht dem Rizinus\u00f6l eine reinigende Wirkung. <\/p>\n<p><b>Bio-Jojoba\u00f6l:<\/b> Beruhigend und weichmachend, zieht dieses \u00d6l leicht in die Haut ein, ohne ein fettiges Gef\u00fchl zu hinterlassen. Es sch\u00fctzt die Haut vor Austrocknung und F\u00e4ltchen. Dank seiner trockenen Textur und seiner urspr\u00fcnglichen Zusammensetzung kann es den Hydrolipidfilm der Haut st\u00e4rken und die Talgproduktion bei fettiger Haut regulieren.  <\/p>\n<p><b>Bio-Carnaubawachs:<\/b> Dieses Wachs, das aus den Bl\u00e4ttern einer in Brasilien beheimateten Palme gewonnen wird, ist ein filmbildendes Mittel, das Ihre Haut sch\u00fctzt, indem es einen durchgehenden Film bildet und die Haltbarkeit des Make-ups verbessert.<\/p>\n<p><b>INCI-Liste:<\/b> Heptyl Undecylenate, Ricinus Communis (Castor) Seed Oil*, Simmondsia Chinensis (Jojoba) Seed Oil*, Mica, Copernicia Cerifera (Carnauba) Wax*, Hydroxystearic\/linolenic\/oleic Polyglycerides, Hydrogenated Jojoba Oil, Silica, Tribehenin, Euphorbia Cerifera (Candelilla) Cera, Parfum (Parf\u00fcm), Helianthus Annuus (Sunflower) Seed Oil*, Lecithin, Tocopherol, Bambusa Arundinacea (Bamboo) Stem Extract*, Ascorbyl Palmitate, Citric Acid. Kann enthalten (+\/-): Ci 77891 (Titanium Dioxide), Ci 77742 (Manganese Violet), Ci 77491 (Iron Oxides), Ci 77499 (Iron Oxides). *Inhaltsstoffe aus biologischem Anbau.  <\/p>\n<p>[\/cg_accordion]\n<p>&nbsp;<\/p>\n","protected":false},"featured_media":258982,"template":"","meta":{"_acf_changed":false},"product_brand":[564],"product_cat":[619],"product_tag":[],"class_list":{"0":"post-267329","1":"product","2":"type-product","3":"status-publish","4":"has-post-thumbnail","6":"product_brand-zao","7":"product_cat-blush","9":"first","10":"instock","11":"taxable","12":"shipping-taxable","13":"purchasable","14":"product-type-variable"},"acf":[],"_links":{"self":[{"href":"https:\/\/healthyhead.dk\/de\/wp-json\/wp\/v2\/product\/267329","targetHints":{"allow":["GET"]}}],"collection":[{"href":"https:\/\/healthyhead.dk\/de\/wp-json\/wp\/v2\/product"}],"about":[{"href":"https:\/\/healthyhead.dk\/de\/wp-json\/wp\/v2\/types\/product"}],"version-history":[{"count":0,"href":"https:\/\/healthyhead.dk\/de\/wp-json\/wp\/v2\/product\/267329\/revisions"}],"wp:featuredmedia":[{"embeddable":true,"href":"https:\/\/healthyhead.dk\/de\/wp-json\/wp\/v2\/media\/258982"}],"wp:attachment":[{"href":"https:\/\/healthyhead.dk\/de\/wp-json\/wp\/v2\/media?parent=267329"}],"wp:term":[{"taxonomy":"product_brand","embeddable":true,"href":"https:\/\/healthyhead.dk\/de\/wp-json\/wp\/v2\/product_brand?post=267329"},{"taxonomy":"product_cat","embeddable":true,"href":"https:\/\/healthyhead.dk\/de\/wp-json\/wp\/v2\/product_cat?post=267329"},{"taxonomy":"product_tag","embeddable":true,"href":"https:\/\/healthyhead.dk\/de\/wp-json\/wp\/v2\/product_tag?post=267329"}],"curies":[{"name":"wp","href":"https:\/\/api.w.org\/{rel}","templated":true}]}}