{"id":267339,"date":"2024-12-11T13:10:06","date_gmt":"2024-12-11T13:10:06","guid":{"rendered":"https:\/\/new.healthyhead.dk\/vare\/zao-bamboo-blush-brush-makeupborste-703\/"},"modified":"2025-07-31T08:13:32","modified_gmt":"2025-07-31T08:13:32","slug":"zao-bamboo-blush-brush-make-up-pinsel-703","status":"publish","type":"product","link":"https:\/\/healthyhead.dk\/de\/produkt\/zao-bamboo-blush-brush-make-up-pinsel-703\/","title":{"rendered":"ZAO, Bamboo Blush Brush, Make-up-Pinsel, 703"},"content":{"rendered":"","protected":false},"excerpt":{"rendered":"<p><img decoding=\"async\" class=\"\" src=\"\/wp-content\/uploads\/2024\/09\/Miljoevenligt-bambus-ikon.svg\" alt=\"Umweltfreundlicher Bambus\" width=\"45\" height=\"45\">Umweltfreundlicher Bambus<\/p>\n<p>&nbsp;<\/p>\n[cg_accordion title=\"Beschreibung\" open=\"open\"]<\/p>\n<p>Make-up-Pinsel von ZAO mit einem umweltfreundlichen Bambusgriff, der zum \u00fcbrigen ZAO-Sortiment passt. Perfekter Pinsel zum Auftragen von Rouge. Der Pinsel verteilt den Puder in einer gleichm\u00e4\u00dfigen Schicht auf den Wangenknochen. Wie alle anderen Produkte von ZAO ist auch dieser Pinsel vegan zertifiziert.   <\/p>\n<ul>\n<li>Perfekt f\u00fcr die Anwendung von <strong>Rouge<\/strong><\/li>\n<li>Vegan zertifiziert<\/li>\n<\/ul>\n<p>&nbsp;<\/p>\n<p>[\/cg_accordion]\n<p>&nbsp;<\/p>\n","protected":false},"featured_media":259058,"template":"","meta":{"_acf_changed":false},"product_brand":[564],"product_cat":[865],"product_tag":[],"class_list":{"0":"post-267339","1":"product","2":"type-product","3":"status-publish","4":"has-post-thumbnail","6":"product_brand-zao","7":"product_cat-make-up-pinsel","9":"first","10":"instock","11":"taxable","12":"shipping-taxable","13":"purchasable","14":"product-type-simple"},"acf":[],"_links":{"self":[{"href":"https:\/\/healthyhead.dk\/de\/wp-json\/wp\/v2\/product\/267339","targetHints":{"allow":["GET"]}}],"collection":[{"href":"https:\/\/healthyhead.dk\/de\/wp-json\/wp\/v2\/product"}],"about":[{"href":"https:\/\/healthyhead.dk\/de\/wp-json\/wp\/v2\/types\/product"}],"version-history":[{"count":0,"href":"https:\/\/healthyhead.dk\/de\/wp-json\/wp\/v2\/product\/267339\/revisions"}],"wp:featuredmedia":[{"embeddable":true,"href":"https:\/\/healthyhead.dk\/de\/wp-json\/wp\/v2\/media\/259058"}],"wp:attachment":[{"href":"https:\/\/healthyhead.dk\/de\/wp-json\/wp\/v2\/media?parent=267339"}],"wp:term":[{"taxonomy":"product_brand","embeddable":true,"href":"https:\/\/healthyhead.dk\/de\/wp-json\/wp\/v2\/product_brand?post=267339"},{"taxonomy":"product_cat","embeddable":true,"href":"https:\/\/healthyhead.dk\/de\/wp-json\/wp\/v2\/product_cat?post=267339"},{"taxonomy":"product_tag","embeddable":true,"href":"https:\/\/healthyhead.dk\/de\/wp-json\/wp\/v2\/product_tag?post=267339"}],"curies":[{"name":"wp","href":"https:\/\/api.w.org\/{rel}","templated":true}]}}