{"id":267414,"date":"2024-08-12T12:20:11","date_gmt":"2024-08-12T12:20:11","guid":{"rendered":"https:\/\/new.healthyhead.dk\/vare\/zao-biobaseret-neglelak-8-ml\/"},"modified":"2025-10-29T17:43:10","modified_gmt":"2025-10-29T17:43:10","slug":"zao-biobasierter-nagellack-8-ml","status":"publish","type":"product","link":"https:\/\/healthyhead.dk\/de\/produkt\/zao-biobasierter-nagellack-8-ml\/","title":{"rendered":"ZAO, Biobasierter Veganer Nagellack, 8 ml"},"content":{"rendered":"","protected":false},"excerpt":{"rendered":"<p><img decoding=\"async\" class=\"\" src=\"\/wp-content\/uploads\/2024\/08\/Ingen-kemi.svg\" alt=\"\" width=\"45\" height=\"45\">Keine endokrinen Disruptoren<\/p>\n<p><img decoding=\"async\" class=\"\" src=\"\/wp-content\/uploads\/2024\/08\/Ingen-allergifremkaldende.svg\" alt=\"\" width=\"46\" height=\"46\">Keine allergenen Stoffe<\/p>\n<p><img decoding=\"async\" class=\"\" src=\"\/wp-content\/uploads\/2024\/08\/Ingen-miljoebelastende.svg\" width=\"46\" height=\"46\">Keine umweltsch\u00e4dlichen Stoffe<\/p>\n<p><img loading=\"lazy\" decoding=\"async\" class=\"\" src=\"\/wp-content\/uploads\/2024\/08\/Ingen-parfume.svg\" width=\"46\" height=\"46\">Kein Parf\u00fcm<\/p>\n<p>&nbsp;<\/p>\n[cg_accordion title=\"Beschreibung\" open=\"open\"]<\/p>\n<p>Biobasierter Nagellack von French ZAO. Erhalten Sie sch\u00f6ne N\u00e4gel ohne Kompromisse bei Qualit\u00e4t, Umwelt oder Gesundheit. <\/p>\n<ul>\n<li>Trocknet schnell und ist <b>lange haltbar<\/b><\/li>\n<li>Hat einen <b>breiten Pinsel<\/b> f\u00fcr einfaches Auftragen<\/li>\n<li>Angereichert mit organischer Kiesels\u00e4ure aus Bambus zur <b>St\u00e4rkung Ihrer N\u00e4gel<\/b><\/li>\n<li>74-84 % der Zutaten sind nat\u00fcrlich (variiert je nach Farbe). Die <b>nat\u00fcrlichen Zutaten<\/b> basieren auf Mais, Kartoffeln, Maniok und Weizen <\/li>\n<li>Frei von sch\u00e4dlichen Inhaltsstoffen (einschlie\u00dflich Phthalaten)<\/li>\n<\/ul>\n<p>[\/cg_accordion]\n[cg_accordion title=\"Tipps f\u00fcr die Verwendung\"]<\/p>\n<ul>\n<li>Tragen Sie zun\u00e4chst eine Schicht Nagellack auf die trockenen und sauberen N\u00e4gel auf.<\/li>\n<li>Tragen Sie eine zweite Schicht Nagellack auf, wenn die erste Schicht trocken ist, wenn Sie einen st\u00e4rkeren Farbeffekt w\u00fcnschen.<\/li>\n<\/ul>\n<p>[\/cg_accordion]\n[cg_accordion title=\"Inhaltsstoffe\"]<\/p>\n<p>Enth\u00e4lt <b>Bambus-Extrakt<\/b>, der von Natur aus reich an <b>organischer Kiesels\u00e4ure<\/b> ist, die die N\u00e4gel h\u00e4rter und widerstandsf\u00e4higer macht.<\/p>\n<p><b>INCI-Liste:<\/b> Butylacetat, Ethylacetat, Nitrocellulose, Isosorbid Dicaprylat\/Caprat, Adipins\u00e4ure\/Neopentylglykol\/Trimellits\u00e4ureanhydrid-Copolymer, Alkohol, Acetyltributylcitrat, Isopropylalkohol, Stearalkonium Bentonit, N-Butylalkohol, Phosphors\u00e4ure, Diacetonalkohol, Helianthus Annuus (Sonnenblume) Seed Oil, Bambusa Vulgaris Leaf\/stem Extract, Silica, Tocopherol, Ci 77266 (Black 2), Ci 74160 (Pigment Blue 15), Ci 15850 (Red 7 Lake), Ci 15880 (Red 34 Lake), Ci 77891 (Titanium Dioxide), Ci 19140 (Yellow 5 Lake).<\/p>\n<p>[\/cg_accordion]\n<p>&nbsp;<\/p>\n","protected":false},"featured_media":253346,"template":"","meta":{"_acf_changed":false},"product_brand":[564],"product_cat":[869],"product_tag":[],"class_list":{"0":"post-267414","1":"product","2":"type-product","3":"status-publish","4":"has-post-thumbnail","6":"product_brand-zao","7":"product_cat-naegel","9":"first","10":"instock","11":"taxable","12":"shipping-taxable","13":"purchasable","14":"product-type-variable","15":"has-default-attributes"},"acf":[],"_links":{"self":[{"href":"https:\/\/healthyhead.dk\/de\/wp-json\/wp\/v2\/product\/267414","targetHints":{"allow":["GET"]}}],"collection":[{"href":"https:\/\/healthyhead.dk\/de\/wp-json\/wp\/v2\/product"}],"about":[{"href":"https:\/\/healthyhead.dk\/de\/wp-json\/wp\/v2\/types\/product"}],"version-history":[{"count":0,"href":"https:\/\/healthyhead.dk\/de\/wp-json\/wp\/v2\/product\/267414\/revisions"}],"wp:featuredmedia":[{"embeddable":true,"href":"https:\/\/healthyhead.dk\/de\/wp-json\/wp\/v2\/media\/253346"}],"wp:attachment":[{"href":"https:\/\/healthyhead.dk\/de\/wp-json\/wp\/v2\/media?parent=267414"}],"wp:term":[{"taxonomy":"product_brand","embeddable":true,"href":"https:\/\/healthyhead.dk\/de\/wp-json\/wp\/v2\/product_brand?post=267414"},{"taxonomy":"product_cat","embeddable":true,"href":"https:\/\/healthyhead.dk\/de\/wp-json\/wp\/v2\/product_cat?post=267414"},{"taxonomy":"product_tag","embeddable":true,"href":"https:\/\/healthyhead.dk\/de\/wp-json\/wp\/v2\/product_tag?post=267414"}],"curies":[{"name":"wp","href":"https:\/\/api.w.org\/{rel}","templated":true}]}}