{"id":267480,"date":"2024-10-29T09:54:08","date_gmt":"2024-10-29T09:54:08","guid":{"rendered":"https:\/\/new.healthyhead.dk\/vare\/zao-naturlig-hardener-635-8-ml\/"},"modified":"2025-07-31T08:59:47","modified_gmt":"2025-07-31T08:59:47","slug":"zao-natuerlicher-nagelhaerter-635-8-ml","status":"publish","type":"product","link":"https:\/\/healthyhead.dk\/de\/produkt\/zao-natuerlicher-nagelhaerter-635-8-ml\/","title":{"rendered":"ZAO, Nat\u00fcrlicher Nagelh\u00e4rter 635, 8 ml"},"content":{"rendered":"","protected":false},"excerpt":{"rendered":"<p><img decoding=\"async\" class=\"\" src=\"\/wp-content\/uploads\/2024\/08\/Ingen-kemi.svg\" alt=\"\" width=\"45\" height=\"45\">Keine endokrinen Disruptoren<\/p>\n<p><img decoding=\"async\" class=\"\" src=\"\/wp-content\/uploads\/2024\/08\/Ingen-allergifremkaldende.svg\" alt=\"\" width=\"46\" height=\"46\">Keine allergenen Stoffe<\/p>\n<p><img decoding=\"async\" class=\"\" src=\"\/wp-content\/uploads\/2024\/08\/Ingen-miljoebelastende.svg\" width=\"46\" height=\"46\">Keine umweltsch\u00e4dlichen Stoffe<\/p>\n<p><img loading=\"lazy\" decoding=\"async\" class=\"\" src=\"\/wp-content\/uploads\/2024\/08\/Ingen-parfume.svg\" width=\"46\" height=\"46\">Kein Parf\u00fcm<\/p>\n<p>&nbsp;<\/p>\n[cg_accordion title=\"Beschreibung\" open=\"open\"]<\/p>\n<p><span style=\"font-weight: 400;\">Nagelverst\u00e4rker auf Biobasis von ZAO. Speziell f\u00fcr br\u00fcchige N\u00e4gel entwickelt. Der nat\u00fcrliche H\u00e4rter pflegt Ihre N\u00e4gel, indem er eine Schutzbarriere bildet. Er ist mit biologischem Bambussiclia angereichert, das Ihren N\u00e4geln Festigkeit verleiht und sie vor dem Splittern bewahrt. Tragen Sie alle drei bis f\u00fcnf Tage eine Schicht auf die N\u00e4gel auf, um die Wirkung aufrechtzuerhalten, als Nagelverst\u00e4rker oder als Unterlack. Hat einen breiten Pinsel f\u00fcr eine einfache Anwendung. Frei von gef\u00e4hrlichen Chemikalien.      <\/span><\/p>\n<ul>\n<li style=\"font-weight: 400;\" aria-level=\"1\"><b>Nagelverst\u00e4rker auf Biobasis<\/b><span style=\"font-weight: 400;\"> von ZAO<\/span><\/li>\n<li style=\"font-weight: 400;\" aria-level=\"1\"><span style=\"font-weight: 400;\">Perfekt f\u00fcr <\/span><b>br\u00fcchige N\u00e4gel<\/b><\/li>\n<li style=\"font-weight: 400;\" aria-level=\"1\"><span style=\"font-weight: 400;\">Bildet eine <\/span><b>sch\u00fctzende Barriere<\/b><span style=\"font-weight: 400;\"> <\/span><\/li>\n<li style=\"font-weight: 400;\" aria-level=\"1\"><span style=\"font-weight: 400;\">Organische Kiesels\u00e4ure aus Bambus <\/span><b>St\u00e4rkt die N\u00e4gel<\/b><\/li>\n<li aria-level=\"1\"><span style=\"font-weight: 400;\">Mit<\/span> <span style=\"font-weight: 400;\">breitem Pinsel<\/span><b> zum einfachen Auftragen<\/b> <span style=\"font-weight: 400;\">des Decklacks<\/span><\/li>\n<li aria-level=\"1\"><span style=\"font-weight: 400;\">Basierend auf <\/span><b>nat\u00fcrlichen Inhaltsstoffen<\/b><span style=\"font-weight: 400;\">Frei von riskanter Chemie<\/span><\/li>\n<\/ul>\n<p>[\/cg_accordion]\n[cg_accordion title=\"Tipps f\u00fcr die Verwendung\"]<\/p>\n<ul>\n<li><span style=\"font-weight: 400;\">Tragen Sie alle drei bis f\u00fcnf Tage eine Schicht auf die N\u00e4gel auf, um den Effekt aufrechtzuerhalten, oder verwenden Sie ihn als Unterlack.<\/span><\/li>\n<\/ul>\n<p>[\/cg_accordion]\n[cg_accordion title=\"Inhaltsstoffe\"]<\/p>\n<p>Enth\u00e4lt <b>Bambus-Extrakt<\/b>, der von Natur aus reich an <b>organischer Kiesels\u00e4ure<\/b> ist, die die N\u00e4gel h\u00e4rter und widerstandsf\u00e4higer macht.<\/p>\n<p><b>INCI-Liste: <\/b>Ethylacetat, Butylacetat, Nitrocellulose, Adipins\u00e4ure\/Neopentylglykol\/Trimellits\u00e4ureanhydrid-Copolymer, Isosorbid Dicaprylat\/Caprat, Alkohol, N-Butylalkohol, Persea Gratissima (Avocado) Fruit Extract, Camellia Sinensis Leaf Extract, Zitronens\u00e4ure, Aqua (Wasser), Disodium Edta, Glycerin, Hydrolysed Vegetable Protein Pg-propyl Silanetriol, Methylpropanediol, Methylthiopropylamido Acetyl Methionine, Potassium Sorbate, Helianthus Annuus (Sunflower) Seed Oil, Caprylic\/capric Triglyceride, Trimethylpentanediyl Dibenzoate, Hexanal, Bambusa Vulgaris Sap Extract, Phenoxyethanol, Pistacia Lentiscus (Mastic) Gum, Propylene Glycol, Sodium Benzoate, Spinacia Oleracea (Spinach) Leaf Extract, Tocopherol, Etocrylene, Ci 60725 (Violet 2).<\/p>\n<p>[\/cg_accordion]\n<p>&nbsp;<\/p>\n","protected":false},"featured_media":257310,"template":"","meta":{"_acf_changed":false},"product_brand":[564],"product_cat":[869],"product_tag":[],"class_list":{"0":"post-267480","1":"product","2":"type-product","3":"status-publish","4":"has-post-thumbnail","6":"product_brand-zao","7":"product_cat-naegel","9":"first","10":"instock","11":"taxable","12":"shipping-taxable","13":"purchasable","14":"product-type-simple"},"acf":[],"_links":{"self":[{"href":"https:\/\/healthyhead.dk\/de\/wp-json\/wp\/v2\/product\/267480","targetHints":{"allow":["GET"]}}],"collection":[{"href":"https:\/\/healthyhead.dk\/de\/wp-json\/wp\/v2\/product"}],"about":[{"href":"https:\/\/healthyhead.dk\/de\/wp-json\/wp\/v2\/types\/product"}],"version-history":[{"count":0,"href":"https:\/\/healthyhead.dk\/de\/wp-json\/wp\/v2\/product\/267480\/revisions"}],"wp:featuredmedia":[{"embeddable":true,"href":"https:\/\/healthyhead.dk\/de\/wp-json\/wp\/v2\/media\/257310"}],"wp:attachment":[{"href":"https:\/\/healthyhead.dk\/de\/wp-json\/wp\/v2\/media?parent=267480"}],"wp:term":[{"taxonomy":"product_brand","embeddable":true,"href":"https:\/\/healthyhead.dk\/de\/wp-json\/wp\/v2\/product_brand?post=267480"},{"taxonomy":"product_cat","embeddable":true,"href":"https:\/\/healthyhead.dk\/de\/wp-json\/wp\/v2\/product_cat?post=267480"},{"taxonomy":"product_tag","embeddable":true,"href":"https:\/\/healthyhead.dk\/de\/wp-json\/wp\/v2\/product_tag?post=267480"}],"curies":[{"name":"wp","href":"https:\/\/api.w.org\/{rel}","templated":true}]}}