{"id":267484,"date":"2024-10-29T10:41:58","date_gmt":"2024-10-29T10:41:58","guid":{"rendered":"https:\/\/new.healthyhead.dk\/vare\/zao-naturlig-nail-amp-cuticle-care-634-8-ml\/"},"modified":"2025-07-31T09:14:24","modified_gmt":"2025-07-31T09:14:24","slug":"zao-natuerlicher-nail-cuticle-care-634-8-ml","status":"publish","type":"product","link":"https:\/\/healthyhead.dk\/de\/produkt\/zao-natuerlicher-nail-cuticle-care-634-8-ml\/","title":{"rendered":"ZAO, Nat\u00fcrlicher Nail &amp; Cuticle Care 634, 8 ml"},"content":{"rendered":"","protected":false},"excerpt":{"rendered":"<p><img decoding=\"async\" class=\"\" src=\"\/wp-content\/uploads\/2024\/08\/Ingen-kemi.svg\" alt=\"\" width=\"45\" height=\"45\">Keine endokrinen Disruptoren<\/p>\n<p><img decoding=\"async\" class=\"\" src=\"\/wp-content\/uploads\/2024\/08\/Ingen-allergifremkaldende.svg\" alt=\"\" width=\"46\" height=\"46\">Keine allergenen Stoffe<\/p>\n<p><img decoding=\"async\" class=\"\" src=\"\/wp-content\/uploads\/2024\/08\/Ingen-miljoebelastende.svg\" width=\"46\" height=\"46\">Keine umweltsch\u00e4dlichen Stoffe<\/p>\n<p><img loading=\"lazy\" decoding=\"async\" class=\"\" src=\"\/wp-content\/uploads\/2024\/08\/indeholder-parfume.svg\" width=\"46\" height=\"46\">Enth\u00e4lt eine sehr geringe Menge an hypoallergenen und 100% nat\u00fcrlichen Duftstoffen<\/p>\n<p>&nbsp;<\/p>\n[cg_accordion title=\"Beschreibung\" open=\"open\"]<\/p>\n<p>&nbsp;<\/p>\n<p><span style=\"font-weight: 400;\">Das Nagel- und Nagelhautpflege\u00f6l ist ideal, um Ihre N\u00e4gel zu n\u00e4hren und zu st\u00e4rken und Ihre Nagelhaut weich zu machen. Es enth\u00e4lt S\u00fc\u00dfmandel\u00f6l und Kukui-\u00d6l. Diese pflanzlichen \u00d6le sind f\u00fcr ihre pflegenden und reparierenden Eigenschaften bekannt.  <\/span><\/p>\n<ul>\n<li style=\"font-weight: 400;\" aria-level=\"1\"><b>St\u00e4rkt Ihre N\u00e4gel<\/b><span style=\"font-weight: 400;\"> und erweicht Ihre Nagelhaut<\/span><\/li>\n<li style=\"font-weight: 400;\" aria-level=\"1\"><span style=\"font-weight: 400;\">Angereichert mit<\/span><b> Bio-S\u00fc\u00dfmandel\u00f6l und Kukui-\u00d6l, <\/b><span style=\"font-weight: 400;\">bekannt f\u00fcr seine n\u00e4hrenden und reparierenden Eigenschaften<\/span><\/li>\n<li style=\"font-weight: 400;\" aria-level=\"1\"><span style=\"font-weight: 400;\">Basierend auf <\/span><b>nat\u00fcrlichen Inhaltsstoffen<\/b><span style=\"font-weight: 400;\">Frei von riskanter Chemie<\/span><\/li>\n<\/ul>\n<p>[\/cg_accordion]\n[cg_accordion title=\"Tipps f\u00fcr die Verwendung\"]<\/p>\n<ul>\n<li>\n<div class=\"flex-shrink-0 flex flex-col relative items-end\">\n<div>\n<div class=\"pt-0\">\n<div class=\"gizmo-bot-avatar flex h-8 w-8 items-center justify-center overflow-hidden rounded-full\">\n<div class=\"relative p-1 rounded-sm flex items-center justify-center bg-token-main-surface-primary text-token-text-primary h-8 w-8\">Tragen Sie das \u00d6l auf den Nagel und seine Konturen auf und massieren Sie es sanft ein, bis es vollst\u00e4ndig eingezogen ist.<\/div>\n<div class=\"relative p-1 rounded-sm flex items-center justify-center bg-token-main-surface-primary text-token-text-primary h-8 w-8\">TIPP: Wenn Sie Ihre Manik\u00fcre sofort danach machen wollen, denken Sie daran, den Nagel zu entfetten\/zu reinigen.<\/div>\n<\/div>\n<\/div>\n<\/div>\n<\/div>\n<\/li>\n<\/ul>\n<p>[\/cg_accordion]\n[cg_accordion title=\"Inhaltsstoffe\"]<\/p>\n<p><span style=\"font-weight: 400;\">Angereichert mit<\/span><b> biologischem S\u00fc\u00dfmandel\u00f6l und Kukui-\u00d6l, <\/b><span style=\"font-weight: 400;\">die f\u00fcr ihre n\u00e4hrenden und reparierenden Eigenschaften bekannt sind<\/span><\/p>\n<p><b>INCI-Liste:<\/b>Prunus Amygdalus Dulcis (Sweet Almond) Oil, Helianthus Annuus (Sunflower) Seed Oil, Adansonia Digitata Seed Oil, Passiflora Edulis Seed Oil, Aleurites Moluccanus Seed Oil, Cocos Nucifera (Coconut) Oil, Juglans Regia (Walnut) Seed Oil, Tocopheryl Acetate, Tocopherol, Bambusa Vulgaris Sap Extract, Parfum (Fragrance).<\/p>\n<p>[\/cg_accordion]\n<p>&nbsp;<\/p>\n","protected":false},"featured_media":257290,"template":"","meta":{"_acf_changed":false},"product_brand":[564],"product_cat":[869],"product_tag":[],"class_list":{"0":"post-267484","1":"product","2":"type-product","3":"status-publish","4":"has-post-thumbnail","6":"product_brand-zao","7":"product_cat-naegel","9":"first","10":"instock","11":"taxable","12":"shipping-taxable","13":"purchasable","14":"product-type-simple"},"acf":[],"_links":{"self":[{"href":"https:\/\/healthyhead.dk\/de\/wp-json\/wp\/v2\/product\/267484","targetHints":{"allow":["GET"]}}],"collection":[{"href":"https:\/\/healthyhead.dk\/de\/wp-json\/wp\/v2\/product"}],"about":[{"href":"https:\/\/healthyhead.dk\/de\/wp-json\/wp\/v2\/types\/product"}],"version-history":[{"count":0,"href":"https:\/\/healthyhead.dk\/de\/wp-json\/wp\/v2\/product\/267484\/revisions"}],"wp:featuredmedia":[{"embeddable":true,"href":"https:\/\/healthyhead.dk\/de\/wp-json\/wp\/v2\/media\/257290"}],"wp:attachment":[{"href":"https:\/\/healthyhead.dk\/de\/wp-json\/wp\/v2\/media?parent=267484"}],"wp:term":[{"taxonomy":"product_brand","embeddable":true,"href":"https:\/\/healthyhead.dk\/de\/wp-json\/wp\/v2\/product_brand?post=267484"},{"taxonomy":"product_cat","embeddable":true,"href":"https:\/\/healthyhead.dk\/de\/wp-json\/wp\/v2\/product_cat?post=267484"},{"taxonomy":"product_tag","embeddable":true,"href":"https:\/\/healthyhead.dk\/de\/wp-json\/wp\/v2\/product_tag?post=267484"}],"curies":[{"name":"wp","href":"https:\/\/api.w.org\/{rel}","templated":true}]}}