{"id":267492,"date":"2024-10-29T08:42:23","date_gmt":"2024-10-29T08:42:23","guid":{"rendered":"https:\/\/new.healthyhead.dk\/vare\/zao-biobaseret-duo-base-top-coat\/"},"modified":"2025-07-31T10:17:02","modified_gmt":"2025-07-31T10:17:02","slug":"zao-biobased-duo-base-top-coat","status":"publish","type":"product","link":"https:\/\/healthyhead.dk\/de\/produkt\/zao-biobased-duo-base-top-coat\/","title":{"rendered":"ZAO, Biobasiert Duo Base Top Coat, 8 ml"},"content":{"rendered":"","protected":false},"excerpt":{"rendered":"<p><img decoding=\"async\" class=\"\" src=\"\/wp-content\/uploads\/2024\/08\/Ingen-kemi.svg\" alt=\"\" width=\"45\" height=\"45\">Keine endokrinen Disruptoren<\/p>\n<p><img decoding=\"async\" class=\"\" src=\"\/wp-content\/uploads\/2024\/08\/Ingen-allergifremkaldende.svg\" alt=\"\" width=\"46\" height=\"46\">Keine allergenen Stoffe<\/p>\n<p><img decoding=\"async\" class=\"\" src=\"\/wp-content\/uploads\/2024\/08\/Ingen-miljoebelastende.svg\" width=\"46\" height=\"46\">Keine umweltsch\u00e4dlichen Stoffe<\/p>\n<p><img loading=\"lazy\" decoding=\"async\" class=\"\" src=\"\/wp-content\/uploads\/2024\/08\/Ingen-parfume.svg\" width=\"46\" height=\"46\">Kein Parf\u00fcm<\/p>\n<p>&nbsp;<\/p>\n[cg_accordion title=\"Beschreibung\" open=\"open\"]<\/p>\n<p><span style=\"font-weight: 400;\">Biobasierter \u00dcberlack von French ZAO. Tragen Sie ihn auf den Nagellack auf, um einen sch\u00f6nen und gl\u00e4nzenden Look mit dem transparenten \u00dcberlack oder eine sch\u00f6ne und funkelnde Oberfl\u00e4che mit der Glitter-Version zu erhalten. Der \u00dcberlack verleiht dem Nagellack eine l\u00e4ngere Haltbarkeit. Kann auch allein verwendet werden, um die N\u00e4gel zu st\u00e4rken und ihnen ein glattes oder gl\u00e4nzendes Finish zu verleihen. Angereichert mit organischer Kiesels\u00e4ure aus Bambus zur St\u00e4rkung der N\u00e4gel. Das Produkt ist v\u00f6llig frei von gef\u00e4hrlichen Chemikalien.     <\/span><\/p>\n<ul>\n<li style=\"font-weight: 400;\" aria-level=\"1\"><b>Biobasierter Decklack <\/b><span style=\"font-weight: 400;\">aus Frankreich ZAO<\/span><\/li>\n<li style=\"font-weight: 400;\" aria-level=\"1\"><span style=\"font-weight: 400;\">Erh\u00e4ltlich in<\/span><b> zwei Varianten: transparent und glitzernd<\/b><\/li>\n<li style=\"font-weight: 400;\" aria-level=\"1\"><span style=\"font-weight: 400;\">Verleiht dem Nagellack <\/span><b>l\u00e4ngere Haltbarkeit<\/b><\/li>\n<li style=\"font-weight: 400;\" aria-level=\"1\"><span style=\"font-weight: 400;\">Auf der Basis nat\u00fcrlicher Inhaltsstoffe <\/span><b>Frei von riskanten Chemikalien<\/b><\/li>\n<li style=\"font-weight: 400;\" aria-level=\"1\"><span style=\"font-weight: 400;\">Angereichert mit <\/span><b>organischer Kiesels\u00e4ure aus Bambus<\/b><span style=\"font-weight: 400;\">, <\/span><b>die Ihre N\u00e4gel st\u00e4rkt<\/b><\/li>\n<li style=\"font-weight: 400;\" aria-level=\"1\"><span style=\"font-weight: 400;\">Mit<\/span> <span style=\"font-weight: 400;\">breitem Pinsel<\/span><b> zum einfachen Auftragen<\/b> <span style=\"font-weight: 400;\">des Decklacks<\/span><\/li>\n<\/ul>\n<p>[\/cg_accordion]\n[cg_accordion title=\"Tipps f\u00fcr die Verwendung\"]<\/p>\n<ul>\n<li>Stellen Sie sicher, dass Ihr farbiger Nagellack vollst\u00e4ndig getrocknet ist.<\/li>\n<li>Tragen Sie den Top Coat auf den Nagellack auf, beginnend an der Basis des Nagels.<\/li>\n<\/ul>\n<p>[\/cg_accordion]\n[cg_accordion title=\"Inhaltsstoffe\"]<\/p>\n<p>Enth\u00e4lt <b>Bambus-Extrakt<\/b>, der von Natur aus reich an <b>organischer Kiesels\u00e4ure<\/b> ist, die die N\u00e4gel h\u00e4rter und widerstandsf\u00e4higer macht.<\/p>\n<p><b>INCI-Liste:  <\/b><\/p>\n<p>Classic Top Coat 636 : Ethylacetat, Butylacetat, Nitrocellulose, Adipins\u00e4ure\/Neopentylglykol\/Trimellits\u00e4ureanhydrid-Copolymer, Isosorbid Dicaprylat\/Caprat, Alkohol, N-Butylalkohol, Persea Gratissima (Avocado) Fruit Extract, Camellia Sinensis Leaf Extract, Zitronens\u00e4ure, Aqua (Wasser), Glycerin, Kaliumsorbat, Helianthus Annuus (Sunflower) Seed Oil, Caprylic\/capric Triglyceride, Trimethylpentanediyl Dibenzoate, Bambusa Vulgaris Sap Extract, Pistacia Lentiscus (Mastic) Gum, Propylene Glycol, Sodium Benzoate, Spinacia Oleracea (Spinach) Leaf Extract, Tocopherol, Etocrylene, Ci 60725 (Violet 2).<\/p>\n<p>Glitter Top Coat 665 : Butylacetat, Ethylacetat, Nitrocellulose, Adipins\u00e4ure\/Neopentylglykol\/Trimellits\u00e4ureanhydrid-Copolymer, Acetyltributylcitrat, Alkohol, Stearalkonium Bentonit, Isopropylalkohol, Phosphors\u00e4ure, Bambusa Vulgaris Sap Extract, Butylacetat, Diacetonalkohol, Ethylacetat, Etocrylen, Polyethylenterephthalat, Polyurethan-33, Dimethyl Oxobenzo Dioxasilan, Helianthus Annuus (Sonnenblume) Seed Oil, Tocopherol, Ci 77000 (Aluminiumpulver), Ci 60725 (Violet 2), Ci 19140 (Yellow 5 Lake).<\/p>\n<p>[\/cg_accordion]\n<p>&nbsp;<\/p>\n","protected":false},"featured_media":257294,"template":"","meta":{"_acf_changed":false},"product_brand":[564],"product_cat":[869],"product_tag":[],"class_list":{"0":"post-267492","1":"product","2":"type-product","3":"status-publish","4":"has-post-thumbnail","6":"product_brand-zao","7":"product_cat-naegel","9":"first","10":"instock","11":"taxable","12":"shipping-taxable","13":"purchasable","14":"product-type-variable"},"acf":[],"_links":{"self":[{"href":"https:\/\/healthyhead.dk\/de\/wp-json\/wp\/v2\/product\/267492","targetHints":{"allow":["GET"]}}],"collection":[{"href":"https:\/\/healthyhead.dk\/de\/wp-json\/wp\/v2\/product"}],"about":[{"href":"https:\/\/healthyhead.dk\/de\/wp-json\/wp\/v2\/types\/product"}],"version-history":[{"count":0,"href":"https:\/\/healthyhead.dk\/de\/wp-json\/wp\/v2\/product\/267492\/revisions"}],"wp:featuredmedia":[{"embeddable":true,"href":"https:\/\/healthyhead.dk\/de\/wp-json\/wp\/v2\/media\/257294"}],"wp:attachment":[{"href":"https:\/\/healthyhead.dk\/de\/wp-json\/wp\/v2\/media?parent=267492"}],"wp:term":[{"taxonomy":"product_brand","embeddable":true,"href":"https:\/\/healthyhead.dk\/de\/wp-json\/wp\/v2\/product_brand?post=267492"},{"taxonomy":"product_cat","embeddable":true,"href":"https:\/\/healthyhead.dk\/de\/wp-json\/wp\/v2\/product_cat?post=267492"},{"taxonomy":"product_tag","embeddable":true,"href":"https:\/\/healthyhead.dk\/de\/wp-json\/wp\/v2\/product_tag?post=267492"}],"curies":[{"name":"wp","href":"https:\/\/api.w.org\/{rel}","templated":true}]}}