{"id":267616,"date":"2024-10-13T12:39:45","date_gmt":"2024-10-13T12:39:45","guid":{"rendered":"https:\/\/new.healthyhead.dk\/vare\/zao-okologisk-matt-laebestift-3-5-g\/"},"modified":"2025-08-01T11:31:02","modified_gmt":"2025-08-01T11:31:02","slug":"zao-biologischer-matt-lippenstift-35-g","status":"publish","type":"product","link":"https:\/\/healthyhead.dk\/de\/produkt\/zao-biologischer-matt-lippenstift-35-g\/","title":{"rendered":"ZAO, Bio-Matt Lippenstift, 3,5 g"},"content":{"rendered":"","protected":false},"excerpt":{"rendered":"<p><img decoding=\"async\" class=\"\" src=\"\/wp-content\/uploads\/2024\/08\/Ingen-kemi.svg\" alt=\"\" width=\"45\" height=\"45\">Keine endokrinen Disruptoren<\/p>\n<p><img decoding=\"async\" class=\"\" src=\"\/wp-content\/uploads\/2024\/08\/Ingen-allergifremkaldende.svg\" alt=\"\" width=\"46\" height=\"46\">Keine allergenen Stoffe<\/p>\n<p><img decoding=\"async\" class=\"\" src=\"\/wp-content\/uploads\/2024\/08\/Ingen-miljoebelastende.svg\" width=\"46\" height=\"46\">Keine umweltsch\u00e4dlichen Stoffe<\/p>\n<p><img loading=\"lazy\" decoding=\"async\" class=\"\" src=\"\/wp-content\/uploads\/2024\/08\/indeholder-parfume.svg\" width=\"46\" height=\"46\">Enth\u00e4lt eine sehr geringe Menge an hypoallergenen und 100% nat\u00fcrlichen Duftstoffen<\/p>\n<p>&nbsp;<\/p>\n[cg_accordion title=\"Beschreibung des Produkts\" open=\"open\"]<\/p>\n<p>Biologischer und veganer Lippenstift von French ZAO mit einer k\u00f6stlich cremigen Textur. Der Lippenstift enth\u00e4lt Bio-Rizinus\u00f6l und Sheabutter. Diese Inhaltsstoffe machen Ihre Lippen weich und spenden ihnen Feuchtigkeit, sodass sie gepflegt und sch\u00f6n aussehen. Der Lippenstift hat einen lang anhaltenden Halt und eine sch\u00f6n pigmentierte Farbe.   <\/p>\n<ul>\n<li><b>Bio- und vegan-zertifizierter<\/b> Lippenstift<\/li>\n<li>K\u00f6stliche und <b>cremige<\/b> Textur<\/li>\n<li>Angereichert mit <b>Bio-Rizinus\u00f6l und Sheabutter<\/b> mit pflegenden Eigenschaften<\/li>\n<li>Der Lippenstift hat einen <b>lang anhaltenden Halt<\/b><\/li>\n<li>M\u00f6glichkeit des <b>Nachf\u00fcllens mit einer Nachf\u00fcllpackung<\/b><\/li>\n<\/ul>\n<p><img loading=\"lazy\" decoding=\"async\" class=\"alignnone size-full wp-image-8916\" src=\"\/wp-content\/uploads\/2024\/08\/zao-certificeringer.jpg\" alt=\"\" width=\"479\" height=\"93\" srcset=\"https:\/\/i0.wp.com\/healthyhead.dk\/wp-content\/uploads\/2024\/08\/zao-certificeringer.jpg?w=479&amp;ssl=1 479w, https:\/\/i0.wp.com\/healthyhead.dk\/wp-content\/uploads\/2024\/08\/zao-certificeringer.jpg?resize=300%2C58&amp;ssl=1 300w, https:\/\/i0.wp.com\/healthyhead.dk\/wp-content\/uploads\/2024\/08\/zao-certificeringer.jpg?resize=441%2C86&amp;ssl=1 441w, https:\/\/i0.wp.com\/healthyhead.dk\/wp-content\/uploads\/2024\/08\/zao-certificeringer.jpg?resize=150%2C29&amp;ssl=1 150w\" sizes=\"(max-width: 479px) 100vw, 479px\" \/><br \/>\n[\/cg_accordion]\n[cg_accordion title=\"Tipps f\u00fcr die Verwendung\"]<\/p>\n<p>Der Lippenstift kann direkt auf die Lippen oder mit dem Lippenpinsel 708 aufgetragen werden.<\/p>\n<p>[\/cg_accordion]\n[cg_accordion title=\"Inhaltsstoffe\"] <b>Bio-Rizinus\u00f6l<\/b><\/p>\n<p>Dieses \u00d6l ist insofern interessant, als es als Emolliens wirkt und die Haut weich macht. Es ist auch feuchtigkeitsspendend, was den Wassergehalt der Haut erh\u00f6ht und sie weich und geschmeidig h\u00e4lt. <\/p>\n<p><b>Bio-Sheabutter<\/b><\/p>\n<p>Sheabutter wird aus Shean\u00fcssen gewonnen, einem Baum, der nur in den Savannen Westafrikas wild w\u00e4chst. Ihre Zusammensetzung, reich an Fetts\u00e4uren, verleiht ihr feuchtigkeitsspendende und n\u00e4hrende Eigenschaften. <\/p>\n<p><b>Bio-Granatapfel-Extrakt<\/b><\/p>\n<p>Der Granatapfel ist reich an Punicins\u00e4ure und hat entz\u00fcndungshemmende und beruhigende Eigenschaften. Er ist au\u00dferdem reich an Phytosterinen, die antioxidative und antiradikale Eigenschaften haben und helfen, die Zeichen des Alterns, Falten und feine Linien zu bek\u00e4mpfen. <\/p>\n<p><b>Bambus-Pulver<\/b><\/p>\n<p>Es handelt sich um eine wei\u00dfe Substanz, die aus den Knoten des Bambus gewonnen wird. Dank ihres hohen Kiesels\u00e4uregehalts remineralisiert sie, spendet Feuchtigkeit und tr\u00e4gt zur Regeneration der Haut bei, w\u00e4hrend sie den Glanz von Mischhaut und fettiger Haut reduziert. <\/p>\n<p><b>INCI-Liste:<\/b> Ricinus Communis (Castor) Seed Oil*, C10-18 Triglyceride, Prunus Armeniaca (Apricot) Kernel Extract, Hydrogenated Olive Oil Stearyl Esters**, Glycine Soja (Soybean) Oil*, Hydroxystearic \/ Linolenic \/ Oleic Polyglycerides, Parfum (Fragrance), Tocopherol, Butyrospermum Parkii (Shea) Butter*, Olea Europaea (Olive) Fruit Oil*, Theobroma Cacao (Cocoa) Seed Butter*, Phyllostachis Bambusoides Rhizome Extract*, Simmondsia Chinensis (Jojoba) Seed Oil*, Elaeis Guineensis (Palm) Butter*, Punica Granatum (Pomegranate) Fruit Extract*, Bambusa Arundinacea Stem Powder, Ci 77820 (Silver). Kann enthalten +\/-: Ci 77019 (Mica), Ci 77891 (Titanium Dioxide), Ci 77491 (Iron Oxides), Ci 77492 (Iron Oxides), Ci 77499 (Iron Oxides), Ci 77007 (Ultramarines), Ci 77742 (Manganese Violet), Ci 77510 (Ferric Ferrocyanide). * Zutaten aus biologischem Anbau. ** Hergestellt mit biologischen Zutaten.   <\/p>\n<p>[\/cg_accordion]\n<p>&nbsp;<\/p>\n<p>&nbsp;<\/p>\n","protected":false},"featured_media":256782,"template":"","meta":{"_acf_changed":false},"product_brand":[564],"product_cat":[851],"product_tag":[],"class_list":{"0":"post-267616","1":"product","2":"type-product","3":"status-publish","4":"has-post-thumbnail","6":"product_brand-zao","7":"product_cat-lippen","9":"first","10":"instock","11":"taxable","12":"shipping-taxable","13":"purchasable","14":"product-type-variable"},"acf":[],"_links":{"self":[{"href":"https:\/\/healthyhead.dk\/de\/wp-json\/wp\/v2\/product\/267616","targetHints":{"allow":["GET"]}}],"collection":[{"href":"https:\/\/healthyhead.dk\/de\/wp-json\/wp\/v2\/product"}],"about":[{"href":"https:\/\/healthyhead.dk\/de\/wp-json\/wp\/v2\/types\/product"}],"version-history":[{"count":0,"href":"https:\/\/healthyhead.dk\/de\/wp-json\/wp\/v2\/product\/267616\/revisions"}],"wp:featuredmedia":[{"embeddable":true,"href":"https:\/\/healthyhead.dk\/de\/wp-json\/wp\/v2\/media\/256782"}],"wp:attachment":[{"href":"https:\/\/healthyhead.dk\/de\/wp-json\/wp\/v2\/media?parent=267616"}],"wp:term":[{"taxonomy":"product_brand","embeddable":true,"href":"https:\/\/healthyhead.dk\/de\/wp-json\/wp\/v2\/product_brand?post=267616"},{"taxonomy":"product_cat","embeddable":true,"href":"https:\/\/healthyhead.dk\/de\/wp-json\/wp\/v2\/product_cat?post=267616"},{"taxonomy":"product_tag","embeddable":true,"href":"https:\/\/healthyhead.dk\/de\/wp-json\/wp\/v2\/product_tag?post=267616"}],"curies":[{"name":"wp","href":"https:\/\/api.w.org\/{rel}","templated":true}]}}