{"id":267648,"date":"2024-09-12T20:40:28","date_gmt":"2024-09-12T20:40:28","guid":{"rendered":"https:\/\/new.healthyhead.dk\/vare\/zao-okologisk-cocoon-laebestiftlaebepomade-3-5-g\/"},"modified":"2025-08-01T11:28:56","modified_gmt":"2025-08-01T11:28:56","slug":"zao-okologisk-cocoon-laebestiftlaebepomade-3-5-g","status":"publish","type":"product","link":"https:\/\/healthyhead.dk\/de\/produkt\/zao-okologisk-cocoon-laebestiftlaebepomade-3-5-g\/","title":{"rendered":"ZAO, Bio-Cocoon Lippenstift\/Lippenbalsam, 3,5 g"},"content":{"rendered":"","protected":false},"excerpt":{"rendered":"<p><img decoding=\"async\" class=\"\" src=\"\/wp-content\/uploads\/2024\/08\/Ingen-kemi.svg\" alt=\"\" width=\"45\" height=\"45\">Keine endokrinen Disruptoren<\/p>\n<p><img decoding=\"async\" class=\"\" src=\"\/wp-content\/uploads\/2024\/08\/Ingen-allergifremkaldende.svg\" alt=\"\" width=\"46\" height=\"46\">Keine allergenen Stoffe<\/p>\n<p><img decoding=\"async\" class=\"\" src=\"\/wp-content\/uploads\/2024\/08\/Ingen-miljoebelastende.svg\" width=\"46\" height=\"46\">Keine umweltsch\u00e4dlichen Stoffe<\/p>\n<p><img loading=\"lazy\" decoding=\"async\" class=\"\" src=\"\/wp-content\/uploads\/2024\/08\/indeholder-parfume.svg\" width=\"46\" height=\"46\">Enth\u00e4lt eine sehr geringe Menge an hypoallergenen und 100% nat\u00fcrlichen Duftstoffen<\/p>\n<p>&nbsp;<\/p>\n[cg_accordion title=\"Beschreibung des Produkts\" open=\"open\"]<\/p>\n<p>ZAO Cocoon ist ein biologischer und veganer Hybrid aus Lippenstift und Lippenbalsam. Er verleiht nicht nur eine sch\u00f6ne Farbe, sondern macht die Lippen auch weich und spendet ihnen Feuchtigkeit. Die Formel ist mit Bio-Granatapfel-Extrakt und Bio-Sheabutter angereichert, um die Lippen zu beruhigen und zu reparieren.  <\/p>\n<ul>\n<li>Hybrid aus <strong>Lippenstift und Lippenbalsam <\/strong> <\/li>\n<li><strong>Versorgt die<\/strong> Lippen <strong>mit Feuchtigkeit<\/strong> und <strong>verleiht ihnen eine sch\u00f6ne Farbe<\/strong><\/li>\n<li>Angereichert mit <strong>Bio-Granatapfel-Extrakt<\/strong> und <strong>Bio-Sheabutter<\/strong>, um <strong>die Lippen<\/strong><strong> zu beruhigen<\/strong> und <strong>zu reparieren<\/strong>.<\/li>\n<li>M\u00f6glichkeit des <b>Nachf\u00fcllens mit einer Nachf\u00fcllpackung<\/b><\/li>\n<\/ul>\n<p><img loading=\"lazy\" decoding=\"async\" class=\"alignnone size-full wp-image-8916\" src=\"\/wp-content\/uploads\/2024\/08\/zao-certificeringer.jpg\" alt=\"\" width=\"479\" height=\"93\" srcset=\"https:\/\/i0.wp.com\/healthyhead.dk\/wp-content\/uploads\/2024\/08\/zao-certificeringer.jpg?w=479&amp;ssl=1 479w, https:\/\/i0.wp.com\/healthyhead.dk\/wp-content\/uploads\/2024\/08\/zao-certificeringer.jpg?resize=300%2C58&amp;ssl=1 300w, https:\/\/i0.wp.com\/healthyhead.dk\/wp-content\/uploads\/2024\/08\/zao-certificeringer.jpg?resize=441%2C86&amp;ssl=1 441w, https:\/\/i0.wp.com\/healthyhead.dk\/wp-content\/uploads\/2024\/08\/zao-certificeringer.jpg?resize=150%2C29&amp;ssl=1 150w\" sizes=\"(max-width: 479px) 100vw, 479px\" \/><br \/>\n[\/cg_accordion]\n[cg_accordion title=\"Tipps f\u00fcr die Verwendung\"]<\/p>\n<ul>\n<li>Der Lippenstift kann direkt auf die Lippen aufgetragen oder mit einem Multifunktionsstift nachgezeichnet werden.<\/li>\n<li>Beginnen Sie mit dem Auftragen in der Mitte der Lippen, dann an den Ecken und R\u00e4ndern. F\u00fcr eine pr\u00e4zisere Linie verwenden Sie den Lippenpinsel 708. <\/li>\n<li>Tipp: F\u00fcr ein perfektes Ergebnis wird empfohlen, den Lip Scrub Stick 482 einmal pro Woche zu verwenden.<\/li>\n<\/ul>\n<p>[\/cg_accordion]\n[cg_accordion title=\"Inhaltsstoffe\"] <b>Bio-Reispulver:<\/b><\/p>\n<p>Reispuder ist eine der \u00e4ltesten kosmetischen Zutaten. Es peelt die Haut sanft: Es entfernt alle Unreinheiten und abgestorbenen Hautzellen. <\/p>\n<p><b>Bio-Rizinus\u00f6l:<\/b><\/p>\n<p>Dieses \u00d6l enth\u00e4lt die spezifische Fetts\u00e4ure Ricinols\u00e4ure, die es zu einem Sch\u00f6nheitsmittel mit bemerkenswerten, bereits in der Antike bekannten Eigenschaften macht. Es lindert Hautreizungen durch seine reinigende, weichmachende und heilende Wirkung. <\/p>\n<p><b>Bio-Karnaubakern\u00f6l:<\/b><\/p>\n<p>Dieses Wachs, das aus den Bl\u00e4ttern einer in Brasilien beheimateten Palme gewonnen wird, wirkt als Filmbildner, der die Haut sch\u00fctzt, indem er einen kontinuierlichen Film bildet und die Haltbarkeit des Make-ups verbessert.<\/p>\n<p><b>INCI-Liste:<\/b> Ricinus Communis (Castor) Seed Oil*, Octyldodecanol, Copernicia Cerifera (Carnauba) Cera*, Oryza Sativa (Rice) Powder*, C10-18 Triglyceride, Jojoba Esters, Hydrogenated Vegetable Oil, Helianthus Annuus (Sunflower) Seed Cera, Parfum (Fragrance), Euphorbia Cerifera (Candelilla) Cera, Prunus Armeniaca (Apricot) Kernel Extract, Bambusa Arundinacea Stem Extract*, Helianthus Annuus (Sunflower) Seed Oil*, Tocopherol, Acacia Decurrens Flower Cera, Polyglycerin-3, Mica, Ci 77288 (Chromium Oxide Green), Ci 77510 (Ferric Ferrocyanide), Ci 77891 (Titanium Dioxide). * Zutaten aus biologischem Anbau. <\/p>\n<p>[\/cg_accordion]\n<p>&nbsp;<\/p>\n<p>&nbsp;<\/p>\n","protected":false},"featured_media":254774,"template":"","meta":{"_acf_changed":false},"product_brand":[564],"product_cat":[851],"product_tag":[],"class_list":{"0":"post-267648","1":"product","2":"type-product","3":"status-publish","4":"has-post-thumbnail","6":"product_brand-zao","7":"product_cat-lippen","9":"first","10":"instock","11":"taxable","12":"shipping-taxable","13":"purchasable","14":"product-type-variable","15":"has-default-attributes"},"acf":[],"_links":{"self":[{"href":"https:\/\/healthyhead.dk\/de\/wp-json\/wp\/v2\/product\/267648","targetHints":{"allow":["GET"]}}],"collection":[{"href":"https:\/\/healthyhead.dk\/de\/wp-json\/wp\/v2\/product"}],"about":[{"href":"https:\/\/healthyhead.dk\/de\/wp-json\/wp\/v2\/types\/product"}],"version-history":[{"count":0,"href":"https:\/\/healthyhead.dk\/de\/wp-json\/wp\/v2\/product\/267648\/revisions"}],"wp:featuredmedia":[{"embeddable":true,"href":"https:\/\/healthyhead.dk\/de\/wp-json\/wp\/v2\/media\/254774"}],"wp:attachment":[{"href":"https:\/\/healthyhead.dk\/de\/wp-json\/wp\/v2\/media?parent=267648"}],"wp:term":[{"taxonomy":"product_brand","embeddable":true,"href":"https:\/\/healthyhead.dk\/de\/wp-json\/wp\/v2\/product_brand?post=267648"},{"taxonomy":"product_cat","embeddable":true,"href":"https:\/\/healthyhead.dk\/de\/wp-json\/wp\/v2\/product_cat?post=267648"},{"taxonomy":"product_tag","embeddable":true,"href":"https:\/\/healthyhead.dk\/de\/wp-json\/wp\/v2\/product_tag?post=267648"}],"curies":[{"name":"wp","href":"https:\/\/api.w.org\/{rel}","templated":true}]}}