{"id":267662,"date":"2025-01-30T10:48:14","date_gmt":"2025-01-30T10:48:14","guid":{"rendered":"https:\/\/new.healthyhead.dk\/vare\/zao-oekologisk-lip-ink-443-strawberry-38-ml\/"},"modified":"2025-08-01T11:42:15","modified_gmt":"2025-08-01T11:42:15","slug":"zao-biologisch-lip-ink-443-strawberry-38-ml","status":"publish","type":"product","link":"https:\/\/healthyhead.dk\/de\/produkt\/zao-biologisch-lip-ink-443-strawberry-38-ml\/","title":{"rendered":"ZAO, Bio-Lip Ink, 443 Strawberry, 3,8 ml"},"content":{"rendered":"","protected":false},"excerpt":{"rendered":"<p><img decoding=\"async\" class=\"\" src=\"\/wp-content\/uploads\/2024\/08\/Ingen-kemi.svg\" alt=\"\" width=\"45\" height=\"45\">Keine endokrinen Disruptoren<\/p>\n<p><img decoding=\"async\" class=\"\" src=\"\/wp-content\/uploads\/2024\/08\/Ingen-allergifremkaldende.svg\" alt=\"\" width=\"46\" height=\"46\">Keine allergenen Stoffe<\/p>\n<p><img decoding=\"async\" class=\"\" src=\"\/wp-content\/uploads\/2024\/08\/Ingen-miljoebelastende.svg\" width=\"46\" height=\"46\">Keine umweltsch\u00e4dlichen Stoffe<\/p>\n<p><img loading=\"lazy\" decoding=\"async\" class=\"\" src=\"\/wp-content\/uploads\/2024\/08\/indeholder-parfume.svg\" width=\"46\" height=\"46\">Enth\u00e4lt eine sehr geringe Menge an hypoallergenen und 100% nat\u00fcrlichen Duftstoffen<\/p>\n<p>&nbsp;<\/p>\n[cg_accordion title=\"Beschreibung des Produkts\" open=\"open\"]Biologische und vegane Lip Ink von French ZAO mit intensiver Farbe und lang anhaltendem Halt. Angereichert mit Bio-Rizinus\u00f6l, das f\u00fcr seine feuchtigkeitsspendenden und weichmachenden Eigenschaften bekannt ist. Sie enthalten au\u00dferdem Bio-Carnaubawachs, um die Lippen zu sch\u00fctzen und eine lang anhaltende Farbe zu gew\u00e4hrleisten. Perfekt f\u00fcr den Alltag und festliche Anl\u00e4sse.   <\/p>\n<ul>\n<li data-iconic-wlv-term-label=\"ZAO Ansigtscreme\"><strong>Bio und vegan zertifiziert<\/strong><\/li>\n<li data-iconic-wlv-term-label=\"ZAO Ansigtscreme\">Intensive Farbe mit <strong>lang anhaltender Haltbarkeit<\/strong><\/li>\n<li data-iconic-wlv-term-label=\"ZAO Ansigtscreme\">Angereichert mit <strong>Bio-Rizinus\u00f6l<\/strong>, das f\u00fcr seine <strong>feuchtigkeitsspendenden und weichmachenden Eigenschaften<\/strong> bekannt ist<\/li>\n<li data-iconic-wlv-term-label=\"ZAO Ansigtscreme\">Enth\u00e4lt au\u00dferdem <strong>Bio-Carnaubawachs<\/strong>, um <strong>die Lippen zu sch\u00fctzen<\/strong> und eine lange Haltbarkeit zu gew\u00e4hrleisten<\/li>\n<\/ul>\n<p>[\/cg_accordion]\n[cg_accordion title=\"Tipps f\u00fcr die Verwendung\"]\n<p>Tragen Sie Lip&#8217;ink auf, indem Sie die Farbe mit dem Schaumstoffapplikator gleichm\u00e4\u00dfig verteilen.<\/p>\n<p>TIPP: F\u00fcr ein sch\u00f6nes, mattes Finish entfernen Sie \u00fcbersch\u00fcssiges Produkt, indem Sie den Applikator vor dem Auftragen auf die Lippen gegen den Rand der Flasche streichen.<br \/>\n[\/cg_accordion][cg_accordion title=\"Inhaltsstoffe\"]<\/p>\n<p><strong><b>Bio-Rizinus\u00f6l:<\/b><\/strong><\/p>\n<p>Dieses \u00d6l enth\u00e4lt die spezifische Fetts\u00e4ure Ricinols\u00e4ure, die es zu einem Sch\u00f6nheitsmittel mit bemerkenswerten, bereits in der Antike bekannten Eigenschaften macht. Es lindert Hautreizungen durch seine reinigende, weichmachende und heilende Wirkung. <\/p>\n<p><strong><b>Bio-Karnaubawachs<\/b><\/strong><\/p>\n<p>Dieses Wachs, das aus den Bl\u00e4ttern einer in Brasilien beheimateten Palme gewonnen wird, ist ein Filmbildner, der die Lippen durch die Bildung eines kontinuierlichen Films sch\u00fctzt und die Haltbarkeit des Produkts verbessert.<\/p>\n<p><b>INCI-Liste:<\/b>Ricinus Communis (Castor) Seed Oil*, Silica, Zea Mays (Corn) Starch*, Undecane, Oleic \/ Linoleic \/ Linolenic Polyglycerides, Tridecane, Polyglyceryl-3 Diisostearate, Glyceryl Rosinate, Copernicia Cerifera (Carnauba) Wax*, Hydriertes Jojoba\u00f6l, Parfum (Duft), Lecithin, Bambusa Arundinacea Stem Powder, Bambusa Arundinacea Stem Extract*, Helianthus Annuus (Sunflower) Seed Oil*, Tocopherol, Ascorbyl Palmitate, Citric Acid. Kann enthalten +\/-: Ci 77019 (Mica), Ci 77891 (Titanium Dioxide), Ci 77491 (Iron Oxides), Ci 77492 (Iron Oxides), Ci 77499 (Iron Oxides), Ci 77007 (Ultramarines), Ci 77742 (Manganese Violet), Ci 77510 (Ferric Ferrocyanide). *Inhaltsstoffe aus \u00f6kologischem Landbau.  <\/p>\n<p>&nbsp;<\/p>\n<p>[\/cg_accordion]<\/p>\n","protected":false},"featured_media":260322,"template":"","meta":{"_acf_changed":false},"product_brand":[564],"product_cat":[851],"product_tag":[],"class_list":{"0":"post-267662","1":"product","2":"type-product","3":"status-publish","4":"has-post-thumbnail","6":"product_brand-zao","7":"product_cat-lippen","9":"first","10":"instock","11":"taxable","12":"shipping-taxable","13":"purchasable","14":"product-type-simple"},"acf":[],"_links":{"self":[{"href":"https:\/\/healthyhead.dk\/de\/wp-json\/wp\/v2\/product\/267662","targetHints":{"allow":["GET"]}}],"collection":[{"href":"https:\/\/healthyhead.dk\/de\/wp-json\/wp\/v2\/product"}],"about":[{"href":"https:\/\/healthyhead.dk\/de\/wp-json\/wp\/v2\/types\/product"}],"version-history":[{"count":0,"href":"https:\/\/healthyhead.dk\/de\/wp-json\/wp\/v2\/product\/267662\/revisions"}],"wp:featuredmedia":[{"embeddable":true,"href":"https:\/\/healthyhead.dk\/de\/wp-json\/wp\/v2\/media\/260322"}],"wp:attachment":[{"href":"https:\/\/healthyhead.dk\/de\/wp-json\/wp\/v2\/media?parent=267662"}],"wp:term":[{"taxonomy":"product_brand","embeddable":true,"href":"https:\/\/healthyhead.dk\/de\/wp-json\/wp\/v2\/product_brand?post=267662"},{"taxonomy":"product_cat","embeddable":true,"href":"https:\/\/healthyhead.dk\/de\/wp-json\/wp\/v2\/product_cat?post=267662"},{"taxonomy":"product_tag","embeddable":true,"href":"https:\/\/healthyhead.dk\/de\/wp-json\/wp\/v2\/product_tag?post=267662"}],"curies":[{"name":"wp","href":"https:\/\/api.w.org\/{rel}","templated":true}]}}