{"id":267666,"date":"2025-01-28T09:49:05","date_gmt":"2025-01-28T09:49:05","guid":{"rendered":"https:\/\/new.healthyhead.dk\/vare\/zao-vegansk-daring-lip-ink-450-the-rouge-38-ml\/"},"modified":"2025-07-31T12:29:08","modified_gmt":"2025-07-31T12:29:08","slug":"zao-vegane-daring-lip-ink-450-the-rouge-38-ml","status":"publish","type":"product","link":"https:\/\/healthyhead.dk\/de\/produkt\/zao-vegane-daring-lip-ink-450-the-rouge-38-ml\/","title":{"rendered":"ZAO, Vegane Daring Lip Ink, 450 THE Rouge, 3,8 ml"},"content":{"rendered":"","protected":false},"excerpt":{"rendered":"<p><img decoding=\"async\" class=\"\" src=\"\/wp-content\/uploads\/2024\/08\/Ingen-kemi.svg\" alt=\"\" width=\"45\" height=\"45\">Keine endokrinen Disruptoren<\/p>\n<p><img decoding=\"async\" class=\"\" src=\"\/wp-content\/uploads\/2024\/08\/Ingen-allergifremkaldende.svg\" alt=\"\" width=\"46\" height=\"46\">Keine allergenen Stoffe<\/p>\n<p><img decoding=\"async\" class=\"\" src=\"\/wp-content\/uploads\/2024\/08\/Ingen-miljoebelastende.svg\" width=\"46\" height=\"46\">Keine umweltsch\u00e4dlichen Stoffe<\/p>\n<p><img loading=\"lazy\" decoding=\"async\" class=\"\" src=\"\/wp-content\/uploads\/2024\/08\/indeholder-parfume.svg\" width=\"46\" height=\"46\">Enth\u00e4lt eine sehr geringe Menge an hypoallergenen und 100% nat\u00fcrlichen Duftstoffen<\/p>\n<p>&nbsp;<\/p>\n[cg_accordion title=\"Beschreibung des Produkts\" open=\"open\"]<\/p>\n<p>ZAO Daring Lip Ink bietet eine intensive, lang anhaltende rote Farbe mit einem sch\u00f6nen, ultra-matten Finish. Die leichte Textur passt sich den Lippenkonturen an, so dass man kaum merkt, dass man sie tr\u00e4gt. Sie trocknet schnell und l\u00e4sst sich leicht auftragen, um ein sch\u00f6nes und gleichm\u00e4\u00dfiges Ergebnis zu erzielen. Sie ist mit Bio-Rizinus\u00f6l angereichert, das die Lippen pflegt und weich macht. Um die perfekte rote Farbe zu erzielen, hat ZAO eine L\u00f6sung gew\u00e4hlt, die ohne den Einsatz von Insekten auskommt. Daher ist der Lippenstift nicht bio-zertifiziert, besteht aber dennoch zu 90% aus nat\u00fcrlichen Inhaltsstoffen.    <\/p>\n<ul>\n<li data-iconic-wlv-term-label=\"ZAO Ansigtscreme\"><strong>Veganer zertifizierter Lippenstift<\/strong><\/li>\n<li data-iconic-wlv-term-label=\"ZAO Ansigtscreme\">Perfekte rote Farbe<\/li>\n<li data-iconic-wlv-term-label=\"ZAO Ansigtscreme\">Besteht zu 90% aus <strong>nat\u00fcrlichen Inhaltsstoffen<\/strong><\/li>\n<li data-iconic-wlv-term-label=\"ZAO Ansigtscreme\">Angereichert mit <strong>Bio-Rizinus\u00f6l<\/strong>, das f\u00fcr seine reinigenden und <strong>weichmachenden Eigenschaften<\/strong> bekannt ist<\/li>\n<\/ul>\n<p>[\/cg_accordion]\n[cg_accordion title=\"Tipps f\u00fcr die Verwendung\"]\n<p>Tragen Sie Lip&#8217;ink auf, indem Sie die Farbe mit dem Schaumstoffapplikator gleichm\u00e4\u00dfig verteilen.<\/p>\n<p>TIPP: F\u00fcr ein sch\u00f6nes, mattes Finish entfernen Sie \u00fcbersch\u00fcssiges Produkt, indem Sie den Applikator vor dem Auftragen auf die Lippen gegen den Rand der Flasche streichen.<br \/>\n[\/cg_accordion][cg_accordion title=\"Inhaltsstoffe\"]<\/p>\n<div class=\"group\/conversation-turn relative flex w-full min-w-0 flex-col agent-turn\">\n<div class=\"flex-col gap-1 md:gap-3\">\n<div class=\"flex max-w-full flex-col flex-grow\">\n<div class=\"min-h-8 text-message flex w-full flex-col items-end gap-2 whitespace-normal break-words text-start [.text-message+&amp;]:mt-5\" dir=\"auto\" data-message-author-role=\"assistant\" data-message-id=\"964dc2be-9351-45c2-b544-e8b38996d5b4\" data-message-model-slug=\"gpt-4o\">\n<div class=\"flex w-full flex-col gap-1 empty:hidden first:pt-[3px]\">\n<div class=\"markdown prose w-full break-words dark:prose-invert light\">\n<p><strong><b>Bio-Rizinus\u00f6l:<\/b><\/strong><\/p>\n<p>Dieses \u00d6l enth\u00e4lt die spezifische Fetts\u00e4ure Ricinols\u00e4ure, die es zu einem Sch\u00f6nheitsmittel mit bemerkenswerten, bereits in der Antike bekannten Eigenschaften macht. Es lindert Hautreizungen durch seine reinigende, weichmachende und heilende Wirkung. <\/p>\n<p>&nbsp;<\/p>\n<\/div>\n<\/div>\n<\/div>\n<\/div>\n<\/div>\n<\/div>\n<p><b>INCI-Liste: <\/b>Inhaltsstoffe nat\u00fcrlichen Ursprungs: 90%. Inhaltsstoffliste (F1) : Ricinus Communis Seed Oil*, Silica, Zea Mays Starch*, Undecane , Oleic\/linoleic\/linolenic Polyglycerides, Ci 15850, Ci 15850, Tridecane , Ci 45410, Glyceryl Rosinate, Polyglyceryl-3 Diisostearate, Copernicia Cerifera Cera*, Hydrated Silica, Hydrogenated Jojoba Oil, Parfum, Lecithin, Bambusa Arundinacea Stem Powder, Ci 77499, Helianthus Annuus Seed Oil*, Tocopherol, Ascorbyl Palmitate, Bambusa Arundinacea Stem Extract*, Citric Acid. *Zutaten aus \u00f6kologischem Landbau  <\/p>\n<p>&nbsp;<\/p>\n<p>[\/cg_accordion]<\/p>\n","protected":false},"featured_media":260282,"template":"","meta":{"_acf_changed":false},"product_brand":[564],"product_cat":[851],"product_tag":[],"class_list":{"0":"post-267666","1":"product","2":"type-product","3":"status-publish","4":"has-post-thumbnail","6":"product_brand-zao","7":"product_cat-lippen","9":"first","10":"instock","11":"taxable","12":"shipping-taxable","13":"purchasable","14":"product-type-simple"},"acf":[],"_links":{"self":[{"href":"https:\/\/healthyhead.dk\/de\/wp-json\/wp\/v2\/product\/267666","targetHints":{"allow":["GET"]}}],"collection":[{"href":"https:\/\/healthyhead.dk\/de\/wp-json\/wp\/v2\/product"}],"about":[{"href":"https:\/\/healthyhead.dk\/de\/wp-json\/wp\/v2\/types\/product"}],"version-history":[{"count":0,"href":"https:\/\/healthyhead.dk\/de\/wp-json\/wp\/v2\/product\/267666\/revisions"}],"wp:featuredmedia":[{"embeddable":true,"href":"https:\/\/healthyhead.dk\/de\/wp-json\/wp\/v2\/media\/260282"}],"wp:attachment":[{"href":"https:\/\/healthyhead.dk\/de\/wp-json\/wp\/v2\/media?parent=267666"}],"wp:term":[{"taxonomy":"product_brand","embeddable":true,"href":"https:\/\/healthyhead.dk\/de\/wp-json\/wp\/v2\/product_brand?post=267666"},{"taxonomy":"product_cat","embeddable":true,"href":"https:\/\/healthyhead.dk\/de\/wp-json\/wp\/v2\/product_cat?post=267666"},{"taxonomy":"product_tag","embeddable":true,"href":"https:\/\/healthyhead.dk\/de\/wp-json\/wp\/v2\/product_tag?post=267666"}],"curies":[{"name":"wp","href":"https:\/\/api.w.org\/{rel}","templated":true}]}}