{"id":267710,"date":"2024-08-30T07:23:16","date_gmt":"2024-08-30T07:23:16","guid":{"rendered":"https:\/\/new.healthyhead.dk\/vare\/zao-okologisk-lipgloss-3-8-ml\/"},"modified":"2025-08-01T11:21:01","modified_gmt":"2025-08-01T11:21:01","slug":"zao-biologischer-lipgloss-3-8-ml","status":"publish","type":"product","link":"https:\/\/healthyhead.dk\/de\/produkt\/zao-biologischer-lipgloss-3-8-ml\/","title":{"rendered":"ZAO, Bio-Lipgloss, 3.8 ml"},"content":{"rendered":"","protected":false},"excerpt":{"rendered":"<p><img decoding=\"async\" class=\"\" src=\"\/wp-content\/uploads\/2024\/08\/Ingen-kemi.svg\" alt=\"\" width=\"45\" height=\"45\">Keine endokrinen Disruptoren<\/p>\n<p><img decoding=\"async\" class=\"\" src=\"\/wp-content\/uploads\/2024\/08\/Ingen-allergifremkaldende.svg\" alt=\"\" width=\"46\" height=\"46\">Keine allergenen Stoffe<\/p>\n<p><img decoding=\"async\" class=\"\" src=\"\/wp-content\/uploads\/2024\/08\/Ingen-miljoebelastende.svg\" width=\"46\" height=\"46\">Keine umweltsch\u00e4dlichen Stoffe<\/p>\n<p><img loading=\"lazy\" decoding=\"async\" class=\"\" src=\"\/wp-content\/uploads\/2024\/08\/indeholder-parfume.svg\" width=\"46\" height=\"46\">Enth\u00e4lt eine sehr geringe Menge an hypoallergenen und 100% nat\u00fcrlichen Duftstoffen<\/p>\n<p>&nbsp;<\/p>\n[cg_accordion title=\"Beschreibung des Produkts\" open=\"open\"]<\/p>\n<p>Bio- und vegan-zertifizierter Lipgloss von French ZAO, erh\u00e4ltlich in 5 nat\u00fcrlichen Farben. Kann f\u00fcr einen dezenten Effekt allein oder f\u00fcr einen schimmernden Effekt \u00fcber dem Lippenstift verwendet werden. Angereichert mit einer Reihe von pflegenden Inhaltsstoffen wie Bio-Kakaobutter, Rizinus\u00f6l und Carnaubawachs, um Ihre Lippen zu n\u00e4hren und mit Feuchtigkeit zu versorgen.   <\/p>\n<ul>\n<li><b>Bio- und vegan-zertifizierter<\/b> Lipgloss<\/li>\n<li>Kann allein oder \u00fcber einem Lippenstift verwendet werden<\/li>\n<li>Angereichert mit pflegenden Inhaltsstoffen wie <b>Bio-Kakaobutter, Rizinus\u00f6l und Carnaubawachs<\/b><\/li>\n<li>Frei von gef\u00e4hrlichen Chemikalien<\/li>\n<li>M\u00f6glichkeit des <b>Nachf\u00fcllens mit einer Nachf\u00fcllpackung<\/b><\/li>\n<\/ul>\n<p><img loading=\"lazy\" decoding=\"async\" class=\"alignnone size-full wp-image-8916\" src=\"\/wp-content\/uploads\/2024\/08\/zao-certificeringer.jpg\" alt=\"\" width=\"479\" height=\"93\" srcset=\"https:\/\/i0.wp.com\/healthyhead.dk\/wp-content\/uploads\/2024\/08\/zao-certificeringer.jpg?w=479&amp;ssl=1 479w, https:\/\/i0.wp.com\/healthyhead.dk\/wp-content\/uploads\/2024\/08\/zao-certificeringer.jpg?resize=300%2C58&amp;ssl=1 300w, https:\/\/i0.wp.com\/healthyhead.dk\/wp-content\/uploads\/2024\/08\/zao-certificeringer.jpg?resize=441%2C86&amp;ssl=1 441w, https:\/\/i0.wp.com\/healthyhead.dk\/wp-content\/uploads\/2024\/08\/zao-certificeringer.jpg?resize=150%2C29&amp;ssl=1 150w\" sizes=\"(max-width: 479px) 100vw, 479px\" \/><br \/>\n[\/cg_accordion]\n[cg_accordion title=\"Tipps f\u00fcr die Verwendung\"]<\/p>\n<ul>\n<li>Tragen Sie den Lipgloss mit dem Schaumstoffapplikator auf die Mitte der Lippen auf und verteilen Sie das Produkt in Richtung der Mundwinkel und der Lippenr\u00e4nder.<\/li>\n<li>Der Gloss kann allein oder \u00fcber einem Lippenstift verwendet werden<\/li>\n<li>Tipp: F\u00fcr bessere Haltbarkeit oder mehr Intensit\u00e4t tragen Sie einen Multifunktionsstift unter Ihrem Gloss auf.<\/li>\n<\/ul>\n<p>[\/cg_accordion]\n[cg_accordion title=\"Inhaltsstoffe\"] <b>Bio-Kakaobutter<\/b><\/p>\n<p>Kakaobutter sch\u00fctzt die Lippen vor \u00e4u\u00dferen Einfl\u00fcssen. Sie hilft, Feuchtigkeit zu bewahren, da sie den Wasserverlust reduziert, indem sie eine Barriere auf der Oberfl\u00e4che der Epidermis bildet. Seit Jahrhunderten wird sie in Afrika als vorbeugende Pflege verwendet, um die Haut geschmeidig zu halten und um Trockenheit zu behandeln.  <\/p>\n<p><b>Bio-Rizinus\u00f6l<\/b><\/p>\n<p>Dieses \u00d6l ist interessant, weil es ein Weichmacher ist, der die Haut geschmeidig macht. Au\u00dferdem ist es feuchtigkeitsspendend, was den Wassergehalt der Lippen erh\u00f6ht und sie weich und geschmeidig h\u00e4lt. <\/p>\n<p><b>Bio-Karnaubawachs<\/b><\/p>\n<p>Dieses Wachs wird von den Bl\u00e4ttern einer in Brasilien beheimateten Palme abgesondert. Es wirkt als filmbildender Inhaltsstoff, der die Lippen sch\u00fctzt, indem er einen durchgehenden Film bildet und die Haltbarkeit des Make-ups verbessert. <\/p>\n<p><b>INCI-Liste:<\/b> Lip Gloss 011 To 016 (F2) : Ricinus Communis (Castor) Seed Oil*, Oleic \/ Linoleic \/ Linolenic Polyglycerides, Theobroma Cacao (Cocoa) Seed Butter*, Hydrogenated Vegetable Oil, Polyglyceryl-4 Caprate, Crambe Abyssinica Seed Oil Phytosterol Esters, Copernicia Cerifera (Carnauba) Cera*, Sesamum Indicum (Sesam) Seed Oil*, Prunus Armeniaca (Apricot) Kernel Oil, Silica, Bambusa Arundinacea Stem Powder, Tocopherol, Parfum (Parf\u00fcm), Ci 77820 (Silber). Kann enthalten +\/-: Ci 77891 (Titandioxid), Ci 77491 (Eisenoxide), Ci 77499 (Eisenoxide), Ci 77007 (Ultramarine), Ci 77742 (Manganviolett), Ci 77019 (Glimmer). * Zutaten aus biologischem Anbau.  <\/p>\n<p>Inhaltsstoffe Lip Gloss 017 (F1) : Ricinus Communis (Castor) Seed Oil*, Oleic \/ Linoleic \/ Linolenic Polyglycerides, Mica, Tribehenin, Glyceryl Behenate, Hydrated Silica, Parfum (Fragrance), Euphorbia Cerifera (Candelilla) Cera, Lecithin, Bambusa Arundinacea Stem Powder, Bambusa Arundinacea (Bamboo) Stem Extract*, Heliantus Annuus (Sunflower) Seed Oil*, Tocopherol, Ascorbyl Palmitate, Citric Acid, May Contain +\/-: Ci 77891 (Titandioxid), Ci 77742 (Manganviolett), Cl 77492 (Eisenoxide), Ci 77491 (Eisenoxide), Cl 77820 (Silber) * Zutaten aus \u00f6kologischem Landbau<\/p>\n<p>[\/cg_accordion]\n<p>&nbsp;<\/p>\n","protected":false},"featured_media":254618,"template":"","meta":{"_acf_changed":false},"product_brand":[564],"product_cat":[851],"product_tag":[],"class_list":{"0":"post-267710","1":"product","2":"type-product","3":"status-publish","4":"has-post-thumbnail","6":"product_brand-zao","7":"product_cat-lippen","9":"first","10":"instock","11":"taxable","12":"shipping-taxable","13":"purchasable","14":"product-type-variable","15":"has-default-attributes"},"acf":[],"_links":{"self":[{"href":"https:\/\/healthyhead.dk\/de\/wp-json\/wp\/v2\/product\/267710","targetHints":{"allow":["GET"]}}],"collection":[{"href":"https:\/\/healthyhead.dk\/de\/wp-json\/wp\/v2\/product"}],"about":[{"href":"https:\/\/healthyhead.dk\/de\/wp-json\/wp\/v2\/types\/product"}],"version-history":[{"count":0,"href":"https:\/\/healthyhead.dk\/de\/wp-json\/wp\/v2\/product\/267710\/revisions"}],"wp:featuredmedia":[{"embeddable":true,"href":"https:\/\/healthyhead.dk\/de\/wp-json\/wp\/v2\/media\/254618"}],"wp:attachment":[{"href":"https:\/\/healthyhead.dk\/de\/wp-json\/wp\/v2\/media?parent=267710"}],"wp:term":[{"taxonomy":"product_brand","embeddable":true,"href":"https:\/\/healthyhead.dk\/de\/wp-json\/wp\/v2\/product_brand?post=267710"},{"taxonomy":"product_cat","embeddable":true,"href":"https:\/\/healthyhead.dk\/de\/wp-json\/wp\/v2\/product_cat?post=267710"},{"taxonomy":"product_tag","embeddable":true,"href":"https:\/\/healthyhead.dk\/de\/wp-json\/wp\/v2\/product_tag?post=267710"}],"curies":[{"name":"wp","href":"https:\/\/api.w.org\/{rel}","templated":true}]}}