{"id":267750,"date":"2024-10-17T09:30:42","date_gmt":"2024-10-17T09:30:42","guid":{"rendered":"https:\/\/new.healthyhead.dk\/vare\/zao-okologisk-eyeliner-amp-multi-purpose-pencil-1-14-g\/"},"modified":"2025-08-01T11:40:41","modified_gmt":"2025-08-01T11:40:41","slug":"zao-biologisch-eyeliner-multi-purpose-pencil-114-g","status":"publish","type":"product","link":"https:\/\/healthyhead.dk\/de\/produkt\/zao-biologisch-eyeliner-multi-purpose-pencil-114-g\/","title":{"rendered":"ZAO, Bio-Eyeliner &amp; Multi-Purpose Pencil, 1,14 g"},"content":{"rendered":"","protected":false},"excerpt":{"rendered":"<p><img decoding=\"async\" class=\"\" src=\"\/wp-content\/uploads\/2024\/08\/Ingen-kemi.svg\" alt=\"\" width=\"45\" height=\"45\">Keine endokrinen Disruptoren<\/p>\n<p><img decoding=\"async\" class=\"\" src=\"\/wp-content\/uploads\/2024\/08\/Ingen-allergifremkaldende.svg\" alt=\"\" width=\"46\" height=\"46\">Keine allergenen Stoffe<\/p>\n<p><img decoding=\"async\" class=\"\" src=\"\/wp-content\/uploads\/2024\/08\/Ingen-miljoebelastende.svg\" width=\"46\" height=\"46\">Keine umweltsch\u00e4dlichen Stoffe<\/p>\n<p><img loading=\"lazy\" decoding=\"async\" class=\"\" src=\"\/wp-content\/uploads\/2024\/08\/Ingen-parfume.svg\" width=\"46\" height=\"46\">Kein Parf\u00fcm<\/p>\n<p>&nbsp;<\/p>\n[cg_accordion title=\"Beschreibung des Produkts\" open=\"open\"]<\/p>\n<p><span style=\"font-weight: 400;\">Die biologischen und veganen Mehrzweckstifte von French ZAO sind vielseitig einsetzbar, von den Augenbrauen \u00fcber die Augen bis hin zu den Lippen. Die Stifte haben eine sanfte Formel, die f\u00fcr empfindliche Haut und Augen geeignet ist, was bedeutet, dass sie auch von Kontaktlinsentr\u00e4gern ohne Irritationen getragen werden k\u00f6nnen. Der Stift ist angereichert mit Kokosnuss\u00f6l, das f\u00fcr seine pflegenden und weichmachenden Eigenschaften bekannt ist, Jojoba\u00f6l, das die Hautbarriere sch\u00fctzt, und Avocado\u00f6l, das als Antioxidans wirkt und die Kollagenproduktion f\u00f6rdert.  <\/span><\/p>\n<ul>\n<li style=\"font-weight: 400;\" aria-level=\"1\"><b>Bio und vegan<\/b><span style=\"font-weight: 400;\"> Eyeliner-Stift<\/span><\/li>\n<li style=\"font-weight: 400;\" aria-level=\"1\"><span style=\"font-weight: 400;\"><strong>Milde Formel<\/strong> <strong>, geeignet f\u00fcr empfindliche Augen und Haut<\/strong><\/span><\/li>\n<li style=\"font-weight: 400;\" aria-level=\"1\"><span style=\"font-weight: 400;\">Kann <strong>von Kontaktlinsentr\u00e4gern getragen<\/strong> werden<\/span><\/li>\n<li style=\"font-weight: 400;\" aria-level=\"1\"><span style=\"font-weight: 400;\">Angereichert mit <strong>Bio-Kokosnuss\u00f6l<\/strong>, das f\u00fcr seine <strong>n\u00e4hrenden und weichmachenden Eigenschaften<\/strong> bekannt ist<\/span><\/li>\n<li style=\"font-weight: 400;\" aria-level=\"1\"><span style=\"font-weight: 400;\"><strong>Jojoba\u00f6l<\/strong>, das<strong> die Hautbarriere sch\u00fctzt<\/strong><\/span><\/li>\n<li style=\"font-weight: 400;\" aria-level=\"1\"><span style=\"font-weight: 400;\"><strong>Avocado\u00f6l<\/strong>, das<strong> die Kollagenproduktion f\u00f6rdert<\/strong><\/span><\/li>\n<li aria-level=\"1\">Die Farben<strong> 551 &#8211; 558<\/strong> sind besonders als <strong>Eyeliner<\/strong> geeignet<\/li>\n<li aria-level=\"1\">Die Farben <strong>560 &#8211; 564<\/strong> eignen sich als<strong> Eyeliner<\/strong>, aber auch zum <strong>Hervorheben der Lippen<\/strong><\/li>\n<li aria-level=\"1\">Die Farben <strong>565 &#8211; 567<\/strong> sind perfekt f\u00fcr <strong>Augenbrauen<\/strong><\/li>\n<\/ul>\n<p><img loading=\"lazy\" decoding=\"async\" class=\"alignnone size-full wp-image-8916\" src=\"\/wp-content\/uploads\/2024\/08\/zao-certificeringer.jpg\" alt=\"\" width=\"479\" height=\"93\" srcset=\"https:\/\/i0.wp.com\/healthyhead.dk\/wp-content\/uploads\/2024\/08\/zao-certificeringer.jpg?w=479&amp;ssl=1 479w, https:\/\/i0.wp.com\/healthyhead.dk\/wp-content\/uploads\/2024\/08\/zao-certificeringer.jpg?resize=300%2C58&amp;ssl=1 300w, https:\/\/i0.wp.com\/healthyhead.dk\/wp-content\/uploads\/2024\/08\/zao-certificeringer.jpg?resize=441%2C86&amp;ssl=1 441w, https:\/\/i0.wp.com\/healthyhead.dk\/wp-content\/uploads\/2024\/08\/zao-certificeringer.jpg?resize=150%2C29&amp;ssl=1 150w\" sizes=\"(max-width: 479px) 100vw, 479px\" \/><\/p>\n<p>[\/cg_accordion]\n[cg_accordion title=\"Tipps f\u00fcr die Verwendung\"]<\/p>\n<p><b>F\u00dcR DIE AUGEN:<\/b><\/p>\n<p>Der Zao-Stift hilft, den Blick zu betonen und zu intensivieren, ohne die Augen zu reizen. F\u00fcr ein intensives Make-up entlang des Wimpernkranzes auftragen. Ziehen Sie eine dicke Linie vom \u00e4u\u00dferen Augenwinkel aus. F\u00fcr besseren Halt leicht verblenden und anschlie\u00dfend mit dem schr\u00e4gen Pinsel 706 von Zao Make-Up Eyeshadow abpudern, entweder mit dem gleichen Farbton wie der Stift oder mit einem anderen Farbton, um einen Kontrast zu schaffen. Um die Augen zu \u00f6ffnen, tragen Sie den Nude Beige Pencil 564 auf den inneren Augenwinkel und den Lidstrich auf.    <\/p>\n<p>Kundenspezifische Farben: 551, 552 bis 558 und 564.<\/p>\n<p><b>F\u00dcR AUGENBROSEN:<\/b><\/p>\n<p>Die Augenbrauen spielen eine wichtige Rolle f\u00fcr die Form des Gesichts und verleihen den Augen Intensit\u00e4t. Mit dem Zao Multifunktionsstift lassen sich Farbe und Form der Augenbrauen leicht definieren und disziplinieren. W\u00e4hlen Sie den Farbton, der zur Farbe Ihrer Augenbrauen passt. B\u00fcrsten Sie sie mit der Duo Eyebrow Brush 712 und tragen Sie dann den Eyebrow Pencil auf die zu korrigierenden oder zu verst\u00e4rkenden Bereiche auf. Erneut b\u00fcrsten, um das Produkt leicht zu verwischen.    <\/p>\n<p>Kundenspezifische Farben: 551, 552, 553, 554, 565 bis 567.<\/p>\n<p><b>F\u00dcR LIPPEN:<\/b><\/p>\n<p>Der Zao-Stift eignet sich perfekt, um die Lippenkonturen zu konturieren und den Lippen Volumen zu verleihen. Er kann allein oder zusammen mit einem Lippenstift, Lippenpolitur oder Lipgloss verwendet werden. Er verl\u00e4ngert die Langlebigkeit des Lippen-Make-ups und verhindert dessen Verblassen. Zeichnen Sie die Lippenkontur von der Mitte aus nach und schlie\u00dfen Sie dann die Mundwinkel an. F\u00fcr mehr Halt den Stift mit dem Lippenpinsel 708 zur Innenseite der Lippe hin verblenden.    <\/p>\n<p>Benutzerdefinierte Farben: 559 bis 563.<\/p>\n<p>[\/cg_accordion]\n[cg_accordion title=\"Inhaltsstoffe\"]<\/p>\n<p><b>Bio-Kokosnuss\u00f6l:<\/b><\/p>\n<p>Dieses \u00d6l ist f\u00fcr seine n\u00e4hrenden und lindernden Eigenschaften bekannt. Es besteht aus essenziellen Fetts\u00e4uren, darunter Laurin- und Linols\u00e4ure, die ihm seine n\u00e4hrenden und reparierenden Eigenschaften verleihen. Au\u00dferdem enth\u00e4lt sie die Vitamine A und E, die als Antioxidantien der Hautalterung entgegenwirken. Schlie\u00dflich ist es auch f\u00fcr seine antibakteriellen und infektionshemmenden Eigenschaften bekannt.   <\/p>\n<p><b>Bio-Jojoba\u00f6l:<\/b><\/p>\n<p>Beruhigend und lindernd f\u00fcr empfindliche Haut. Es sch\u00fctzt die Haut durch die St\u00e4rkung des Hydrolipidfilms, der eine Barriere gegen Krankheitserreger bildet. Dank ihrer weichmachenden und talgregulierenden Eigenschaften ist sie f\u00fcr alle Hauttypen geeignet.  <\/p>\n<p><b>Bio-Avocado\u00f6l:<\/b><\/p>\n<p>Ein \u00d6l, das reich an Antioxidantien ist und die Kollagenproduktion f\u00f6rdert. Pflegend und weich, ist es ein ausgezeichnetes Augenpflegeprodukt. <\/p>\n<p><b>INCI-Liste:<\/b> Heptyl Undecylenate, Simmondsia Chinensis (Jojoba) Seed Oil*, Hydrogenated Rapeseed Oil, Copernicia Cerifera (Carnauba) Wax*, Tribehenin, Silica, Hydrogenated Jojoba Oil, Oryzanol, Glyceryl Undecylenate. Kann +\/- enthalten: Ci 77891 (Titandioxid), Ci 77491 (Eisenoxide), Ci 77492 (Eisenoxide), Ci 77499 (Eisenoxide), Ci77742 (Manganviolett), Ci77007 (Ultramarin). *Inhaltsstoffe aus \u00f6kologischem Landbau<br \/>\n[\/cg_accordion]\n<p>&nbsp;<\/p>\n","protected":false},"featured_media":257382,"template":"","meta":{"_acf_changed":false},"product_brand":[564],"product_cat":[851,843,516],"product_tag":[],"class_list":{"0":"post-267750","1":"product","2":"type-product","3":"status-publish","4":"has-post-thumbnail","6":"product_brand-zao","7":"product_cat-lippen","8":"product_cat-augenbrauen","9":"product_cat-eyeliner","11":"first","12":"instock","13":"taxable","14":"shipping-taxable","15":"purchasable","16":"product-type-variable"},"acf":[],"_links":{"self":[{"href":"https:\/\/healthyhead.dk\/de\/wp-json\/wp\/v2\/product\/267750","targetHints":{"allow":["GET"]}}],"collection":[{"href":"https:\/\/healthyhead.dk\/de\/wp-json\/wp\/v2\/product"}],"about":[{"href":"https:\/\/healthyhead.dk\/de\/wp-json\/wp\/v2\/types\/product"}],"version-history":[{"count":0,"href":"https:\/\/healthyhead.dk\/de\/wp-json\/wp\/v2\/product\/267750\/revisions"}],"wp:featuredmedia":[{"embeddable":true,"href":"https:\/\/healthyhead.dk\/de\/wp-json\/wp\/v2\/media\/257382"}],"wp:attachment":[{"href":"https:\/\/healthyhead.dk\/de\/wp-json\/wp\/v2\/media?parent=267750"}],"wp:term":[{"taxonomy":"product_brand","embeddable":true,"href":"https:\/\/healthyhead.dk\/de\/wp-json\/wp\/v2\/product_brand?post=267750"},{"taxonomy":"product_cat","embeddable":true,"href":"https:\/\/healthyhead.dk\/de\/wp-json\/wp\/v2\/product_cat?post=267750"},{"taxonomy":"product_tag","embeddable":true,"href":"https:\/\/healthyhead.dk\/de\/wp-json\/wp\/v2\/product_tag?post=267750"}],"curies":[{"name":"wp","href":"https:\/\/api.w.org\/{rel}","templated":true}]}}