{"id":267786,"date":"2024-12-04T09:28:58","date_gmt":"2024-12-04T09:28:58","guid":{"rendered":"https:\/\/new.healthyhead.dk\/vare\/zao-okologisk-laebepomade-3-5-g\/"},"modified":"2025-08-01T11:39:53","modified_gmt":"2025-08-01T11:39:53","slug":"zao-biologischer-lippenbalsam-35-g","status":"publish","type":"product","link":"https:\/\/healthyhead.dk\/de\/produkt\/zao-biologischer-lippenbalsam-35-g\/","title":{"rendered":"ZAO, Bio-Lippenbalsam, 3,5 g"},"content":{"rendered":"","protected":false},"excerpt":{"rendered":"<p><img decoding=\"async\" class=\"\" src=\"\/wp-content\/uploads\/2024\/08\/Ingen-kemi.svg\" alt=\"\" width=\"45\" height=\"45\">Keine endokrinen Disruptoren<\/p>\n<p><img decoding=\"async\" class=\"\" src=\"\/wp-content\/uploads\/2024\/08\/Ingen-allergifremkaldende.svg\" alt=\"\" width=\"46\" height=\"46\">Keine allergenen Stoffe<\/p>\n<p><img decoding=\"async\" class=\"\" src=\"\/wp-content\/uploads\/2024\/08\/Ingen-miljoebelastende.svg\" width=\"46\" height=\"46\">Keine umweltsch\u00e4dlichen Stoffe<\/p>\n<p><img loading=\"lazy\" decoding=\"async\" class=\"\" src=\"\/wp-content\/uploads\/2024\/08\/indeholder-parfume.svg\" width=\"46\" height=\"46\">Enth\u00e4lt eine sehr geringe Menge an hypoallergenen und 100% nat\u00fcrlichen Duftstoffen<\/p>\n<p>&nbsp;<\/p>\n[cg_accordion title=\"Beschreibung des Produkts\" open=\"open\"]<\/p>\n<p>Biologischer und veganer Lippenbalsam von ZAO, reich an Squalen, einem wirksamen feuchtigkeitsspendenden Fett, das aus Bio-Oliven\u00f6l, Bio-Kokosnuss\u00f6l und Bio-Sheabutter gewonnen wird. Er enth\u00e4lt au\u00dferdem Akazienbl\u00fctenwachs, das einen Schutzfilm bildet, der die Lippen vor \u00e4u\u00dferen Einfl\u00fcssen sch\u00fctzt. Akazienbl\u00fctenwachs hat au\u00dferdem weichmachende Eigenschaften, die f\u00fcr weiche und geschmeidige Lippen sorgen. Der Lippenbalsam hat eine cremige Textur, die sich leicht auftragen l\u00e4sst. Und er sch\u00fctzt und repariert rissige oder besch\u00e4digte Lippen, wenn diese besch\u00e4digt sind.    <\/p>\n<ul>\n<li><strong>Biologischer und veganer<\/strong> Lippenstift<\/li>\n<li><strong>Reich an pflanzlichem Squalen <\/strong>, einem wirksamen feuchtigkeitsspendenden Fett<\/li>\n<li>Angereichert mit <strong>Bio-Akazienbl\u00fctenhonig <\/strong>f\u00fcr weiche und geschmeidige Lippen<\/li>\n<li>M\u00f6glichkeit des <b>Nachf\u00fcllens mit einer Nachf\u00fcllpackung<\/b><\/li>\n<\/ul>\n<p><img loading=\"lazy\" decoding=\"async\" class=\"alignnone size-full wp-image-8916\" src=\"\/wp-content\/uploads\/2024\/08\/zao-certificeringer.jpg\" alt=\"\" width=\"479\" height=\"93\" srcset=\"https:\/\/i0.wp.com\/healthyhead.dk\/wp-content\/uploads\/2024\/08\/zao-certificeringer.jpg?w=479&amp;ssl=1 479w, https:\/\/i0.wp.com\/healthyhead.dk\/wp-content\/uploads\/2024\/08\/zao-certificeringer.jpg?resize=300%2C58&amp;ssl=1 300w, https:\/\/i0.wp.com\/healthyhead.dk\/wp-content\/uploads\/2024\/08\/zao-certificeringer.jpg?resize=441%2C86&amp;ssl=1 441w, https:\/\/i0.wp.com\/healthyhead.dk\/wp-content\/uploads\/2024\/08\/zao-certificeringer.jpg?resize=150%2C29&amp;ssl=1 150w\" sizes=\"(max-width: 479px) 100vw, 479px\" \/><br \/>\n[\/cg_accordion]\n[cg_accordion title=\"Tipps f\u00fcr die Verwendung\"]<\/p>\n<ul>\n<li>Der Lippenbalsam wird direkt auf die Lippen aufgetragen.<\/li>\n<li>Er kann allein oder als Unterlage unter Lipgloss, Lippenstift oder Lippenpolitur verwendet werden.<\/li>\n<\/ul>\n<p>[\/cg_accordion]\n[cg_accordion title=\"Inhaltsstoffe\"]<\/p>\n<p><strong>Akazienbl\u00fctenwachs-Extrakt<\/strong><br \/>\nDas Wachs der Akazienbl\u00fcte bildet einen Schutzfilm, der die Lippen vor \u00e4u\u00dferen Einfl\u00fcssen bewahrt. Seine erweichenden Eigenschaften sorgen f\u00fcr weiche und geschmeidige Lippen. <\/p>\n<p><strong>Bio-Rizinus\u00f6l<\/strong><br \/>\nDieses \u00d6l enth\u00e4lt Ricinols\u00e4ure, eine besondere Fetts\u00e4ure, die es zu einer Sch\u00f6nheitspflege mit beeindruckenden, seit der Antike bekannten Eigenschaften macht. Es reinigt, erweicht und heilt die Haut. <\/p>\n<p><strong>Bio-Bambusmazerat<\/strong><br \/>\nAls Bio-Bambushydrolat und Bambuspulver ist dieser Inhaltsstoff extrem reich an organischer Kiesels\u00e4ure. Eine externe Erg\u00e4nzung ist notwendig, um die Elastizit\u00e4t der oberen Hautschichten zu erhalten. Organische Kiesels\u00e4ure stimuliert den Prozess der Kollagenproduktion.  <\/p>\n<p><b>INCI-Liste:<\/b> Ricinus Communis (Castor) Seed Oil*, Octyldodecanol, Copernicia Cerifera (Carnauba) Cera*, C10-18 Triglyceride, Jojoba Esters, Hydrogenated Vegetable Oil, Helianthus Annuus (Sunflower) Seed Cera, Parfum (Fragrance), Euphorbia Cerifera (Candelilla) Cera, Prunus Armeniaca (Apricot) Kernel Extract, Bambusa Arundinacea Stem Extract*, Helianthus Annuus (Sunflower) Seed Oil*, Acacia Decurrens Flower Cera, Tocopherol, Polyglycerin-3, Ci 77891 (Titanium Dioxide). * Zutaten aus biologischem Anbau. <\/p>\n<p>[\/cg_accordion]\n<p>&nbsp;<\/p>\n<p>&nbsp;<\/p>\n","protected":false},"featured_media":258698,"template":"","meta":{"_acf_changed":false},"product_brand":[564],"product_cat":[851],"product_tag":[],"class_list":{"0":"post-267786","1":"product","2":"type-product","3":"status-publish","4":"has-post-thumbnail","6":"product_brand-zao","7":"product_cat-lippen","9":"first","10":"outofstock","11":"taxable","12":"shipping-taxable","13":"purchasable","14":"product-type-simple"},"acf":[],"_links":{"self":[{"href":"https:\/\/healthyhead.dk\/de\/wp-json\/wp\/v2\/product\/267786","targetHints":{"allow":["GET"]}}],"collection":[{"href":"https:\/\/healthyhead.dk\/de\/wp-json\/wp\/v2\/product"}],"about":[{"href":"https:\/\/healthyhead.dk\/de\/wp-json\/wp\/v2\/types\/product"}],"version-history":[{"count":0,"href":"https:\/\/healthyhead.dk\/de\/wp-json\/wp\/v2\/product\/267786\/revisions"}],"wp:featuredmedia":[{"embeddable":true,"href":"https:\/\/healthyhead.dk\/de\/wp-json\/wp\/v2\/media\/258698"}],"wp:attachment":[{"href":"https:\/\/healthyhead.dk\/de\/wp-json\/wp\/v2\/media?parent=267786"}],"wp:term":[{"taxonomy":"product_brand","embeddable":true,"href":"https:\/\/healthyhead.dk\/de\/wp-json\/wp\/v2\/product_brand?post=267786"},{"taxonomy":"product_cat","embeddable":true,"href":"https:\/\/healthyhead.dk\/de\/wp-json\/wp\/v2\/product_cat?post=267786"},{"taxonomy":"product_tag","embeddable":true,"href":"https:\/\/healthyhead.dk\/de\/wp-json\/wp\/v2\/product_tag?post=267786"}],"curies":[{"name":"wp","href":"https:\/\/api.w.org\/{rel}","templated":true}]}}