{"id":267850,"date":"2024-12-11T13:16:10","date_gmt":"2024-12-11T13:16:10","guid":{"rendered":"https:\/\/new.healthyhead.dk\/vare\/zao-bamboo-eyebrow-duo-brush-makeupborste-712\/"},"modified":"2025-08-01T09:00:49","modified_gmt":"2025-08-01T09:00:49","slug":"zao-bamboo-eyebrow-duo-brush-makeupborste-712","status":"publish","type":"product","link":"https:\/\/healthyhead.dk\/de\/produkt\/zao-bamboo-eyebrow-duo-brush-makeupborste-712\/","title":{"rendered":"ZAO, Bamboo Eyebrow Duo Brush, Schminkpinsel, 712"},"content":{"rendered":"","protected":false},"excerpt":{"rendered":"<p><img decoding=\"async\" class=\"\" src=\"\/wp-content\/uploads\/2024\/09\/Miljoevenligt-bambus-ikon.svg\" alt=\"Umweltfreundlicher Bambus\" width=\"45\" height=\"45\">Umweltfreundlicher Bambus<\/p>\n<p>&nbsp;<\/p>\n[cg_accordion title=\"Beschreibung\" open=\"open\"]<\/p>\n<p>Zweiseitiger veganer Make-up-Pinsel von ZAO mit einem Griff aus Bio-Bambus, der zum \u00fcbrigen ZAO-Sortiment passt. Perfekt zum Auftragen von Augenbrauenpuder. Die abgewinkelte Seite des Pinsels erleichtert das Auftragen von Augenbrauenpuder. Die l\u00e4ngliche B\u00fcrste k\u00e4mmt die Augenbrauen und sorgt daf\u00fcr, dass \u00fcbersch\u00fcssiges Puder entfernt wird. Wie alle ZAO-Produkte ist auch dieser Pinsel vegan zertifiziert.    <\/p>\n<ul>\n<li>Perfekt zum Auftragen von <strong>Augenbrauenpuder<\/strong><\/li>\n<li>Vegan zertifiziert<\/li>\n<\/ul>\n<p>&nbsp;<\/p>\n<p>[\/cg_accordion]\n<p>&nbsp;<\/p>\n","protected":false},"featured_media":259026,"template":"","meta":{"_acf_changed":false},"product_brand":[564],"product_cat":[865],"product_tag":[],"class_list":{"0":"post-267850","1":"product","2":"type-product","3":"status-publish","4":"has-post-thumbnail","6":"product_brand-zao","7":"product_cat-make-up-pinsel","9":"first","10":"instock","11":"taxable","12":"shipping-taxable","13":"purchasable","14":"product-type-simple"},"acf":[],"_links":{"self":[{"href":"https:\/\/healthyhead.dk\/de\/wp-json\/wp\/v2\/product\/267850","targetHints":{"allow":["GET"]}}],"collection":[{"href":"https:\/\/healthyhead.dk\/de\/wp-json\/wp\/v2\/product"}],"about":[{"href":"https:\/\/healthyhead.dk\/de\/wp-json\/wp\/v2\/types\/product"}],"version-history":[{"count":0,"href":"https:\/\/healthyhead.dk\/de\/wp-json\/wp\/v2\/product\/267850\/revisions"}],"wp:featuredmedia":[{"embeddable":true,"href":"https:\/\/healthyhead.dk\/de\/wp-json\/wp\/v2\/media\/259026"}],"wp:attachment":[{"href":"https:\/\/healthyhead.dk\/de\/wp-json\/wp\/v2\/media?parent=267850"}],"wp:term":[{"taxonomy":"product_brand","embeddable":true,"href":"https:\/\/healthyhead.dk\/de\/wp-json\/wp\/v2\/product_brand?post=267850"},{"taxonomy":"product_cat","embeddable":true,"href":"https:\/\/healthyhead.dk\/de\/wp-json\/wp\/v2\/product_cat?post=267850"},{"taxonomy":"product_tag","embeddable":true,"href":"https:\/\/healthyhead.dk\/de\/wp-json\/wp\/v2\/product_tag?post=267850"}],"curies":[{"name":"wp","href":"https:\/\/api.w.org\/{rel}","templated":true}]}}