{"id":267961,"date":"2024-11-20T12:00:56","date_gmt":"2024-11-20T12:00:56","guid":{"rendered":"https:\/\/new.healthyhead.dk\/vare\/zao-okologisk-ojenskygge-refill-1-3-g\/"},"modified":"2025-08-05T10:28:31","modified_gmt":"2025-08-05T10:28:31","slug":"zao-bio-augen-schatten-auffuellung-1-3-g","status":"publish","type":"product","link":"https:\/\/healthyhead.dk\/de\/produkt\/zao-bio-augen-schatten-auffuellung-1-3-g\/","title":{"rendered":"ZAO, Bio-Lidschatten, Nachf\u00fcllpackung, 1,3 g"},"content":{"rendered":"","protected":false},"excerpt":{"rendered":"<p><img decoding=\"async\" class=\"\" src=\"\/wp-content\/uploads\/2024\/08\/Ingen-kemi.svg\" alt=\"\" width=\"45\" height=\"45\">Keine endokrinen Disruptoren<\/p>\n<p><img decoding=\"async\" class=\"\" src=\"\/wp-content\/uploads\/2024\/08\/Ingen-allergifremkaldende.svg\" alt=\"\" width=\"46\" height=\"46\">Keine allergenen Stoffe<\/p>\n<p><img decoding=\"async\" class=\"\" src=\"\/wp-content\/uploads\/2024\/08\/Ingen-miljoebelastende.svg\" width=\"46\" height=\"46\">Keine umweltsch\u00e4dlichen Stoffe<\/p>\n<p><img loading=\"lazy\" decoding=\"async\" class=\"\" src=\"\/wp-content\/uploads\/2024\/08\/Ingen-parfume.svg\" width=\"46\" height=\"46\">Kein Parf\u00fcm<\/p>\n<p>&nbsp;<\/p>\n[cg_accordion title=\"Beschreibung\" open=\"open\"]<\/p>\n<p>Bio-Lidschatten von der franz\u00f6sischen Marke ZAO. Der Lidschatten enth\u00e4lt pflanzliches Squalen, das die Haut weich macht und vor dem Austrocknen sch\u00fctzt, und Bambuspulver, das mit seinem hohen Kiesels\u00e4uregehalt die Haut remineralisiert und ein sch\u00f6nes mattes Finish verleiht. Der Trick bei diesem Lidschatten ist, ihn mit Nachf\u00fcllpackungen nachzuf\u00fcllen, anstatt zu viel Geld f\u00fcr die Verpackung auszugeben. Unten auf der Seite finden Sie die schicken Bambusdosen, die Sie sowohl f\u00fcr Lidschatten als auch f\u00fcr andere Nachf\u00fcllprodukte von ZAO verwenden k\u00f6nnen.   <\/p>\n<ul>\n<li><strong>Biologischer und veganer<\/strong> Lidschatten, v\u00f6llig <strong>parf\u00fcmfrei<\/strong><\/li>\n<li>Enth\u00e4lt <strong>pflanzliches Squalen<\/strong> und <strong>Bambuspulver<\/strong>, um <strong>die Haut weich zu machen, zu sch\u00fctzen und zu remineralisieren<\/strong><\/li>\n<li>Reduzieren Sie Ressourcenabf\u00e4lle mit <strong>wiederbef\u00fcllbaren Bambusboxen<\/strong><\/li>\n<\/ul>\n<p><img loading=\"lazy\" decoding=\"async\" class=\"alignnone size-full wp-image-8916\" src=\"\/wp-content\/uploads\/2024\/08\/zao-certificeringer.jpg\" alt=\"\" width=\"479\" height=\"93\" srcset=\"https:\/\/i0.wp.com\/healthyhead.dk\/wp-content\/uploads\/2024\/08\/zao-certificeringer.jpg?w=479&amp;ssl=1 479w, https:\/\/i0.wp.com\/healthyhead.dk\/wp-content\/uploads\/2024\/08\/zao-certificeringer.jpg?resize=300%2C58&amp;ssl=1 300w, https:\/\/i0.wp.com\/healthyhead.dk\/wp-content\/uploads\/2024\/08\/zao-certificeringer.jpg?resize=441%2C86&amp;ssl=1 441w, https:\/\/i0.wp.com\/healthyhead.dk\/wp-content\/uploads\/2024\/08\/zao-certificeringer.jpg?resize=150%2C29&amp;ssl=1 150w\" sizes=\"(max-width: 479px) 100vw, 479px\" \/><\/p>\n<p>[\/cg_accordion]\n[cg_accordion title=\"Tipps f\u00fcr die Verwendung\"]<\/p>\n<ul>\n<li>Tragen Sie mit <strong>dem Schattierungspinsel 704<\/strong> einen hellen oder mittleren Lidschatten auf das gesamte Augenlid auf.<\/li>\n<li>W\u00e4hlen Sie einen dunkleren Farbton, um den Wimpernkranz mit dem <strong>gewinkelten Pinsel 706<\/strong> zu betonen.<\/li>\n<li>Den inneren Augenwinkel mit einem hellen Farbton aufhellen.<\/li>\n<li>Verwenden Sie den <strong>matten schwarzen Lidschatten 206<\/strong> als Eyeliner, um eine feine Linie am oberen Wimpernansatz zu ziehen.<\/li>\n<li>Tragen Sie eine der ZAO Mascaras auf, um den Look zu vervollst\u00e4ndigen.<\/li>\n<\/ul>\n<p><strong>TIPP:<\/strong> F\u00fcr einen l\u00e4nger anhaltenden Effekt sollten Sie die Haut vor dem Auftragen von Lidschatten mit <strong>Fluid Eye Primer 258<\/strong> vorbereiten.<\/p>\n<p>[\/cg_accordion]\n[cg_accordion title=\"Inhaltsstoffe\"]<\/p>\n<p><strong>Pflanzliches Squalen<\/strong><\/p>\n<p>Das aus Oliven\u00f6l gewonnene pflanzliche Squalen ist ein Derivat des Squalen, das ein nat\u00fcrlicher Bestandteil des menschlichen Hautfetts (Sebum) ist. Seine hervorragende Affinit\u00e4t zur Haut, die auf seine \u00c4hnlichkeit mit nat\u00fcrlichen Hautfetten zur\u00fcckzuf\u00fchren ist, sowie seine erweichenden Eigenschaften machen es zu einem idealen Wirkstoff. Es st\u00e4rkt die Hydrolipidbarriere der Haut, macht sie geschmeidig und sch\u00fctzt sie vor dem Austrocknen.  <\/p>\n<p><strong>Bambus-Pulver<\/strong><\/p>\n<p>Es handelt sich um eine wei\u00dfe Substanz, die aus Bambusrohren gewonnen wird. Dank ihres hohen Kiesels\u00e4uregehalts remineralisiert sie die Haut, spendet Feuchtigkeit und tr\u00e4gt zur Hautregeneration bei, w\u00e4hrend sie bei Mischhaut und fettiger Haut den Glanz reduziert. <\/p>\n<p><b>INCI-Liste:<\/b> Mica, Zea Mays (Corn) Starch*, Zinc Stearate, Squalane, Silica, Bisabolol, Lauroyl Lysine, Theobroma Cacao (Cocoa) Seed Butter*, Ci 77820 (Silver), Butyrospermum Parkii (Shea) Butter*, Macadamia Ternifolia Seed Oil*, Bambusa Arundinacea Stem Powder, Alpha-Glucan Oligosaccharide, Olea Europaea (Olive) Leaf Extract, Aqua (Water), Alcohol, Olea Europaea (Olive) Fruit Extract, Zingiber Officinale (Ginger) Root Extract. Kann enthalten +\/-: Ci 77007 (Ultramarine), Ci 77891 (Titandioxid), Ci 77499 (Eisenoxide), Ci 77742 (Manganviolett), Ci 77492 (Eisenoxide), Ci 77491 (Eisenoxide), Ci 77510 (Eisen(III)-cyanid), Ci 77288 (Chromoxidgr\u00fcn). *Zutaten aus \u00f6kologischem Landbau  <\/p>\n<p>[\/cg_accordion]\n<p>&nbsp;<\/p>\n","protected":false},"featured_media":257782,"template":"","meta":{"_acf_changed":false},"product_brand":[564],"product_cat":[816,847],"product_tag":[],"class_list":{"0":"post-267961","1":"product","2":"type-product","3":"status-publish","4":"has-post-thumbnail","6":"product_brand-zao","7":"product_cat-gezicht","8":"product_cat-lidschatten","10":"first","11":"instock","12":"taxable","13":"shipping-taxable","14":"purchasable","15":"product-type-variable","16":"has-default-attributes"},"acf":[],"_links":{"self":[{"href":"https:\/\/healthyhead.dk\/de\/wp-json\/wp\/v2\/product\/267961","targetHints":{"allow":["GET"]}}],"collection":[{"href":"https:\/\/healthyhead.dk\/de\/wp-json\/wp\/v2\/product"}],"about":[{"href":"https:\/\/healthyhead.dk\/de\/wp-json\/wp\/v2\/types\/product"}],"version-history":[{"count":0,"href":"https:\/\/healthyhead.dk\/de\/wp-json\/wp\/v2\/product\/267961\/revisions"}],"wp:featuredmedia":[{"embeddable":true,"href":"https:\/\/healthyhead.dk\/de\/wp-json\/wp\/v2\/media\/257782"}],"wp:attachment":[{"href":"https:\/\/healthyhead.dk\/de\/wp-json\/wp\/v2\/media?parent=267961"}],"wp:term":[{"taxonomy":"product_brand","embeddable":true,"href":"https:\/\/healthyhead.dk\/de\/wp-json\/wp\/v2\/product_brand?post=267961"},{"taxonomy":"product_cat","embeddable":true,"href":"https:\/\/healthyhead.dk\/de\/wp-json\/wp\/v2\/product_cat?post=267961"},{"taxonomy":"product_tag","embeddable":true,"href":"https:\/\/healthyhead.dk\/de\/wp-json\/wp\/v2\/product_tag?post=267961"}],"curies":[{"name":"wp","href":"https:\/\/api.w.org\/{rel}","templated":true}]}}