{"id":268029,"date":"2024-12-11T12:09:18","date_gmt":"2024-12-11T12:09:18","guid":{"rendered":"https:\/\/new.healthyhead.dk\/vare\/zao-okologisk-ultra-shiny-eyeshadow-palette-10-x-1-3-g\/"},"modified":"2025-08-05T10:44:42","modified_gmt":"2025-08-05T10:44:42","slug":"zao-bio-ultra-shiny-eyeshadow-10-x-13-g","status":"publish","type":"product","link":"https:\/\/healthyhead.dk\/de\/produkt\/zao-bio-ultra-shiny-eyeshadow-10-x-13-g\/","title":{"rendered":"ZAO, Bio-Ultra Shiny Eyeshadow palette, 10 x 1,3 g"},"content":{"rendered":"","protected":false},"excerpt":{"rendered":"<p><img decoding=\"async\" class=\"\" src=\"\/wp-content\/uploads\/2024\/08\/Ingen-kemi.svg\" alt=\"\" width=\"45\" height=\"45\">Keine endokrinen Disruptoren<\/p>\n<p><img decoding=\"async\" class=\"\" src=\"\/wp-content\/uploads\/2024\/08\/Ingen-allergifremkaldende.svg\" alt=\"\" width=\"46\" height=\"46\">Keine allergenen Stoffe<\/p>\n<p><img decoding=\"async\" class=\"\" src=\"\/wp-content\/uploads\/2024\/08\/Ingen-miljoebelastende.svg\" width=\"46\" height=\"46\">Keine umweltsch\u00e4dlichen Stoffe<\/p>\n<p><img loading=\"lazy\" decoding=\"async\" class=\"\" src=\"\/wp-content\/uploads\/2024\/08\/Ingen-parfume.svg\" width=\"46\" height=\"46\">Kein Parf\u00fcm<\/p>\n<p>&nbsp;<\/p>\n[cg_accordion title=\"Beschreibung\" open=\"open\"]<\/p>\n<p>Bio-Lidschattenpalette von French ZAO. Die Palette enth\u00e4lt eine Auswahl an schimmernden Farben. Sie sind mit Kieselerde und Olivenblattextrakt angereichert, um die Haut zu n\u00e4hren und zu regenerieren. Die nachf\u00fcllbare Bambuspalette eignet sich perfekt zum Selbstverw\u00f6hnen oder als Geschenk f\u00fcr einen lieben Menschen.   <\/p>\n<p>Die Palette enth\u00e4lt die folgenden Farben:<br \/>\n<strong>270 Ultra Pearly Light Champagne:<\/strong> \u00f6ffnet und vergr\u00f6\u00dfert die Augen, wenn er im Augenwinkel aufgetragen wird.<br \/>\n<strong>271 Ultra Pearly Coppery Pink:<\/strong> ist ein vielseitiges Kupferrosa, das gut in den Augenwinkeln, aber auch auf dem gesamten Augenlid funktioniert. Mit goldenen Highlights zum Aufhellen verleiht der Farbton einen warmen Schimmer.<br \/>\n<strong>272 Ultra Pearly Fairy Pink:<\/strong> ist dezent und s\u00fc\u00df, ein frischer Farbton, der Ihre Augen betont.<br \/>\n<strong>273 Ultra Pearly Purple Rain:<\/strong> ideal f\u00fcr Smokey Eyes.<br \/>\n<strong>274 Ultra Pearly Bronzed Brown:<\/strong> eine helle, warme und verf\u00fchrerische Farbe, die Ihrem Augen-Make-up f\u00fcr alle Gelegenheiten Tiefe verleiht.<br \/>\n<strong>275 Ultra Pearly Golden Orange:<\/strong> w\u00e4rmt helle Haut auf.<br \/>\n<strong>279 Ultra Pearly Diamond Grey:<\/strong> reflektiert das Licht intensiv und l\u00e4sst Ihren Look erstrahlen. Dieser Metallic-Ton ist ideal f\u00fcr die Party-Saison und wird mit Sicherheit der Hit auf jeder Party sein.<br \/>\n<strong>280 Satin Cocoa:<\/strong> ist ein unverzichtbarer Farbton f\u00fcr rauchige Augen und kann auch als Eyeliner verwendet werden.<br \/>\n<strong>281 Burgundy Sequin:<\/strong> ist ein ultra-perlmuttartiges Burgund f\u00fcr den ultimativen Party-Look.<br \/>\n<strong>282 Silver Lilac:<\/strong> ein ultra-perlmuttartiges Silber mit violetten Untert\u00f6nen, ideal, um die Augen zu \u00f6ffnen und das Licht zu reflektieren, dieser Farbton ist perfekt f\u00fcr jeden gro\u00dfen Anlass.<\/p>\n<p><img loading=\"lazy\" decoding=\"async\" class=\"alignnone size-full wp-image-8916\" src=\"\/wp-content\/uploads\/2024\/08\/zao-certificeringer.jpg\" alt=\"\" width=\"479\" height=\"93\" srcset=\"https:\/\/i0.wp.com\/healthyhead.dk\/wp-content\/uploads\/2024\/08\/zao-certificeringer.jpg?w=479&amp;ssl=1 479w, https:\/\/i0.wp.com\/healthyhead.dk\/wp-content\/uploads\/2024\/08\/zao-certificeringer.jpg?resize=300%2C58&amp;ssl=1 300w, https:\/\/i0.wp.com\/healthyhead.dk\/wp-content\/uploads\/2024\/08\/zao-certificeringer.jpg?resize=441%2C86&amp;ssl=1 441w, https:\/\/i0.wp.com\/healthyhead.dk\/wp-content\/uploads\/2024\/08\/zao-certificeringer.jpg?resize=150%2C29&amp;ssl=1 150w\" sizes=\"(max-width: 479px) 100vw, 479px\" \/><\/p>\n<p>[\/cg_accordion]\n[cg_accordion title=\"Tipps f\u00fcr die Verwendung\"]<\/p>\n<ul>\n<li>Tragen Sie mit <strong>dem Schattierungspinsel 704<\/strong> einen hellen oder mittleren Lidschatten auf das gesamte Augenlid auf.<\/li>\n<li>W\u00e4hlen Sie einen dunkleren Farbton, um den Wimpernkranz mit dem <strong>gewinkelten Pinsel 706<\/strong> zu betonen.<\/li>\n<li>Den inneren Augenwinkel mit einem hellen Farbton aufhellen.<\/li>\n<li>Verwenden Sie den <strong>matten schwarzen Lidschatten 206<\/strong> als Eyeliner, um eine feine Linie am oberen Wimpernansatz zu ziehen.<\/li>\n<li>Tragen Sie eine der ZAO Mascaras auf, um den Look zu vervollst\u00e4ndigen.<\/li>\n<\/ul>\n<p><strong>TIPP:<\/strong> F\u00fcr einen l\u00e4nger anhaltenden Effekt sollten Sie die Haut vor dem Auftragen von Lidschatten mit <strong>Fluid Eye Primer 258<\/strong> vorbereiten.<\/p>\n<p>[\/cg_accordion]\n[cg_accordion title=\"Inhaltsstoffe\"]<\/p>\n<p><strong>Pflanzliches Squalen<\/strong><\/p>\n<p>Das aus Oliven\u00f6l gewonnene pflanzliche Squalen ist ein Derivat des Squalen, das ein nat\u00fcrlicher Bestandteil des menschlichen Hautfetts (Sebum) ist. Seine hervorragende Affinit\u00e4t zur Haut, die auf seine \u00c4hnlichkeit mit nat\u00fcrlichen Hautfetten zur\u00fcckzuf\u00fchren ist, sowie seine erweichenden Eigenschaften machen es zu einem idealen Wirkstoff. Es st\u00e4rkt die Hydrolipidbarriere der Haut, macht sie geschmeidig und sch\u00fctzt sie vor dem Austrocknen.  <\/p>\n<p><strong>Bambus-Pulver<\/strong><\/p>\n<p>Es handelt sich um eine wei\u00dfe Substanz, die aus Bambusrohren gewonnen wird. Dank ihres hohen Kiesels\u00e4uregehalts remineralisiert sie die Haut, spendet Feuchtigkeit und tr\u00e4gt zur Hautregeneration bei, w\u00e4hrend sie bei Mischhaut und fettiger Haut den Glanz reduziert. <\/p>\n<p><b>INCI-Liste:<\/b> Mica, Zea Mays (Corn) Starch*, Zinc Stearate, Squalane, Silica, Bisabolol, Lauroyl Lysine, Theobroma Cacao (Cocoa) Seed Butter*, Ci 77820 (Silver), Butyrospermum Parkii (Shea) Butter*, Macadamia Ternifolia Seed Oil*, Bambusa Arundinacea Stem Powder, Alpha-Glucan Oligosaccharide, Olea Europaea (Olive) Leaf Extract, Aqua (Water), Alcohol, Olea Europaea (Olive) Fruit Extract, Zingiber Officinale (Ginger) Root Extract. Kann enthalten +\/-: Ci 77007 (Ultramarine), Ci 77891 (Titandioxid), Ci 77499 (Eisenoxide), Ci 77742 (Manganviolett), Ci 77492 (Eisenoxide), Ci 77491 (Eisenoxide), Ci 77510 (Eisen(III)-cyanid), Ci 77288 (Chromoxidgr\u00fcn). *Zutaten aus \u00f6kologischem Landbau  <\/p>\n<p>[\/cg_accordion]\n<p>&nbsp;<\/p>\n","protected":false},"featured_media":259234,"template":"","meta":{"_acf_changed":false},"product_brand":[564],"product_cat":[847],"product_tag":[],"class_list":{"0":"post-268029","1":"product","2":"type-product","3":"status-publish","4":"has-post-thumbnail","6":"product_brand-zao","7":"product_cat-lidschatten","9":"first","10":"instock","11":"taxable","12":"shipping-taxable","13":"purchasable","14":"product-type-simple"},"acf":[],"_links":{"self":[{"href":"https:\/\/healthyhead.dk\/de\/wp-json\/wp\/v2\/product\/268029","targetHints":{"allow":["GET"]}}],"collection":[{"href":"https:\/\/healthyhead.dk\/de\/wp-json\/wp\/v2\/product"}],"about":[{"href":"https:\/\/healthyhead.dk\/de\/wp-json\/wp\/v2\/types\/product"}],"version-history":[{"count":0,"href":"https:\/\/healthyhead.dk\/de\/wp-json\/wp\/v2\/product\/268029\/revisions"}],"wp:featuredmedia":[{"embeddable":true,"href":"https:\/\/healthyhead.dk\/de\/wp-json\/wp\/v2\/media\/259234"}],"wp:attachment":[{"href":"https:\/\/healthyhead.dk\/de\/wp-json\/wp\/v2\/media?parent=268029"}],"wp:term":[{"taxonomy":"product_brand","embeddable":true,"href":"https:\/\/healthyhead.dk\/de\/wp-json\/wp\/v2\/product_brand?post=268029"},{"taxonomy":"product_cat","embeddable":true,"href":"https:\/\/healthyhead.dk\/de\/wp-json\/wp\/v2\/product_cat?post=268029"},{"taxonomy":"product_tag","embeddable":true,"href":"https:\/\/healthyhead.dk\/de\/wp-json\/wp\/v2\/product_tag?post=268029"}],"curies":[{"name":"wp","href":"https:\/\/api.w.org\/{rel}","templated":true}]}}