{"id":268067,"date":"2024-10-11T17:53:20","date_gmt":"2024-10-11T17:53:20","guid":{"rendered":"https:\/\/new.healthyhead.dk\/vare\/zao-okologisk-concealer-3-5-g\/"},"modified":"2025-08-05T12:45:40","modified_gmt":"2025-08-05T12:45:40","slug":"zao-bio-concealer-35-g","status":"publish","type":"product","link":"https:\/\/healthyhead.dk\/de\/produkt\/zao-bio-concealer-35-g\/","title":{"rendered":"ZAO, Bio-Concealer, 3,5 g"},"content":{"rendered":"","protected":false},"excerpt":{"rendered":"<p><img decoding=\"async\" class=\"\" src=\"\/wp-content\/uploads\/2024\/08\/Ingen-kemi.svg\" alt=\"\" width=\"45\" height=\"45\">Keine endokrinen Disruptoren<\/p>\n<p><img decoding=\"async\" class=\"\" src=\"\/wp-content\/uploads\/2024\/08\/Ingen-allergifremkaldende.svg\" alt=\"\" width=\"46\" height=\"46\">Keine allergenen Stoffe<\/p>\n<p><img decoding=\"async\" class=\"\" src=\"\/wp-content\/uploads\/2024\/08\/Ingen-miljoebelastende.svg\" width=\"46\" height=\"46\">Keine umweltsch\u00e4dlichen Stoffe<\/p>\n<p><img loading=\"lazy\" decoding=\"async\" class=\"\" src=\"\/wp-content\/uploads\/2024\/08\/indeholder-parfume.svg\" width=\"46\" height=\"46\">Enth\u00e4lt eine sehr geringe Menge an hypoallergenen und 100% nat\u00fcrlichen Duftstoffen<\/p>\n<p>&nbsp;<\/p>\n[cg_accordion title=\"Beschreibung des Produkts\" open=\"open\"]<\/p>\n<p>Bio-Abdeckstift aus Frankreich von ZAO. Der Concealer ist ein Korrekturstift, mit dem Sie gro\u00dfe und kleine Unreinheiten, dunkle Augenringe und Farbunterschiede der Haut abdecken k\u00f6nnen. Dank des Gehalts an biologischem Rizinus\u00f6l und Carnaubawachs, das aus den Bl\u00e4ttern von Palmen gewonnen wird, hat der Concealer eine n\u00e4hrende und feuchtigkeitsspendende Wirkung auf die Haut.   <\/p>\n<ul>\n<li>Wirksam zum Abdecken gro\u00dfer und kleiner Unreinheiten<\/li>\n<li>Angereichert mit <b>Bio-Rizinus\u00f6l und Carnaubawachs<\/b>, um die Haut zu n\u00e4hren und mit Feuchtigkeit zu versorgen<\/li>\n<li>Frei von gef\u00e4hrlichen Chemikalien<\/li>\n<li>M\u00f6glichkeit des <b>Nachf\u00fcllens mit einer Nachf\u00fcllpackung<\/b><\/li>\n<\/ul>\n<p><img loading=\"lazy\" decoding=\"async\" class=\"alignnone size-full wp-image-8916\" src=\"\/wp-content\/uploads\/2024\/08\/zao-certificeringer.jpg\" alt=\"\" width=\"479\" height=\"93\" srcset=\"https:\/\/i0.wp.com\/healthyhead.dk\/wp-content\/uploads\/2024\/08\/zao-certificeringer.jpg?w=479&amp;ssl=1 479w, https:\/\/i0.wp.com\/healthyhead.dk\/wp-content\/uploads\/2024\/08\/zao-certificeringer.jpg?resize=300%2C58&amp;ssl=1 300w, https:\/\/i0.wp.com\/healthyhead.dk\/wp-content\/uploads\/2024\/08\/zao-certificeringer.jpg?resize=441%2C86&amp;ssl=1 441w, https:\/\/i0.wp.com\/healthyhead.dk\/wp-content\/uploads\/2024\/08\/zao-certificeringer.jpg?resize=150%2C29&amp;ssl=1 150w\" sizes=\"(max-width: 479px) 100vw, 479px\" \/><br \/>\n[\/cg_accordion]\n[cg_accordion title=\"Tipps f\u00fcr die Verwendung\"]<\/p>\n<p>Beginnen Sie mit dem inneren Augenwinkel und bewegen Sie sich zur Mitte des Auges, um Ihre Augenringe zu reduzieren. Dann ziehen Sie das Material mit dem Finger oder dem Concealer-Pinsel sanft und allm\u00e4hlich nach au\u00dfen. Um Unebenheiten auszugleichen, tragen Sie das Material mit dem Finger oder dem Shading Brush auf und verblenden es, um den Hautton auszugleichen. Den 494 Corrector tragen Sie am besten vor Ihrer Grundierung auf. Bei den hautfarbenen Concealern tragen Sie sie vor einer Pudergrundierung und nach einer Cremegrundierung auf.    <\/p>\n<ul>\n<li><b>Concealer 491<\/b>: Gelber Unterton (ideal f\u00fcr violette Augenringe und\/oder helle Haut)<\/li>\n<li><b>Concealer 492<\/b>: Rosa Unterton (ideal, um Porzellanhaut zum Strahlen zu bringen)<\/li>\n<li><b>Concealer 493<\/b>: Gelber Unterton (ideal f\u00fcr violette Augenringe und\/oder mittlere Haut)<\/li>\n<li><b>Concealer 494<\/b>: Orangefarbener Unterton (ideal f\u00fcr bl\u00e4uliche Augenringe und\/oder mittlere Hautt\u00f6ne)<\/li>\n<li><b>Concealer 499<\/b> wird verwendet, um lokale R\u00f6tungen der Haut und Rosacea zu kaschieren.<\/li>\n<\/ul>\n<p>[\/cg_accordion]\n[cg_accordion title=\"Inhaltsstoffe\"]<\/p>\n<p><b>Bio-Rizinus\u00f6l<\/b><\/p>\n<p>Dieses \u00d6l ist interessant, weil es weichmachend ist und die Haut geschmeidig macht. Es ist auch feuchtigkeitsspendend, erh\u00f6ht den Wassergehalt der Haut und h\u00e4lt sie weich und geschmeidig. <\/p>\n<p><b>Bio-Karnaubawachs<\/b><\/p>\n<p>Dieses Wachs, das aus den Bl\u00e4ttern einer in Brasilien beheimateten Palme gewonnen wird, ist ein Filmbildner, der die Haut durch die Bildung eines kontinuierlichen Films sch\u00fctzt und die Langlebigkeit des Make-ups verbessert.<\/p>\n<p><b>Bio-Bambusmazerat<\/b><\/p>\n<p>Das Bambusmazerat ist sehr reich an organischer Kiesels\u00e4ure, deren Zufuhr von au\u00dfen notwendig ist, um die Elastizit\u00e4t der oberen Schichten der Epidermis zu erhalten. Organische Kiesels\u00e4ure stimuliert tats\u00e4chlich den Prozess der Kollagenproduktion. <\/p>\n<p><b>INCI-Liste:<\/b> Ricinus Communis (Castor) Seed Oil*, C10-18 Triglyceride, Copernicia Cerifera (Carnauba) Cera*, Jojoba Esters, Undecane, Helianthus Annuus (Sunflower) Seed Cera, Silica, Hydroxystearic\/linolenic\/oleic Polyglycerides, Tridecane, Parfum (Fragrance), Euphorbia Cerifera (Candelilla) Cera, Polyglycerin-3, Acacia Decurrens Flower Cera, Lecithin, Bambusa Arundinacea Stem Powder, Bambusa Arundinacea Stem Extract*, Helianthus Annuus (Sunflower) Seed Oil*, Tocopherol, Ascorbyl Palmitate, Citric Acid. Kann enthalten +\/-: Ci 77891 (Titanium Dioxide), Ci 77491 (Eisenoxide), Ci 77492 (Eisenoxide), Ci 77499 (Eisenoxide), Ci 77288 (Chromium Oxide Green). * Zutaten aus biologischem Anbau.  <\/p>\n<p>[\/cg_accordion]\n<p>&nbsp;<\/p>\n","protected":false},"featured_media":255750,"template":"","meta":{"_acf_changed":false},"product_brand":[564],"product_cat":[820],"product_tag":[],"class_list":{"0":"post-268067","1":"product","2":"type-product","3":"status-publish","4":"has-post-thumbnail","6":"product_brand-zao","7":"product_cat-concealer","9":"first","10":"instock","11":"taxable","12":"shipping-taxable","13":"purchasable","14":"product-type-variable"},"acf":[],"_links":{"self":[{"href":"https:\/\/healthyhead.dk\/de\/wp-json\/wp\/v2\/product\/268067","targetHints":{"allow":["GET"]}}],"collection":[{"href":"https:\/\/healthyhead.dk\/de\/wp-json\/wp\/v2\/product"}],"about":[{"href":"https:\/\/healthyhead.dk\/de\/wp-json\/wp\/v2\/types\/product"}],"version-history":[{"count":0,"href":"https:\/\/healthyhead.dk\/de\/wp-json\/wp\/v2\/product\/268067\/revisions"}],"wp:featuredmedia":[{"embeddable":true,"href":"https:\/\/healthyhead.dk\/de\/wp-json\/wp\/v2\/media\/255750"}],"wp:attachment":[{"href":"https:\/\/healthyhead.dk\/de\/wp-json\/wp\/v2\/media?parent=268067"}],"wp:term":[{"taxonomy":"product_brand","embeddable":true,"href":"https:\/\/healthyhead.dk\/de\/wp-json\/wp\/v2\/product_brand?post=268067"},{"taxonomy":"product_cat","embeddable":true,"href":"https:\/\/healthyhead.dk\/de\/wp-json\/wp\/v2\/product_cat?post=268067"},{"taxonomy":"product_tag","embeddable":true,"href":"https:\/\/healthyhead.dk\/de\/wp-json\/wp\/v2\/product_tag?post=268067"}],"curies":[{"name":"wp","href":"https:\/\/api.w.org\/{rel}","templated":true}]}}