{"id":268087,"date":"2024-08-22T12:33:34","date_gmt":"2024-08-22T12:33:34","guid":{"rendered":"https:\/\/new.healthyhead.dk\/vare\/zao-okologisk-liquid-concealer-7-ml\/"},"modified":"2025-08-05T12:38:47","modified_gmt":"2025-08-05T12:38:47","slug":"zao-bio-liquid-concealer-7-ml","status":"publish","type":"product","link":"https:\/\/healthyhead.dk\/de\/produkt\/zao-bio-liquid-concealer-7-ml\/","title":{"rendered":"ZAO, Bio-Liquid Concealer, 7 ml"},"content":{"rendered":"","protected":false},"excerpt":{"rendered":"<p><img decoding=\"async\" class=\"\" src=\"\/wp-content\/uploads\/2024\/08\/Ingen-kemi.svg\" alt=\"\" width=\"45\" height=\"45\">Keine endokrinen Disruptoren<\/p>\n<p><img decoding=\"async\" class=\"\" src=\"\/wp-content\/uploads\/2024\/08\/Ingen-allergifremkaldende.svg\" alt=\"\" width=\"46\" height=\"46\">Keine allergenen Stoffe<\/p>\n<p><img decoding=\"async\" class=\"\" src=\"\/wp-content\/uploads\/2024\/08\/Ingen-miljoebelastende.svg\" width=\"46\" height=\"46\">Keine umweltsch\u00e4dlichen Stoffe<\/p>\n<p><img loading=\"lazy\" decoding=\"async\" class=\"\" src=\"\/wp-content\/uploads\/2024\/08\/indeholder-parfume.svg\" width=\"46\" height=\"46\">Enth\u00e4lt eine sehr geringe Menge an hypoallergenen und 100% nat\u00fcrlichen Duftstoffen<\/p>\n<p>&nbsp;<\/p>\n[cg_accordion title=\"Beschreibung des Produkts\" open=\"open\"]<\/p>\n<p>Bio- und vegan-zertifizierter fl\u00fcssiger Concealer aus Frankreich von ZAO. Der Concealer hat eine samtige Textur und eignet sich zum Abdecken von gro\u00dfen und kleinen Unreinheiten, Augenringen und Farbunterschieden der Haut.   <\/p>\n<ul>\n<li>Wirksam zum Abdecken gro\u00dfer und kleiner Unreinheiten<\/li>\n<li>Angereichert mit <b>organischem Magnolienextrakt<\/b>, bekannt f\u00fcr seine antibakteriellen, entz\u00fcndungshemmenden und antioxidativen Eigenschaften  <\/li>\n<li>Enth\u00e4lt auch <b>Bio-Aloe Vera<\/b>, die eine beruhigende Wirkung auf die Haut hat<\/li>\n<li>Frei von gef\u00e4hrlichen Chemikalien<\/li>\n<li>M\u00f6glichkeit des <b>Nachf\u00fcllens mit einer Nachf\u00fcllpackung<\/b><\/li>\n<\/ul>\n<p><img loading=\"lazy\" decoding=\"async\" src=\"\/wp-content\/uploads\/2024\/08\/zao-certificeringer.jpg\" alt=\"\" width=\"479\" height=\"93\" class=\"alignnone size-full wp-image-8916\" srcset=\"https:\/\/i0.wp.com\/healthyhead.dk\/wp-content\/uploads\/2024\/08\/zao-certificeringer.jpg?w=479&amp;ssl=1 479w, https:\/\/i0.wp.com\/healthyhead.dk\/wp-content\/uploads\/2024\/08\/zao-certificeringer.jpg?resize=300%2C58&amp;ssl=1 300w, https:\/\/i0.wp.com\/healthyhead.dk\/wp-content\/uploads\/2024\/08\/zao-certificeringer.jpg?resize=441%2C86&amp;ssl=1 441w, https:\/\/i0.wp.com\/healthyhead.dk\/wp-content\/uploads\/2024\/08\/zao-certificeringer.jpg?resize=150%2C29&amp;ssl=1 150w\" sizes=\"(max-width: 479px) 100vw, 479px\" \/><br \/>\n[\/cg_accordion]\n[cg_accordion title=\"Tipps f\u00fcr die Verwendung\"]<\/p>\n<ul>\n<li>Auf sauberer, trockener und befeuchteter Haut den Concealer mit der Spitze in kleinen Tupfen um die Augenkonturen und\/oder Augenringe auftragen<\/li>\n<li>  Arbeiten Sie den Concealer mit einem trockenen oder leicht angefeuchteten Schw\u00e4mmchen in die Haut ein.<\/li>\n<li>Es ist wichtig, einen Farbton zu w\u00e4hlen, der \u00bd bis 1 Ton heller ist als Ihr Hautton, um dunkle Augenringe aufzuhellen und aufzuf\u00fcllen.<\/li>\n<\/ul>\n<p>[\/cg_accordion]\n[cg_accordion title=\"Inhaltsstoffe\"] <b>Magnolienextrakt:<\/b> Magnolienextrakt wird aus der Rinde des Baumes extrahiert. Er wird seit Jahrhunderten in der traditionellen chinesischen Medizin aufgrund seiner antibakteriellen, entz\u00fcndungshemmenden und antioxidativen Eigenschaften als Heilmittel verwendet. Dies ist auf die Wirkstoffe Magnolol und Honokiol zur\u00fcckzuf\u00fchren, die in gro\u00dfen Mengen im Magnolienextrakt enthalten sind. Sie bek\u00e4mpfen die Bakterien, die Hautunreinheiten verursachen. Da sie auch antioxidative Eigenschaften besitzen, sind sie in der Lage, freie Radikale zu neutralisieren, die durch UV-Strahlen verursacht werden und die Haut sch\u00e4digen. Auf diese Weise beugt der Magnolienextrakt wirksam der vorzeitigen Hautalterung vor.<br \/>\n&nbsp;<br \/>\n<b>Bio-Aloe vera:<\/b> Bekannt f\u00fcr ihre weichmachenden und beruhigenden Eigenschaften, repariert und beruhigt Aloe vera selbst die empfindlichste Haut. Als ausgezeichneter Feuchtigkeitsspender gleicht sie den Wasserverlust der Haut aus.<br \/>\n&nbsp;<br \/>\n<b>INCI-Liste:<\/b> Inhaltsstoff Liquid Concealer 791 bis 796 (F1): Aqua (Wasser), Aloe Barbadensis Leaf Juice*, Octyldodecanol, Glycerin**, Butylene Glycol, Sucrose Palmitate, Cetearyl Alcohol, Glyceryl Stearate, Potassium Palmitoyl Hydrolysed Wheat Protein, Glyceryl Caprylate, Phyllostachys Nigra Extract*, Oleic \/ Linoleic \/ Linolenic Polyglycerides, Bambusa Arundinacea (Bamboo) Stem Extract*, Bambusa Arundinacea Stem Powder, Helianthus Annuus (Sunflower) Seed Oil*, Pentylene Glycol, Sodium Stearoyl Glutamate, Xanthan Gum, Parfum (Fragrance), P-anisic Acid, Magnolia Officinalis Bark Extract, Lecithin, Tocopherol, Ascorbyl Palmitate, Citric Acid, Ci 77820 (Silver). Kann enthalten (+\/-): Ci 77891 (Titanium Dioxide), Ci 77492 (Eisenoxide), Ci 77491 (Eisenoxide), Ci 77499 (Eisenoxide). *Zutaten aus \u00f6kologischem Landbau. ** Verarbeitet aus biologischen Zutaten.   <\/p>\n<p>[\/cg_accordion]\n<p>&nbsp;<\/p>\n","protected":false},"featured_media":253834,"template":"","meta":{"_acf_changed":false},"product_brand":[564],"product_cat":[820],"product_tag":[],"class_list":{"0":"post-268087","1":"product","2":"type-product","3":"status-publish","4":"has-post-thumbnail","6":"product_brand-zao","7":"product_cat-concealer","9":"first","10":"instock","11":"taxable","12":"shipping-taxable","13":"purchasable","14":"product-type-variable"},"acf":[],"_links":{"self":[{"href":"https:\/\/healthyhead.dk\/de\/wp-json\/wp\/v2\/product\/268087","targetHints":{"allow":["GET"]}}],"collection":[{"href":"https:\/\/healthyhead.dk\/de\/wp-json\/wp\/v2\/product"}],"about":[{"href":"https:\/\/healthyhead.dk\/de\/wp-json\/wp\/v2\/types\/product"}],"version-history":[{"count":0,"href":"https:\/\/healthyhead.dk\/de\/wp-json\/wp\/v2\/product\/268087\/revisions"}],"wp:featuredmedia":[{"embeddable":true,"href":"https:\/\/healthyhead.dk\/de\/wp-json\/wp\/v2\/media\/253834"}],"wp:attachment":[{"href":"https:\/\/healthyhead.dk\/de\/wp-json\/wp\/v2\/media?parent=268087"}],"wp:term":[{"taxonomy":"product_brand","embeddable":true,"href":"https:\/\/healthyhead.dk\/de\/wp-json\/wp\/v2\/product_brand?post=268087"},{"taxonomy":"product_cat","embeddable":true,"href":"https:\/\/healthyhead.dk\/de\/wp-json\/wp\/v2\/product_cat?post=268087"},{"taxonomy":"product_tag","embeddable":true,"href":"https:\/\/healthyhead.dk\/de\/wp-json\/wp\/v2\/product_tag?post=268087"}],"curies":[{"name":"wp","href":"https:\/\/api.w.org\/{rel}","templated":true}]}}