{"id":268327,"date":"2024-10-13T10:59:32","date_gmt":"2024-10-13T10:59:32","guid":{"rendered":"https:\/\/new.healthyhead.dk\/vare\/zao-okologisk-eyebrow-mascara-3-8-ml\/"},"modified":"2025-08-06T08:01:22","modified_gmt":"2025-08-06T08:01:22","slug":"zao-okologisk-eyebrow-mascara-3-8-ml","status":"publish","type":"product","link":"https:\/\/healthyhead.dk\/de\/produkt\/zao-okologisk-eyebrow-mascara-3-8-ml\/","title":{"rendered":"ZAO, Bio-Eyebrow Mascara, 3,8 ml"},"content":{"rendered":"","protected":false},"excerpt":{"rendered":"<p><img decoding=\"async\" class=\"\" src=\"\/wp-content\/uploads\/2024\/08\/Ingen-kemi.svg\" alt=\"\" width=\"45\" height=\"45\">Keine endokrinen Disruptoren<\/p>\n<p><img decoding=\"async\" class=\"\" src=\"\/wp-content\/uploads\/2024\/08\/Ingen-allergifremkaldende.svg\" alt=\"\" width=\"46\" height=\"46\">Keine allergenen Stoffe<\/p>\n<p><img decoding=\"async\" class=\"\" src=\"\/wp-content\/uploads\/2024\/08\/Ingen-miljoebelastende.svg\" width=\"46\" height=\"46\">Keine umweltsch\u00e4dlichen Stoffe<\/p>\n<p><img loading=\"lazy\" decoding=\"async\" class=\"\" src=\"\/wp-content\/uploads\/2024\/08\/Ingen-parfume.svg\" width=\"46\" height=\"46\">Kein Parf\u00fcm<\/p>\n<p>&nbsp;<\/p>\n[cg_accordion title=\"Beschreibung des Produkts\" open=\"open\"]<\/p>\n<p>Unsere biologische und vegane Augenbrauen-Mascara ist ideal, um Ihre Augenbrauen zu definieren, zu f\u00e4rben und ihnen mehr Volumen zu verleihen. Seine Formel ist mit Bio-Rizinus\u00f6l angereichert, das Ihre Augenbrauen sch\u00fctzt und ihr Haarwachstum st\u00e4rkt. Sie enth\u00e4lt au\u00dferdem Bio-Aloe Vera, die den Augenbrauen Feuchtigkeit spendet. Die Formel ist zu 100 % nat\u00fcrlichen Ursprungs, biozertifiziert und vegan.   <\/p>\n<ul>\n<li><b>Bio- und vegan-zertifizierte<\/b> Augenbrauen-Mascara<\/li>\n<li>Perfekt f\u00fcr <b>Farbe, Definition und Volumen<\/b><\/li>\n<li>Angereichert mit <b>Bio-Rizinus\u00f6l<\/b> zur St\u00e4rkung des Haarwachstums<\/li>\n<li>Enth\u00e4lt auch <b>Bio-Aloe Vera<\/b> f\u00fcr die Feuchtigkeitszufuhr<\/li>\n<li>Formel aus <b>100% nat\u00fcrlichem Ursprung<\/b><\/li>\n<li>Kann <b>immer wieder mit Nachf\u00fcllpackungen nachgef\u00fcllt<\/b> werden<\/li>\n<\/ul>\n<p><img loading=\"lazy\" decoding=\"async\" class=\"alignnone size-full wp-image-8916\" src=\"\/wp-content\/uploads\/2024\/08\/zao-certificeringer.jpg\" alt=\"\" width=\"479\" height=\"93\" srcset=\"https:\/\/i0.wp.com\/healthyhead.dk\/wp-content\/uploads\/2024\/08\/zao-certificeringer.jpg?w=479&amp;ssl=1 479w, https:\/\/i0.wp.com\/healthyhead.dk\/wp-content\/uploads\/2024\/08\/zao-certificeringer.jpg?resize=300%2C58&amp;ssl=1 300w, https:\/\/i0.wp.com\/healthyhead.dk\/wp-content\/uploads\/2024\/08\/zao-certificeringer.jpg?resize=441%2C86&amp;ssl=1 441w, https:\/\/i0.wp.com\/healthyhead.dk\/wp-content\/uploads\/2024\/08\/zao-certificeringer.jpg?resize=150%2C29&amp;ssl=1 150w\" sizes=\"(max-width: 479px) 100vw, 479px\" \/><br \/>\n[\/cg_accordion]\n[cg_accordion title=\"Tipps f\u00fcr die Verwendung\"]<\/p>\n<p>Streichen Sie mit dem Pinsel \u00fcber Ihre Augenbrauen und definieren Sie deren Form mit leichten, glatten Strichen. F\u00fcr mehr Pr\u00e4zision verwenden Sie die Spitze des Pinsels an d\u00fcnneren Stellen wie dem Ende der Braue. <\/p>\n<p>[\/cg_accordion]\n[cg_accordion title=\"Inhaltsstoffe\"]<\/p>\n<p><b>Bio-Rizinus\u00f6l<\/b><\/p>\n<p>Dieses \u00d6l enth\u00e4lt eine hohe Konzentration an Ricinols\u00e4ure, einer essenziellen Fetts\u00e4ure, und Omega-9, was ihm antibakterielle und antimykotische Eigenschaften verleiht. Dadurch entfernt es abgestorbene Hautschuppen, die die Haarfollikel verstopfen k\u00f6nnen, die f\u00fcr das Ersticken der Haare und die Einschr\u00e4nkung des Wachstums verantwortlich sind. Dar\u00fcber hinaus verbessert das Rizinus\u00f6l dank seines Gehalts an Vitamin E die Blutzirkulation, was das Haarwachstum am Haarfollikel f\u00f6rdert. Dieses pflanzliche \u00d6l ist daher ein wirksames Mittel, um das Haar mit Feuchtigkeit zu versorgen, es zu verdichten und zu st\u00e4rken.   <\/p>\n<p><b>Bio-Aloe Vera-Saft<\/b><\/p>\n<p>Aloe-vera-Gel spendet Feuchtigkeit und sch\u00fctzt die Haarfaser, so dass die Wimpern schneller wachsen k\u00f6nnen.<\/p>\n<p><b>INCI-Liste:<\/b> Aqua, Aloe Barbadensis Leaf Juice*, Glyceryl Stearate, Caprylic\/capric Tryglyceride**, Oleic \/ Linoleic \/ Linoleic Polyglycerides, Cetearyl Alcohol, Sucrose Palmitate, Pullulan, Glyceryl Rosinate, Ricinus Communis (Castor) Seed Oil*, Potassium Palmitoyl Hydrolysed Wheat Protein, Glyceryl Caprylate, Acacia Senegal Gum, Xanthan Gum, Pentylene Glycol, Sodium Stearoyl Lactylate, P-anisic Acid, Magnolia Officinalis Bark Extract, Bambusa Arundinacea Stem Powder, Lecithin, Phyllostachys Nigra Extract*, Helianthus Annuus (Sunflower) Seed Oil*, Tocopherol, Ascorbyl Palmitate, Bambusa Arundinacea (Bamboo) Stem Extract*, Citric Acid. Kann enthalten +\/-: Ci 77891 (Titandioxid), Ci 77499 (Eisenoxide), Ci 77492 (Eisenoxide), Ci 77491 (Eisenoxide). *Zutaten aus biologischem Anbau. **Verarbeitet aus biologischen Zutaten.<br \/>\n[\/cg_accordion]\n<p>&nbsp;<\/p>\n","protected":false},"featured_media":256294,"template":"","meta":{"_acf_changed":false},"product_brand":[564],"product_cat":[843],"product_tag":[],"class_list":{"0":"post-268327","1":"product","2":"type-product","3":"status-publish","4":"has-post-thumbnail","6":"product_brand-zao","7":"product_cat-augenbrauen","9":"first","10":"instock","11":"taxable","12":"shipping-taxable","13":"purchasable","14":"product-type-variable"},"acf":[],"_links":{"self":[{"href":"https:\/\/healthyhead.dk\/de\/wp-json\/wp\/v2\/product\/268327","targetHints":{"allow":["GET"]}}],"collection":[{"href":"https:\/\/healthyhead.dk\/de\/wp-json\/wp\/v2\/product"}],"about":[{"href":"https:\/\/healthyhead.dk\/de\/wp-json\/wp\/v2\/types\/product"}],"version-history":[{"count":0,"href":"https:\/\/healthyhead.dk\/de\/wp-json\/wp\/v2\/product\/268327\/revisions"}],"wp:featuredmedia":[{"embeddable":true,"href":"https:\/\/healthyhead.dk\/de\/wp-json\/wp\/v2\/media\/256294"}],"wp:attachment":[{"href":"https:\/\/healthyhead.dk\/de\/wp-json\/wp\/v2\/media?parent=268327"}],"wp:term":[{"taxonomy":"product_brand","embeddable":true,"href":"https:\/\/healthyhead.dk\/de\/wp-json\/wp\/v2\/product_brand?post=268327"},{"taxonomy":"product_cat","embeddable":true,"href":"https:\/\/healthyhead.dk\/de\/wp-json\/wp\/v2\/product_cat?post=268327"},{"taxonomy":"product_tag","embeddable":true,"href":"https:\/\/healthyhead.dk\/de\/wp-json\/wp\/v2\/product_tag?post=268327"}],"curies":[{"name":"wp","href":"https:\/\/api.w.org\/{rel}","templated":true}]}}