{"id":268353,"date":"2025-01-30T11:53:45","date_gmt":"2025-01-30T11:53:45","guid":{"rendered":"https:\/\/new.healthyhead.dk\/vare\/zao-oekologisk-eyebrow-fixing-gel-050-refill-38-ml\/"},"modified":"2025-08-06T17:54:01","modified_gmt":"2025-08-06T17:54:01","slug":"zao-bio-eyebrow-fixing-gel-050-nachfuellpackung-38-ml","status":"publish","type":"product","link":"https:\/\/healthyhead.dk\/de\/produkt\/zao-bio-eyebrow-fixing-gel-050-nachfuellpackung-38-ml\/","title":{"rendered":"ZAO, Bio-Eyebrow Fixing Gel 050, Nachf\u00fcllpackung, 3,8 ml"},"content":{"rendered":"","protected":false},"excerpt":{"rendered":"<p><img decoding=\"async\" class=\"\" src=\"\/wp-content\/uploads\/2024\/08\/Ingen-kemi.svg\" alt=\"\" width=\"45\" height=\"45\">Keine endokrinen Disruptoren<\/p>\n<p><img decoding=\"async\" class=\"\" src=\"\/wp-content\/uploads\/2024\/08\/Ingen-allergifremkaldende.svg\" alt=\"\" width=\"46\" height=\"46\">Keine allergenen Stoffe<\/p>\n<p><img decoding=\"async\" class=\"\" src=\"\/wp-content\/uploads\/2024\/08\/Ingen-miljoebelastende.svg\" width=\"46\" height=\"46\">Keine umweltsch\u00e4dlichen Stoffe<\/p>\n<p><img loading=\"lazy\" decoding=\"async\" class=\"\" src=\"\/wp-content\/uploads\/2024\/08\/Ingen-parfume.svg\" width=\"46\" height=\"46\">Kein Parf\u00fcm<\/p>\n<p>&nbsp;<\/p>\n[cg_accordion title=\"Beschreibung des Produkts\" open=\"open\"]<\/p>\n<p>Nachf\u00fcllpackung f\u00fcr ZAO Organic Eyebrow Fixing Gel. Durch die Verwendung von Nachf\u00fcllpackungen sparen Sie Geld und schonen die Umwelt durch unn\u00f6tige Verpackungen. <\/p>\n<p><img loading=\"lazy\" decoding=\"async\" class=\"alignnone size-full wp-image-8916\" src=\"\/wp-content\/uploads\/2024\/08\/zao-certificeringer.jpg\" alt=\"\" width=\"479\" height=\"93\" srcset=\"https:\/\/i0.wp.com\/healthyhead.dk\/wp-content\/uploads\/2024\/08\/zao-certificeringer.jpg?w=479&amp;ssl=1 479w, https:\/\/i0.wp.com\/healthyhead.dk\/wp-content\/uploads\/2024\/08\/zao-certificeringer.jpg?resize=300%2C58&amp;ssl=1 300w, https:\/\/i0.wp.com\/healthyhead.dk\/wp-content\/uploads\/2024\/08\/zao-certificeringer.jpg?resize=441%2C86&amp;ssl=1 441w, https:\/\/i0.wp.com\/healthyhead.dk\/wp-content\/uploads\/2024\/08\/zao-certificeringer.jpg?resize=150%2C29&amp;ssl=1 150w\" sizes=\"(max-width: 479px) 100vw, 479px\" \/><br \/>\n[\/cg_accordion]\n[cg_accordion title=\"Tipps f\u00fcr die Verwendung\"]<\/p>\n<ul>\n<li>Streichen Sie mit dem Pinsel entlang Ihrer Augenbrauen, um das Brow Fixing Gel zu verblenden und die Form zu definieren.<\/li>\n<li>F\u00fcr mehr Pr\u00e4zision k\u00f6nnen Sie die Spitze des Pinsels an d\u00fcnnen Stellen wie dem Ende der Augenbraue verwenden.<\/li>\n<\/ul>\n<p>[\/cg_accordion]\n[cg_accordion title=\"Inhaltsstoffe\"]<\/p>\n<p><b>Erbsensprossenextrakt<\/b><\/p>\n<p>Dieser Wirkstoff, der aus jungen Erbsensprossen gewonnen wird, reduziert den Haarausfall und stimuliert das nat\u00fcrliche Haarwachstum von der Wurzel her.<\/p>\n<p><b>Bio-Aloe Vera-Saft<\/b><\/p>\n<p>Aloe-Vera-Gel spendet Feuchtigkeit und sch\u00fctzt die Haarfaser, so dass die Wimpern schneller wachsen k\u00f6nnen.<\/p>\n<p><b>INCI-Liste:<\/b> Aloe Barbadensis Leaf Juice* ; Aqua (Wasser) ; Copernicia Cerifera (Carnauba) Wax* ; Caprylic\/capric Triglyceride ; Acacia Senegal Gum* ; Polyglyceryl-6 Distearate ; Glycerin, Glyceryl Behenate ; Sucrose Palmitate ; Argania Spinosa Kernel Oil* ; Behenyl Alcohol ; Simmondsia Chinensis (Jojoba) Seed Oil* ; Bambusa Vulgaris Leaf Extract* ; Helianthus Annuus (Sunflower) Seed Oil ; Sodium Levulinate, Citric Acid, Xanthan Gum, Sodium Anisate, Levulinic Acid, Glyceryl Caprylate, Tocopherol. Kann enthalten +\/-: Ci 77499 (Eisenoxide), Ci 77491 (Eisenoxide), Ci 77492 (Eisenoxide) * Zutaten aus biologischem Anbau. ** Verarbeitet aus biologischen Zutaten.<br \/>\n[\/cg_accordion]\n<p>&nbsp;<\/p>\n","protected":false},"featured_media":260342,"template":"","meta":{"_acf_changed":false},"product_brand":[564],"product_cat":[843],"product_tag":[],"class_list":{"0":"post-268353","1":"product","2":"type-product","3":"status-publish","4":"has-post-thumbnail","6":"product_brand-zao","7":"product_cat-augenbrauen","9":"first","10":"instock","11":"taxable","12":"shipping-taxable","13":"purchasable","14":"product-type-simple"},"acf":[],"_links":{"self":[{"href":"https:\/\/healthyhead.dk\/de\/wp-json\/wp\/v2\/product\/268353","targetHints":{"allow":["GET"]}}],"collection":[{"href":"https:\/\/healthyhead.dk\/de\/wp-json\/wp\/v2\/product"}],"about":[{"href":"https:\/\/healthyhead.dk\/de\/wp-json\/wp\/v2\/types\/product"}],"version-history":[{"count":0,"href":"https:\/\/healthyhead.dk\/de\/wp-json\/wp\/v2\/product\/268353\/revisions"}],"wp:featuredmedia":[{"embeddable":true,"href":"https:\/\/healthyhead.dk\/de\/wp-json\/wp\/v2\/media\/260342"}],"wp:attachment":[{"href":"https:\/\/healthyhead.dk\/de\/wp-json\/wp\/v2\/media?parent=268353"}],"wp:term":[{"taxonomy":"product_brand","embeddable":true,"href":"https:\/\/healthyhead.dk\/de\/wp-json\/wp\/v2\/product_brand?post=268353"},{"taxonomy":"product_cat","embeddable":true,"href":"https:\/\/healthyhead.dk\/de\/wp-json\/wp\/v2\/product_cat?post=268353"},{"taxonomy":"product_tag","embeddable":true,"href":"https:\/\/healthyhead.dk\/de\/wp-json\/wp\/v2\/product_tag?post=268353"}],"curies":[{"name":"wp","href":"https:\/\/api.w.org\/{rel}","templated":true}]}}