{"id":268357,"date":"2024-10-12T16:57:22","date_gmt":"2024-10-12T16:57:22","guid":{"rendered":"https:\/\/new.healthyhead.dk\/vare\/zao-okologisk-eyebrow-fixing-gel-050-3-8-ml\/"},"modified":"2025-08-06T08:18:57","modified_gmt":"2025-08-06T08:18:57","slug":"zao-bio-eyebrow-fixing-gel-050-38-m","status":"publish","type":"product","link":"https:\/\/healthyhead.dk\/de\/produkt\/zao-bio-eyebrow-fixing-gel-050-38-m\/","title":{"rendered":"ZAO, Bio-Eyebrow Fixing Gel 050, 3,8 m"},"content":{"rendered":"","protected":false},"excerpt":{"rendered":"<p><img decoding=\"async\" class=\"\" src=\"\/wp-content\/uploads\/2024\/08\/Ingen-kemi.svg\" alt=\"\" width=\"45\" height=\"45\">Keine endokrinen Disruptoren<\/p>\n<p><img decoding=\"async\" class=\"\" src=\"\/wp-content\/uploads\/2024\/08\/Ingen-allergifremkaldende.svg\" alt=\"\" width=\"46\" height=\"46\">Keine allergenen Stoffe<\/p>\n<p><img decoding=\"async\" class=\"\" src=\"\/wp-content\/uploads\/2024\/08\/Ingen-miljoebelastende.svg\" width=\"46\" height=\"46\">Keine umweltsch\u00e4dlichen Stoffe<\/p>\n<p><img loading=\"lazy\" decoding=\"async\" class=\"\" src=\"\/wp-content\/uploads\/2024\/08\/Ingen-parfume.svg\" width=\"46\" height=\"46\">Kein Parf\u00fcm<\/p>\n<p>&nbsp;<\/p>\n[cg_accordion title=\"Beschreibung des Produkts\" open=\"open\"]<\/p>\n<p>Mit dem ZAO Organic Eyebrow Fixing Gel k\u00f6nnen Sie Ihre Augenbrauen strukturieren und b\u00e4ndigen, wie Sie m\u00f6chten. Das Produkt funktioniert ein bisschen wie Wachs und Haarspray f\u00fcr Ihre Brauen und l\u00e4sst die H\u00e4rchen in der gew\u00fcnschten Richtung einfrieren. Mit dem Applikator l\u00e4sst sich das Gel leicht verteilen und sorgt f\u00fcr einen nat\u00fcrlichen Effekt. Die Formel ist mit Erbsensprossenextrakt angereichert, der den Haarausfall reduziert und das Haarwachstum anregt, und enth\u00e4lt Aloe vera, die den Augenbrauen Feuchtigkeit spendet.    <\/p>\n<ul>\n<li><b>Biologisches und veganes<\/b> Fixiergel<\/li>\n<li><b>Erleichtern Sie sich das Styling Ihrer Augenbrauen<\/b><\/li>\n<li><b>Friert die Haare<\/b> in der gew\u00fcnschten Richtung <b>ein<\/b> <\/li>\n<li>Angereichert mit <b>Erbsensprossenextrakt<\/b>, um Haarausfall zu reduzieren und <b>das Haarwachstum zu stimulieren<\/b><\/li>\n<li>Enth\u00e4lt auch <b>Bio-Aloe Vera<\/b> f\u00fcr die Feuchtigkeitszufuhr<\/li>\n<li>Basierend auf <b>100% nat\u00fcrlichen Inhaltsstoffen<\/b><\/li>\n<li><b>Frei von Parf\u00fcm<\/b> und riskanten Chemikalien<\/li>\n<li>Kann <b>immer wieder mit Nachf\u00fcllpackungen nachgef\u00fcllt<\/b> werden<\/li>\n<\/ul>\n<p><img loading=\"lazy\" decoding=\"async\" class=\"alignnone size-full wp-image-8916\" src=\"\/wp-content\/uploads\/2024\/08\/zao-certificeringer.jpg\" alt=\"\" width=\"479\" height=\"93\" srcset=\"https:\/\/i0.wp.com\/healthyhead.dk\/wp-content\/uploads\/2024\/08\/zao-certificeringer.jpg?w=479&amp;ssl=1 479w, https:\/\/i0.wp.com\/healthyhead.dk\/wp-content\/uploads\/2024\/08\/zao-certificeringer.jpg?resize=300%2C58&amp;ssl=1 300w, https:\/\/i0.wp.com\/healthyhead.dk\/wp-content\/uploads\/2024\/08\/zao-certificeringer.jpg?resize=441%2C86&amp;ssl=1 441w, https:\/\/i0.wp.com\/healthyhead.dk\/wp-content\/uploads\/2024\/08\/zao-certificeringer.jpg?resize=150%2C29&amp;ssl=1 150w\" sizes=\"(max-width: 479px) 100vw, 479px\" \/><br \/>\n[\/cg_accordion]\n[cg_accordion title=\"Tipps f\u00fcr die Verwendung\"]<\/p>\n<ul>\n<li>Streichen Sie mit dem Pinsel entlang Ihrer Augenbrauen, um das Brow Fixing Gel zu verblenden und die Form zu definieren.<\/li>\n<li>F\u00fcr mehr Pr\u00e4zision k\u00f6nnen Sie die Spitze des Pinsels an d\u00fcnnen Stellen wie dem Ende der Augenbraue verwenden.<\/li>\n<\/ul>\n<p>[\/cg_accordion]\n[cg_accordion title=\"Inhaltsstoffe\"]<\/p>\n<p><b>Erbsensprossenextrakt<\/b><\/p>\n<p>Dieser Wirkstoff, der aus jungen Erbsensprossen gewonnen wird, reduziert den Haarausfall und stimuliert das nat\u00fcrliche Haarwachstum von der Wurzel her.<\/p>\n<p><b>Bio-Aloe Vera-Saft<\/b><\/p>\n<p>Aloe-Vera-Gel spendet Feuchtigkeit und sch\u00fctzt die Haarfaser, so dass die Wimpern schneller wachsen k\u00f6nnen.<\/p>\n<p><b>INCI-Liste:<\/b> Aloe Barbadensis Leaf Juice* ; Aqua (Wasser) ; Copernicia Cerifera (Carnauba) Wax* ; Caprylic\/capric Triglyceride ; Acacia Senegal Gum* ; Polyglyceryl-6 Distearate ; Glycerin, Glyceryl Behenate ; Sucrose Palmitate ; Argania Spinosa Kernel Oil* ; Behenyl Alcohol ; Simmondsia Chinensis (Jojoba) Seed Oil* ; Bambusa Vulgaris Leaf Extract* ; Helianthus Annuus (Sunflower) Seed Oil ; Sodium Levulinate, Citric Acid, Xanthan Gum, Sodium Anisate, Levulinic Acid, Glyceryl Caprylate, Tocopherol. Kann enthalten +\/-: Ci 77499 (Eisenoxide), Ci 77491 (Eisenoxide), Ci 77492 (Eisenoxide) * Zutaten aus biologischem Anbau. ** Verarbeitet aus biologischen Zutaten.<br \/>\n[\/cg_accordion]\n<p>&nbsp;<\/p>\n","protected":false},"featured_media":256250,"template":"","meta":{"_acf_changed":false},"product_brand":[564],"product_cat":[843],"product_tag":[],"class_list":{"0":"post-268357","1":"product","2":"type-product","3":"status-publish","4":"has-post-thumbnail","6":"product_brand-zao","7":"product_cat-augenbrauen","9":"first","10":"instock","11":"taxable","12":"shipping-taxable","13":"purchasable","14":"product-type-simple"},"acf":[],"_links":{"self":[{"href":"https:\/\/healthyhead.dk\/de\/wp-json\/wp\/v2\/product\/268357","targetHints":{"allow":["GET"]}}],"collection":[{"href":"https:\/\/healthyhead.dk\/de\/wp-json\/wp\/v2\/product"}],"about":[{"href":"https:\/\/healthyhead.dk\/de\/wp-json\/wp\/v2\/types\/product"}],"version-history":[{"count":0,"href":"https:\/\/healthyhead.dk\/de\/wp-json\/wp\/v2\/product\/268357\/revisions"}],"wp:featuredmedia":[{"embeddable":true,"href":"https:\/\/healthyhead.dk\/de\/wp-json\/wp\/v2\/media\/256250"}],"wp:attachment":[{"href":"https:\/\/healthyhead.dk\/de\/wp-json\/wp\/v2\/media?parent=268357"}],"wp:term":[{"taxonomy":"product_brand","embeddable":true,"href":"https:\/\/healthyhead.dk\/de\/wp-json\/wp\/v2\/product_brand?post=268357"},{"taxonomy":"product_cat","embeddable":true,"href":"https:\/\/healthyhead.dk\/de\/wp-json\/wp\/v2\/product_cat?post=268357"},{"taxonomy":"product_tag","embeddable":true,"href":"https:\/\/healthyhead.dk\/de\/wp-json\/wp\/v2\/product_tag?post=268357"}],"curies":[{"name":"wp","href":"https:\/\/api.w.org\/{rel}","templated":true}]}}