{"id":268367,"date":"2024-12-11T10:06:18","date_gmt":"2024-12-11T10:06:18","guid":{"rendered":"https:\/\/new.healthyhead.dk\/vare\/zao-okologisk-ojenbrynspudder-refill-1-3-g\/"},"modified":"2026-04-07T12:14:21","modified_gmt":"2026-04-07T12:14:21","slug":"zao-bio-augenbrauenpuder-nachfuellpackung-13-g","status":"publish","type":"product","link":"https:\/\/healthyhead.dk\/de\/produkt\/zao-bio-augenbrauenpuder-nachfuellpackung-13-g\/","title":{"rendered":"ZAO, Bio-Augenbrauenpuder, Nachf\u00fcllpackung, 1,3 g"},"content":{"rendered":"","protected":false},"excerpt":{"rendered":"<p><img decoding=\"async\" class=\"\" src=\"\/wp-content\/uploads\/2024\/08\/Ingen-kemi.svg\" alt=\"\" width=\"45\" height=\"45\">Keine endokrinen Disruptoren<\/p>\n<p><img decoding=\"async\" class=\"\" src=\"\/wp-content\/uploads\/2024\/08\/Ingen-allergifremkaldende.svg\" alt=\"\" width=\"46\" height=\"46\">Keine allergenen Stoffe<\/p>\n<p><img decoding=\"async\" class=\"\" src=\"\/wp-content\/uploads\/2024\/08\/Ingen-miljoebelastende.svg\" width=\"46\" height=\"46\">Keine umweltsch\u00e4dlichen Stoffe<\/p>\n<p><img loading=\"lazy\" decoding=\"async\" class=\"\" src=\"\/wp-content\/uploads\/2024\/08\/Ingen-parfume.svg\" width=\"46\" height=\"46\">Kein Parf\u00fcm<\/p>\n<p>&nbsp;<\/p>\n[cg_accordion title=\"Beschreibung des Produkts\" open=\"open\"]<\/p>\n<p>Bio-Augenbrauenpuder aus Frankreich von ZAO. Der Augenbrauenpuder verleiht Ihren Augenbrauen Struktur und F\u00fclle mit einer leichten und nat\u00fcrlichen Farbe. Um die richtige Farbe zu finden, w\u00e4hlen Sie einfach die gleiche Farbe oder eine Nuance dunkler als Ihre Haarfarbe. Das Produkt ist mit Bio-Sheabutter und Aprikosenkern\u00f6l angereichert, die n\u00e4hrende, feuchtigkeitsspendende und beruhigende Eigenschaften haben. Das Prinzip dieses Augenbrauenpuders besteht darin, dass er mit Nachf\u00fcllpackungen nachgef\u00fcllt wird, anstatt zu viele Ressourcen f\u00fcr die Verpackung zu verwenden. Sehen Sie sich unten auf der Seite die schicken Bambusboxen an, die Sie sowohl f\u00fcr den Augenbrauenpuder als auch f\u00fcr andere Nachf\u00fcllprodukte von ZAO verwenden k\u00f6nnen.     <\/p>\n<ul>\n<li><b>Bio- und vegan-zertifizierter<\/b> Augenbrauenpuder<\/li>\n<li>Formel aus <b>100% nat\u00fcrlichem Ursprung<\/b><\/li>\n<li>Angereichert mit <strong>Bio-Sheabutter und Aprikosenkern\u00f6l<\/strong>, die<strong> n\u00e4hrende, feuchtigkeitsspendende und beruhigende Eigenschaften<\/strong> haben<\/li>\n<li>Verwendung mit <strong>Bambuskisten<\/strong>, die am Ende der Seite zu finden sind<\/li>\n<\/ul>\n<p><img loading=\"lazy\" decoding=\"async\" class=\"alignnone size-full wp-image-8916\" src=\"\/wp-content\/uploads\/2024\/08\/zao-certificeringer.jpg\" alt=\"\" width=\"479\" height=\"93\" srcset=\"https:\/\/i0.wp.com\/healthyhead.dk\/wp-content\/uploads\/2024\/08\/zao-certificeringer.jpg?w=479&amp;ssl=1 479w, https:\/\/i0.wp.com\/healthyhead.dk\/wp-content\/uploads\/2024\/08\/zao-certificeringer.jpg?resize=300%2C58&amp;ssl=1 300w, https:\/\/i0.wp.com\/healthyhead.dk\/wp-content\/uploads\/2024\/08\/zao-certificeringer.jpg?resize=441%2C86&amp;ssl=1 441w, https:\/\/i0.wp.com\/healthyhead.dk\/wp-content\/uploads\/2024\/08\/zao-certificeringer.jpg?resize=150%2C29&amp;ssl=1 150w\" sizes=\"(max-width: 479px) 100vw, 479px\" \/><br \/>\n[\/cg_accordion]\n[cg_accordion title=\"Tipps f\u00fcr die Verwendung\"]<\/p>\n<div class=\"flex-shrink-0 flex flex-col relative items-end\">\n<div>\n<div class=\"pt-0\">\n<div class=\"gizmo-bot-avatar flex h-8 w-8 items-center justify-center overflow-hidden rounded-full\">\n<div class=\"relative p-1 rounded-sm flex items-center justify-center bg-token-main-surface-primary text-token-text-primary h-8 w-8\"><\/div>\n<\/div>\n<\/div>\n<\/div>\n<\/div>\n<div class=\"group\/conversation-turn relative flex w-full min-w-0 flex-col agent-turn\">\n<div class=\"flex-col gap-1 md:gap-3\">\n<div class=\"flex max-w-full flex-col flex-grow\">\n<div class=\"min-h-8 text-message flex w-full flex-col items-end gap-2 whitespace-normal break-words text-start [.text-message+&amp;]:mt-5\" dir=\"auto\" data-message-author-role=\"assistant\" data-message-id=\"5d4e6536-7e0f-4916-804d-06a02cc56ae9\" data-message-model-slug=\"gpt-4o\">\n<div class=\"flex w-full flex-col gap-1 empty:hidden first:pt-[3px]\">\n<div class=\"markdown prose w-full break-words dark:prose-invert light\">\n<p><strong>Farbe 260:<\/strong> F\u00fcr blonde Augenbrauen.<br \/>\n<strong>Farbe 261:<\/strong> F\u00fcr hellbraune und r\u00f6tlichbraune Augenbrauen.<br \/>\n<strong>Farbe 262:<\/strong> F\u00fcr braune Augenbrauen.<\/p>\n<p>Der Augenbrauenpuder wird zusammen mit dem Duo Brush 712 verwendet. B\u00fcrsten Sie Ihre Augenbrauen mit der B\u00fcrste. F\u00fcllen Sie Unebenheiten in den Augenbrauen mit der abgeschr\u00e4gten Seite der B\u00fcrste mit Augenbrauenpuder auf. Verwenden Sie anschlie\u00dfend die Flaschenb\u00fcrste, um \u00fcbersch\u00fcssiges Material zu entfernen und Ihren Augenbrauen eine nat\u00fcrliche Form zu geben.   <\/p>\n<\/div>\n<\/div>\n<\/div>\n<\/div>\n<\/div>\n<\/div>\n<p>[\/cg_accordion]\n[cg_accordion title=\"Inhaltsstoffe\"]<\/p>\n<div class=\"draggable no-draggable-children sticky top-0 p-3 mb-1.5 flex items-center justify-between z-10 h-header-height font-semibold bg-token-main-surface-primary max-md:hidden\">\n<div class=\"gap-2 flex items-center pr-1 leading-[0]\">\n<div class=\"flex w-full items-center justify-center gap-1.5\">Teilen Sie<\/div>\n<div class=\"flex items-center justify-center overflow-hidden rounded-full\">\n<div class=\"relative flex\"><img loading=\"lazy\" decoding=\"async\" class=\"rounded-sm\" src=\"https:\/\/lh3.googleusercontent.com\/a\/AEdFTp6EoEBiUIO-wzSKet_RE6VUVvrKAhJipfkB2M-q=s96-c\" alt=\"Benutzer\" width=\"32\" height=\"32\"><\/div>\n<\/div>\n<\/div>\n<\/div>\n<article class=\"w-full scroll-mb-[var(--thread-trailing-height,150px)] text-token-text-primary focus-visible:outline-2 focus-visible:outline-offset-[-4px]\" dir=\"auto\" data-testid=\"conversation-turn-2\" data-scroll-anchor=\"false\">\n<h5 class=\"sr-only\">Sie sagten:<\/h5>\n<div class=\"m-auto text-base py-[18px] px-3 md:px-4 w-full md:px-5 lg:px-4 xl:px-5\">\n<div class=\"mx-auto flex flex-1 gap-4 text-base md:gap-5 lg:gap-6 md:max-w-3xl lg:max-w-[40rem] xl:max-w-[48rem]\">\n<div class=\"group\/conversation-turn relative flex w-full min-w-0 flex-col\">\n<div class=\"flex-col gap-1 md:gap-3\">\n<div class=\"flex max-w-full flex-col flex-grow\">\n<div class=\"min-h-8 text-message flex w-full flex-col items-end gap-2 whitespace-normal break-words text-start [.text-message+&amp;]:mt-5\" dir=\"auto\" data-message-author-role=\"user\" data-message-id=\"aaa2affe-6c49-4938-b754-8fb273699248\">\n<div class=\"flex w-full flex-col gap-1 empty:hidden items-end rtl:items-start\">\n<div class=\"relative max-w-[var(--user-chat-width,70%)] rounded-3xl bg-token-message-surface px-5 py-2.5\">\n<div class=\"whitespace-pre-wrap\">\u00dcbersetzen Sie das n\u00e4chste, was ich einf\u00fcge, ins D\u00e4nische<\/div>\n<div class=\"absolute bottom-0 right-full top-0 -mr-3.5 hidden pr-5 pt-1 [.group\/conversation-turn:hover_&amp;]:block\"><\/div>\n<\/div>\n<\/div>\n<\/div>\n<\/div>\n<\/div>\n<\/div>\n<\/div>\n<\/div>\n<\/article>\n<article class=\"w-full scroll-mb-[var(--thread-trailing-height,150px)] text-token-text-primary focus-visible:outline-2 focus-visible:outline-offset-[-4px]\" dir=\"auto\" data-testid=\"conversation-turn-3\" data-scroll-anchor=\"false\">\n<h6 class=\"sr-only\">ChatGPT sagte:<\/h6>\n<div class=\"m-auto text-base py-[18px] px-3 md:px-4 w-full md:px-5 lg:px-4 xl:px-5\">\n<div class=\"mx-auto flex flex-1 gap-4 text-base md:gap-5 lg:gap-6 md:max-w-3xl lg:max-w-[40rem] xl:max-w-[48rem]\">\n<div class=\"flex-shrink-0 flex flex-col relative items-end\">\n<div>\n<div class=\"pt-0\">\n<div class=\"gizmo-bot-avatar flex h-8 w-8 items-center justify-center overflow-hidden rounded-full\">\n<div class=\"relative p-1 rounded-sm flex items-center justify-center bg-token-main-surface-primary text-token-text-primary h-8 w-8\">ChatGPT<\/div>\n<\/div>\n<\/div>\n<\/div>\n<\/div>\n<div class=\"group\/conversation-turn relative flex w-full min-w-0 flex-col agent-turn\">\n<div class=\"flex-col gap-1 md:gap-3\">\n<div class=\"flex max-w-full flex-col flex-grow\">\n<div class=\"min-h-8 text-message flex w-full flex-col items-end gap-2 whitespace-normal break-words text-start [.text-message+&amp;]:mt-5\" dir=\"auto\" data-message-author-role=\"assistant\" data-message-id=\"28b718d9-163c-44a7-98e3-fcb4bda06e27\" data-message-model-slug=\"gpt-4o\">\n<div class=\"flex w-full flex-col gap-1 empty:hidden first:pt-[3px]\">\n<div class=\"markdown prose w-full break-words dark:prose-invert light\">\n<p>Nat\u00fcrlich k\u00f6nnen Sie das! F\u00fcgen Sie den Text ein und ich werde ihn ins D\u00e4nische \u00fcbersetzen. <\/p>\n<\/div>\n<\/div>\n<\/div>\n<\/div>\n<div class=\"mb-2 flex gap-3 empty:hidden -ml-2\">\n<div class=\"items-center justify-start rounded-xl p-1 z-10 -mt-1 bg-token-main-surface-primary md:absolute md:sr-only\">\n<div class=\"flex items-center\">\n<p>&nbsp;<\/p>\n<div class=\"flex\"><\/div>\n<div class=\"flex items-center pb-0\"><span class=\"overflow-hidden text-clip whitespace-nowrap text-sm\">4o<\/span><\/div>\n<\/div>\n<\/div>\n<\/div>\n<div class=\"pr-2 lg:pr-0\"><\/div>\n<\/div>\n<\/div>\n<\/div>\n<\/div>\n<\/article>\n<article class=\"w-full scroll-mb-[var(--thread-trailing-height,150px)] text-token-text-primary focus-visible:outline-2 focus-visible:outline-offset-[-4px]\" dir=\"auto\" data-testid=\"conversation-turn-4\" data-scroll-anchor=\"false\">\n<h5 class=\"sr-only\">Sie sagten:<\/h5>\n<div class=\"m-auto text-base py-[18px] px-3 md:px-4 w-full md:px-5 lg:px-4 xl:px-5\">\n<div class=\"mx-auto flex flex-1 gap-4 text-base md:gap-5 lg:gap-6 md:max-w-3xl lg:max-w-[40rem] xl:max-w-[48rem]\">\n<div class=\"group\/conversation-turn relative flex w-full min-w-0 flex-col\">\n<div class=\"flex-col gap-1 md:gap-3\">\n<div class=\"flex max-w-full flex-col flex-grow\">\n<div class=\"min-h-8 text-message flex w-full flex-col items-end gap-2 whitespace-normal break-words text-start [.text-message+&amp;]:mt-5\" dir=\"auto\" data-message-author-role=\"user\" data-message-id=\"aaa244c5-5015-4e22-8560-33e656f58e7f\">\n<div class=\"flex w-full flex-col gap-1 empty:hidden items-end rtl:items-start\">\n<div class=\"relative max-w-[var(--user-chat-width,70%)] rounded-3xl bg-token-message-surface px-5 py-2.5\">\n<div class=\"whitespace-pre-wrap\">Organische Maisst\u00e4rke Die organische Maisst\u00e4rke ist ein pflanzlicher Tr\u00e4ger, der eine bessere Haftung des Puders auf der Haut und damit einen besseren Halt des Make-ups erm\u00f6glicht. Sie erleichtert die Dispersion der Pigmente und tr\u00e4gt so zur Konsistenz des Farbtons auf der Haut bei. Bambuspuder Es handelt sich um eine wei\u00dfe Substanz, die aus den Gelenken des Bambus gewonnen wird. Dank seines hohen Kiesels\u00e4uregehalts wirkt es remineralisierend, feuchtigkeitsspendend und tr\u00e4gt zur Regeneration der Haut bei, w\u00e4hrend es den Glanz von Mischhaut und fettiger Haut reduziert. Bio-Sheabutter Sheabutter wird aus Shean\u00fcssen gewonnen, einem Baum, der nur in den Savannen Westafrikas wild w\u00e4chst. Ihre fetts\u00e4urereiche Zusammensetzung verleiht ihr feuchtigkeitsspendende und n\u00e4hrende Eigenschaften. Aprikosenkern\u00f6l Dieses \u00d6l ist reich an \u00d6ls\u00e4ure, Vitamin A und E. Es ist nicht nur pflegend und beruhigend, sondern gibt der Haut auch einen Schub. Es wirkt regenerierend und feuchtigkeitsspendend und hilft, die Auswirkungen der Hautalterung zu verz\u00f6gern.       <\/div>\n<div class=\"absolute bottom-0 right-full top-0 -mr-3.5 hidden pr-5 pt-1 [.group\/conversation-turn:hover_&amp;]:block\"><\/div>\n<\/div>\n<\/div>\n<\/div>\n<\/div>\n<\/div>\n<\/div>\n<\/div>\n<\/div>\n<\/article>\n<article class=\"w-full scroll-mb-[var(--thread-trailing-height,150px)] text-token-text-primary focus-visible:outline-2 focus-visible:outline-offset-[-4px]\" dir=\"auto\" data-testid=\"conversation-turn-5\" data-scroll-anchor=\"false\">\n<h6 class=\"sr-only\">ChatGPT sagte:<\/h6>\n<div class=\"m-auto text-base py-[18px] px-3 md:px-4 w-full md:px-5 lg:px-4 xl:px-5\">\n<div class=\"mx-auto flex flex-1 gap-4 text-base md:gap-5 lg:gap-6 md:max-w-3xl lg:max-w-[40rem] xl:max-w-[48rem]\">\n<div class=\"flex-shrink-0 flex flex-col relative items-end\">\n<div>\n<div class=\"pt-0\">\n<div class=\"gizmo-bot-avatar flex h-8 w-8 items-center justify-center overflow-hidden rounded-full\">\n<div class=\"relative p-1 rounded-sm flex items-center justify-center bg-token-main-surface-primary text-token-text-primary h-8 w-8\">ChatGPT<\/div>\n<\/div>\n<\/div>\n<\/div>\n<\/div>\n<div class=\"group\/conversation-turn relative flex w-full min-w-0 flex-col agent-turn\">\n<div class=\"flex-col gap-1 md:gap-3\">\n<div class=\"flex max-w-full flex-col flex-grow\">\n<div class=\"min-h-8 text-message flex w-full flex-col items-end gap-2 whitespace-normal break-words text-start [.text-message+&amp;]:mt-5\" dir=\"auto\" data-message-author-role=\"assistant\" data-message-id=\"c8758bec-2acb-4243-b358-a56d68cfbc9a\" data-message-model-slug=\"gpt-4o\">\n<div class=\"flex w-full flex-col gap-1 empty:hidden first:pt-[3px]\">\n<div class=\"markdown prose w-full break-words dark:prose-invert light\">\n<p><strong>Organische Maisst\u00e4rke<\/strong><br \/>\nOrganische Maisst\u00e4rke wirkt als pflanzliches Tr\u00e4gerelement, das die Haftung des Puders auf der Haut verbessert und so f\u00fcr eine bessere Haltbarkeit des Make-ups sorgt. Sie erleichtert die Verteilung der Pigmente und tr\u00e4gt so zu einer gleichm\u00e4\u00dfigen Farbe auf der Haut bei. <\/p>\n<p><strong>Bambuspulver<\/strong><br \/>\nBambuspulver ist eine wei\u00dfe Substanz, die aus Bambusknochen gewonnen wird. Dank seines hohen Kiesels\u00e4uregehalts wirkt es remineralisierend, feuchtigkeitsspendend und regenerierend auf die Haut und reduziert den Glanz bei Mischhaut und fettiger Haut. <\/p>\n<p><strong>Bio-Sheabutter<\/strong><br \/>\nSheabutter wird aus der Sheanuss gewonnen, die von einem Baum stammt, der nur in den Savannen Westafrikas wild w\u00e4chst. Sie ist reich an Fetts\u00e4uren, die ihr feuchtigkeitsspendende und n\u00e4hrende Eigenschaften verleihen. <\/p>\n<p><strong>Aprikosenkern\u00f6l<\/strong><br \/>\nDieses \u00d6l ist reich an \u00d6ls\u00e4ure und den Vitaminen A und E. Es ist nicht nur n\u00e4hrend und beruhigend, sondern gibt der Haut auch einen Energieschub. Es ist regenerierend und feuchtigkeitsspendend und hilft, die Zeichen der Hautalterung zu verz\u00f6gern. <\/p>\n<\/div>\n<\/div>\n<\/div>\n<\/div>\n<\/div>\n<\/div>\n<\/div>\n<\/div>\n<\/article>\n<p><b>INCI-Liste:<\/b> Glimmer, Zea Mays (Mais)-St\u00e4rke*, Kiesels\u00e4ure, Squalan, Zinkstearat, Glycerylcaprylat, Tocopherol, Bambusa Arundinacea-St\u00e4ngelpulver, Helianthus Annuus (Sonnenblumen)-Samen\u00f6l*, Butyrospermum Parkii (Shea)-Butter*, prunus armeniaca (Aprikosenkern\u00f6l)*, persea gratissima (Avocado\u00f6l)*, pongamia glabra seed oil, macadamia ternifolia seed oil*, bambusa arundinacea (bamboo) stem extract*, ci 77820 (Silber). Kann enthalten +\/-: ci 77891 (Titandioxid), ci 77491 (Eisenoxide), ci 77492 (Eisenoxide), ci 77499 (Eisenoxide). * Inhaltsstoffe aus biologischem Anbau.  <\/p>\n<p>[\/cg_accordion]\n","protected":false},"featured_media":258710,"template":"","meta":{"_acf_changed":false},"product_brand":[564],"product_cat":[843],"product_tag":[],"class_list":{"0":"post-268367","1":"product","2":"type-product","3":"status-publish","4":"has-post-thumbnail","6":"product_brand-zao","7":"product_cat-augenbrauen","9":"first","10":"instock","11":"taxable","12":"shipping-taxable","13":"purchasable","14":"product-type-variable"},"acf":[],"_links":{"self":[{"href":"https:\/\/healthyhead.dk\/de\/wp-json\/wp\/v2\/product\/268367","targetHints":{"allow":["GET"]}}],"collection":[{"href":"https:\/\/healthyhead.dk\/de\/wp-json\/wp\/v2\/product"}],"about":[{"href":"https:\/\/healthyhead.dk\/de\/wp-json\/wp\/v2\/types\/product"}],"version-history":[{"count":0,"href":"https:\/\/healthyhead.dk\/de\/wp-json\/wp\/v2\/product\/268367\/revisions"}],"wp:featuredmedia":[{"embeddable":true,"href":"https:\/\/healthyhead.dk\/de\/wp-json\/wp\/v2\/media\/258710"}],"wp:attachment":[{"href":"https:\/\/healthyhead.dk\/de\/wp-json\/wp\/v2\/media?parent=268367"}],"wp:term":[{"taxonomy":"product_brand","embeddable":true,"href":"https:\/\/healthyhead.dk\/de\/wp-json\/wp\/v2\/product_brand?post=268367"},{"taxonomy":"product_cat","embeddable":true,"href":"https:\/\/healthyhead.dk\/de\/wp-json\/wp\/v2\/product_cat?post=268367"},{"taxonomy":"product_tag","embeddable":true,"href":"https:\/\/healthyhead.dk\/de\/wp-json\/wp\/v2\/product_tag?post=268367"}],"curies":[{"name":"wp","href":"https:\/\/api.w.org\/{rel}","templated":true}]}}